{"id":4549,"date":"2025-03-04T07:40:15","date_gmt":"2025-03-04T07:40:15","guid":{"rendered":"https:\/\/sentaiyuanbio.com\/?post_type=product&#038;p=4549"},"modified":"2025-03-05T09:06:28","modified_gmt":"2025-03-05T09:06:28","slug":"buchweizen-shirataki-reis","status":"publish","type":"product","link":"https:\/\/sentaiyuanbio.com\/de\/produkt\/buchweizen-shirataki-reis\/","title":{"rendered":"Buchweizen Shirataki-Reis, Gro\u00dfhandel Buchweizen Konjak-Reis"},"content":{"rendered":"<h2>Buchweizen Shirataki-Reis Hauptmerkmale<\/h2>\n<p>Konjak selbst ist kalorien- und kohlenhydratarm und eignet sich daher sehr gut f\u00fcr Menschen, die Fett verlieren und ihr Gewicht kontrollieren wollen. Bei einem Biss vermischen sich das Aroma von Buchweizen und der weiche Geschmack von Konjak perfekt und sorgen f\u00fcr ein gesundes und k\u00f6stliches Geschmackserlebnis. Besonders erw\u00e4hnenswert ist, dass diese Konjaknudeln erschwinglich und f\u00fcr die t\u00e4gliche Ern\u00e4hrung geeignet sind, was die Geschmacksnerven befriedigt und die Gesundheit f\u00f6rdert.<\/p>\n<p class=\"two_elementor_element\">Hier sind einige Merkmale und Eigenschaften:<\/p>\n<ol>\n<li>Geeignet f\u00fcr Di\u00e4ten<\/li>\n<li>Gesunder Reis<\/li>\n<li>F\u00f6rdert die Gesundheit<\/li>\n<li>Einfach und s\u00e4ttigend<\/li>\n<li>Hochwertiges Produkt gew\u00e4hrleistet Lebensmittelsicherheit<\/li>\n<li>Kalorienarm<\/li>\n<li>Wenig Kohlenhydrate<\/li>\n<li>Hoher Fasergehalt<\/li>\n<li>Schnelle und einfache Zubereitung<\/li>\n<li>F\u00f6rdert das S\u00e4ttigungsgef\u00fchl<\/li>\n<li>Geeignet f\u00fcr verschiedene Di\u00e4tvorschriften<\/li>\n<\/ol>\n<table>\n<tbody>\n<tr>\n<td>Produktname<\/td>\n<td>Buchweizen-Shirataki-Reis<\/td>\n<\/tr>\n<tr>\n<td>Hauptbestandteil<\/td>\n<td><a href=\"https:\/\/sentaiyuanbio.com\/de\/produkt\/konjakmehl-yamswurzel-konjakpulver\/\" target=\"_blank\" rel=\"noopener\">Konjak-Pulver<\/a>, <a href=\"https:\/\/www.pns.hk\/en\/organic-buckwheat-flour\/p\/BP_149351\" target=\"_blank\" rel=\"noopener\">Buchweizenpulver<\/a>, Wasser<\/td>\n<\/tr>\n<tr>\n<td>Geschm\u00e4cker<\/td>\n<td>Geschmacksrichtungen Original, Karotte, Haferflocken, Meeresalgen, Buchweizen, Mungobohnen und Rote Bohnen<\/td>\n<\/tr>\n<tr>\n<td>Merkmal<\/td>\n<td>Geruchsneutral, kalorienarm, kohlenhydratarm, glutenfrei, zuckerfrei, fettfrei, GMO-frei, ballaststoffreich<\/td>\n<\/tr>\n<tr>\n<td>Funktionen<\/td>\n<td>Vegetarische Ern\u00e4hrung, Gewichtsabnahme, S\u00e4ttigung erh\u00f6hen<\/td>\n<\/tr>\n<tr>\n<td>Ballaststoffe<\/td>\n<td>3g\/100g<\/td>\n<\/tr>\n<tr>\n<td>Kalorien<\/td>\n<td>6Kcal\/100g<\/td>\n<\/tr>\n<tr>\n<td>Fettgehalt<\/td>\n<td>0<\/td>\n<\/tr>\n<tr>\n<td>Gewicht<\/td>\n<td>Kundenspezifisch<\/td>\n<\/tr>\n<tr>\n<td>Kochzeit<\/td>\n<td>3 Minute<\/td>\n<\/tr>\n<tr>\n<td>Haltbarkeitsdauer<\/td>\n<td>12 Monate<\/td>\n<\/tr>\n<\/tbody>\n<\/table>","protected":false},"excerpt":{"rendered":"<p>Dieser Buchweizen-Shirataki-Reis bietet nicht nur einen einzigartigen Geschmack, sondern ist auch reich an N\u00e4hrwerten. Der Zusatz von Buchweizen verleiht ihm ein nussiges Aroma und einen tiefen Geschmack, w\u00e4hrend er gleichzeitig reichlich Eiwei\u00df, Ballaststoffe und eine Vielzahl von Mineralien liefert.<\/p>","protected":false},"featured_media":4558,"template":"","meta":{"site-sidebar-layout":"default","site-content-layout":"","ast-site-content-layout":"default","site-content-style":"default","site-sidebar-style":"default","ast-global-header-display":"","ast-banner-title-visibility":"","ast-main-header-display":"","ast-hfb-above-header-display":"","ast-hfb-below-header-display":"","ast-hfb-mobile-header-display":"","site-post-title":"","ast-breadcrumbs-content":"","ast-featured-img":"","footer-sml-layout":"","ast-disable-related-posts":"","theme-transparent-header-meta":"default","adv-header-id-meta":"","stick-header-meta":"default","header-above-stick-meta":"","header-main-stick-meta":"","header-below-stick-meta":"","astra-migrate-meta-layouts":"set","ast-page-background-enabled":"default","ast-page-background-meta":{"desktop":{"background-color":"","background-image":"","background-repeat":"repeat","background-position":"center center","background-size":"auto","background-attachment":"scroll","background-type":"","background-media":"","overlay-type":"","overlay-color":"","overlay-opacity":"","overlay-gradient":""},"tablet":{"background-color":"","background-image":"","background-repeat":"repeat","background-position":"center center","background-size":"auto","background-attachment":"scroll","background-type":"","background-media":"","overlay-type":"","overlay-color":"","overlay-opacity":"","overlay-gradient":""},"mobile":{"background-color":"","background-image":"","background-repeat":"repeat","background-position":"center center","background-size":"auto","background-attachment":"scroll","background-type":"","background-media":"","overlay-type":"","overlay-color":"","overlay-opacity":"","overlay-gradient":""}},"ast-content-background-meta":{"desktop":{"background-color":"var(--ast-global-color-5)","background-image":"","background-repeat":"repeat","background-position":"center center","background-size":"auto","background-attachment":"scroll","background-type":"","background-media":"","overlay-type":"","overlay-color":"","overlay-opacity":"","overlay-gradient":""},"tablet":{"background-color":"var(--ast-global-color-5)","background-image":"","background-repeat":"repeat","background-position":"center center","background-size":"auto","background-attachment":"scroll","background-type":"","background-media":"","overlay-type":"","overlay-color":"","overlay-opacity":"","overlay-gradient":""},"mobile":{"background-color":"var(--ast-global-color-5)","background-image":"","background-repeat":"repeat","background-position":"center center","background-size":"auto","background-attachment":"scroll","background-type":"","background-media":"","overlay-type":"","overlay-color":"","overlay-opacity":"","overlay-gradient":""}}},"product_brand":[],"product_cat":[250],"product_tag":[],"class_list":{"0":"post-4549","1":"product","2":"type-product","3":"status-publish","4":"has-post-thumbnail","6":"product_cat-wet-shirataki-rice","7":"desktop-align-left","8":"tablet-align-left","9":"mobile-align-left","10":"ast-product-gallery-layout-horizontal-slider","11":"ast-product-tabs-layout-horizontal","13":"first","14":"instock","15":"shipping-taxable","16":"product-type-simple"},"_links":{"self":[{"href":"https:\/\/sentaiyuanbio.com\/de\/wp-json\/wp\/v2\/product\/4549","targetHints":{"allow":["GET"]}}],"collection":[{"href":"https:\/\/sentaiyuanbio.com\/de\/wp-json\/wp\/v2\/product"}],"about":[{"href":"https:\/\/sentaiyuanbio.com\/de\/wp-json\/wp\/v2\/types\/product"}],"version-history":[{"count":0,"href":"https:\/\/sentaiyuanbio.com\/de\/wp-json\/wp\/v2\/product\/4549\/revisions"}],"wp:featuredmedia":[{"embeddable":true,"href":"https:\/\/sentaiyuanbio.com\/de\/wp-json\/wp\/v2\/media\/4558"}],"wp:attachment":[{"href":"https:\/\/sentaiyuanbio.com\/de\/wp-json\/wp\/v2\/media?parent=4549"}],"wp:term":[{"taxonomy":"product_brand","embeddable":true,"href":"https:\/\/sentaiyuanbio.com\/de\/wp-json\/wp\/v2\/product_brand?post=4549"},{"taxonomy":"product_cat","embeddable":true,"href":"https:\/\/sentaiyuanbio.com\/de\/wp-json\/wp\/v2\/product_cat?post=4549"},{"taxonomy":"product_tag","embeddable":true,"href":"https:\/\/sentaiyuanbio.com\/de\/wp-json\/wp\/v2\/product_tag?post=4549"}],"curies":[{"name":"wp","href":"https:\/\/api.w.org\/{rel}","templated":true}]}}