{"id":4565,"date":"2025-03-04T08:38:06","date_gmt":"2025-03-04T08:38:06","guid":{"rendered":"https:\/\/sentaiyuanbio.com\/?post_type=product&#038;p=4565"},"modified":"2025-03-05T09:08:01","modified_gmt":"2025-03-05T09:08:01","slug":"mungobohnen-konjak-reis-groshandel","status":"publish","type":"product","link":"https:\/\/sentaiyuanbio.com\/de\/produkt\/mungobohnen-konjak-reis-groshandel\/","title":{"rendered":"Mungobohnen Konjak-Reis, Gro\u00dfhandel Konjak Shirataki-Reis"},"content":{"rendered":"<h2>Mungobohnen-Konjak-Reis Hauptmerkmale<\/h2>\n<p>Mungobohnen-Konjak-Reis ist kalorien- und kohlenhydratarm und eignet sich sehr gut f\u00fcr Menschen, die Fett verlieren und ihr Gewicht kontrollieren wollen.<\/p>\n<p>Konjac wird mit Mungobohnen gepaart. Die Polysaccharid-Komponenten von Mungobohnen k\u00f6nnen die Aktivit\u00e4t der Serum-Lipoproteinase erh\u00f6hen, Triglyceride in Lipoproteinen hydrolysieren, um die Blutfette zu senken und damit koronare Herzkrankheiten und Angina pectoris zu verhindern und zu behandeln.<\/p>\n<p>Mungobohnen enthalten eine Art von Globulin und Polysaccharid, die die Zersetzung von Cholesterin im menschlichen K\u00f6rper in Gallens\u00e4ure in der Leber f\u00f6rdern, die Sekretion von Gallensalzen in der Galle beschleunigen und die Aufnahme von Cholesterin im D\u00fcnndarm verringern k\u00f6nnen.<\/p>\n<p>Der Duft von Mungobohnen und der sanfte Geschmack von Konjac Shirataki-Reis sind perfekt miteinander verbunden und sorgen f\u00fcr ein gesundes und k\u00f6stliches Geschmackserlebnis.<\/p>\n<p>Sie k\u00f6nnen damit eine Vielzahl von K\u00f6stlichkeiten zubereiten, wie z. B. Konjakreisb\u00e4llchen, Konjakreisbrei und sogar Konjakreissalat, die den Geschmacksnerven schmeicheln und der Gesundheit zutr\u00e4glich sind.<\/p>\n<p>Ob zum Fr\u00fchst\u00fcck, Mittag- oder Abendessen, dieser Mungobohnen-Konjak-Reis ist die beste Wahl.<\/p>\n<table>\n<tbody>\n<tr>\n<td>Produktname<\/td>\n<td>Mungobohnen Konjak-Reis, Gro\u00dfhandel Konjak Shirataki-Reis<\/td>\n<\/tr>\n<tr>\n<td>Hauptbestandteil<\/td>\n<td><a href=\"https:\/\/sentaiyuanbio.com\/de\/produkt\/konjakwurzel-glucomannan\/\" target=\"_blank\" rel=\"noopener\">Konjak-Pulver<\/a>, <a href=\"https:\/\/naturapunkt.com\/blogs\/news\/mung-bean-powder\" target=\"_blank\" rel=\"noopener\">Mungobohnenpulver<\/a>, Wasser<\/td>\n<\/tr>\n<tr>\n<td>Geschm\u00e4cker<\/td>\n<td>Geschmacksrichtungen Original, Karotte, Haferflocken, Meeresalgen, Buchweizen, Mungobohnen und Rote Bohnen<\/td>\n<\/tr>\n<tr>\n<td>Merkmal<\/td>\n<td>Geruchsneutral, kalorienarm, kohlenhydratarm, glutenfrei, zuckerfrei, fettfrei, GMO-frei, ballaststoffreich<\/td>\n<\/tr>\n<tr>\n<td>Funktionen<\/td>\n<td>Vegetarische Ern\u00e4hrung, Gewichtsabnahme, S\u00e4ttigung erh\u00f6hen<\/td>\n<\/tr>\n<tr>\n<td>Ballaststoffe<\/td>\n<td>3g\/100g<\/td>\n<\/tr>\n<tr>\n<td>Kalorien<\/td>\n<td>6Kcal\/100g<\/td>\n<\/tr>\n<tr>\n<td>Fettgehalt<\/td>\n<td>0<\/td>\n<\/tr>\n<tr>\n<td>Gewicht<\/td>\n<td>Kundenspezifisch<\/td>\n<\/tr>\n<tr>\n<td>Kochzeit<\/td>\n<td>3 Minute<\/td>\n<\/tr>\n<tr>\n<td>Haltbarkeitsdauer<\/td>\n<td>12 Monate<\/td>\n<\/tr>\n<\/tbody>\n<\/table>\n<p><img fetchpriority=\"high\" decoding=\"async\" class=\"alignnone wp-image-4567 size-full\" src=\"https:\/\/sentaiyuanbio.com\/wp-content\/uploads\/2025\/03\/Mung-Bean-Konjac-Rice-2.webp\" alt=\"Mungobohnen Konjak-Reis, Gro\u00dfhandel Konjak Shirataki-Reis\" width=\"750\" height=\"400\" srcset=\"https:\/\/sentaiyuanbio.com\/wp-content\/uploads\/2025\/03\/Mung-Bean-Konjac-Rice-2.webp 750w, https:\/\/sentaiyuanbio.com\/wp-content\/uploads\/2025\/03\/Mung-Bean-Konjac-Rice-2-300x160.webp 300w, https:\/\/sentaiyuanbio.com\/wp-content\/uploads\/2025\/03\/Mung-Bean-Konjac-Rice-2-600x320.webp 600w\" sizes=\"(max-width: 750px) 100vw, 750px\" \/><img decoding=\"async\" class=\"alignnone wp-image-4573 size-full\" src=\"https:\/\/sentaiyuanbio.com\/wp-content\/uploads\/2025\/03\/Mung-Bean-Konjac-Rice-8.webp\" alt=\"Mungobohnen Konjak-Reis, Gro\u00dfhandel Konjak Shirataki-Reis\" width=\"750\" height=\"750\" srcset=\"https:\/\/sentaiyuanbio.com\/wp-content\/uploads\/2025\/03\/Mung-Bean-Konjac-Rice-8.webp 750w, https:\/\/sentaiyuanbio.com\/wp-content\/uploads\/2025\/03\/Mung-Bean-Konjac-Rice-8-600x600.webp 600w, https:\/\/sentaiyuanbio.com\/wp-content\/uploads\/2025\/03\/Mung-Bean-Konjac-Rice-8-100x100.webp 100w, https:\/\/sentaiyuanbio.com\/wp-content\/uploads\/2025\/03\/Mung-Bean-Konjac-Rice-8-300x300.webp 300w, https:\/\/sentaiyuanbio.com\/wp-content\/uploads\/2025\/03\/Mung-Bean-Konjac-Rice-8-150x150.webp 150w\" sizes=\"(max-width: 750px) 100vw, 750px\" \/><img decoding=\"async\" class=\"alignnone wp-image-4566 size-full\" src=\"https:\/\/sentaiyuanbio.com\/wp-content\/uploads\/2025\/03\/Mung-Bean-Konjac-Rice-1.webp\" alt=\"Mungobohnen Konjak-Reis, Gro\u00dfhandel Konjak Shirataki-Reis\" width=\"750\" height=\"1100\" srcset=\"https:\/\/sentaiyuanbio.com\/wp-content\/uploads\/2025\/03\/Mung-Bean-Konjac-Rice-1.webp 750w, https:\/\/sentaiyuanbio.com\/wp-content\/uploads\/2025\/03\/Mung-Bean-Konjac-Rice-1-205x300.webp 205w, https:\/\/sentaiyuanbio.com\/wp-content\/uploads\/2025\/03\/Mung-Bean-Konjac-Rice-1-698x1024.webp 698w, https:\/\/sentaiyuanbio.com\/wp-content\/uploads\/2025\/03\/Mung-Bean-Konjac-Rice-1-409x600.webp 409w, https:\/\/sentaiyuanbio.com\/wp-content\/uploads\/2025\/03\/Mung-Bean-Konjac-Rice-1-600x880.webp 600w\" sizes=\"(max-width: 750px) 100vw, 750px\" \/><\/p>","protected":false},"excerpt":{"rendered":"<p>Dieser Mungobohnen-Konjak-Reis hat nicht nur erhebliche ern\u00e4hrungsphysiologische Vorteile, sondern bietet auch ein einzigartiges Geschmackserlebnis. Mungobohnen sind reich an Eiwei\u00df, Ballaststoffen, Phospholipiden und mehreren Vitaminen, die den Stoffwechsel regulieren und die Darmgesundheit verbessern k\u00f6nnen.<\/p>","protected":false},"featured_media":4570,"template":"","meta":{"site-sidebar-layout":"default","site-content-layout":"","ast-site-content-layout":"default","site-content-style":"default","site-sidebar-style":"default","ast-global-header-display":"","ast-banner-title-visibility":"","ast-main-header-display":"","ast-hfb-above-header-display":"","ast-hfb-below-header-display":"","ast-hfb-mobile-header-display":"","site-post-title":"","ast-breadcrumbs-content":"","ast-featured-img":"","footer-sml-layout":"","ast-disable-related-posts":"","theme-transparent-header-meta":"default","adv-header-id-meta":"","stick-header-meta":"default","header-above-stick-meta":"","header-main-stick-meta":"","header-below-stick-meta":"","astra-migrate-meta-layouts":"set","ast-page-background-enabled":"default","ast-page-background-meta":{"desktop":{"background-color":"","background-image":"","background-repeat":"repeat","background-position":"center center","background-size":"auto","background-attachment":"scroll","background-type":"","background-media":"","overlay-type":"","overlay-color":"","overlay-opacity":"","overlay-gradient":""},"tablet":{"background-color":"","background-image":"","background-repeat":"repeat","background-position":"center center","background-size":"auto","background-attachment":"scroll","background-type":"","background-media":"","overlay-type":"","overlay-color":"","overlay-opacity":"","overlay-gradient":""},"mobile":{"background-color":"","background-image":"","background-repeat":"repeat","background-position":"center center","background-size":"auto","background-attachment":"scroll","background-type":"","background-media":"","overlay-type":"","overlay-color":"","overlay-opacity":"","overlay-gradient":""}},"ast-content-background-meta":{"desktop":{"background-color":"var(--ast-global-color-5)","background-image":"","background-repeat":"repeat","background-position":"center center","background-size":"auto","background-attachment":"scroll","background-type":"","background-media":"","overlay-type":"","overlay-color":"","overlay-opacity":"","overlay-gradient":""},"tablet":{"background-color":"var(--ast-global-color-5)","background-image":"","background-repeat":"repeat","background-position":"center center","background-size":"auto","background-attachment":"scroll","background-type":"","background-media":"","overlay-type":"","overlay-color":"","overlay-opacity":"","overlay-gradient":""},"mobile":{"background-color":"var(--ast-global-color-5)","background-image":"","background-repeat":"repeat","background-position":"center center","background-size":"auto","background-attachment":"scroll","background-type":"","background-media":"","overlay-type":"","overlay-color":"","overlay-opacity":"","overlay-gradient":""}}},"product_brand":[],"product_cat":[250],"product_tag":[],"class_list":{"0":"post-4565","1":"product","2":"type-product","3":"status-publish","4":"has-post-thumbnail","6":"product_cat-wet-shirataki-rice","7":"desktop-align-left","8":"tablet-align-left","9":"mobile-align-left","10":"ast-product-gallery-layout-horizontal-slider","11":"ast-product-tabs-layout-horizontal","13":"first","14":"instock","15":"shipping-taxable","16":"product-type-simple"},"_links":{"self":[{"href":"https:\/\/sentaiyuanbio.com\/de\/wp-json\/wp\/v2\/product\/4565","targetHints":{"allow":["GET"]}}],"collection":[{"href":"https:\/\/sentaiyuanbio.com\/de\/wp-json\/wp\/v2\/product"}],"about":[{"href":"https:\/\/sentaiyuanbio.com\/de\/wp-json\/wp\/v2\/types\/product"}],"version-history":[{"count":0,"href":"https:\/\/sentaiyuanbio.com\/de\/wp-json\/wp\/v2\/product\/4565\/revisions"}],"wp:featuredmedia":[{"embeddable":true,"href":"https:\/\/sentaiyuanbio.com\/de\/wp-json\/wp\/v2\/media\/4570"}],"wp:attachment":[{"href":"https:\/\/sentaiyuanbio.com\/de\/wp-json\/wp\/v2\/media?parent=4565"}],"wp:term":[{"taxonomy":"product_brand","embeddable":true,"href":"https:\/\/sentaiyuanbio.com\/de\/wp-json\/wp\/v2\/product_brand?post=4565"},{"taxonomy":"product_cat","embeddable":true,"href":"https:\/\/sentaiyuanbio.com\/de\/wp-json\/wp\/v2\/product_cat?post=4565"},{"taxonomy":"product_tag","embeddable":true,"href":"https:\/\/sentaiyuanbio.com\/de\/wp-json\/wp\/v2\/product_tag?post=4565"}],"curies":[{"name":"wp","href":"https:\/\/api.w.org\/{rel}","templated":true}]}}