{"id":4574,"date":"2025-03-05T03:42:02","date_gmt":"2025-03-05T03:42:02","guid":{"rendered":"https:\/\/sentaiyuanbio.com\/?post_type=product&#038;p=4574"},"modified":"2025-03-05T09:57:01","modified_gmt":"2025-03-05T09:57:01","slug":"karotte-konjak-reis-lose-groshandel","status":"publish","type":"product","link":"https:\/\/sentaiyuanbio.com\/de\/produkt\/karotte-konjak-reis-lose-groshandel\/","title":{"rendered":"Karotte Konjak Reis Bulk, Instant Shirataki Reis Gro\u00dfhandel"},"content":{"rendered":"<h2>Karotten-Konjak-Reis Beschreibung<\/h2>\n<p>Konjak-Reis ist auch als Shirataki-Reis bekannt. Woher kommt der Shirataki-Reis also? Wie der Name schon sagt, stammt der Shirataki-Reis aus Japan. Er wird aus der Konjakwurzel hergestellt, auch bekannt als Konjak Yam oder <a href=\"https:\/\/herbsocietyblog.wordpress.com\/2022\/11\/14\/devils-tongue-amorphophallus-konjac\/\" target=\"_blank\" rel=\"noopener\">Teufelszunge<\/a>. Sie haben eine gallertartige Konsistenz und sind eine gute Quelle f\u00fcr den Ballaststoff Glucomannan. Zur Herstellung des Reises wird die Glucomannanfaser aus der Konjakwurzel extrahiert und mit Wasser und Kalkwasser vermischt.<\/p>\n<p>Dabei entsteht eine gallertartige Substanz namens Konjak, die zu einer reis\u00e4hnlichen Substanz verarbeitet wird. Der fertige Reis besteht aus 97% Wasser und 3% unverdaulichen Ballaststoffen, was ihn zu einem Null-Kalorien-Reis macht. Dieser Reis hat sich den Spitznamen \"Wunderreis\" verdient und ist v\u00f6llig paleo- und kalorienfrei. Der Reis hat an sich fast keinen Geschmack, riecht aber leicht fischig, wenn er nass verpackt wird. Das liegt daran, dass sie mit Wasser verpackt sind, das leicht abgesp\u00fclt werden kann.<\/p>\n<table>\n<tbody>\n<tr>\n<td>Produktname<\/td>\n<td>Karotte Konjak Reis Bulk, Instant Shirataki Reis Gro\u00dfhandel<\/td>\n<\/tr>\n<tr>\n<td>Hauptbestandteil<\/td>\n<td><a href=\"https:\/\/sentaiyuanbio.com\/de\/produkt\/konjakmehl-yamswurzel-konjakpulver\/\" target=\"_blank\" rel=\"noopener\">Konjak-Pulver<\/a>, Karottenpulver, Wasser<\/td>\n<\/tr>\n<tr>\n<td>Geschm\u00e4cker<\/td>\n<td>Geschmacksrichtungen Original, Karotte, Haferflocken, Meeresalgen, Buchweizen, Mungobohnen und Rote Bohnen<\/td>\n<\/tr>\n<tr>\n<td>Merkmal<\/td>\n<td>Geruchsneutral, kalorienarm, kohlenhydratarm, glutenfrei, zuckerfrei, fettfrei, GMO-frei, ballaststoffreich<\/td>\n<\/tr>\n<tr>\n<td>Funktionen<\/td>\n<td>Vegetarische Ern\u00e4hrung, Gewichtsabnahme, S\u00e4ttigung erh\u00f6hen<\/td>\n<\/tr>\n<tr>\n<td>Ballaststoffe<\/td>\n<td>3g\/100g<\/td>\n<\/tr>\n<tr>\n<td>Kalorien<\/td>\n<td>6Kcal\/100g<\/td>\n<\/tr>\n<tr>\n<td>Fettgehalt<\/td>\n<td>0<\/td>\n<\/tr>\n<tr>\n<td>Gewicht<\/td>\n<td>Kundenspezifisch<\/td>\n<\/tr>\n<tr>\n<td>Kochzeit<\/td>\n<td>3 Minute<\/td>\n<\/tr>\n<tr>\n<td>Haltbarkeitsdauer<\/td>\n<td>12 Monate<\/td>\n<\/tr>\n<\/tbody>\n<\/table>\n<p>Sie k\u00f6nnen damit eine Vielzahl von K\u00f6stlichkeiten zubereiten, wie z. B. Karotten-Konjak-Reisb\u00e4llchen, Konjak-Reisbrei und sogar Konjak-Reis-Salat mit frischem Gem\u00fcse und gesunden So\u00dfen, die Ihren Geschmacksnerven schmeicheln und Ihrer Gesundheit gut tun. Ob zum Fr\u00fchst\u00fcck, Mittag- oder Abendessen, dieser Konjakreis mit Karottengeschmack ist die beste Wahl.<\/p>\n<p><img fetchpriority=\"high\" decoding=\"async\" class=\"alignnone wp-image-4580 size-full\" src=\"https:\/\/sentaiyuanbio.com\/wp-content\/uploads\/2025\/03\/Carrot-Konjac-Rice-6.webp\" alt=\"Karotten-Konjak-Reis\" width=\"750\" height=\"400\" srcset=\"https:\/\/sentaiyuanbio.com\/wp-content\/uploads\/2025\/03\/Carrot-Konjac-Rice-6.webp 750w, https:\/\/sentaiyuanbio.com\/wp-content\/uploads\/2025\/03\/Carrot-Konjac-Rice-6-300x160.webp 300w, https:\/\/sentaiyuanbio.com\/wp-content\/uploads\/2025\/03\/Carrot-Konjac-Rice-6-600x320.webp 600w\" sizes=\"(max-width: 750px) 100vw, 750px\" \/><img decoding=\"async\" class=\"alignnone wp-image-4581 size-full\" src=\"https:\/\/sentaiyuanbio.com\/wp-content\/uploads\/2025\/03\/Carrot-Konjac-Rice-9.webp\" alt=\"Karotten-Konjak-Reis\" width=\"750\" height=\"750\" srcset=\"https:\/\/sentaiyuanbio.com\/wp-content\/uploads\/2025\/03\/Carrot-Konjac-Rice-9.webp 750w, https:\/\/sentaiyuanbio.com\/wp-content\/uploads\/2025\/03\/Carrot-Konjac-Rice-9-600x600.webp 600w, https:\/\/sentaiyuanbio.com\/wp-content\/uploads\/2025\/03\/Carrot-Konjac-Rice-9-100x100.webp 100w, https:\/\/sentaiyuanbio.com\/wp-content\/uploads\/2025\/03\/Carrot-Konjac-Rice-9-300x300.webp 300w, https:\/\/sentaiyuanbio.com\/wp-content\/uploads\/2025\/03\/Carrot-Konjac-Rice-9-150x150.webp 150w\" sizes=\"(max-width: 750px) 100vw, 750px\" \/><img decoding=\"async\" class=\"alignnone wp-image-4583 size-full\" src=\"https:\/\/sentaiyuanbio.com\/wp-content\/uploads\/2025\/03\/Carrot-Konjac-Rice-8.webp\" alt=\"Karotten-Konjak-Reis\" width=\"750\" height=\"770\" srcset=\"https:\/\/sentaiyuanbio.com\/wp-content\/uploads\/2025\/03\/Carrot-Konjac-Rice-8.webp 750w, https:\/\/sentaiyuanbio.com\/wp-content\/uploads\/2025\/03\/Carrot-Konjac-Rice-8-292x300.webp 292w, https:\/\/sentaiyuanbio.com\/wp-content\/uploads\/2025\/03\/Carrot-Konjac-Rice-8-584x600.webp 584w, https:\/\/sentaiyuanbio.com\/wp-content\/uploads\/2025\/03\/Carrot-Konjac-Rice-8-600x616.webp 600w\" sizes=\"(max-width: 750px) 100vw, 750px\" \/><\/p>\n<style>.embed-container { position: relative; padding-bottom: 56.25%; height: 0; overflow: hidden; max-width: 100%; } .embed-container iframe, .embed-container object, .embed-container embed { position: absolute; top: 0; left: 0; width: 100%; height: 100%; }<\/style>\n<div class=\"embed-container\"><iframe src=\"https:\/\/www.youtube.com\/embed\/IHFal7LWjK0\" frameborder=\"0\" allowfullscreen=\"allowfullscreen\"><\/iframe><\/div>","protected":false},"excerpt":{"rendered":"<p>Dieser Karotten-Konjak-Reis hat nicht nur erhebliche ern\u00e4hrungsphysiologische Vorteile, sondern bietet auch ein einzigartiges Geschmackserlebnis. Karotten sind reich an Vitamin A und Ballaststoffen, die zur Verbesserung der Sehkraft und zur St\u00e4rkung des Immunsystems beitragen k\u00f6nnen. Konjac-Reis ist kalorien- und kohlenhydratarm und eignet sich daher sehr gut f\u00fcr Menschen, die Fett verlieren und ihr Gewicht kontrollieren wollen.<\/p>","protected":false},"featured_media":4575,"template":"","meta":{"site-sidebar-layout":"default","site-content-layout":"","ast-site-content-layout":"default","site-content-style":"default","site-sidebar-style":"default","ast-global-header-display":"","ast-banner-title-visibility":"","ast-main-header-display":"","ast-hfb-above-header-display":"","ast-hfb-below-header-display":"","ast-hfb-mobile-header-display":"","site-post-title":"","ast-breadcrumbs-content":"","ast-featured-img":"","footer-sml-layout":"","ast-disable-related-posts":"","theme-transparent-header-meta":"default","adv-header-id-meta":"","stick-header-meta":"default","header-above-stick-meta":"","header-main-stick-meta":"","header-below-stick-meta":"","astra-migrate-meta-layouts":"set","ast-page-background-enabled":"default","ast-page-background-meta":{"desktop":{"background-color":"","background-image":"","background-repeat":"repeat","background-position":"center center","background-size":"auto","background-attachment":"scroll","background-type":"","background-media":"","overlay-type":"","overlay-color":"","overlay-opacity":"","overlay-gradient":""},"tablet":{"background-color":"","background-image":"","background-repeat":"repeat","background-position":"center center","background-size":"auto","background-attachment":"scroll","background-type":"","background-media":"","overlay-type":"","overlay-color":"","overlay-opacity":"","overlay-gradient":""},"mobile":{"background-color":"","background-image":"","background-repeat":"repeat","background-position":"center center","background-size":"auto","background-attachment":"scroll","background-type":"","background-media":"","overlay-type":"","overlay-color":"","overlay-opacity":"","overlay-gradient":""}},"ast-content-background-meta":{"desktop":{"background-color":"var(--ast-global-color-5)","background-image":"","background-repeat":"repeat","background-position":"center center","background-size":"auto","background-attachment":"scroll","background-type":"","background-media":"","overlay-type":"","overlay-color":"","overlay-opacity":"","overlay-gradient":""},"tablet":{"background-color":"var(--ast-global-color-5)","background-image":"","background-repeat":"repeat","background-position":"center center","background-size":"auto","background-attachment":"scroll","background-type":"","background-media":"","overlay-type":"","overlay-color":"","overlay-opacity":"","overlay-gradient":""},"mobile":{"background-color":"var(--ast-global-color-5)","background-image":"","background-repeat":"repeat","background-position":"center center","background-size":"auto","background-attachment":"scroll","background-type":"","background-media":"","overlay-type":"","overlay-color":"","overlay-opacity":"","overlay-gradient":""}}},"product_brand":[],"product_cat":[250],"product_tag":[],"class_list":{"0":"post-4574","1":"product","2":"type-product","3":"status-publish","4":"has-post-thumbnail","6":"product_cat-wet-shirataki-rice","7":"desktop-align-left","8":"tablet-align-left","9":"mobile-align-left","10":"ast-product-gallery-layout-horizontal-slider","11":"ast-product-tabs-layout-horizontal","13":"first","14":"instock","15":"shipping-taxable","16":"product-type-simple"},"_links":{"self":[{"href":"https:\/\/sentaiyuanbio.com\/de\/wp-json\/wp\/v2\/product\/4574","targetHints":{"allow":["GET"]}}],"collection":[{"href":"https:\/\/sentaiyuanbio.com\/de\/wp-json\/wp\/v2\/product"}],"about":[{"href":"https:\/\/sentaiyuanbio.com\/de\/wp-json\/wp\/v2\/types\/product"}],"version-history":[{"count":0,"href":"https:\/\/sentaiyuanbio.com\/de\/wp-json\/wp\/v2\/product\/4574\/revisions"}],"wp:featuredmedia":[{"embeddable":true,"href":"https:\/\/sentaiyuanbio.com\/de\/wp-json\/wp\/v2\/media\/4575"}],"wp:attachment":[{"href":"https:\/\/sentaiyuanbio.com\/de\/wp-json\/wp\/v2\/media?parent=4574"}],"wp:term":[{"taxonomy":"product_brand","embeddable":true,"href":"https:\/\/sentaiyuanbio.com\/de\/wp-json\/wp\/v2\/product_brand?post=4574"},{"taxonomy":"product_cat","embeddable":true,"href":"https:\/\/sentaiyuanbio.com\/de\/wp-json\/wp\/v2\/product_cat?post=4574"},{"taxonomy":"product_tag","embeddable":true,"href":"https:\/\/sentaiyuanbio.com\/de\/wp-json\/wp\/v2\/product_tag?post=4574"}],"curies":[{"name":"wp","href":"https:\/\/api.w.org\/{rel}","templated":true}]}}