{"id":4604,"date":"2025-03-05T07:21:43","date_gmt":"2025-03-05T07:21:43","guid":{"rendered":"https:\/\/sentaiyuanbio.com\/?post_type=product&#038;p=4604"},"modified":"2025-03-05T09:07:34","modified_gmt":"2025-03-05T09:07:34","slug":"konjac-rote-bohnen-als-mahlzeitenersatz-reis","status":"publish","type":"product","link":"https:\/\/sentaiyuanbio.com\/de\/produkt\/konjac-rote-bohnen-als-mahlzeitenersatz-reis\/","title":{"rendered":"Konjak-Reis mit roter Bohne als Mahlzeitenersatz, Konjak-Reis mit mehreren K\u00f6rnern"},"content":{"rendered":"<h2>Hauptmerkmale des Mahlzeitenersatzreis mit Konjak-Rotbohnen<\/h2>\n<ol>\n<li>Kalorienarm<\/li>\n<li>Wenig Kohlenhydrate<\/li>\n<li>Reich an Ballaststoffen<\/li>\n<li>Glutenfrei<\/li>\n<li>Gelatineartige Textur<\/li>\n<li>Praktisch geschmacksneutral<\/li>\n<li>Schnell und einfach zuzubereiten<\/li>\n<li>F\u00f6rdert das S\u00e4ttigungsgef\u00fchl<\/li>\n<li>Geeignet f\u00fcr verschiedene Di\u00e4tvorschriften<\/li>\n<li>Kann bei der Gewichtskontrolle helfen<\/li>\n<\/ol>\n<table>\n<tbody>\n<tr>\n<td>Produktname<\/td>\n<td>Konjak-Reis mit roter Bohne als Mahlzeitenersatz, Konjak-Reis mit mehreren K\u00f6rnern<\/td>\n<\/tr>\n<tr>\n<td>Hauptbestandteil<\/td>\n<td>Wasser, <a href=\"https:\/\/sentaiyuanbio.com\/de\/produkt\/konjakreis\/\" target=\"_blank\" rel=\"noopener\">Konjak-Reis<\/a>, Haferflocken-Reis, <a href=\"https:\/\/www.yuzubakes.com\/recipes\/barley-rice\" target=\"_blank\" rel=\"noopener\">Gerstenreis<\/a>, Rote Bohnen<\/td>\n<\/tr>\n<tr>\n<td>Geschm\u00e4cker<\/td>\n<td>Original, Karotte, Hafer, Meeresalgen<\/td>\n<\/tr>\n<tr>\n<td>Merkmal<\/td>\n<td>Geruchsneutral, kalorienarm, kohlenhydratarm, glutenfrei, zuckerfrei, fettfrei, GMO-frei, ballaststoffreich<\/td>\n<\/tr>\n<tr>\n<td>Funktionen<\/td>\n<td>Vegetarische Ern\u00e4hrung, Gewichtsabnahme, S\u00e4ttigung erh\u00f6hen<\/td>\n<\/tr>\n<tr>\n<td>Ballaststoffe<\/td>\n<td>3,4g\/100g<\/td>\n<\/tr>\n<tr>\n<td>Kalorien<\/td>\n<td>6Kcal\/100g<\/td>\n<\/tr>\n<tr>\n<td>Fettgehalt<\/td>\n<td>0<\/td>\n<\/tr>\n<tr>\n<td>Gewicht<\/td>\n<td>Kundenspezifisch<\/td>\n<\/tr>\n<tr>\n<td>Kochzeit<\/td>\n<td>3 Minute<\/td>\n<\/tr>\n<tr>\n<td>Haltbarkeitsdauer<\/td>\n<td>12 Monate<\/td>\n<\/tr>\n<tr>\n<td>Paket<\/td>\n<td>Innenbeutel + Stehbeutel\/ Papierschachtel<\/td>\n<\/tr>\n<tr>\n<td>Bescheinigungen<\/td>\n<td>IFS, BRC, KOSHER, HALAL, HACCP<\/td>\n<\/tr>\n<\/tbody>\n<\/table>\n<p>Es ist wichtig zu beachten, dass die Textur und der Geschmack von Konjak-Reis aus roten Bohnen anders sind als bei herk\u00f6mmlichem Reis. Es kann einige Zeit dauern, bis sich manche Menschen an diese einzigartige Textur und den Geschmack gew\u00f6hnt haben. Es wird empfohlen, verschiedene Rezepte und Zubereitungsmethoden auszuprobieren, um herauszufinden, wie sie am besten in die Mahlzeiten integriert werden k\u00f6nnen.<\/p>\n<p>Sie k\u00f6nnen damit eine Vielzahl von K\u00f6stlichkeiten wie Konjakreisb\u00e4llchen, Konjakreisbrei und sogar Konjakreissalat mit frischem Gem\u00fcse und gesunden So\u00dfen zubereiten, die Ihren Geschmacksnerven schmeicheln und Ihre Gesundheit f\u00f6rdern. Ob zum Fr\u00fchst\u00fcck, Mittag- oder Abendessen, dieser Konjak-Reis als Mahlzeitenersatz ist die beste Wahl.<\/p>\n<p><img fetchpriority=\"high\" decoding=\"async\" class=\"alignnone wp-image-4605 size-full\" src=\"https:\/\/sentaiyuanbio.com\/wp-content\/uploads\/2025\/03\/Konjac-Red-Bean-Meal-Replacement-Rice-1.webp\" alt=\"Konjak Rote Bohne Mahlzeitenersatz Reis\" width=\"750\" height=\"400\" srcset=\"https:\/\/sentaiyuanbio.com\/wp-content\/uploads\/2025\/03\/Konjac-Red-Bean-Meal-Replacement-Rice-1.webp 750w, https:\/\/sentaiyuanbio.com\/wp-content\/uploads\/2025\/03\/Konjac-Red-Bean-Meal-Replacement-Rice-1-300x160.webp 300w, https:\/\/sentaiyuanbio.com\/wp-content\/uploads\/2025\/03\/Konjac-Red-Bean-Meal-Replacement-Rice-1-600x320.webp 600w\" sizes=\"(max-width: 750px) 100vw, 750px\" \/><img decoding=\"async\" class=\"alignnone wp-image-4612 size-full\" src=\"https:\/\/sentaiyuanbio.com\/wp-content\/uploads\/2025\/03\/Konjac-Red-Bean-Meal-Replacement-Rice-8.webp\" alt=\"Konjak Rote Bohne Mahlzeitenersatz Reis\" width=\"750\" height=\"750\" srcset=\"https:\/\/sentaiyuanbio.com\/wp-content\/uploads\/2025\/03\/Konjac-Red-Bean-Meal-Replacement-Rice-8.webp 750w, https:\/\/sentaiyuanbio.com\/wp-content\/uploads\/2025\/03\/Konjac-Red-Bean-Meal-Replacement-Rice-8-600x600.webp 600w, https:\/\/sentaiyuanbio.com\/wp-content\/uploads\/2025\/03\/Konjac-Red-Bean-Meal-Replacement-Rice-8-100x100.webp 100w, https:\/\/sentaiyuanbio.com\/wp-content\/uploads\/2025\/03\/Konjac-Red-Bean-Meal-Replacement-Rice-8-300x300.webp 300w, https:\/\/sentaiyuanbio.com\/wp-content\/uploads\/2025\/03\/Konjac-Red-Bean-Meal-Replacement-Rice-8-150x150.webp 150w\" sizes=\"(max-width: 750px) 100vw, 750px\" \/><img decoding=\"async\" class=\"alignnone wp-image-4606 size-full\" src=\"https:\/\/sentaiyuanbio.com\/wp-content\/uploads\/2025\/03\/Konjac-Red-Bean-Meal-Replacement-Rice-2.webp\" alt=\"Konjak Rote Bohne Mahlzeitenersatz Reis\" width=\"750\" height=\"1100\" srcset=\"https:\/\/sentaiyuanbio.com\/wp-content\/uploads\/2025\/03\/Konjac-Red-Bean-Meal-Replacement-Rice-2.webp 750w, https:\/\/sentaiyuanbio.com\/wp-content\/uploads\/2025\/03\/Konjac-Red-Bean-Meal-Replacement-Rice-2-205x300.webp 205w, https:\/\/sentaiyuanbio.com\/wp-content\/uploads\/2025\/03\/Konjac-Red-Bean-Meal-Replacement-Rice-2-698x1024.webp 698w, https:\/\/sentaiyuanbio.com\/wp-content\/uploads\/2025\/03\/Konjac-Red-Bean-Meal-Replacement-Rice-2-409x600.webp 409w, https:\/\/sentaiyuanbio.com\/wp-content\/uploads\/2025\/03\/Konjac-Red-Bean-Meal-Replacement-Rice-2-600x880.webp 600w\" sizes=\"(max-width: 750px) 100vw, 750px\" \/><\/p>\n<h2>Wie man kocht<\/h2>\n<style>.embed-container { position: relative; padding-bottom: 56.25%; height: 0; overflow: hidden; max-width: 100%; } .embed-container iframe, .embed-container object, .embed-container embed { position: absolute; top: 0; left: 0; width: 100%; height: 100%; }<\/style>\n<div class=\"embed-container\"><iframe src=\"https:\/\/www.youtube.com\/embed\/aAjZbURZGV8\" frameborder=\"0\" allowfullscreen=\"allowfullscreen\"><\/iframe><\/div>","protected":false},"excerpt":{"rendered":"<p>Dieser Konjak-Reis aus roten Bohnen als Mahlzeitenersatz hat nicht nur erhebliche ern\u00e4hrungsphysiologische Vorteile, sondern bietet auch ein einzigartiges Geschmackserlebnis. Konjak-Reis ist kalorien- und kohlenhydratarm und eignet sich sehr gut f\u00fcr Menschen, die Fett verlieren und ihr Gewicht kontrollieren wollen. Rote Bohnen sind reich an Eiwei\u00df, Ballaststoffen und mehreren Vitaminen, die den Stoffwechsel im K\u00f6rper regulieren und die Darmgesundheit verbessern k\u00f6nnen.<\/p>","protected":false},"featured_media":4611,"template":"","meta":{"site-sidebar-layout":"default","site-content-layout":"","ast-site-content-layout":"default","site-content-style":"default","site-sidebar-style":"default","ast-global-header-display":"","ast-banner-title-visibility":"","ast-main-header-display":"","ast-hfb-above-header-display":"","ast-hfb-below-header-display":"","ast-hfb-mobile-header-display":"","site-post-title":"","ast-breadcrumbs-content":"","ast-featured-img":"","footer-sml-layout":"","ast-disable-related-posts":"","theme-transparent-header-meta":"default","adv-header-id-meta":"","stick-header-meta":"default","header-above-stick-meta":"","header-main-stick-meta":"","header-below-stick-meta":"","astra-migrate-meta-layouts":"set","ast-page-background-enabled":"default","ast-page-background-meta":{"desktop":{"background-color":"","background-image":"","background-repeat":"repeat","background-position":"center center","background-size":"auto","background-attachment":"scroll","background-type":"","background-media":"","overlay-type":"","overlay-color":"","overlay-opacity":"","overlay-gradient":""},"tablet":{"background-color":"","background-image":"","background-repeat":"repeat","background-position":"center center","background-size":"auto","background-attachment":"scroll","background-type":"","background-media":"","overlay-type":"","overlay-color":"","overlay-opacity":"","overlay-gradient":""},"mobile":{"background-color":"","background-image":"","background-repeat":"repeat","background-position":"center center","background-size":"auto","background-attachment":"scroll","background-type":"","background-media":"","overlay-type":"","overlay-color":"","overlay-opacity":"","overlay-gradient":""}},"ast-content-background-meta":{"desktop":{"background-color":"var(--ast-global-color-5)","background-image":"","background-repeat":"repeat","background-position":"center center","background-size":"auto","background-attachment":"scroll","background-type":"","background-media":"","overlay-type":"","overlay-color":"","overlay-opacity":"","overlay-gradient":""},"tablet":{"background-color":"var(--ast-global-color-5)","background-image":"","background-repeat":"repeat","background-position":"center center","background-size":"auto","background-attachment":"scroll","background-type":"","background-media":"","overlay-type":"","overlay-color":"","overlay-opacity":"","overlay-gradient":""},"mobile":{"background-color":"var(--ast-global-color-5)","background-image":"","background-repeat":"repeat","background-position":"center center","background-size":"auto","background-attachment":"scroll","background-type":"","background-media":"","overlay-type":"","overlay-color":"","overlay-opacity":"","overlay-gradient":""}}},"product_brand":[],"product_cat":[250],"product_tag":[],"class_list":{"0":"post-4604","1":"product","2":"type-product","3":"status-publish","4":"has-post-thumbnail","6":"product_cat-wet-shirataki-rice","7":"desktop-align-left","8":"tablet-align-left","9":"mobile-align-left","10":"ast-product-gallery-layout-horizontal-slider","11":"ast-product-tabs-layout-horizontal","13":"first","14":"instock","15":"shipping-taxable","16":"product-type-simple"},"_links":{"self":[{"href":"https:\/\/sentaiyuanbio.com\/de\/wp-json\/wp\/v2\/product\/4604","targetHints":{"allow":["GET"]}}],"collection":[{"href":"https:\/\/sentaiyuanbio.com\/de\/wp-json\/wp\/v2\/product"}],"about":[{"href":"https:\/\/sentaiyuanbio.com\/de\/wp-json\/wp\/v2\/types\/product"}],"version-history":[{"count":0,"href":"https:\/\/sentaiyuanbio.com\/de\/wp-json\/wp\/v2\/product\/4604\/revisions"}],"wp:featuredmedia":[{"embeddable":true,"href":"https:\/\/sentaiyuanbio.com\/de\/wp-json\/wp\/v2\/media\/4611"}],"wp:attachment":[{"href":"https:\/\/sentaiyuanbio.com\/de\/wp-json\/wp\/v2\/media?parent=4604"}],"wp:term":[{"taxonomy":"product_brand","embeddable":true,"href":"https:\/\/sentaiyuanbio.com\/de\/wp-json\/wp\/v2\/product_brand?post=4604"},{"taxonomy":"product_cat","embeddable":true,"href":"https:\/\/sentaiyuanbio.com\/de\/wp-json\/wp\/v2\/product_cat?post=4604"},{"taxonomy":"product_tag","embeddable":true,"href":"https:\/\/sentaiyuanbio.com\/de\/wp-json\/wp\/v2\/product_tag?post=4604"}],"curies":[{"name":"wp","href":"https:\/\/api.w.org\/{rel}","templated":true}]}}