{"id":4677,"date":"2025-03-06T07:42:48","date_gmt":"2025-03-06T07:42:48","guid":{"rendered":"https:\/\/sentaiyuanbio.com\/?post_type=product&#038;p=4677"},"modified":"2026-04-20T08:17:26","modified_gmt":"2026-04-20T08:17:26","slug":"konjak-lasagne-shirataki-lasagne-nudeln","status":"publish","type":"product","link":"https:\/\/sentaiyuanbio.com\/de\/produkt\/konjak-lasagne-shirataki-lasagne-nudeln\/","title":{"rendered":"Konjac Lasagne, Shirataki Lasagne-Nudeln lose"},"content":{"rendered":"<h2>Konjak Lasagne (Shirataki Lasagna-Nudeln) Beschreibung<\/h2>\n<p class=\"translation-block\">Der wichtigste Nahrungsbestandteil der Konjak-Lasagne ist <a href=\"https:\/\/sentaiyuanbio.com\/de\/produkt\/konjakwurzel-glucomannan\/\" target=\"_blank\" rel=\"noopener\">Glucomannan<\/a>, ein hochviskoser l\u00f6slicher Ballaststoff. Er enth\u00e4lt fast kein Fett, Zucker, St\u00e4rke oder Eiwei\u00df und ist sehr kalorien- und kohlenhydratarm. Dieses ballaststoffreiche Lebensmittel kann die Gesundheit der Verdauung f\u00f6rdern, den Blutzucker- und Cholesterinspiegel senken und f\u00fcr ein S\u00e4ttigungsgef\u00fchl sorgen, was zur Gewichtskontrolle beitragen kann. Es ist eine gesunde Alternative zu kohlenhydratarmen Di\u00e4ten.<\/p>\n<p>Geschmacklich kann die Konjac-Lasagne nach dem richtigen Kochen eine \u00e4hnliche Textur wie herk\u00f6mmliche Spaghetti aufweisen, glatt und nicht klebrig.<\/p>\n<p class=\"translation-block\">Sie k\u00f6nnen ihn mit verschiedenen Zutaten wie italienischer Tomatensauce, <a href=\"https:\/\/therecipecritic.com\/garlic-parmesan-sauce\/\" target=\"_blank\" rel=\"noopener\">Knoblauch-Parmesank\u00e4se<\/a> oder asiatischen Woksaucen kombinieren, um Gerichte zu kreieren, die sowohl gesund als auch lecker sind.<\/p>\n<p>Schichten Sie zum Beispiel Konjak-Lasagne mit Wurst-Tomatensauce, gebratenem Gem\u00fcse und K\u00e4se zu einer kohlenhydratarmen Lasagne, die sowohl schmackhaft als auch nahrhaft ist.<\/p>\n<table>\n<tbody>\n<tr>\n<td>Produktname<\/td>\n<td>Konjak-Lasagne, Shirataki-Lasagne-Nudeln<\/td>\n<\/tr>\n<tr>\n<td>Hauptbestandteil<\/td>\n<td>Konjak-Pulver, Wasser<\/td>\n<\/tr>\n<tr>\n<td>Geschm\u00e4cker<\/td>\n<td>Original, Karotte, Tomate, Hafer, Spinat, Meeresalgen, Sojabohnen, K\u00fcrbis und mehr<\/td>\n<\/tr>\n<tr>\n<td>Merkmal<\/td>\n<td>Geruchsneutral, kalorienarm, kohlenhydratarm, glutenfrei, zuckerfrei, fettfrei, GMO-frei, ballaststoffreich<\/td>\n<\/tr>\n<tr>\n<td>Funktionen<\/td>\n<td>Vegetarische Ern\u00e4hrung, Gewichtsabnahme, S\u00e4ttigung erh\u00f6hen<\/td>\n<\/tr>\n<tr>\n<td>Ballaststoffe<\/td>\n<td>3,4g\/100g<\/td>\n<\/tr>\n<tr>\n<td>Kalorien<\/td>\n<td>6Kcal\/100g<\/td>\n<\/tr>\n<tr>\n<td>Fettgehalt<\/td>\n<td>0<\/td>\n<\/tr>\n<tr>\n<td>Gewicht<\/td>\n<td>Kundenspezifisch<\/td>\n<\/tr>\n<tr>\n<td>Kochzeit<\/td>\n<td>3 Minute<\/td>\n<\/tr>\n<tr>\n<td>Haltbarkeitsdauer<\/td>\n<td>12 Monate<\/td>\n<\/tr>\n<tr>\n<td>Paket<\/td>\n<td>Innenbeutel + Stehbeutel\/ Papierschachtel<\/td>\n<\/tr>\n<tr>\n<td>Bescheinigungen<\/td>\n<td>IFS, BRC, KOSHER, HALAL, HACCP<\/td>\n<\/tr>\n<\/tbody>\n<\/table>","protected":false},"excerpt":{"rendered":"<p>Konjak-Lasagne, auch bekannt als Shirataki-Lasagne-Nudeln, ist eine gesunde Alternative mit wenig Kalorien und wenig Kohlenhydraten. Sie ist reich an Ballaststoffen, insbesondere an Glucan-Mannitol, das zur Regulierung des Blutzucker- und Cholesterinspiegels beitragen und die Gesundheit der Verdauung f\u00f6rdern kann.<\/p>","protected":false},"featured_media":4678,"template":"","meta":{"site-sidebar-layout":"default","site-content-layout":"","ast-site-content-layout":"default","site-content-style":"default","site-sidebar-style":"default","ast-global-header-display":"","ast-banner-title-visibility":"","ast-main-header-display":"","ast-hfb-above-header-display":"","ast-hfb-below-header-display":"","ast-hfb-mobile-header-display":"","site-post-title":"","ast-breadcrumbs-content":"","ast-featured-img":"","footer-sml-layout":"","ast-disable-related-posts":"","theme-transparent-header-meta":"default","adv-header-id-meta":"","stick-header-meta":"default","header-above-stick-meta":"","header-main-stick-meta":"","header-below-stick-meta":"","astra-migrate-meta-layouts":"set","ast-page-background-enabled":"default","ast-page-background-meta":{"desktop":{"background-color":"","background-image":"","background-repeat":"repeat","background-position":"center center","background-size":"auto","background-attachment":"scroll","background-type":"","background-media":"","overlay-type":"","overlay-color":"","overlay-opacity":"","overlay-gradient":""},"tablet":{"background-color":"","background-image":"","background-repeat":"repeat","background-position":"center center","background-size":"auto","background-attachment":"scroll","background-type":"","background-media":"","overlay-type":"","overlay-color":"","overlay-opacity":"","overlay-gradient":""},"mobile":{"background-color":"","background-image":"","background-repeat":"repeat","background-position":"center center","background-size":"auto","background-attachment":"scroll","background-type":"","background-media":"","overlay-type":"","overlay-color":"","overlay-opacity":"","overlay-gradient":""}},"ast-content-background-meta":{"desktop":{"background-color":"var(--ast-global-color-5)","background-image":"","background-repeat":"repeat","background-position":"center center","background-size":"auto","background-attachment":"scroll","background-type":"","background-media":"","overlay-type":"","overlay-color":"","overlay-opacity":"","overlay-gradient":""},"tablet":{"background-color":"var(--ast-global-color-5)","background-image":"","background-repeat":"repeat","background-position":"center center","background-size":"auto","background-attachment":"scroll","background-type":"","background-media":"","overlay-type":"","overlay-color":"","overlay-opacity":"","overlay-gradient":""},"mobile":{"background-color":"var(--ast-global-color-5)","background-image":"","background-repeat":"repeat","background-position":"center center","background-size":"auto","background-attachment":"scroll","background-type":"","background-media":"","overlay-type":"","overlay-color":"","overlay-opacity":"","overlay-gradient":""}}},"product_brand":[],"product_cat":[22],"product_tag":[],"class_list":{"0":"post-4677","1":"product","2":"type-product","3":"status-publish","4":"has-post-thumbnail","6":"product_cat-konjac-pasta","7":"desktop-align-left","8":"tablet-align-left","9":"mobile-align-left","10":"ast-product-gallery-layout-horizontal-slider","11":"ast-product-tabs-layout-horizontal","13":"first","14":"instock","15":"shipping-taxable","16":"product-type-simple"},"_links":{"self":[{"href":"https:\/\/sentaiyuanbio.com\/de\/wp-json\/wp\/v2\/product\/4677","targetHints":{"allow":["GET"]}}],"collection":[{"href":"https:\/\/sentaiyuanbio.com\/de\/wp-json\/wp\/v2\/product"}],"about":[{"href":"https:\/\/sentaiyuanbio.com\/de\/wp-json\/wp\/v2\/types\/product"}],"version-history":[{"count":1,"href":"https:\/\/sentaiyuanbio.com\/de\/wp-json\/wp\/v2\/product\/4677\/revisions"}],"predecessor-version":[{"id":6155,"href":"https:\/\/sentaiyuanbio.com\/de\/wp-json\/wp\/v2\/product\/4677\/revisions\/6155"}],"wp:featuredmedia":[{"embeddable":true,"href":"https:\/\/sentaiyuanbio.com\/de\/wp-json\/wp\/v2\/media\/4678"}],"wp:attachment":[{"href":"https:\/\/sentaiyuanbio.com\/de\/wp-json\/wp\/v2\/media?parent=4677"}],"wp:term":[{"taxonomy":"product_brand","embeddable":true,"href":"https:\/\/sentaiyuanbio.com\/de\/wp-json\/wp\/v2\/product_brand?post=4677"},{"taxonomy":"product_cat","embeddable":true,"href":"https:\/\/sentaiyuanbio.com\/de\/wp-json\/wp\/v2\/product_cat?post=4677"},{"taxonomy":"product_tag","embeddable":true,"href":"https:\/\/sentaiyuanbio.com\/de\/wp-json\/wp\/v2\/product_tag?post=4677"}],"curies":[{"name":"wp","href":"https:\/\/api.w.org\/{rel}","templated":true}]}}