{"id":4687,"date":"2025-03-06T09:08:15","date_gmt":"2025-03-06T09:08:15","guid":{"rendered":"https:\/\/sentaiyuanbio.com\/?post_type=product&#038;p=4687"},"modified":"2026-04-20T08:20:31","modified_gmt":"2026-04-20T08:20:31","slug":"konjak-penne-shirataki-nudeln-penne","status":"publish","type":"product","link":"https:\/\/sentaiyuanbio.com\/de\/produkt\/konjak-penne-shirataki-nudeln-penne\/","title":{"rendered":"Konjac Penne, Shirataki Nudeln Penne Hersteller"},"content":{"rendered":"<h2>Konjak Penne, Shirataki-Nudeln Penne Hauptmerkmale<\/h2>\n<p>Kalorienarm und kohlenhydratarm: Konjak Penne sind sehr kalorien- und kohlenhydratarm, so dass sie sich f\u00fcr Menschen eignen, die eine kalorien- oder kohlenhydratarme Di\u00e4t einhalten m\u00fcssen. Sie werden oft als Ersatz f\u00fcr normale Nudeln bei der Gewichtskontrolle und bei kalorienbewussten Ern\u00e4hrungspl\u00e4nen verwendet.<\/p>\n<p>Leicht und doch s\u00e4ttigend: Als ausgezeichnete Ballaststoffquelle sorgt dieses kleine P\u00e4ckchen f\u00fcr ein l\u00e4ngeres S\u00e4ttigungsgef\u00fchl und minimiert den Hei\u00dfhunger auf ungesunde Snacks.<\/p>\n<p>Glutenfrei: Von Natur aus glutenfrei, ist es f\u00fcr Menschen mit Glutenunvertr\u00e4glichkeit oder Z\u00f6liakie geeignet. Es bietet eine Alternative f\u00fcr Menschen, die glutenhaltiges Getreide meiden m\u00fcssen.<\/p>\n<p>Gelartige Textur: Die Glucomannan-Faser in Nudeln absorbiert Wasser und quillt auf, so dass sie beim Kochen eine gelartige Textur erh\u00e4lt, die eine einzigartige Kaut\u00e4tigkeit bewirkt.<\/p>\n<p>Neutraler Geschmack: Im Gegensatz zu anderen konservierten Produkten hat es keinen stechenden Geruch und einen neutralen Geschmack, der den Geschmack von So\u00dfen, Gew\u00fcrzen und anderen Zutaten in Gerichten aufnimmt. Diese Vielseitigkeit macht sie ideal f\u00fcr eine Vielzahl von Nudelrezepten.<\/p>\n<p class=\"translation-block\">Niedriger glyk\u00e4mischer Index: Er hat einen niedrigen <a href=\"https:\/\/www.verywellhealth.com\/glycemic-index-chart-for-common-foods-1087476\" target=\"_blank\" rel=\"noopener\">glyk\u00e4mischen Index<\/a>, was bedeutet, dass er im Vergleich zu kohlenhydratreicheren Lebensmitteln einen langsamen und allm\u00e4hlichen Anstieg des Blutzuckerspiegels verursacht. Diese Eigenschaft ist f\u00fcr Menschen, die ihren Blutzuckerspiegel kontrollieren wollen, von Vorteil.<\/p>\n<table>\n<tbody>\n<tr>\n<td>Produktname<\/td>\n<td>Konjak Penne, Shirataki-Nudeln Penne<\/td>\n<\/tr>\n<tr>\n<td>Hauptbestandteil<\/td>\n<td>Konjak-Pulver, Wasser<\/td>\n<\/tr>\n<tr>\n<td>Geschm\u00e4cker<\/td>\n<td>Original, Karotte, Tomate, Hafer, Spinat, Meeresalgen, Sojabohnen, K\u00fcrbis und mehr<\/td>\n<\/tr>\n<tr>\n<td>Merkmal<\/td>\n<td>Geruchsneutral, kalorienarm, kohlenhydratarm, glutenfrei, zuckerfrei, fettfrei, GMO-frei, ballaststoffreich<\/td>\n<\/tr>\n<tr>\n<td>Funktionen<\/td>\n<td>Vegetarische Ern\u00e4hrung, Gewichtsabnahme, S\u00e4ttigung erh\u00f6hen<\/td>\n<\/tr>\n<tr>\n<td>Ballaststoffe<\/td>\n<td>3,4g\/100g<\/td>\n<\/tr>\n<tr>\n<td>Kalorien<\/td>\n<td>6Kcal\/100g<\/td>\n<\/tr>\n<tr>\n<td>Fettgehalt<\/td>\n<td>0<\/td>\n<\/tr>\n<tr>\n<td>Gewicht<\/td>\n<td>Kundenspezifisch<\/td>\n<\/tr>\n<tr>\n<td>Kochzeit<\/td>\n<td>3 Minute<\/td>\n<\/tr>\n<tr>\n<td>Haltbarkeitsdauer<\/td>\n<td>12 Monate<\/td>\n<\/tr>\n<tr>\n<td>Paket<\/td>\n<td>Innenbeutel + Stehbeutel\/ Papierschachtel<\/td>\n<\/tr>\n<tr>\n<td>Bescheinigungen<\/td>\n<td>IFS, BRC, KOSHER, HALAL, HACCP<\/td>\n<\/tr>\n<\/tbody>\n<\/table>\n<p><img fetchpriority=\"high\" decoding=\"async\" class=\"alignnone wp-image-4696 size-full\" src=\"https:\/\/sentaiyuanbio.com\/wp-content\/uploads\/2025\/03\/Konjac-Penne-1-1.webp\" alt=\"Shirataki-Nudeln Penne\" width=\"600\" height=\"600\" srcset=\"https:\/\/sentaiyuanbio.com\/wp-content\/uploads\/2025\/03\/Konjac-Penne-1-1.webp 600w, https:\/\/sentaiyuanbio.com\/wp-content\/uploads\/2025\/03\/Konjac-Penne-1-1-100x100.webp 100w, https:\/\/sentaiyuanbio.com\/wp-content\/uploads\/2025\/03\/Konjac-Penne-1-1-300x300.webp 300w, https:\/\/sentaiyuanbio.com\/wp-content\/uploads\/2025\/03\/Konjac-Penne-1-1-150x150.webp 150w\" sizes=\"(max-width: 600px) 100vw, 600px\" \/><\/p>\n<h2>Klassisches Konjac-Penne-Rezept<\/h2>\n<h3>1. Shirataki-Nudeln Penne mit Tomatensauce nach italienischer Art<\/h3>\n<p>Zutaten: Konjak-Penne-Nudeln, Tomatensauce, Knoblauch, Oliven\u00f6l, frisches Basilikum, geriebener Parmesank\u00e4se<\/p>\n<p>Die Schritte: Die Penne absp\u00fclen und abtropfen lassen. Oliven\u00f6l in einer Pfanne erhitzen und den Knoblauch anbraten. Mit Tomatensauce aufgie\u00dfen und kochen, bis sie dickfl\u00fcssig ist. Die Penne in die Pfanne geben und gleichm\u00e4\u00dfig anbraten. Mit geriebenem Parmesank\u00e4se und frischem Basilikum bestreuen und servieren.<\/p>\n<h3>2. Shirataki Penne und Gem\u00fcsesalat<\/h3>\n<p>Zutaten: Konjak-Fettuccine-Nudeln, Karotten, Gurken, rote Paprika, Sesampaste, Sojasauce und Essig.<\/p>\n<p>Die Schritte: Die Penne absp\u00fclen und abtropfen lassen. M\u00f6hren, Gurken und rote Paprikaschoten in St\u00fccke schneiden. Die Penne und das gehackte Gem\u00fcse in einer Sch\u00fcssel mischen. Sesampaste, Sojasauce und Essig zu einer W\u00fcrzmischung verr\u00fchren und in die Sch\u00fcssel geben. Abk\u00fchlen lassen und servieren.<\/p>\n<h3>3. Shirataki Penne mit H\u00fchnercurry<\/h3>\n<p>Zutaten: Konjak-Penne, H\u00fchnerbrust, Currypulver, Kokosmilch, Zwiebeln und Knoblauch.<\/p>\n<p>Die Schritte: Die Penne absp\u00fclen und abtropfen lassen. \u00d6l in einer Pfanne erhitzen und Zwiebel und Knoblauch anbraten. H\u00e4hnchenbrust hinzuf\u00fcgen und braten, bis sie die Farbe \u00e4ndert. Currypulver und Kokosmilch hinzugeben und kochen, bis die So\u00dfe eindickt. Die Penne in die Pfanne geben und unter R\u00fchren gleichm\u00e4\u00dfig anbraten. Hei\u00df servieren.<\/p>\n<h2>4. Konjac Penne und K\u00e4seauflauf<\/h2>\n<p>Zutaten: Penne Shirataki-Nudeln, geriebener K\u00e4se, Eier, Butter, Salz und Pfeffer.<\/p>\n<p>Die Schritte: Die Penne absp\u00fclen und abtropfen lassen. Butter in einer Pfanne erhitzen, geriebenen K\u00e4se hinzuf\u00fcgen und r\u00fchren, bis er geschmolzen ist. Penne in die Pfanne geben und gut umr\u00fchren. Eier in eine Sch\u00fcssel aufschlagen und gut verr\u00fchren. Die Penne-Mischung auf ein Backblech geben und die Eimischung dar\u00fcber gie\u00dfen. Im Ofen backen, bis sie goldbraun sind.<\/p>\n<style>.embed-container { position: relative; padding-bottom: 56.25%; height: 0; overflow: hidden; max-width: 100%; } .embed-container iframe, .embed-container object, .embed-container embed { position: absolute; top: 0; left: 0; width: 100%; height: 100%; }<\/style>\n<div class=\"embed-container\"><iframe src=\"https:\/\/www.youtube.com\/embed\/mkNGaZF29no\" frameborder=\"0\" allowfullscreen=\"allowfullscreen\"><\/iframe><\/div>","protected":false},"excerpt":{"rendered":"<p class=\"translation-block\">Konjak-Penne oder Shirataki-Penne ist eine kalorien- und kohlenhydratarme, gesunde Nudel aus <a href=\"https:\/\/sentaiyuanbio.com\/de\/konjak\/\" target=\"_blank\" rel=\"noopener\">Konjak<\/a>. Ihre einzigartige, z\u00e4he und weiche Textur kann Saucen perfekt aufnehmen und verschiedenen Zutaten Geschmack verleihen. Ob kalt serviert, unter R\u00fchren gebraten, mit klarer Suppe oder italienischer Tomatenso\u00dfe, Sie k\u00f6nnen ganz einfach eine belastungsarme und k\u00f6stliche gesunde Mahlzeit zubereiten.<\/p>","protected":false},"featured_media":4688,"template":"","meta":{"site-sidebar-layout":"default","site-content-layout":"","ast-site-content-layout":"default","site-content-style":"default","site-sidebar-style":"default","ast-global-header-display":"","ast-banner-title-visibility":"","ast-main-header-display":"","ast-hfb-above-header-display":"","ast-hfb-below-header-display":"","ast-hfb-mobile-header-display":"","site-post-title":"","ast-breadcrumbs-content":"","ast-featured-img":"","footer-sml-layout":"","ast-disable-related-posts":"","theme-transparent-header-meta":"default","adv-header-id-meta":"","stick-header-meta":"default","header-above-stick-meta":"","header-main-stick-meta":"","header-below-stick-meta":"","astra-migrate-meta-layouts":"set","ast-page-background-enabled":"default","ast-page-background-meta":{"desktop":{"background-color":"","background-image":"","background-repeat":"repeat","background-position":"center center","background-size":"auto","background-attachment":"scroll","background-type":"","background-media":"","overlay-type":"","overlay-color":"","overlay-opacity":"","overlay-gradient":""},"tablet":{"background-color":"","background-image":"","background-repeat":"repeat","background-position":"center center","background-size":"auto","background-attachment":"scroll","background-type":"","background-media":"","overlay-type":"","overlay-color":"","overlay-opacity":"","overlay-gradient":""},"mobile":{"background-color":"","background-image":"","background-repeat":"repeat","background-position":"center center","background-size":"auto","background-attachment":"scroll","background-type":"","background-media":"","overlay-type":"","overlay-color":"","overlay-opacity":"","overlay-gradient":""}},"ast-content-background-meta":{"desktop":{"background-color":"var(--ast-global-color-5)","background-image":"","background-repeat":"repeat","background-position":"center center","background-size":"auto","background-attachment":"scroll","background-type":"","background-media":"","overlay-type":"","overlay-color":"","overlay-opacity":"","overlay-gradient":""},"tablet":{"background-color":"var(--ast-global-color-5)","background-image":"","background-repeat":"repeat","background-position":"center center","background-size":"auto","background-attachment":"scroll","background-type":"","background-media":"","overlay-type":"","overlay-color":"","overlay-opacity":"","overlay-gradient":""},"mobile":{"background-color":"var(--ast-global-color-5)","background-image":"","background-repeat":"repeat","background-position":"center center","background-size":"auto","background-attachment":"scroll","background-type":"","background-media":"","overlay-type":"","overlay-color":"","overlay-opacity":"","overlay-gradient":""}}},"product_brand":[],"product_cat":[22],"product_tag":[],"class_list":{"0":"post-4687","1":"product","2":"type-product","3":"status-publish","4":"has-post-thumbnail","6":"product_cat-konjac-pasta","7":"desktop-align-left","8":"tablet-align-left","9":"mobile-align-left","10":"ast-product-gallery-layout-horizontal-slider","11":"ast-product-tabs-layout-horizontal","13":"first","14":"instock","15":"shipping-taxable","16":"product-type-simple"},"_links":{"self":[{"href":"https:\/\/sentaiyuanbio.com\/de\/wp-json\/wp\/v2\/product\/4687","targetHints":{"allow":["GET"]}}],"collection":[{"href":"https:\/\/sentaiyuanbio.com\/de\/wp-json\/wp\/v2\/product"}],"about":[{"href":"https:\/\/sentaiyuanbio.com\/de\/wp-json\/wp\/v2\/types\/product"}],"version-history":[{"count":1,"href":"https:\/\/sentaiyuanbio.com\/de\/wp-json\/wp\/v2\/product\/4687\/revisions"}],"predecessor-version":[{"id":6157,"href":"https:\/\/sentaiyuanbio.com\/de\/wp-json\/wp\/v2\/product\/4687\/revisions\/6157"}],"wp:featuredmedia":[{"embeddable":true,"href":"https:\/\/sentaiyuanbio.com\/de\/wp-json\/wp\/v2\/media\/4688"}],"wp:attachment":[{"href":"https:\/\/sentaiyuanbio.com\/de\/wp-json\/wp\/v2\/media?parent=4687"}],"wp:term":[{"taxonomy":"product_brand","embeddable":true,"href":"https:\/\/sentaiyuanbio.com\/de\/wp-json\/wp\/v2\/product_brand?post=4687"},{"taxonomy":"product_cat","embeddable":true,"href":"https:\/\/sentaiyuanbio.com\/de\/wp-json\/wp\/v2\/product_cat?post=4687"},{"taxonomy":"product_tag","embeddable":true,"href":"https:\/\/sentaiyuanbio.com\/de\/wp-json\/wp\/v2\/product_tag?post=4687"}],"curies":[{"name":"wp","href":"https:\/\/api.w.org\/{rel}","templated":true}]}}