{"id":4845,"date":"2025-05-12T08:51:26","date_gmt":"2025-05-12T08:51:26","guid":{"rendered":"https:\/\/sentaiyuanbio.com\/?post_type=product&#038;p=4845"},"modified":"2026-01-06T02:17:18","modified_gmt":"2026-01-06T02:17:18","slug":"pho-wurziges-curry-geschmackspaket","status":"publish","type":"product","link":"https:\/\/sentaiyuanbio.com\/de\/produkt\/pho-wurziges-curry-geschmackspaket\/","title":{"rendered":"Bestes Pho Pikantes Curry Aroma, Pho Nudeln Paket"},"content":{"rendered":"<h2>Pho W\u00fcrziges Curry Aroma Zutaten<\/h2>\n<p>Konjak-Nudeln: Wasser, <a href=\"https:\/\/sentaiyuanbio.com\/de\/product-category\/konjak-ballaststoffe\/\" target=\"_blank\" rel=\"noopener\">Konjak-Pulver<\/a>, Zitronens\u00e4ure.<br \/>\nPikantes Curry-Gew\u00fcrz: Salz, wei\u00dfer Kristallzucker, Chilipulver, Knoblauchpulver, Zwiebelpulver, Currypulver, Sojabohnen\u00f6l, St\u00e4rke, <a href=\"https:\/\/biospringer.com\/en\/yeast-extract\/\" target=\"_blank\" rel=\"noopener\">Hefeextrakt<\/a>, S\u00e4urehydrolysiertes pflanzliches Eiwei\u00dfpulver, Tomatenpulver, Dinatrium-5\u2032-Ribonukleotid, Lebensmittelaroma.<br \/>\nGem\u00fcse: Gr\u00fcne Zwiebel, Karotte.<br \/>\nEnth\u00e4lt: Sojaprodukte.<br \/>\nVorsicht! Die Tasse und die Suppe sind HEISS. Au\u00dferhalb der Reichweite von Kindern.<br \/>\nLagerung: Bei Raumtemperatur an einem k\u00fchlen, trockenen Ort aufbewahren. Von starkem Licht und Hitze fernhalten.<\/p>\n<h2>N\u00e4hrwertangaben<\/h2>\n<table border=\"1\" cellspacing=\"1\">\n<tbody>\n<tr>\n<td colspan=\"2\" align=\"center\">N\u00e4hrwertangaben 3.77 OZ (107g)<\/td>\n<\/tr>\n<tr>\n<td align=\"center\" width=\"284\"><b>Energie<\/b><\/td>\n<td align=\"center\" width=\"284\">15 kcal<\/td>\n<\/tr>\n<tr>\n<td align=\"center\" width=\"284\"><b>Eiwei\u00df<\/b><\/td>\n<td align=\"center\" width=\"284\">0g<\/td>\n<\/tr>\n<tr>\n<td align=\"center\" width=\"284\"><b>Fett insgesamt<\/b><\/td>\n<td align=\"center\" width=\"284\">0g<\/td>\n<\/tr>\n<tr>\n<td align=\"center\" width=\"284\"><b>Kohlenhydrate insgesamt<\/b><\/td>\n<td align=\"center\" width=\"284\">3g<\/td>\n<\/tr>\n<tr>\n<td align=\"center\" width=\"284\"><b>Ballaststoffe<\/b><\/td>\n<td align=\"center\" width=\"284\">2g<\/td>\n<\/tr>\n<tr>\n<td align=\"center\" width=\"284\"><b>Natrium<\/b><\/td>\n<td align=\"center\" width=\"284\">300mg<\/td>\n<\/tr>\n<tr>\n<td align=\"center\" width=\"284\"><b>Vitamin D<\/b><\/td>\n<td align=\"center\" width=\"284\">0<\/td>\n<\/tr>\n<tr>\n<td align=\"center\" width=\"284\"><b>Kalzium<\/b><\/td>\n<td align=\"center\" width=\"284\">7,2 mg<\/td>\n<\/tr>\n<tr>\n<td align=\"center\" width=\"284\"><b>lron<\/b><\/td>\n<td align=\"center\" width=\"284\">0,16mg<\/td>\n<\/tr>\n<tr>\n<td align=\"center\" width=\"284\"><b>Kalium<\/b><\/td>\n<td align=\"center\" width=\"284\">31,6mg<\/td>\n<\/tr>\n<\/tbody>\n<\/table>\n<h2>KOCHANLEITUNG SCHNELL \/ EINFACH \/ LECKER<\/h2>\n<p>Das Wasser aus der Packung abgie\u00dfen und den Inhalt des Nudelbeutels in die Tasse leeren.<br \/>\nDie Gew\u00fcrze hinzuf\u00fcgen.<br \/>\nDirekt in kochendes Wasser gie\u00dfen.<br \/>\nOder f\u00fcgen Sie kaltes Wasser bis zur Wasserlinie hinzu und kochen Sie 2 Minuten lang in der Mikrowelle.<\/p>\n<p><img fetchpriority=\"high\" decoding=\"async\" class=\"alignnone wp-image-4938 size-full\" src=\"https:\/\/sentaiyuanbio.com\/wp-content\/uploads\/2025\/05\/Pho-Noodles-Package-Spicy-Curry1.webp\" alt=\"Pho-Nudelpaket W\u00fcrziges Curry\" width=\"750\" height=\"789\" srcset=\"https:\/\/sentaiyuanbio.com\/wp-content\/uploads\/2025\/05\/Pho-Noodles-Package-Spicy-Curry1.webp 750w, https:\/\/sentaiyuanbio.com\/wp-content\/uploads\/2025\/05\/Pho-Noodles-Package-Spicy-Curry1-285x300.webp 285w, https:\/\/sentaiyuanbio.com\/wp-content\/uploads\/2025\/05\/Pho-Noodles-Package-Spicy-Curry1-570x600.webp 570w, https:\/\/sentaiyuanbio.com\/wp-content\/uploads\/2025\/05\/Pho-Noodles-Package-Spicy-Curry1-600x631.webp 600w\" sizes=\"(max-width: 750px) 100vw, 750px\" \/> <img decoding=\"async\" class=\"alignnone wp-image-4939 size-full\" src=\"https:\/\/sentaiyuanbio.com\/wp-content\/uploads\/2025\/05\/Pho-Noodles-Package-Spicy-Curry2.webp\" alt=\"Pho-Nudelpaket W\u00fcrziges Curry\" width=\"750\" height=\"559\" srcset=\"https:\/\/sentaiyuanbio.com\/wp-content\/uploads\/2025\/05\/Pho-Noodles-Package-Spicy-Curry2.webp 750w, https:\/\/sentaiyuanbio.com\/wp-content\/uploads\/2025\/05\/Pho-Noodles-Package-Spicy-Curry2-300x224.webp 300w, https:\/\/sentaiyuanbio.com\/wp-content\/uploads\/2025\/05\/Pho-Noodles-Package-Spicy-Curry2-600x447.webp 600w\" sizes=\"(max-width: 750px) 100vw, 750px\" \/> <img decoding=\"async\" class=\"alignnone wp-image-4940 size-full\" src=\"https:\/\/sentaiyuanbio.com\/wp-content\/uploads\/2025\/05\/Pho-Noodles-Package-Spicy-Curry3.webp\" alt=\"Pho-Nudelpaket W\u00fcrziges Curry\" width=\"750\" height=\"631\" srcset=\"https:\/\/sentaiyuanbio.com\/wp-content\/uploads\/2025\/05\/Pho-Noodles-Package-Spicy-Curry3.webp 750w, https:\/\/sentaiyuanbio.com\/wp-content\/uploads\/2025\/05\/Pho-Noodles-Package-Spicy-Curry3-300x252.webp 300w, https:\/\/sentaiyuanbio.com\/wp-content\/uploads\/2025\/05\/Pho-Noodles-Package-Spicy-Curry3-600x505.webp 600w\" sizes=\"(max-width: 750px) 100vw, 750px\" \/> <img loading=\"lazy\" decoding=\"async\" class=\"alignnone wp-image-4941 size-full\" src=\"https:\/\/sentaiyuanbio.com\/wp-content\/uploads\/2025\/05\/Pho-Noodles-Package-Spicy-Curry4.webp\" alt=\"Pho-Nudelpaket W\u00fcrziges Curry\" width=\"750\" height=\"689\" srcset=\"https:\/\/sentaiyuanbio.com\/wp-content\/uploads\/2025\/05\/Pho-Noodles-Package-Spicy-Curry4.webp 750w, https:\/\/sentaiyuanbio.com\/wp-content\/uploads\/2025\/05\/Pho-Noodles-Package-Spicy-Curry4-300x276.webp 300w, https:\/\/sentaiyuanbio.com\/wp-content\/uploads\/2025\/05\/Pho-Noodles-Package-Spicy-Curry4-600x551.webp 600w\" sizes=\"(max-width: 750px) 100vw, 750px\" \/> <img loading=\"lazy\" decoding=\"async\" class=\"alignnone wp-image-4942 size-full\" src=\"https:\/\/sentaiyuanbio.com\/wp-content\/uploads\/2025\/05\/Pho-Noodles-Package-Spicy-Curry5.webp\" alt=\"Pho-Nudelpaket W\u00fcrziges Curry\" width=\"750\" height=\"458\" srcset=\"https:\/\/sentaiyuanbio.com\/wp-content\/uploads\/2025\/05\/Pho-Noodles-Package-Spicy-Curry5.webp 750w, https:\/\/sentaiyuanbio.com\/wp-content\/uploads\/2025\/05\/Pho-Noodles-Package-Spicy-Curry5-300x183.webp 300w, https:\/\/sentaiyuanbio.com\/wp-content\/uploads\/2025\/05\/Pho-Noodles-Package-Spicy-Curry5-600x366.webp 600w\" sizes=\"(max-width: 750px) 100vw, 750px\" \/> <img loading=\"lazy\" decoding=\"async\" class=\"alignnone wp-image-4943 size-full\" src=\"https:\/\/sentaiyuanbio.com\/wp-content\/uploads\/2025\/05\/Pho-Noodles-Package-Spicy-Curry6.webp\" alt=\"Pho-Nudelpaket W\u00fcrziges Curry\" width=\"750\" height=\"594\" srcset=\"https:\/\/sentaiyuanbio.com\/wp-content\/uploads\/2025\/05\/Pho-Noodles-Package-Spicy-Curry6.webp 750w, https:\/\/sentaiyuanbio.com\/wp-content\/uploads\/2025\/05\/Pho-Noodles-Package-Spicy-Curry6-300x238.webp 300w, https:\/\/sentaiyuanbio.com\/wp-content\/uploads\/2025\/05\/Pho-Noodles-Package-Spicy-Curry6-600x475.webp 600w\" sizes=\"(max-width: 750px) 100vw, 750px\" \/> <img loading=\"lazy\" decoding=\"async\" class=\"alignnone wp-image-4944 size-full\" src=\"https:\/\/sentaiyuanbio.com\/wp-content\/uploads\/2025\/05\/Pho-Noodles-Package-Spicy-Curry7.webp\" alt=\"Pho-Nudelpaket W\u00fcrziges Curry\" width=\"750\" height=\"590\" srcset=\"https:\/\/sentaiyuanbio.com\/wp-content\/uploads\/2025\/05\/Pho-Noodles-Package-Spicy-Curry7.webp 750w, https:\/\/sentaiyuanbio.com\/wp-content\/uploads\/2025\/05\/Pho-Noodles-Package-Spicy-Curry7-300x236.webp 300w, https:\/\/sentaiyuanbio.com\/wp-content\/uploads\/2025\/05\/Pho-Noodles-Package-Spicy-Curry7-600x472.webp 600w\" sizes=\"(max-width: 750px) 100vw, 750px\" \/><\/p>","protected":false},"excerpt":{"rendered":"<p>Hethstia Pho Spicy Curry Flavor ist eine k\u00f6stliche und authentische Variante der traditionellen vietnamesischen Reisnudeln. Wir verwenden eine w\u00fcrzige Br\u00fche auf Currybasis, die perfekt mit Sichuan Sentaiyuan Chilipulver und Zwiebelpulver gemischt ist. Erleben Sie die perfekte vietnamesische Reisnudelsuppe, wie Sie sie noch nie erlebt haben. Jeder L\u00f6ffel liefert einen unbeschreiblichen Geschmack, der die Essenz der Authentizit\u00e4t einf\u00e4ngt und eine gro\u00dfartige Alternative zu herk\u00f6mmlichen Ramen-Nudeln darstellt!<\/p>","protected":false},"featured_media":4846,"template":"","meta":{"site-sidebar-layout":"default","site-content-layout":"","ast-site-content-layout":"default","site-content-style":"default","site-sidebar-style":"default","ast-global-header-display":"","ast-banner-title-visibility":"","ast-main-header-display":"","ast-hfb-above-header-display":"","ast-hfb-below-header-display":"","ast-hfb-mobile-header-display":"","site-post-title":"","ast-breadcrumbs-content":"","ast-featured-img":"","footer-sml-layout":"","ast-disable-related-posts":"","theme-transparent-header-meta":"default","adv-header-id-meta":"","stick-header-meta":"default","header-above-stick-meta":"","header-main-stick-meta":"","header-below-stick-meta":"","astra-migrate-meta-layouts":"set","ast-page-background-enabled":"default","ast-page-background-meta":{"desktop":{"background-color":"","background-image":"","background-repeat":"repeat","background-position":"center center","background-size":"auto","background-attachment":"scroll","background-type":"","background-media":"","overlay-type":"","overlay-color":"","overlay-opacity":"","overlay-gradient":""},"tablet":{"background-color":"","background-image":"","background-repeat":"repeat","background-position":"center center","background-size":"auto","background-attachment":"scroll","background-type":"","background-media":"","overlay-type":"","overlay-color":"","overlay-opacity":"","overlay-gradient":""},"mobile":{"background-color":"","background-image":"","background-repeat":"repeat","background-position":"center center","background-size":"auto","background-attachment":"scroll","background-type":"","background-media":"","overlay-type":"","overlay-color":"","overlay-opacity":"","overlay-gradient":""}},"ast-content-background-meta":{"desktop":{"background-color":"var(--ast-global-color-5)","background-image":"","background-repeat":"repeat","background-position":"center center","background-size":"auto","background-attachment":"scroll","background-type":"","background-media":"","overlay-type":"","overlay-color":"","overlay-opacity":"","overlay-gradient":""},"tablet":{"background-color":"var(--ast-global-color-5)","background-image":"","background-repeat":"repeat","background-position":"center center","background-size":"auto","background-attachment":"scroll","background-type":"","background-media":"","overlay-type":"","overlay-color":"","overlay-opacity":"","overlay-gradient":""},"mobile":{"background-color":"var(--ast-global-color-5)","background-image":"","background-repeat":"repeat","background-position":"center center","background-size":"auto","background-attachment":"scroll","background-type":"","background-media":"","overlay-type":"","overlay-color":"","overlay-opacity":"","overlay-gradient":""}}},"product_brand":[],"product_cat":[23,251],"product_tag":[32],"class_list":{"0":"post-4845","1":"product","2":"type-product","3":"status-publish","4":"has-post-thumbnail","6":"product_cat-instant-konjac-noodles","7":"product_cat-instant-pho-noodles-wholesale","8":"product_tag-konjac-pasta","9":"desktop-align-left","10":"tablet-align-left","11":"mobile-align-left","12":"ast-product-gallery-layout-horizontal-slider","13":"ast-product-tabs-layout-horizontal","15":"first","16":"instock","17":"shipping-taxable","18":"product-type-simple"},"_links":{"self":[{"href":"https:\/\/sentaiyuanbio.com\/de\/wp-json\/wp\/v2\/product\/4845","targetHints":{"allow":["GET"]}}],"collection":[{"href":"https:\/\/sentaiyuanbio.com\/de\/wp-json\/wp\/v2\/product"}],"about":[{"href":"https:\/\/sentaiyuanbio.com\/de\/wp-json\/wp\/v2\/types\/product"}],"version-history":[{"count":0,"href":"https:\/\/sentaiyuanbio.com\/de\/wp-json\/wp\/v2\/product\/4845\/revisions"}],"wp:featuredmedia":[{"embeddable":true,"href":"https:\/\/sentaiyuanbio.com\/de\/wp-json\/wp\/v2\/media\/4846"}],"wp:attachment":[{"href":"https:\/\/sentaiyuanbio.com\/de\/wp-json\/wp\/v2\/media?parent=4845"}],"wp:term":[{"taxonomy":"product_brand","embeddable":true,"href":"https:\/\/sentaiyuanbio.com\/de\/wp-json\/wp\/v2\/product_brand?post=4845"},{"taxonomy":"product_cat","embeddable":true,"href":"https:\/\/sentaiyuanbio.com\/de\/wp-json\/wp\/v2\/product_cat?post=4845"},{"taxonomy":"product_tag","embeddable":true,"href":"https:\/\/sentaiyuanbio.com\/de\/wp-json\/wp\/v2\/product_tag?post=4845"}],"curies":[{"name":"wp","href":"https:\/\/api.w.org\/{rel}","templated":true}]}}