{"id":4860,"date":"2025-05-13T06:46:28","date_gmt":"2025-05-13T06:46:28","guid":{"rendered":"https:\/\/sentaiyuanbio.com\/?post_type=product&#038;p=4860"},"modified":"2025-06-13T02:37:09","modified_gmt":"2025-06-13T02:37:09","slug":"instant-pho-schussel-mit-rindfleischgeschmack","status":"publish","type":"product","link":"https:\/\/sentaiyuanbio.com\/de\/produkt\/instant-pho-schussel-mit-rindfleischgeschmack\/","title":{"rendered":"Instant-Pho-Schale, Instant-Pho-P\u00e4ckchen Rindfleisch-Geschmack 107g"},"content":{"rendered":"<h2>Instant Pho Bowl Rindfleisch-Geschmack Beschreibung<\/h2>\n<p>Unsere fachm\u00e4nnisch hergestellte Instant Pho Bowl Beef Flavor kombiniert perfekt eine reichhaltige Rinderbr\u00fche mit nie frittierten, vakuumversiegelten <a href=\"https:\/\/sentaiyuanbio.com\/de\/product-category\/konjak-nudeln\/\" target=\"_blank\" rel=\"noopener\">Konjaknudeln<\/a>. Die angenehme Textur von Fr\u00fchlingszwiebeln, Karotten und zarten Konjak-Nudeln macht das Essen zu einem Erlebnis.<\/p>\n<p>Egal, ob Sie viel unterwegs sind oder schnell dem Alltag entfliehen wollen, genie\u00dfen Sie dieses sorgf\u00e4ltig zubereitete Gericht. G\u00f6nnen Sie sich dieses authentische Gericht, das die Essenz der asiatischen Esskultur einf\u00e4ngt, und genie\u00dfen Sie ein bequemes Esserlebnis.<\/p>\n<p>Entdecken Sie Hethstia's andere fantastische asiatische Klassiker wie Chicken Instant Pho Bowl, Spicy Curry Pho Bowl, Miso Pho Bowl, und Laksa Instant Pho Bowl.<\/p>\n<ul>\n<li>Hochwertige Konjak-Nudeln - Unsere Nudeln sind perfekt formuliert, um den Umami-Geschmack der Br\u00fche aufzunehmen, so dass sie weich und z\u00e4h werden und nicht matschig!<\/li>\n<li>Schnell und einfach - Unsere Nudeln kochen in nur 3 Minuten! Einfach hei\u00dfes Wasser hinzuf\u00fcgen!<\/li>\n<li>Ges\u00fcnder - Glutenfrei, nicht gentechnisch ver\u00e4ndert, cholesterinfrei und frei von Transfetten.<\/li>\n<li>Einfach, unkompliziert - F\u00fcgen Sie dieser Instant-Nudelsch\u00fcssel Ihre Lieblingskr\u00e4uter hinzu, oder genie\u00dfen Sie sie pur!<\/li>\n<\/ul>\n<h2>Instant-Pho-Pakete Rindfleisch-Geschmack Zutaten<\/h2>\n<p><strong>Zutaten:<\/strong> Konjak-Nudeln: Wasser, <a href=\"https:\/\/sentaiyuanbio.com\/de\/product-category\/konjak-ballaststoffe\/\" target=\"_blank\" rel=\"noopener\">Konjak-Pulver<\/a>, Zitronens\u00e4ure;<br \/>\n<strong>Rindfleisch-W\u00fcrze:<\/strong> Salz, Lebensmittelaroma, Mononatriumglutamat (MSG), wei\u00dfer Kristallzucker, Hefeextrakt, Zwiebelpulver, F\u00fcnf-Gew\u00fcrze-Pulver, Dinatrium-5\u2032-Ribonukleotid, hydrolisiertes pflanzliches Eiwei\u00df, Knoblauchpulver, Karamellfarbe, dehydrierte gr\u00fcne Zwiebel, Ingwerpulver, schwarzer Pfeffer, wei\u00dfer Pfeffer, <a href=\"https:\/\/www.healthline.com\/health\/food-nutrition\/is-silicon-dioxide-in-supplements-safe\" target=\"_blank\" rel=\"noopener\">Siliziumdioxid<\/a>, <a href=\"https:\/\/pmc.ncbi.nlm.nih.gov\/articles\/PMC6409436\/\" target=\"_blank\" rel=\"noopener\">Maltodextrin<\/a><br \/>\n<strong>Gem\u00fcse:<\/strong> Gr\u00fcne Zwiebel, Karotte.<br \/>\n<strong>Enth\u00e4lt:<\/strong> Sojaprodukte.<br \/>\n<strong>Vorsicht!<\/strong> Die Tasse und die Suppe werden HEISS sein. Au\u00dferhalb der Reichweite von Kindern.<br \/>\n<strong>Lagerung:<\/strong> Bei Raumtemperatur an einem k\u00fchlen, trockenen Ort aufbewahren. Von starkem Licht und Hitze fernhalten.<\/p>\n<h2>Was die Nutzer sagen<\/h2>\n<p>Diese Instant-Pho-Sch\u00fcssel ist eine tolle M\u00f6glichkeit, Pho zu Hause zu genie\u00dfen. Ich kann gehackte gr\u00fcne Zwiebeln, Koriander oder Basilikum hinzuf\u00fcgen, um den Geschmack abzurunden. Ich garniere meine Sch\u00fcssel gerne mit frischem Gem\u00fcse wie Bohnensprossen und Kopfsalat. So kann ich schnell und einfach meinen Pho-Hunger stillen.<\/p>\n<h2>N\u00e4hrwertangaben<\/h2>\n<table border=\"1\" cellspacing=\"1\">\n<tbody>\n<tr>\n<td colspan=\"2\" align=\"center\">N\u00e4hrwertangaben 3.77 OZ (107g)<\/td>\n<\/tr>\n<tr>\n<td align=\"center\" width=\"284\"><b>Energie<\/b><\/td>\n<td align=\"center\" width=\"284\">10kcal<\/td>\n<\/tr>\n<tr>\n<td align=\"center\" width=\"284\"><b>Eiwei\u00df<\/b><\/td>\n<td align=\"center\" width=\"284\">&lt; 1g<\/td>\n<\/tr>\n<tr>\n<td align=\"center\" width=\"284\"><b>Fett insgesamt<\/b><\/td>\n<td align=\"center\" width=\"284\">0g<\/td>\n<\/tr>\n<tr>\n<td align=\"center\" width=\"284\"><b>Kohlenhydrate insgesamt<\/b><\/td>\n<td align=\"center\" width=\"284\">2g<\/td>\n<\/tr>\n<tr>\n<td align=\"center\" width=\"284\"><b>Ballaststoffe<\/b><\/td>\n<td align=\"center\" width=\"284\">2g<\/td>\n<\/tr>\n<tr>\n<td align=\"center\" width=\"284\"><b>Natrium<\/b><\/td>\n<td align=\"center\" width=\"284\">460mg<\/td>\n<\/tr>\n<tr>\n<td align=\"center\" width=\"284\"><b>Vitamin D<\/b><\/td>\n<td align=\"center\" width=\"284\">0<\/td>\n<\/tr>\n<tr>\n<td align=\"center\" width=\"284\"><b>Kalzium<\/b><\/td>\n<td align=\"center\" width=\"284\">5,8 mg<\/td>\n<\/tr>\n<tr>\n<td align=\"center\" width=\"284\"><b>lron<\/b><\/td>\n<td align=\"center\" width=\"284\">0,1mg<\/td>\n<\/tr>\n<tr>\n<td align=\"center\" width=\"284\"><b>Kalium<\/b><\/td>\n<td align=\"center\" width=\"284\">16.55mg<\/td>\n<\/tr>\n<\/tbody>\n<\/table>\n<h2>Anweisungen zum Kochen<\/h2>\n<p>Das Wasser aus der Packung abgie\u00dfen und den Inhalt des Nudelbeutels in die Tasse leeren.<br \/>\nDie Gew\u00fcrze hinzuf\u00fcgen.<br \/>\nDirekt in kochendes Wasser gie\u00dfen.<br \/>\nOder f\u00fcgen Sie kaltes Wasser bis zur Wasserlinie hinzu und kochen Sie 2 Minuten lang in der Mikrowelle.<\/p>\n<p><img fetchpriority=\"high\" decoding=\"async\" class=\"alignnone wp-image-4929 size-full\" src=\"https:\/\/sentaiyuanbio.com\/wp-content\/uploads\/2025\/05\/Instant-Pho-Packets1.webp\" alt=\"Instant Pho-Pakete Rindfleisch-Geschmack\" width=\"750\" height=\"578\" srcset=\"https:\/\/sentaiyuanbio.com\/wp-content\/uploads\/2025\/05\/Instant-Pho-Packets1.webp 750w, https:\/\/sentaiyuanbio.com\/wp-content\/uploads\/2025\/05\/Instant-Pho-Packets1-300x231.webp 300w, https:\/\/sentaiyuanbio.com\/wp-content\/uploads\/2025\/05\/Instant-Pho-Packets1-600x462.webp 600w\" sizes=\"(max-width: 750px) 100vw, 750px\" \/> <img decoding=\"async\" class=\"alignnone wp-image-4930 size-full\" src=\"https:\/\/sentaiyuanbio.com\/wp-content\/uploads\/2025\/05\/Instant-Pho-Packets2.webp\" alt=\"Instant Pho-Pakete Rindfleisch-Geschmack\" width=\"750\" height=\"451\" srcset=\"https:\/\/sentaiyuanbio.com\/wp-content\/uploads\/2025\/05\/Instant-Pho-Packets2.webp 750w, https:\/\/sentaiyuanbio.com\/wp-content\/uploads\/2025\/05\/Instant-Pho-Packets2-300x180.webp 300w, https:\/\/sentaiyuanbio.com\/wp-content\/uploads\/2025\/05\/Instant-Pho-Packets2-600x361.webp 600w\" sizes=\"(max-width: 750px) 100vw, 750px\" \/> <img decoding=\"async\" class=\"alignnone wp-image-4931 size-full\" src=\"https:\/\/sentaiyuanbio.com\/wp-content\/uploads\/2025\/05\/Instant-Pho-Packets3.webp\" alt=\"Instant Pho-Pakete Rindfleisch-Geschmack\" width=\"750\" height=\"442\" srcset=\"https:\/\/sentaiyuanbio.com\/wp-content\/uploads\/2025\/05\/Instant-Pho-Packets3.webp 750w, https:\/\/sentaiyuanbio.com\/wp-content\/uploads\/2025\/05\/Instant-Pho-Packets3-300x177.webp 300w, https:\/\/sentaiyuanbio.com\/wp-content\/uploads\/2025\/05\/Instant-Pho-Packets3-600x354.webp 600w\" sizes=\"(max-width: 750px) 100vw, 750px\" \/> <img loading=\"lazy\" decoding=\"async\" class=\"alignnone wp-image-4932 size-full\" src=\"https:\/\/sentaiyuanbio.com\/wp-content\/uploads\/2025\/05\/Instant-Pho-Packets4.webp\" alt=\"Instant Pho-Pakete Rindfleisch-Geschmack\" width=\"750\" height=\"542\" srcset=\"https:\/\/sentaiyuanbio.com\/wp-content\/uploads\/2025\/05\/Instant-Pho-Packets4.webp 750w, https:\/\/sentaiyuanbio.com\/wp-content\/uploads\/2025\/05\/Instant-Pho-Packets4-300x217.webp 300w, https:\/\/sentaiyuanbio.com\/wp-content\/uploads\/2025\/05\/Instant-Pho-Packets4-600x434.webp 600w\" sizes=\"(max-width: 750px) 100vw, 750px\" \/> <img loading=\"lazy\" decoding=\"async\" class=\"alignnone wp-image-4933 size-full\" src=\"https:\/\/sentaiyuanbio.com\/wp-content\/uploads\/2025\/05\/Instant-Pho-Packets5.webp\" alt=\"Instant Pho-Pakete Rindfleisch-Geschmack\" width=\"750\" height=\"561\" srcset=\"https:\/\/sentaiyuanbio.com\/wp-content\/uploads\/2025\/05\/Instant-Pho-Packets5.webp 750w, https:\/\/sentaiyuanbio.com\/wp-content\/uploads\/2025\/05\/Instant-Pho-Packets5-300x224.webp 300w, https:\/\/sentaiyuanbio.com\/wp-content\/uploads\/2025\/05\/Instant-Pho-Packets5-600x449.webp 600w\" sizes=\"(max-width: 750px) 100vw, 750px\" \/> <img loading=\"lazy\" decoding=\"async\" class=\"alignnone wp-image-4934 size-full\" src=\"https:\/\/sentaiyuanbio.com\/wp-content\/uploads\/2025\/05\/Instant-Pho-Packets6.webp\" alt=\"Instant Pho-Pakete Rindfleisch-Geschmack\" width=\"750\" height=\"631\" srcset=\"https:\/\/sentaiyuanbio.com\/wp-content\/uploads\/2025\/05\/Instant-Pho-Packets6.webp 750w, https:\/\/sentaiyuanbio.com\/wp-content\/uploads\/2025\/05\/Instant-Pho-Packets6-300x252.webp 300w, https:\/\/sentaiyuanbio.com\/wp-content\/uploads\/2025\/05\/Instant-Pho-Packets6-600x505.webp 600w\" sizes=\"(max-width: 750px) 100vw, 750px\" \/> <img loading=\"lazy\" decoding=\"async\" class=\"alignnone wp-image-4935 size-full\" src=\"https:\/\/sentaiyuanbio.com\/wp-content\/uploads\/2025\/05\/Instant-Pho-Packets7.webp\" alt=\"Instant Pho-Pakete Rindfleisch-Geschmack\" width=\"750\" height=\"634\" srcset=\"https:\/\/sentaiyuanbio.com\/wp-content\/uploads\/2025\/05\/Instant-Pho-Packets7.webp 750w, https:\/\/sentaiyuanbio.com\/wp-content\/uploads\/2025\/05\/Instant-Pho-Packets7-300x254.webp 300w, https:\/\/sentaiyuanbio.com\/wp-content\/uploads\/2025\/05\/Instant-Pho-Packets7-600x507.webp 600w\" sizes=\"(max-width: 750px) 100vw, 750px\" \/><\/p>","protected":false},"excerpt":{"rendered":"<p>Unsere charakteristische Instant-Pho-Bowl mit Rindfleischgeschmack ist mit einer Vielzahl von Gew\u00fcrzen, darunter Chili, Pfeffer, Zwiebelpulver und F\u00fcnf-Gew\u00fcrze-Pulver, f\u00fcr einen reichen und k\u00f6stlichen Geschmack gew\u00fcrzt.<br \/>\nZusammen mit den Konjaknudeln nehmen sie den Umami-Geschmack auf und machen Lust auf mehr. Jede Packung Instant-Pho-Pakete enth\u00e4lt sowohl Konjak-Nudeln als auch Rindfleischgew\u00fcrz-Pakete.<\/p>","protected":false},"featured_media":4861,"template":"","meta":{"site-sidebar-layout":"default","site-content-layout":"","ast-site-content-layout":"default","site-content-style":"default","site-sidebar-style":"default","ast-global-header-display":"","ast-banner-title-visibility":"","ast-main-header-display":"","ast-hfb-above-header-display":"","ast-hfb-below-header-display":"","ast-hfb-mobile-header-display":"","site-post-title":"","ast-breadcrumbs-content":"","ast-featured-img":"","footer-sml-layout":"","ast-disable-related-posts":"","theme-transparent-header-meta":"default","adv-header-id-meta":"","stick-header-meta":"default","header-above-stick-meta":"","header-main-stick-meta":"","header-below-stick-meta":"","astra-migrate-meta-layouts":"set","ast-page-background-enabled":"default","ast-page-background-meta":{"desktop":{"background-color":"","background-image":"","background-repeat":"repeat","background-position":"center center","background-size":"auto","background-attachment":"scroll","background-type":"","background-media":"","overlay-type":"","overlay-color":"","overlay-opacity":"","overlay-gradient":""},"tablet":{"background-color":"","background-image":"","background-repeat":"repeat","background-position":"center center","background-size":"auto","background-attachment":"scroll","background-type":"","background-media":"","overlay-type":"","overlay-color":"","overlay-opacity":"","overlay-gradient":""},"mobile":{"background-color":"","background-image":"","background-repeat":"repeat","background-position":"center center","background-size":"auto","background-attachment":"scroll","background-type":"","background-media":"","overlay-type":"","overlay-color":"","overlay-opacity":"","overlay-gradient":""}},"ast-content-background-meta":{"desktop":{"background-color":"var(--ast-global-color-5)","background-image":"","background-repeat":"repeat","background-position":"center center","background-size":"auto","background-attachment":"scroll","background-type":"","background-media":"","overlay-type":"","overlay-color":"","overlay-opacity":"","overlay-gradient":""},"tablet":{"background-color":"var(--ast-global-color-5)","background-image":"","background-repeat":"repeat","background-position":"center center","background-size":"auto","background-attachment":"scroll","background-type":"","background-media":"","overlay-type":"","overlay-color":"","overlay-opacity":"","overlay-gradient":""},"mobile":{"background-color":"var(--ast-global-color-5)","background-image":"","background-repeat":"repeat","background-position":"center center","background-size":"auto","background-attachment":"scroll","background-type":"","background-media":"","overlay-type":"","overlay-color":"","overlay-opacity":"","overlay-gradient":""}}},"product_brand":[],"product_cat":[23,251],"product_tag":[],"class_list":{"0":"post-4860","1":"product","2":"type-product","3":"status-publish","4":"has-post-thumbnail","6":"product_cat-instant-konjac-noodles","7":"product_cat-instant-pho-noodles-wholesale","8":"desktop-align-left","9":"tablet-align-left","10":"mobile-align-left","11":"ast-product-gallery-layout-horizontal-slider","12":"ast-product-tabs-layout-horizontal","14":"first","15":"instock","16":"shipping-taxable","17":"product-type-simple"},"_links":{"self":[{"href":"https:\/\/sentaiyuanbio.com\/de\/wp-json\/wp\/v2\/product\/4860","targetHints":{"allow":["GET"]}}],"collection":[{"href":"https:\/\/sentaiyuanbio.com\/de\/wp-json\/wp\/v2\/product"}],"about":[{"href":"https:\/\/sentaiyuanbio.com\/de\/wp-json\/wp\/v2\/types\/product"}],"version-history":[{"count":0,"href":"https:\/\/sentaiyuanbio.com\/de\/wp-json\/wp\/v2\/product\/4860\/revisions"}],"wp:featuredmedia":[{"embeddable":true,"href":"https:\/\/sentaiyuanbio.com\/de\/wp-json\/wp\/v2\/media\/4861"}],"wp:attachment":[{"href":"https:\/\/sentaiyuanbio.com\/de\/wp-json\/wp\/v2\/media?parent=4860"}],"wp:term":[{"taxonomy":"product_brand","embeddable":true,"href":"https:\/\/sentaiyuanbio.com\/de\/wp-json\/wp\/v2\/product_brand?post=4860"},{"taxonomy":"product_cat","embeddable":true,"href":"https:\/\/sentaiyuanbio.com\/de\/wp-json\/wp\/v2\/product_cat?post=4860"},{"taxonomy":"product_tag","embeddable":true,"href":"https:\/\/sentaiyuanbio.com\/de\/wp-json\/wp\/v2\/product_tag?post=4860"}],"curies":[{"name":"wp","href":"https:\/\/api.w.org\/{rel}","templated":true}]}}