{"id":4870,"date":"2025-05-13T09:24:20","date_gmt":"2025-05-13T09:24:20","guid":{"rendered":"https:\/\/sentaiyuanbio.com\/?post_type=product&#038;p=4870"},"modified":"2025-06-13T08:42:58","modified_gmt":"2025-06-13T08:42:58","slug":"pho-instant-nudeln-mit-miso-geschmack","status":"publish","type":"product","link":"https:\/\/sentaiyuanbio.com\/de\/produkt\/pho-instant-nudeln-mit-miso-geschmack\/","title":{"rendered":"Pho Instant-Nudeln Miso-Geschmack, verpackte Pho-Nudeln 122g"},"content":{"rendered":"<h2>Pho Instant-Nudeln Miso-Geschmack Beschreibung<\/h2>\n<p>Hethstia ist eine Meisterin der authentischen Nudeln; sie mischt die salzigen Aromen von Zwiebeln, Karotten, Knoblauch und Sojasauce sowie F\u00fcnf-Gew\u00fcrze-Pulver perfekt mit den weichen Pho-Nudeln und f\u00fcgt einfach kochendes Wasser hinzu, um den k\u00f6stlichen Miso-Geschmack der Pho-Instantnudeln zu erzielen. Serviert mit knackigem Gem\u00fcse, empfehlen wir einen Spritzer Limette und wahlweise Rindfleisch oder Pilze, um dieses saftige, leicht zuzubereitende Nudelgericht abzurunden.<br \/>\nDie Instantnudeln lassen sich leicht in einen Becher packen und sind daher ideal f\u00fcr unterwegs.<\/p>\n<p>Nicht gentechnisch ver\u00e4ndert und glutenfrei. Genie\u00dfen Sie k\u00f6stliche Miso-Reisnudeln in 180 Sekunden!<\/p>\n<h2>Abgepackte Pho-Nudeln Zutaten<\/h2>\n<p><strong>Zutaten:<\/strong> Konjak-Nudeln: Wasser, <a href=\"https:\/\/sentaiyuanbio.com\/de\/product-category\/konjak-ballaststoffe\/\" target=\"_blank\" rel=\"noopener\">Konjak-Pulver<\/a>, Zitronens\u00e4ure.<br \/>\n<strong>So\u00dfe:<\/strong> Miso-Sauce (Wasser, Soja - ohne GVO, Reis, Speisesalz, Speisealkohol), Wasser, wei\u00dfer Kristallzucker, <a href=\"https:\/\/en.wikipedia.org\/wiki\/Kombu\" target=\"_blank\" rel=\"noopener\">Kunbu<\/a> Sauce (Wasser, getrockneter Seetang, Speisesalz), s\u00e4urehydrolysiertes Pflanzeneiwei\u00df, Speisesalz, Geschmacksverst\u00e4rker (<a href=\"https:\/\/foodadditives.net\/flavor-enhancer\/disodium-5-ribonucleotides\/\" target=\"_blank\" rel=\"noopener\">Dinatrium-5\u2032-ribonukleotid<\/a>).<br \/>\n<strong>Gem\u00fcse:<\/strong> Gr\u00fcne Zwiebel, Karotte.<br \/>\n<strong>Enth\u00e4lt:<\/strong> Sojaprodukte.<br \/>\n<strong>Vorsicht!<\/strong> Die Tasse und die Suppe werden HEISS sein. Au\u00dferhalb der Reichweite von Kindern.<br \/>\n<strong>Lagerung:<\/strong> Bei Raumtemperatur an einem k\u00fchlen, trockenen Ort aufbewahren. Von starkem Licht und Hitze fernhalten.<\/p>\n<h2>N\u00e4hrwertangaben<\/h2>\n<table border=\"1\" cellspacing=\"1\">\n<tbody>\n<tr>\n<td colspan=\"2\" align=\"center\">N\u00e4hrwertangaben 4.31 OZ (122g)<\/td>\n<\/tr>\n<tr>\n<td align=\"center\" width=\"284\"><b>Energie<\/b><\/td>\n<td align=\"center\" width=\"284\">20 kcal<\/td>\n<\/tr>\n<tr>\n<td align=\"center\" width=\"284\"><b>Eiwei\u00df<\/b><\/td>\n<td align=\"center\" width=\"284\">0g<\/td>\n<\/tr>\n<tr>\n<td align=\"center\" width=\"284\"><b>Fett insgesamt<\/b><\/td>\n<td align=\"center\" width=\"284\">0g<\/td>\n<\/tr>\n<tr>\n<td align=\"center\" width=\"284\"><b>Kohlenhydrate insgesamt<\/b><\/td>\n<td align=\"center\" width=\"284\">3g<\/td>\n<\/tr>\n<tr>\n<td align=\"center\" width=\"284\"><b>Ballaststoffe<\/b><\/td>\n<td align=\"center\" width=\"284\">1g<\/td>\n<\/tr>\n<tr>\n<td align=\"center\" width=\"284\"><b>Natrium<\/b><\/td>\n<td align=\"center\" width=\"284\">660mg<\/td>\n<\/tr>\n<tr>\n<td align=\"center\" width=\"284\"><b>Vitamin D<\/b><\/td>\n<td align=\"center\" width=\"284\">0<\/td>\n<\/tr>\n<tr>\n<td align=\"center\" width=\"284\"><b>Kalzium<\/b><\/td>\n<td align=\"center\" width=\"284\">10mg<\/td>\n<\/tr>\n<tr>\n<td align=\"center\" width=\"284\"><b>lron<\/b><\/td>\n<td align=\"center\" width=\"284\">0mg<\/td>\n<\/tr>\n<tr>\n<td align=\"center\" width=\"284\"><b>Kalium<\/b><\/td>\n<td align=\"center\" width=\"284\">91,4mg<\/td>\n<\/tr>\n<\/tbody>\n<\/table>\n<p><img fetchpriority=\"high\" decoding=\"async\" class=\"alignnone wp-image-4879 size-full\" src=\"https:\/\/sentaiyuanbio.com\/wp-content\/uploads\/2025\/05\/packaged-pho-noodles-2.webp\" alt=\"verpackte Pho-Nudeln\" width=\"600\" height=\"450\" srcset=\"https:\/\/sentaiyuanbio.com\/wp-content\/uploads\/2025\/05\/packaged-pho-noodles-2.webp 600w, https:\/\/sentaiyuanbio.com\/wp-content\/uploads\/2025\/05\/packaged-pho-noodles-2-300x225.webp 300w\" sizes=\"(max-width: 600px) 100vw, 600px\" \/>\u00a0<img decoding=\"async\" class=\"alignnone wp-image-4882 size-full\" style=\"font-weight: inherit;\" src=\"https:\/\/sentaiyuanbio.com\/wp-content\/uploads\/2025\/05\/pho-instant-noodles-miso-flavor-2.webp\" alt=\"Pho Instant-Nudeln mit Miso-Geschmack\" width=\"600\" height=\"450\" srcset=\"https:\/\/sentaiyuanbio.com\/wp-content\/uploads\/2025\/05\/pho-instant-noodles-miso-flavor-2.webp 600w, https:\/\/sentaiyuanbio.com\/wp-content\/uploads\/2025\/05\/pho-instant-noodles-miso-flavor-2-300x225.webp 300w\" sizes=\"(max-width: 600px) 100vw, 600px\" \/><img decoding=\"async\" class=\"alignnone wp-image-4880 size-full\" style=\"font-style: inherit; font-weight: inherit;\" src=\"https:\/\/sentaiyuanbio.com\/wp-content\/uploads\/2025\/05\/packaged-pho-noodles-3.webp\" alt=\"verpackte Pho-Nudeln\" width=\"600\" height=\"450\" srcset=\"https:\/\/sentaiyuanbio.com\/wp-content\/uploads\/2025\/05\/packaged-pho-noodles-3.webp 600w, https:\/\/sentaiyuanbio.com\/wp-content\/uploads\/2025\/05\/packaged-pho-noodles-3-300x225.webp 300w\" sizes=\"(max-width: 600px) 100vw, 600px\" \/> <img loading=\"lazy\" decoding=\"async\" class=\"alignnone wp-image-4881 size-full\" style=\"font-style: inherit; font-weight: inherit;\" src=\"https:\/\/sentaiyuanbio.com\/wp-content\/uploads\/2025\/05\/pho-instant-noodles-miso-flavor-1.webp\" alt=\"Pho Instant-Nudeln mit Miso-Geschmack\" width=\"600\" height=\"450\" srcset=\"https:\/\/sentaiyuanbio.com\/wp-content\/uploads\/2025\/05\/pho-instant-noodles-miso-flavor-1.webp 600w, https:\/\/sentaiyuanbio.com\/wp-content\/uploads\/2025\/05\/pho-instant-noodles-miso-flavor-1-300x225.webp 300w\" sizes=\"(max-width: 600px) 100vw, 600px\" \/> <img loading=\"lazy\" decoding=\"async\" class=\"alignnone wp-image-4878 size-full\" style=\"font-style: inherit; font-weight: inherit;\" src=\"https:\/\/sentaiyuanbio.com\/wp-content\/uploads\/2025\/05\/packaged-pho-noodles-1.webp\" alt=\"verpackte Pho-Nudeln\" width=\"600\" height=\"450\" srcset=\"https:\/\/sentaiyuanbio.com\/wp-content\/uploads\/2025\/05\/packaged-pho-noodles-1.webp 600w, https:\/\/sentaiyuanbio.com\/wp-content\/uploads\/2025\/05\/packaged-pho-noodles-1-300x225.webp 300w\" sizes=\"(max-width: 600px) 100vw, 600px\" \/><\/p>","protected":false},"excerpt":{"rendered":"<p>Hethstia ist eine chinesische Instantnudelmarke mit einer Vielzahl von Geschmacksrichtungen. Instant-Nudeln sind vor allem in asiatischen L\u00e4ndern ein allt\u00e4gliches Grundnahrungsmittel und werden wegen ihres k\u00f6stlichen Geschmacks und der schnellen und einfachen Zubereitung gesch\u00e4tzt.  Hethstia Instant Noodles bietet ein vietnamesisches Pho Instant Noodles Miso Seasoning Packet mit Limette. Gie\u00dfen Sie einfach hei\u00dfes Wasser \u00fcber die Pho-Nudeln, f\u00fcgen Sie das Gew\u00fcrzpaket hinzu, und genie\u00dfen Sie die k\u00f6stliche Br\u00fche in 3-4 Minuten.<\/p>","protected":false},"featured_media":4871,"template":"","meta":{"site-sidebar-layout":"default","site-content-layout":"","ast-site-content-layout":"default","site-content-style":"default","site-sidebar-style":"default","ast-global-header-display":"","ast-banner-title-visibility":"","ast-main-header-display":"","ast-hfb-above-header-display":"","ast-hfb-below-header-display":"","ast-hfb-mobile-header-display":"","site-post-title":"","ast-breadcrumbs-content":"","ast-featured-img":"","footer-sml-layout":"","ast-disable-related-posts":"","theme-transparent-header-meta":"default","adv-header-id-meta":"","stick-header-meta":"default","header-above-stick-meta":"","header-main-stick-meta":"","header-below-stick-meta":"","astra-migrate-meta-layouts":"set","ast-page-background-enabled":"default","ast-page-background-meta":{"desktop":{"background-color":"","background-image":"","background-repeat":"repeat","background-position":"center center","background-size":"auto","background-attachment":"scroll","background-type":"","background-media":"","overlay-type":"","overlay-color":"","overlay-opacity":"","overlay-gradient":""},"tablet":{"background-color":"","background-image":"","background-repeat":"repeat","background-position":"center center","background-size":"auto","background-attachment":"scroll","background-type":"","background-media":"","overlay-type":"","overlay-color":"","overlay-opacity":"","overlay-gradient":""},"mobile":{"background-color":"","background-image":"","background-repeat":"repeat","background-position":"center center","background-size":"auto","background-attachment":"scroll","background-type":"","background-media":"","overlay-type":"","overlay-color":"","overlay-opacity":"","overlay-gradient":""}},"ast-content-background-meta":{"desktop":{"background-color":"var(--ast-global-color-5)","background-image":"","background-repeat":"repeat","background-position":"center center","background-size":"auto","background-attachment":"scroll","background-type":"","background-media":"","overlay-type":"","overlay-color":"","overlay-opacity":"","overlay-gradient":""},"tablet":{"background-color":"var(--ast-global-color-5)","background-image":"","background-repeat":"repeat","background-position":"center center","background-size":"auto","background-attachment":"scroll","background-type":"","background-media":"","overlay-type":"","overlay-color":"","overlay-opacity":"","overlay-gradient":""},"mobile":{"background-color":"var(--ast-global-color-5)","background-image":"","background-repeat":"repeat","background-position":"center center","background-size":"auto","background-attachment":"scroll","background-type":"","background-media":"","overlay-type":"","overlay-color":"","overlay-opacity":"","overlay-gradient":""}}},"product_brand":[],"product_cat":[23,251],"product_tag":[],"class_list":{"0":"post-4870","1":"product","2":"type-product","3":"status-publish","4":"has-post-thumbnail","6":"product_cat-instant-konjac-noodles","7":"product_cat-instant-pho-noodles-wholesale","8":"desktop-align-left","9":"tablet-align-left","10":"mobile-align-left","11":"ast-product-gallery-layout-horizontal-slider","12":"ast-product-tabs-layout-horizontal","14":"first","15":"instock","16":"shipping-taxable","17":"product-type-simple"},"_links":{"self":[{"href":"https:\/\/sentaiyuanbio.com\/de\/wp-json\/wp\/v2\/product\/4870","targetHints":{"allow":["GET"]}}],"collection":[{"href":"https:\/\/sentaiyuanbio.com\/de\/wp-json\/wp\/v2\/product"}],"about":[{"href":"https:\/\/sentaiyuanbio.com\/de\/wp-json\/wp\/v2\/types\/product"}],"version-history":[{"count":0,"href":"https:\/\/sentaiyuanbio.com\/de\/wp-json\/wp\/v2\/product\/4870\/revisions"}],"wp:featuredmedia":[{"embeddable":true,"href":"https:\/\/sentaiyuanbio.com\/de\/wp-json\/wp\/v2\/media\/4871"}],"wp:attachment":[{"href":"https:\/\/sentaiyuanbio.com\/de\/wp-json\/wp\/v2\/media?parent=4870"}],"wp:term":[{"taxonomy":"product_brand","embeddable":true,"href":"https:\/\/sentaiyuanbio.com\/de\/wp-json\/wp\/v2\/product_brand?post=4870"},{"taxonomy":"product_cat","embeddable":true,"href":"https:\/\/sentaiyuanbio.com\/de\/wp-json\/wp\/v2\/product_cat?post=4870"},{"taxonomy":"product_tag","embeddable":true,"href":"https:\/\/sentaiyuanbio.com\/de\/wp-json\/wp\/v2\/product_tag?post=4870"}],"curies":[{"name":"wp","href":"https:\/\/api.w.org\/{rel}","templated":true}]}}