{"id":4921,"date":"2025-05-19T08:21:57","date_gmt":"2025-05-19T08:21:57","guid":{"rendered":"https:\/\/sentaiyuanbio.com\/?post_type=product&#038;p=4921"},"modified":"2026-01-06T02:17:24","modified_gmt":"2026-01-06T02:17:24","slug":"schussel-pho-nudelsuppe","status":"publish","type":"product","link":"https:\/\/sentaiyuanbio.com\/de\/produkt\/schussel-pho-nudelsuppe\/","title":{"rendered":"Pho Nudelsuppe Sch\u00fcssel, Pho Nudeln Paket"},"content":{"rendered":"<h2>Pho Nudelsuppe Schale Beschreibung<\/h2>\n<p>Die Pho-Sch\u00fcsseln von Sentaiyuan sind frei von Gluten, MNG, Milchprodukten und Low-Carb, so dass sie f\u00fcr eine Vielzahl von Ern\u00e4hrungsvorlieben und -einschr\u00e4nkungen geeignet sind.<\/p>\n<p>Pho-Nudelsuppensch\u00fcssel in f\u00fcnf Geschmacksrichtungen (Laksa, Miso, scharfes Curry, Huhn und Rindfleisch): Diese Pho-Schalen sind mehr als nur eine Mahlzeit; sie sind der beste Freund Ihrer Speisekammer. Halten Sie ein paar davon vorr\u00e4tig, um f\u00fcr Unvorhergesehenes gewappnet zu sein. Sie sind perfekt, wenn Sie eine schnelle, nahrhafte Mahlzeit brauchen, die Sie durchhalten l\u00e4sst, egal, was auf Sie zukommt.<\/p>\n<p>Kombinieren Sie es mit unseren Gew\u00fcrzpaketen, um f\u00fcr das Unbekannte gewappnet zu sein. Machen Sie es zu einem unverzichtbaren Bestandteil Ihrer K\u00fcche, damit Sie die Energie haben, die Sie brauchen, um jeden Tag mit Zuversicht anzugehen. \u00dcberlassen Sie es nicht dem Zufall! Bestellen Sie es noch heute und machen Sie sich bereit f\u00fcrs Leben!<\/p>\n<h2>Pho-Nudeln Paket Zutaten<\/h2>\n<p>Zutaten: Konjak-Nudeln: Wasser, <a href=\"https:\/\/sentaiyuanbio.com\/de\/produkt\/konjak-pulver\/\" target=\"_blank\" rel=\"noopener\">Konjak-Pulver<\/a>, Zitronens\u00e4ure.<br \/>\nSo\u00dfe: Wasser, wei\u00dfer Kristallzucker, Salz, gebraute Sojasauce (Wasser, entfettete Sojabohnen, Salz), Zwiebel, Knoblauch, Ingwer, s\u00e4urehydrolysiertes pflanzliches Eiwei\u00dfpulver, Hefeextrakt, Soja\u00f6l, Zitrone, Gew\u00fcrze (Sternanis, Zimt, schwarzer Pfeffer, zersto\u00dfener Chili, Chilipulver), Lebensmittelaroma (Soja\u00f6l, Anis\u00f6l), <a href=\"https:\/\/www.webmd.com\/vitamins\/ai\/ingredientmono-915\/medium-chain-triglycerides-mcts\" target=\"_blank\" rel=\"noopener\">Mittelkettige Triglyceride<\/a>, Vitamin E).<br \/>\nGem\u00fcse: Gr\u00fcne Zwiebel, Karotte.<br \/>\nEnth\u00e4lt: Sojaprodukte.<\/p>\n<h2>N\u00e4hrwertangaben<\/h2>\n<table border=\"1\" cellspacing=\"1\">\n<tbody>\n<tr>\n<td colspan=\"2\" align=\"center\">N\u00e4hrwertangaben 4.31 OZ (122g)<\/td>\n<\/tr>\n<tr>\n<td align=\"center\" width=\"284\"><b>Energie<\/b><\/td>\n<td align=\"center\" width=\"284\">15 kcal<\/td>\n<\/tr>\n<tr>\n<td align=\"center\" width=\"284\"><b>Eiwei\u00df<\/b><\/td>\n<td align=\"center\" width=\"284\">0g<\/td>\n<\/tr>\n<tr>\n<td align=\"center\" width=\"284\"><b>Fett insgesamt<\/b><\/td>\n<td align=\"center\" width=\"284\">0g<\/td>\n<\/tr>\n<tr>\n<td align=\"center\" width=\"284\"><b>Kohlenhydrate insgesamt<\/b><\/td>\n<td align=\"center\" width=\"284\">2g<\/td>\n<\/tr>\n<tr>\n<td align=\"center\" width=\"284\"><b>Ballaststoffe<\/b><\/td>\n<td align=\"center\" width=\"284\">2g<\/td>\n<\/tr>\n<tr>\n<td align=\"center\" width=\"284\"><b>Natrium<\/b><\/td>\n<td align=\"center\" width=\"284\">570mg<\/td>\n<\/tr>\n<tr>\n<td align=\"center\" width=\"284\"><b>Vitamin D<\/b><\/td>\n<td align=\"center\" width=\"284\">0<\/td>\n<\/tr>\n<tr>\n<td align=\"center\" width=\"284\"><b>Kalzium<\/b><\/td>\n<td align=\"center\" width=\"284\">30mg<\/td>\n<\/tr>\n<tr>\n<td align=\"center\" width=\"284\"><b>lron<\/b><\/td>\n<td align=\"center\" width=\"284\">0,8mg<\/td>\n<\/tr>\n<tr>\n<td align=\"center\" width=\"284\"><b>Kalium<\/b><\/td>\n<td align=\"center\" width=\"284\">150mg<\/td>\n<\/tr>\n<\/tbody>\n<\/table>\n<p><img fetchpriority=\"high\" decoding=\"async\" class=\"alignnone wp-image-4978 size-full\" src=\"https:\/\/sentaiyuanbio.com\/wp-content\/uploads\/2025\/05\/Pho-Noodles-Package_1.webp\" alt=\"Pho-Nudeln-Paket\" width=\"750\" height=\"583\" srcset=\"https:\/\/sentaiyuanbio.com\/wp-content\/uploads\/2025\/05\/Pho-Noodles-Package_1.webp 750w, https:\/\/sentaiyuanbio.com\/wp-content\/uploads\/2025\/05\/Pho-Noodles-Package_1-300x233.webp 300w, https:\/\/sentaiyuanbio.com\/wp-content\/uploads\/2025\/05\/Pho-Noodles-Package_1-600x466.webp 600w\" sizes=\"(max-width: 750px) 100vw, 750px\" \/> <img decoding=\"async\" class=\"alignnone wp-image-4979 size-full\" src=\"https:\/\/sentaiyuanbio.com\/wp-content\/uploads\/2025\/05\/Pho-Noodles-Package_2.webp\" alt=\"Pho-Nudeln-Paket\" width=\"750\" height=\"593\" srcset=\"https:\/\/sentaiyuanbio.com\/wp-content\/uploads\/2025\/05\/Pho-Noodles-Package_2.webp 750w, https:\/\/sentaiyuanbio.com\/wp-content\/uploads\/2025\/05\/Pho-Noodles-Package_2-300x237.webp 300w, https:\/\/sentaiyuanbio.com\/wp-content\/uploads\/2025\/05\/Pho-Noodles-Package_2-600x474.webp 600w\" sizes=\"(max-width: 750px) 100vw, 750px\" \/> <img decoding=\"async\" class=\"alignnone wp-image-4980 size-full\" src=\"https:\/\/sentaiyuanbio.com\/wp-content\/uploads\/2025\/05\/Pho-Noodles-Package_3.webp\" alt=\"Pho-Nudeln-Paket\" width=\"750\" height=\"456\" srcset=\"https:\/\/sentaiyuanbio.com\/wp-content\/uploads\/2025\/05\/Pho-Noodles-Package_3.webp 750w, https:\/\/sentaiyuanbio.com\/wp-content\/uploads\/2025\/05\/Pho-Noodles-Package_3-300x182.webp 300w, https:\/\/sentaiyuanbio.com\/wp-content\/uploads\/2025\/05\/Pho-Noodles-Package_3-600x365.webp 600w\" sizes=\"(max-width: 750px) 100vw, 750px\" \/> <img loading=\"lazy\" decoding=\"async\" class=\"alignnone wp-image-4981 size-full\" src=\"https:\/\/sentaiyuanbio.com\/wp-content\/uploads\/2025\/05\/Pho-Noodles-Package_4.webp\" alt=\"Pho-Nudeln-Paket\" width=\"750\" height=\"442\" srcset=\"https:\/\/sentaiyuanbio.com\/wp-content\/uploads\/2025\/05\/Pho-Noodles-Package_4.webp 750w, https:\/\/sentaiyuanbio.com\/wp-content\/uploads\/2025\/05\/Pho-Noodles-Package_4-300x177.webp 300w, https:\/\/sentaiyuanbio.com\/wp-content\/uploads\/2025\/05\/Pho-Noodles-Package_4-600x354.webp 600w\" sizes=\"(max-width: 750px) 100vw, 750px\" \/> <img loading=\"lazy\" decoding=\"async\" class=\"alignnone wp-image-4983 size-full\" src=\"https:\/\/sentaiyuanbio.com\/wp-content\/uploads\/2025\/05\/Pho-Noodles-Package5_5.webp\" alt=\"Pho-Nudeln-Paket\" width=\"750\" height=\"585\" srcset=\"https:\/\/sentaiyuanbio.com\/wp-content\/uploads\/2025\/05\/Pho-Noodles-Package5_5.webp 750w, https:\/\/sentaiyuanbio.com\/wp-content\/uploads\/2025\/05\/Pho-Noodles-Package5_5-300x234.webp 300w, https:\/\/sentaiyuanbio.com\/wp-content\/uploads\/2025\/05\/Pho-Noodles-Package5_5-600x468.webp 600w\" sizes=\"(max-width: 750px) 100vw, 750px\" \/><br \/>\n<img loading=\"lazy\" decoding=\"async\" class=\"alignnone wp-image-4982 size-full\" src=\"https:\/\/sentaiyuanbio.com\/wp-content\/uploads\/2025\/05\/Pho-Noodles-Package_6.webp\" alt=\"Pho-Nudeln-Paket\" width=\"750\" height=\"524\" srcset=\"https:\/\/sentaiyuanbio.com\/wp-content\/uploads\/2025\/05\/Pho-Noodles-Package_6.webp 750w, https:\/\/sentaiyuanbio.com\/wp-content\/uploads\/2025\/05\/Pho-Noodles-Package_6-300x210.webp 300w, https:\/\/sentaiyuanbio.com\/wp-content\/uploads\/2025\/05\/Pho-Noodles-Package_6-600x419.webp 600w\" sizes=\"(max-width: 750px) 100vw, 750px\" \/><\/p>","protected":false},"excerpt":{"rendered":"<p>Die Sentaiyuan Pho-Nudelsuppenschale - ein kulinarisches Wunder, das eine gesch\u00e4tzte Familientradition auf den Tisch bringt und in wenigen Minuten genossen werden kann. Mit unserer Leidenschaft f\u00fcr Exzellenz haben wir die authentische vietnamesische Pho auf eine ganz neue Ebene der K\u00f6stlichkeit gebracht und dabei den urspr\u00fcnglichen Geschmack beibehalten. Zwei k\u00f6stliche Optionen, die Ihr Pho-Erlebnis aufwerten: Genie\u00dfen Sie die klassischen Geschmacksrichtungen oder f\u00fcgen Sie ein W\u00fcrz\u00f6lpaket hinzu. Die Pho-Nudelsuppenschale bietet Ihnen zwei Geschmacksrichtungen in einer Schale - den authentischen Geschmack, den Sie lieben, und eine zus\u00e4tzliche Option, um Ihr Pho-Erlebnis zu verbessern. Entdecken Sie eine neue \u00c4ra der Pho mit Sentaiyuan.<\/p>","protected":false},"featured_media":4923,"template":"","meta":{"site-sidebar-layout":"default","site-content-layout":"","ast-site-content-layout":"default","site-content-style":"default","site-sidebar-style":"default","ast-global-header-display":"","ast-banner-title-visibility":"","ast-main-header-display":"","ast-hfb-above-header-display":"","ast-hfb-below-header-display":"","ast-hfb-mobile-header-display":"","site-post-title":"","ast-breadcrumbs-content":"","ast-featured-img":"","footer-sml-layout":"","ast-disable-related-posts":"","theme-transparent-header-meta":"default","adv-header-id-meta":"","stick-header-meta":"default","header-above-stick-meta":"","header-main-stick-meta":"","header-below-stick-meta":"","astra-migrate-meta-layouts":"set","ast-page-background-enabled":"default","ast-page-background-meta":{"desktop":{"background-color":"","background-image":"","background-repeat":"repeat","background-position":"center center","background-size":"auto","background-attachment":"scroll","background-type":"","background-media":"","overlay-type":"","overlay-color":"","overlay-opacity":"","overlay-gradient":""},"tablet":{"background-color":"","background-image":"","background-repeat":"repeat","background-position":"center center","background-size":"auto","background-attachment":"scroll","background-type":"","background-media":"","overlay-type":"","overlay-color":"","overlay-opacity":"","overlay-gradient":""},"mobile":{"background-color":"","background-image":"","background-repeat":"repeat","background-position":"center center","background-size":"auto","background-attachment":"scroll","background-type":"","background-media":"","overlay-type":"","overlay-color":"","overlay-opacity":"","overlay-gradient":""}},"ast-content-background-meta":{"desktop":{"background-color":"var(--ast-global-color-5)","background-image":"","background-repeat":"repeat","background-position":"center center","background-size":"auto","background-attachment":"scroll","background-type":"","background-media":"","overlay-type":"","overlay-color":"","overlay-opacity":"","overlay-gradient":""},"tablet":{"background-color":"var(--ast-global-color-5)","background-image":"","background-repeat":"repeat","background-position":"center center","background-size":"auto","background-attachment":"scroll","background-type":"","background-media":"","overlay-type":"","overlay-color":"","overlay-opacity":"","overlay-gradient":""},"mobile":{"background-color":"var(--ast-global-color-5)","background-image":"","background-repeat":"repeat","background-position":"center center","background-size":"auto","background-attachment":"scroll","background-type":"","background-media":"","overlay-type":"","overlay-color":"","overlay-opacity":"","overlay-gradient":""}}},"product_brand":[],"product_cat":[23,251],"product_tag":[32],"class_list":{"0":"post-4921","1":"product","2":"type-product","3":"status-publish","4":"has-post-thumbnail","6":"product_cat-instant-konjac-noodles","7":"product_cat-instant-pho-noodles-wholesale","8":"product_tag-konjac-pasta","9":"desktop-align-left","10":"tablet-align-left","11":"mobile-align-left","12":"ast-product-gallery-layout-horizontal-slider","13":"ast-product-tabs-layout-horizontal","15":"first","16":"instock","17":"shipping-taxable","18":"product-type-simple"},"_links":{"self":[{"href":"https:\/\/sentaiyuanbio.com\/de\/wp-json\/wp\/v2\/product\/4921","targetHints":{"allow":["GET"]}}],"collection":[{"href":"https:\/\/sentaiyuanbio.com\/de\/wp-json\/wp\/v2\/product"}],"about":[{"href":"https:\/\/sentaiyuanbio.com\/de\/wp-json\/wp\/v2\/types\/product"}],"version-history":[{"count":0,"href":"https:\/\/sentaiyuanbio.com\/de\/wp-json\/wp\/v2\/product\/4921\/revisions"}],"wp:featuredmedia":[{"embeddable":true,"href":"https:\/\/sentaiyuanbio.com\/de\/wp-json\/wp\/v2\/media\/4923"}],"wp:attachment":[{"href":"https:\/\/sentaiyuanbio.com\/de\/wp-json\/wp\/v2\/media?parent=4921"}],"wp:term":[{"taxonomy":"product_brand","embeddable":true,"href":"https:\/\/sentaiyuanbio.com\/de\/wp-json\/wp\/v2\/product_brand?post=4921"},{"taxonomy":"product_cat","embeddable":true,"href":"https:\/\/sentaiyuanbio.com\/de\/wp-json\/wp\/v2\/product_cat?post=4921"},{"taxonomy":"product_tag","embeddable":true,"href":"https:\/\/sentaiyuanbio.com\/de\/wp-json\/wp\/v2\/product_tag?post=4921"}],"curies":[{"name":"wp","href":"https:\/\/api.w.org\/{rel}","templated":true}]}}