{"id":5131,"date":"2025-06-17T02:57:36","date_gmt":"2025-06-17T02:57:36","guid":{"rendered":"https:\/\/sentaiyuanbio.com\/?post_type=product&#038;p=5131"},"modified":"2025-06-17T02:57:36","modified_gmt":"2025-06-17T02:57:36","slug":"ramen-nudeln-mit-hohem-proteingehalt-lose","status":"publish","type":"product","link":"https:\/\/sentaiyuanbio.com\/de\/produkt\/ramen-nudeln-mit-hohem-proteingehalt-lose\/","title":{"rendered":"Proteinreiche Ramen-Nudeln, Scharfer Currygeschmack"},"content":{"rendered":"<p>Unsere Ramen-Nudeln mit hohem Proteingehalt wurden entwickelt, um Ihnen einen ges\u00fcnderen Lebensstil zu erm\u00f6glichen und Ihre Ziele bei der Proteinzufuhr zu erreichen.<br \/>\nDie ultimative Kombination aus Eiwei\u00df, Bequemlichkeit und Vielfalt - unsere Instant-Ramen-Nudeln mit gesundem Eiwei\u00df enthalten vier k\u00f6stliche pflanzliche Instant-Nudeln: H\u00e4hnchengeschmack, pikanter Kohlgeschmack, pikanter Currygeschmack und Rindfleischgeschmack.<\/p>\n<h2>Proteinreiche Ramen-Nudeln mit w\u00fcrzigem Currygeschmack Zutaten<\/h2>\n<p><strong>Zutaten:<\/strong><br \/>\n<strong>Ramen:<\/strong> Vitales Weizengluten, Erbsenprotein, Weizenmehl, Buchweizenmehl, Erbsenfaserpulver, Tapiokast\u00e4rke, <a href=\"https:\/\/sentaiyuanbio.com\/de\/produkt\/konjakmehl-yamswurzel-konjakpulver\/\" target=\"_blank\" rel=\"noopener\">Konjakmehl<\/a>, <a href=\"https:\/\/hethstia.com\/konjac-powder-vs-xanthan-gum\/\" target=\"_blank\" rel=\"noopener\">Xanthangummi<\/a>, <a href=\"https:\/\/pubchem.ncbi.nlm.nih.gov\/compound\/Sodium-Carbonate\" target=\"_blank\" rel=\"noopener\">Natriumkarbonat<\/a>.<\/p>\n<p><strong>Pikantes Curry-Gew\u00fcrz:<\/strong> Salz, Chilipulver, Knoblauchpulver, Zwiebelpulver, Currypulver, Soja\u00f6l, St\u00e4rke, Hefeextrakt, s\u00e4urehydrolysiertes pflanzliches Eiwei\u00dfpulver, Tomatenpulver, Dinatrium-5\u2032-Ribonukleotid, Lebensmittelaroma.<\/p>\n<p><strong>Gem\u00fcse:<\/strong> Gr\u00fcne Zwiebel, Karotte.<\/p>\n<p><strong>Enth\u00e4lt:<\/strong> Weizen, Sojaprodukte.<\/p>\n<p><strong>Haltbarkeitsdauer:<\/strong> 24 Monate.<\/p>\n<p><strong>Lagerung:<\/strong> Bei Raumtemperatur an einem k\u00fchlen, trockenen Ort aufbewahren. Von starkem Licht und Hitze fernhalten.<\/p>\n<h3>N\u00e4hrwertangaben - Portionsgr\u00f6\u00dfe 1 Beutel (66 g)<\/h3>\n<table border=\"1\" cellspacing=\"1\">\n<tbody>\n<tr>\n<td align=\"center\" width=\"284\">Energie<\/td>\n<td align=\"center\" width=\"284\">220 Kcal<\/td>\n<\/tr>\n<tr>\n<td align=\"center\" width=\"284\">Kohlenhydrate insgesamt<\/td>\n<td align=\"center\" width=\"284\">18g<\/td>\n<\/tr>\n<tr>\n<td align=\"center\" width=\"284\">Fett insgesamt<\/td>\n<td align=\"center\" width=\"284\">2g<\/td>\n<\/tr>\n<tr>\n<td align=\"center\" width=\"284\">Eiwei\u00df<\/td>\n<td align=\"center\" width=\"284\">32g<\/td>\n<\/tr>\n<tr>\n<td align=\"center\" width=\"284\">Ballaststoffe<\/td>\n<td align=\"center\" width=\"284\">4g<\/td>\n<\/tr>\n<tr>\n<td align=\"center\" width=\"284\">Natrium<\/td>\n<td align=\"center\" width=\"284\">660 mg<\/td>\n<\/tr>\n<tr>\n<td align=\"center\" width=\"284\">Eisen<\/td>\n<td align=\"center\" width=\"284\">5,5 mg<\/td>\n<\/tr>\n<tr>\n<td align=\"center\" width=\"284\">Kalium<\/td>\n<td align=\"center\" width=\"284\">177 mg<\/td>\n<\/tr>\n<tr>\n<td align=\"center\" width=\"284\">Kalzium<\/td>\n<td align=\"center\" width=\"284\">53 mg<\/td>\n<\/tr>\n<\/tbody>\n<\/table>\n<p><img fetchpriority=\"high\" decoding=\"async\" class=\"alignnone wp-image-5140 size-full\" title=\"Ramen mit hohem Proteingehalt und wenig Kohlenhydraten\" src=\"https:\/\/sentaiyuanbio.com\/wp-content\/uploads\/2025\/06\/high-protein-low-carb-ramen_1.webp\" alt=\"Ramen mit hohem Proteingehalt und wenig Kohlenhydraten\" width=\"750\" height=\"522\" srcset=\"https:\/\/sentaiyuanbio.com\/wp-content\/uploads\/2025\/06\/high-protein-low-carb-ramen_1.webp 750w, https:\/\/sentaiyuanbio.com\/wp-content\/uploads\/2025\/06\/high-protein-low-carb-ramen_1-300x209.webp 300w, https:\/\/sentaiyuanbio.com\/wp-content\/uploads\/2025\/06\/high-protein-low-carb-ramen_1-600x418.webp 600w\" sizes=\"(max-width: 750px) 100vw, 750px\" \/> <img decoding=\"async\" class=\"alignnone wp-image-5141 size-full\" title=\"Ramen mit hohem Proteingehalt und wenig Kohlenhydraten\" src=\"https:\/\/sentaiyuanbio.com\/wp-content\/uploads\/2025\/06\/high-protein-low-carb-ramen_2.webp\" alt=\"Ramen mit hohem Proteingehalt und wenig Kohlenhydraten\" width=\"750\" height=\"416\" srcset=\"https:\/\/sentaiyuanbio.com\/wp-content\/uploads\/2025\/06\/high-protein-low-carb-ramen_2.webp 750w, https:\/\/sentaiyuanbio.com\/wp-content\/uploads\/2025\/06\/high-protein-low-carb-ramen_2-300x166.webp 300w, https:\/\/sentaiyuanbio.com\/wp-content\/uploads\/2025\/06\/high-protein-low-carb-ramen_2-600x333.webp 600w\" sizes=\"(max-width: 750px) 100vw, 750px\" \/> <img decoding=\"async\" class=\"alignnone wp-image-5142 size-full\" title=\"Ramen mit hohem Proteingehalt und wenig Kohlenhydraten\" src=\"https:\/\/sentaiyuanbio.com\/wp-content\/uploads\/2025\/06\/high-protein-low-carb-ramen_3.webp\" alt=\"Ramen mit hohem Proteingehalt und wenig Kohlenhydraten\" width=\"750\" height=\"666\" srcset=\"https:\/\/sentaiyuanbio.com\/wp-content\/uploads\/2025\/06\/high-protein-low-carb-ramen_3.webp 750w, https:\/\/sentaiyuanbio.com\/wp-content\/uploads\/2025\/06\/high-protein-low-carb-ramen_3-300x266.webp 300w, https:\/\/sentaiyuanbio.com\/wp-content\/uploads\/2025\/06\/high-protein-low-carb-ramen_3-600x533.webp 600w\" sizes=\"(max-width: 750px) 100vw, 750px\" \/> <img loading=\"lazy\" decoding=\"async\" class=\"alignnone wp-image-5143 size-full\" title=\"gesunde Protein-Ramen\" src=\"https:\/\/sentaiyuanbio.com\/wp-content\/uploads\/2025\/06\/high-protein-low-carb-ramen_4.webp\" alt=\"gesunde Protein-Ramen\" width=\"750\" height=\"565\" srcset=\"https:\/\/sentaiyuanbio.com\/wp-content\/uploads\/2025\/06\/high-protein-low-carb-ramen_4.webp 750w, https:\/\/sentaiyuanbio.com\/wp-content\/uploads\/2025\/06\/high-protein-low-carb-ramen_4-300x226.webp 300w, https:\/\/sentaiyuanbio.com\/wp-content\/uploads\/2025\/06\/high-protein-low-carb-ramen_4-600x452.webp 600w\" sizes=\"(max-width: 750px) 100vw, 750px\" \/> <img loading=\"lazy\" decoding=\"async\" class=\"alignnone wp-image-5144 size-full\" title=\"gesunde Protein-Ramen\" src=\"https:\/\/sentaiyuanbio.com\/wp-content\/uploads\/2025\/06\/high-protein-low-carb-ramen_5.webp\" alt=\"gesunde Protein-Ramen\" width=\"750\" height=\"602\" srcset=\"https:\/\/sentaiyuanbio.com\/wp-content\/uploads\/2025\/06\/high-protein-low-carb-ramen_5.webp 750w, https:\/\/sentaiyuanbio.com\/wp-content\/uploads\/2025\/06\/high-protein-low-carb-ramen_5-300x241.webp 300w, https:\/\/sentaiyuanbio.com\/wp-content\/uploads\/2025\/06\/high-protein-low-carb-ramen_5-600x482.webp 600w\" sizes=\"(max-width: 750px) 100vw, 750px\" \/> <img loading=\"lazy\" decoding=\"async\" class=\"alignnone wp-image-5145 size-full\" title=\"gesunde Protein-Ramen\" src=\"https:\/\/sentaiyuanbio.com\/wp-content\/uploads\/2025\/06\/high-protein-low-carb-ramen_6.webp\" alt=\"gesunde Protein-Ramen\" width=\"750\" height=\"524\" srcset=\"https:\/\/sentaiyuanbio.com\/wp-content\/uploads\/2025\/06\/high-protein-low-carb-ramen_6.webp 750w, https:\/\/sentaiyuanbio.com\/wp-content\/uploads\/2025\/06\/high-protein-low-carb-ramen_6-300x210.webp 300w, https:\/\/sentaiyuanbio.com\/wp-content\/uploads\/2025\/06\/high-protein-low-carb-ramen_6-600x419.webp 600w\" sizes=\"(max-width: 750px) 100vw, 750px\" \/> <img loading=\"lazy\" decoding=\"async\" class=\"alignnone wp-image-5146 size-full\" title=\"gesunde Protein-Ramen\" src=\"https:\/\/sentaiyuanbio.com\/wp-content\/uploads\/2025\/06\/high-protein-low-carb-ramen_7.webp\" alt=\"gesunde Protein-Ramen\" width=\"750\" height=\"555\" srcset=\"https:\/\/sentaiyuanbio.com\/wp-content\/uploads\/2025\/06\/high-protein-low-carb-ramen_7.webp 750w, https:\/\/sentaiyuanbio.com\/wp-content\/uploads\/2025\/06\/high-protein-low-carb-ramen_7-300x222.webp 300w, https:\/\/sentaiyuanbio.com\/wp-content\/uploads\/2025\/06\/high-protein-low-carb-ramen_7-600x444.webp 600w\" sizes=\"(max-width: 750px) 100vw, 750px\" \/><\/p>","protected":false},"excerpt":{"rendered":"<p>Erreichen Sie Ihre Proteinziele mit einer Sch\u00fcssel Ramen, mit der Sie sich gut f\u00fchlen k\u00f6nnen. Sentaiyuan stellt die erste gesunde Protein-Ramen vor, die 32 Gramm 100% pflanzliches Protein enth\u00e4lt, was 5 Eiern entspricht. Au\u00dferdem ist sie mit einer Vielzahl von Mikron\u00e4hrstoffen angereichert, die der menschliche K\u00f6rper ben\u00f6tigt. In nur 5 Minuten k\u00f6nnen Sie eine nahrhafte Sch\u00fcssel mit kr\u00e4ftigen Ramen genie\u00dfen. Es ist ideal f\u00fcr eine Mahlzeit nach dem Training oder eine Proteinmahlzeit, und Sie k\u00f6nnen es mit Ihren Lieblingszutaten kombinieren oder allein essen.<\/p>","protected":false},"featured_media":5132,"template":"","meta":{"site-sidebar-layout":"default","site-content-layout":"","ast-site-content-layout":"default","site-content-style":"default","site-sidebar-style":"default","ast-global-header-display":"","ast-banner-title-visibility":"","ast-main-header-display":"","ast-hfb-above-header-display":"","ast-hfb-below-header-display":"","ast-hfb-mobile-header-display":"","site-post-title":"","ast-breadcrumbs-content":"","ast-featured-img":"","footer-sml-layout":"","ast-disable-related-posts":"","theme-transparent-header-meta":"default","adv-header-id-meta":"","stick-header-meta":"default","header-above-stick-meta":"","header-main-stick-meta":"","header-below-stick-meta":"","astra-migrate-meta-layouts":"set","ast-page-background-enabled":"default","ast-page-background-meta":{"desktop":{"background-color":"","background-image":"","background-repeat":"repeat","background-position":"center center","background-size":"auto","background-attachment":"scroll","background-type":"","background-media":"","overlay-type":"","overlay-color":"","overlay-opacity":"","overlay-gradient":""},"tablet":{"background-color":"","background-image":"","background-repeat":"repeat","background-position":"center center","background-size":"auto","background-attachment":"scroll","background-type":"","background-media":"","overlay-type":"","overlay-color":"","overlay-opacity":"","overlay-gradient":""},"mobile":{"background-color":"","background-image":"","background-repeat":"repeat","background-position":"center center","background-size":"auto","background-attachment":"scroll","background-type":"","background-media":"","overlay-type":"","overlay-color":"","overlay-opacity":"","overlay-gradient":""}},"ast-content-background-meta":{"desktop":{"background-color":"var(--ast-global-color-5)","background-image":"","background-repeat":"repeat","background-position":"center center","background-size":"auto","background-attachment":"scroll","background-type":"","background-media":"","overlay-type":"","overlay-color":"","overlay-opacity":"","overlay-gradient":""},"tablet":{"background-color":"var(--ast-global-color-5)","background-image":"","background-repeat":"repeat","background-position":"center center","background-size":"auto","background-attachment":"scroll","background-type":"","background-media":"","overlay-type":"","overlay-color":"","overlay-opacity":"","overlay-gradient":""},"mobile":{"background-color":"var(--ast-global-color-5)","background-image":"","background-repeat":"repeat","background-position":"center center","background-size":"auto","background-attachment":"scroll","background-type":"","background-media":"","overlay-type":"","overlay-color":"","overlay-opacity":"","overlay-gradient":""}}},"product_brand":[],"product_cat":[248],"product_tag":[],"class_list":{"0":"post-5131","1":"product","2":"type-product","3":"status-publish","4":"has-post-thumbnail","6":"product_cat-low-carb-high-protein-noodles","7":"desktop-align-left","8":"tablet-align-left","9":"mobile-align-left","10":"ast-product-gallery-layout-horizontal-slider","11":"ast-product-tabs-layout-horizontal","13":"first","14":"instock","15":"shipping-taxable","16":"product-type-simple"},"_links":{"self":[{"href":"https:\/\/sentaiyuanbio.com\/de\/wp-json\/wp\/v2\/product\/5131","targetHints":{"allow":["GET"]}}],"collection":[{"href":"https:\/\/sentaiyuanbio.com\/de\/wp-json\/wp\/v2\/product"}],"about":[{"href":"https:\/\/sentaiyuanbio.com\/de\/wp-json\/wp\/v2\/types\/product"}],"version-history":[{"count":0,"href":"https:\/\/sentaiyuanbio.com\/de\/wp-json\/wp\/v2\/product\/5131\/revisions"}],"wp:featuredmedia":[{"embeddable":true,"href":"https:\/\/sentaiyuanbio.com\/de\/wp-json\/wp\/v2\/media\/5132"}],"wp:attachment":[{"href":"https:\/\/sentaiyuanbio.com\/de\/wp-json\/wp\/v2\/media?parent=5131"}],"wp:term":[{"taxonomy":"product_brand","embeddable":true,"href":"https:\/\/sentaiyuanbio.com\/de\/wp-json\/wp\/v2\/product_brand?post=5131"},{"taxonomy":"product_cat","embeddable":true,"href":"https:\/\/sentaiyuanbio.com\/de\/wp-json\/wp\/v2\/product_cat?post=5131"},{"taxonomy":"product_tag","embeddable":true,"href":"https:\/\/sentaiyuanbio.com\/de\/wp-json\/wp\/v2\/product_tag?post=5131"}],"curies":[{"name":"wp","href":"https:\/\/api.w.org\/{rel}","templated":true}]}}