{"id":5160,"date":"2025-06-17T07:11:05","date_gmt":"2025-06-17T07:11:05","guid":{"rendered":"https:\/\/sentaiyuanbio.com\/?post_type=product&#038;p=5160"},"modified":"2025-06-17T07:15:57","modified_gmt":"2025-06-17T07:15:57","slug":"instant-protein-nudeln","status":"publish","type":"product","link":"https:\/\/sentaiyuanbio.com\/de\/produkt\/instant-protein-nudeln\/","title":{"rendered":"Instant-Protein-Nudeln, Spaghetti-Nudeln mit hohem Proteingehalt Scharfer Kimchi-Geschmack"},"content":{"rendered":"<p>Sentaiyuan hat die asiatische K\u00fcche auf eine nahrhaftere Weise neu interpretiert. Wir haben mit reichhaltigen, wohltuenden, geschmackvollen und unvergesslichen Instant-Protein-Nudeln begonnen.<\/p>\n<p>Unser einziges Ziel: ein nahrhafteres und k\u00f6stlicheres Ramen zu kreieren, indem wir den befriedigenden Geschmack von Protein-Spaghetti-Nudeln durch qualitativ hochwertigere Zutaten und sorgf\u00e4ltig abgestimmte Geschmacksrichtungen wiederherstellen.<\/p>\n<h2>Instant-Protein-Nudeln Zutaten:<\/h2>\n<p>Ramen: Vitales Weizengluten, Erbsenprotein, Weizenmehl, Buchweizenmehl, Erbsenfaserpulver, Tapiokast\u00e4rke, <a href=\"https:\/\/sentaiyuanbio.com\/de\/produkt\/konjak-pulver\/\" target=\"_blank\" rel=\"noopener\">Konjak-Pulver<\/a>, Xanthangummi, Natriumcarbonat.<\/p>\n<p>Pikante Curry-W\u00fcrze: Salz, Chilipulver, Knoblauchpulver, Zwiebelpulver, Currypulver, Sojabohnen\u00f6l, St\u00e4rke, Hefeextrakt, s\u00e4urehydrolysiertes pflanzliches Eiwei\u00dfpulver, Tomatenpulver, <a href=\"https:\/\/www.atamanchemicals.com\/disodium-5--ribonucleotide_u26322\/\" target=\"_blank\" rel=\"noopener\">Dinatrium-5\u2032-Ribonukleotid<\/a>, Lebensmittel-Aroma.<\/p>\n<p>Gem\u00fcse: Gr\u00fcne Zwiebel, Karotte.<\/p>\n<p>Enth\u00e4lt: Weizen, Sojaprodukte.<\/p>\n<p>Lagerung: An einem k\u00fchlen, trockenen Ort aufbewahren. Von Licht und Hitze fernhalten.<\/p>\n<h3>N\u00e4hrwertangaben - Portionsgr\u00f6\u00dfe 1 Beutel (66 g)<\/h3>\n<table border=\"1\" cellspacing=\"1\">\n<tbody>\n<tr>\n<td align=\"center\" width=\"284\">Energie<\/td>\n<td align=\"center\" width=\"284\">200 Kcal<\/td>\n<\/tr>\n<tr>\n<td align=\"center\" width=\"284\">Kohlenhydrate insgesamt<\/td>\n<td align=\"center\" width=\"284\">20g<\/td>\n<\/tr>\n<tr>\n<td align=\"center\" width=\"284\">Fett insgesamt<\/td>\n<td align=\"center\" width=\"284\">1.5g<\/td>\n<\/tr>\n<tr>\n<td align=\"center\" width=\"284\">Eiwei\u00df<\/td>\n<td align=\"center\" width=\"284\">32g<\/td>\n<\/tr>\n<tr>\n<td align=\"center\" width=\"284\">Ballaststoffe<\/td>\n<td align=\"center\" width=\"284\">4g<\/td>\n<\/tr>\n<tr>\n<td align=\"center\" width=\"284\">Natrium<\/td>\n<td align=\"center\" width=\"284\">580 mg<\/td>\n<\/tr>\n<tr>\n<td align=\"center\" width=\"284\">Eisen<\/td>\n<td align=\"center\" width=\"284\">4,5 mg<\/td>\n<\/tr>\n<tr>\n<td align=\"center\" width=\"284\">Kalium<\/td>\n<td align=\"center\" width=\"284\">172 mg<\/td>\n<\/tr>\n<tr>\n<td align=\"center\" width=\"284\">Kalzium<\/td>\n<td align=\"center\" width=\"284\">41 mg<\/td>\n<\/tr>\n<\/tbody>\n<\/table>\n<p><img fetchpriority=\"high\" decoding=\"async\" class=\"alignnone wp-image-5169 size-full\" title=\"Proteinreiche Spaghetti-Nudeln\" src=\"https:\/\/sentaiyuanbio.com\/wp-content\/uploads\/2025\/06\/High-Protein-Spaghetti-Noodles_1.webp\" alt=\"Proteinreiche Spaghetti-Nudeln\" width=\"750\" height=\"577\" srcset=\"https:\/\/sentaiyuanbio.com\/wp-content\/uploads\/2025\/06\/High-Protein-Spaghetti-Noodles_1.webp 750w, https:\/\/sentaiyuanbio.com\/wp-content\/uploads\/2025\/06\/High-Protein-Spaghetti-Noodles_1-300x231.webp 300w, https:\/\/sentaiyuanbio.com\/wp-content\/uploads\/2025\/06\/High-Protein-Spaghetti-Noodles_1-600x462.webp 600w\" sizes=\"(max-width: 750px) 100vw, 750px\" \/> <img decoding=\"async\" class=\"alignnone wp-image-5170 size-full\" title=\"Proteinreiche Spaghetti-Nudeln\" src=\"https:\/\/sentaiyuanbio.com\/wp-content\/uploads\/2025\/06\/High-Protein-Spaghetti-Noodles_2.webp\" alt=\"Proteinreiche Spaghetti-Nudeln\" width=\"750\" height=\"476\" srcset=\"https:\/\/sentaiyuanbio.com\/wp-content\/uploads\/2025\/06\/High-Protein-Spaghetti-Noodles_2.webp 750w, https:\/\/sentaiyuanbio.com\/wp-content\/uploads\/2025\/06\/High-Protein-Spaghetti-Noodles_2-300x190.webp 300w, https:\/\/sentaiyuanbio.com\/wp-content\/uploads\/2025\/06\/High-Protein-Spaghetti-Noodles_2-600x381.webp 600w\" sizes=\"(max-width: 750px) 100vw, 750px\" \/> <img decoding=\"async\" class=\"alignnone wp-image-5171 size-full\" title=\"Proteinreiche Spaghetti-Nudeln\" src=\"https:\/\/sentaiyuanbio.com\/wp-content\/uploads\/2025\/06\/High-Protein-Spaghetti-Noodles_3.webp\" alt=\"Proteinreiche Spaghetti-Nudeln\" width=\"750\" height=\"575\" srcset=\"https:\/\/sentaiyuanbio.com\/wp-content\/uploads\/2025\/06\/High-Protein-Spaghetti-Noodles_3.webp 750w, https:\/\/sentaiyuanbio.com\/wp-content\/uploads\/2025\/06\/High-Protein-Spaghetti-Noodles_3-300x230.webp 300w, https:\/\/sentaiyuanbio.com\/wp-content\/uploads\/2025\/06\/High-Protein-Spaghetti-Noodles_3-600x460.webp 600w\" sizes=\"(max-width: 750px) 100vw, 750px\" \/> <img loading=\"lazy\" decoding=\"async\" class=\"alignnone wp-image-5172 size-full\" title=\"Proteinreiche Spaghetti-Nudeln\" src=\"https:\/\/sentaiyuanbio.com\/wp-content\/uploads\/2025\/06\/High-Protein-Spaghetti-Noodles_4.webp\" alt=\"Proteinreiche Spaghetti-Nudeln\" width=\"750\" height=\"597\" srcset=\"https:\/\/sentaiyuanbio.com\/wp-content\/uploads\/2025\/06\/High-Protein-Spaghetti-Noodles_4.webp 750w, https:\/\/sentaiyuanbio.com\/wp-content\/uploads\/2025\/06\/High-Protein-Spaghetti-Noodles_4-300x239.webp 300w, https:\/\/sentaiyuanbio.com\/wp-content\/uploads\/2025\/06\/High-Protein-Spaghetti-Noodles_4-600x478.webp 600w\" sizes=\"(max-width: 750px) 100vw, 750px\" \/> <img loading=\"lazy\" decoding=\"async\" class=\"alignnone wp-image-5173 size-full\" title=\"Proteinreiche Spaghetti-Nudeln\" src=\"https:\/\/sentaiyuanbio.com\/wp-content\/uploads\/2025\/06\/High-Protein-Spaghetti-Noodles_5.webp\" alt=\"Proteinreiche Spaghetti-Nudeln\" width=\"750\" height=\"600\" srcset=\"https:\/\/sentaiyuanbio.com\/wp-content\/uploads\/2025\/06\/High-Protein-Spaghetti-Noodles_5.webp 750w, https:\/\/sentaiyuanbio.com\/wp-content\/uploads\/2025\/06\/High-Protein-Spaghetti-Noodles_5-300x240.webp 300w, https:\/\/sentaiyuanbio.com\/wp-content\/uploads\/2025\/06\/High-Protein-Spaghetti-Noodles_5-600x480.webp 600w\" sizes=\"(max-width: 750px) 100vw, 750px\" \/> <img loading=\"lazy\" decoding=\"async\" class=\"alignnone wp-image-5174 size-full\" title=\"Proteinreiche Spaghetti-Nudeln\" src=\"https:\/\/sentaiyuanbio.com\/wp-content\/uploads\/2025\/06\/High-Protein-Spaghetti-Noodles_6.webp\" alt=\"Proteinreiche Spaghetti-Nudeln\" width=\"750\" height=\"601\" srcset=\"https:\/\/sentaiyuanbio.com\/wp-content\/uploads\/2025\/06\/High-Protein-Spaghetti-Noodles_6.webp 750w, https:\/\/sentaiyuanbio.com\/wp-content\/uploads\/2025\/06\/High-Protein-Spaghetti-Noodles_6-300x240.webp 300w, https:\/\/sentaiyuanbio.com\/wp-content\/uploads\/2025\/06\/High-Protein-Spaghetti-Noodles_6-600x481.webp 600w\" sizes=\"(max-width: 750px) 100vw, 750px\" \/> <img loading=\"lazy\" decoding=\"async\" class=\"alignnone wp-image-5175 size-full\" title=\"Proteinreiche Spaghetti-Nudeln\" src=\"https:\/\/sentaiyuanbio.com\/wp-content\/uploads\/2025\/06\/High-Protein-Spaghetti-Noodles_7.webp\" alt=\"Proteinreiche Spaghetti-Nudeln\" width=\"750\" height=\"479\" srcset=\"https:\/\/sentaiyuanbio.com\/wp-content\/uploads\/2025\/06\/High-Protein-Spaghetti-Noodles_7.webp 750w, https:\/\/sentaiyuanbio.com\/wp-content\/uploads\/2025\/06\/High-Protein-Spaghetti-Noodles_7-300x192.webp 300w, https:\/\/sentaiyuanbio.com\/wp-content\/uploads\/2025\/06\/High-Protein-Spaghetti-Noodles_7-600x383.webp 600w\" sizes=\"(max-width: 750px) 100vw, 750px\" \/><\/p>","protected":false},"excerpt":{"rendered":"<p>Sentaiyuan stellt diese \u00fcberraschend gesunden Instant-Protein-Nudeln vor, die 32 Gramm Protein enthalten - fast so viel wie ein normaler Protein-Shake - und 100% pflanzliche vegane Ramen sind. Diese proteinreichen Spaghetti-Nudeln stehen ganz oben auf der Liste der \"Must-Eat\"-Leckerbissen f\u00fcr Fitness-Enthusiasten, denn sie sind lecker, einfach zuzubereiten und unglaublich gesund. Noch aufregender ist, dass die Nudeln in der neuen Geschmacksrichtung Spicy Kimchi weicher, schmackhafter und kaubarer sind, den Gaumen verw\u00f6hnen und weniger Zeit zum Kochen ben\u00f6tigen.<\/p>","protected":false},"featured_media":5161,"template":"","meta":{"site-sidebar-layout":"default","site-content-layout":"","ast-site-content-layout":"default","site-content-style":"default","site-sidebar-style":"default","ast-global-header-display":"","ast-banner-title-visibility":"","ast-main-header-display":"","ast-hfb-above-header-display":"","ast-hfb-below-header-display":"","ast-hfb-mobile-header-display":"","site-post-title":"","ast-breadcrumbs-content":"","ast-featured-img":"","footer-sml-layout":"","ast-disable-related-posts":"","theme-transparent-header-meta":"default","adv-header-id-meta":"","stick-header-meta":"default","header-above-stick-meta":"","header-main-stick-meta":"","header-below-stick-meta":"","astra-migrate-meta-layouts":"set","ast-page-background-enabled":"default","ast-page-background-meta":{"desktop":{"background-color":"","background-image":"","background-repeat":"repeat","background-position":"center center","background-size":"auto","background-attachment":"scroll","background-type":"","background-media":"","overlay-type":"","overlay-color":"","overlay-opacity":"","overlay-gradient":""},"tablet":{"background-color":"","background-image":"","background-repeat":"repeat","background-position":"center center","background-size":"auto","background-attachment":"scroll","background-type":"","background-media":"","overlay-type":"","overlay-color":"","overlay-opacity":"","overlay-gradient":""},"mobile":{"background-color":"","background-image":"","background-repeat":"repeat","background-position":"center center","background-size":"auto","background-attachment":"scroll","background-type":"","background-media":"","overlay-type":"","overlay-color":"","overlay-opacity":"","overlay-gradient":""}},"ast-content-background-meta":{"desktop":{"background-color":"var(--ast-global-color-5)","background-image":"","background-repeat":"repeat","background-position":"center center","background-size":"auto","background-attachment":"scroll","background-type":"","background-media":"","overlay-type":"","overlay-color":"","overlay-opacity":"","overlay-gradient":""},"tablet":{"background-color":"var(--ast-global-color-5)","background-image":"","background-repeat":"repeat","background-position":"center center","background-size":"auto","background-attachment":"scroll","background-type":"","background-media":"","overlay-type":"","overlay-color":"","overlay-opacity":"","overlay-gradient":""},"mobile":{"background-color":"var(--ast-global-color-5)","background-image":"","background-repeat":"repeat","background-position":"center center","background-size":"auto","background-attachment":"scroll","background-type":"","background-media":"","overlay-type":"","overlay-color":"","overlay-opacity":"","overlay-gradient":""}}},"product_brand":[],"product_cat":[248],"product_tag":[],"class_list":{"0":"post-5160","1":"product","2":"type-product","3":"status-publish","4":"has-post-thumbnail","6":"product_cat-low-carb-high-protein-noodles","7":"desktop-align-left","8":"tablet-align-left","9":"mobile-align-left","10":"ast-product-gallery-layout-horizontal-slider","11":"ast-product-tabs-layout-horizontal","13":"first","14":"instock","15":"shipping-taxable","16":"product-type-simple"},"_links":{"self":[{"href":"https:\/\/sentaiyuanbio.com\/de\/wp-json\/wp\/v2\/product\/5160","targetHints":{"allow":["GET"]}}],"collection":[{"href":"https:\/\/sentaiyuanbio.com\/de\/wp-json\/wp\/v2\/product"}],"about":[{"href":"https:\/\/sentaiyuanbio.com\/de\/wp-json\/wp\/v2\/types\/product"}],"version-history":[{"count":0,"href":"https:\/\/sentaiyuanbio.com\/de\/wp-json\/wp\/v2\/product\/5160\/revisions"}],"wp:featuredmedia":[{"embeddable":true,"href":"https:\/\/sentaiyuanbio.com\/de\/wp-json\/wp\/v2\/media\/5161"}],"wp:attachment":[{"href":"https:\/\/sentaiyuanbio.com\/de\/wp-json\/wp\/v2\/media?parent=5160"}],"wp:term":[{"taxonomy":"product_brand","embeddable":true,"href":"https:\/\/sentaiyuanbio.com\/de\/wp-json\/wp\/v2\/product_brand?post=5160"},{"taxonomy":"product_cat","embeddable":true,"href":"https:\/\/sentaiyuanbio.com\/de\/wp-json\/wp\/v2\/product_cat?post=5160"},{"taxonomy":"product_tag","embeddable":true,"href":"https:\/\/sentaiyuanbio.com\/de\/wp-json\/wp\/v2\/product_tag?post=5160"}],"curies":[{"name":"wp","href":"https:\/\/api.w.org\/{rel}","templated":true}]}}