{"id":5180,"date":"2025-06-20T07:09:17","date_gmt":"2025-06-20T07:09:17","guid":{"rendered":"https:\/\/sentaiyuanbio.com\/?post_type=product&#038;p=5180"},"modified":"2025-06-20T08:25:42","modified_gmt":"2025-06-20T08:25:42","slug":"proteinreiche-tassennudeln-wurziges-curry","status":"publish","type":"product","link":"https:\/\/sentaiyuanbio.com\/de\/produkt\/proteinreiche-tassennudeln-wurziges-curry\/","title":{"rendered":"Proteinreiche Nudeln mit Currygeschmack 32 g Protein pro Portion"},"content":{"rendered":"<h2>Proteinreiche Cup-Nudeln mit w\u00fcrzigem Currygeschmack \u2013 Zutaten<\/h2>\n<p><strong>Ramen:<\/strong> Vitales Weizengluten, Erbsenprotein, Weizenmehl, Buchweizenmehl, Erbsenfaserpulver, Tapiokast\u00e4rke, Konjakmehl, Xanthan, Natriumcarbonat.<\/p>\n<p><strong>Pikantes Curry-Gew\u00fcrz:<\/strong> Salz, Chilipulver, Knoblauchpulver, Zwiebelpulver, Currypulver, Soja\u00f6l, St\u00e4rke, Hefeextrakt, s\u00e4urehydrolysiertes pflanzliches Eiwei\u00dfpulver, Tomatenpulver, <a href=\"https:\/\/foodadditives.net\/flavor-enhancer\/disodium-5-ribonucleotides\/\" target=\"_blank\" rel=\"noopener\">Dinatrium-5\u2032-Ribonukleotid<\/a>, Lebensmittel-Aroma.<\/p>\n<p><strong>Gem\u00fcse:<\/strong> Gr\u00fcne Zwiebel, Karotte.<\/p>\n<p><strong>Enth\u00e4lt:<\/strong> Weizen, Sojaprodukte.<\/p>\n<h3>N\u00e4hrwertangaben - Portionsgr\u00f6\u00dfe 1 Beutel (66 g)<\/h3>\n<table border=\"1\" cellspacing=\"1\">\n<tbody>\n<tr>\n<td align=\"center\" width=\"284\">Energie<\/td>\n<td align=\"center\" width=\"284\">220 Kcal<\/td>\n<\/tr>\n<tr>\n<td align=\"center\" width=\"284\">Kohlenhydrate insgesamt<\/td>\n<td align=\"center\" width=\"284\">18g<\/td>\n<\/tr>\n<tr>\n<td align=\"center\" width=\"284\">Fett insgesamt<\/td>\n<td align=\"center\" width=\"284\">2g<\/td>\n<\/tr>\n<tr>\n<td align=\"center\" width=\"284\">Eiwei\u00df<\/td>\n<td align=\"center\" width=\"284\">32g<\/td>\n<\/tr>\n<tr>\n<td align=\"center\" width=\"284\">Ballaststoffe<\/td>\n<td align=\"center\" width=\"284\">4g<\/td>\n<\/tr>\n<tr>\n<td align=\"center\" width=\"284\">Natrium<\/td>\n<td align=\"center\" width=\"284\">660 mg<\/td>\n<\/tr>\n<tr>\n<td align=\"center\" width=\"284\">Eisen<\/td>\n<td align=\"center\" width=\"284\">5,5 mg<\/td>\n<\/tr>\n<tr>\n<td align=\"center\" width=\"284\">Kalium<\/td>\n<td align=\"center\" width=\"284\">177 mg<\/td>\n<\/tr>\n<tr>\n<td align=\"center\" width=\"284\">Kalzium<\/td>\n<td align=\"center\" width=\"284\">53 mg<\/td>\n<\/tr>\n<\/tbody>\n<\/table>\n<h3>Markengeschichte zu proteinreichen Cup-Nudeln<\/h3>\n<p>Als das Forschungs- und Entwicklungsteam von Sentaiyuan 2018 Konjak-Anbaugebiete in der tibetischen Region West-Sichuan inspizierte, stie\u00dfen sie auf eine besondere Ern\u00e4hrungsgewohnheit der \u00f6rtlichen Hirten: Sie mischen Yak-K\u00e4sepulver unter Gersten-Nudeln, um lagerf\u00e4hige, proteinreiche \"Energie-Nudeln\" f\u00fcr lange Weidezeiten herzustellen. Dieses einfache, aber kluge Rezept verdoppelt den Proteingehalt der Nudeln, was sie sehr s\u00e4ttigend macht und selbst an den k\u00e4ltesten Tagen lang anhaltende Energie liefert.<\/p>\n<p>Diese Entdeckung hat den wissenschaftlichen Experten des Teams, Prof. Li, zum Nachdenken angeregt: \"Wenn moderne Menschen auch solche proteinreichen Nudeln essen k\u00f6nnen, wird dies dann das Problem der Kohlenhydratabh\u00e4ngigkeit l\u00f6sen k\u00f6nnen, das in der st\u00e4dtischen Bev\u00f6lkerung vorherrscht?\"<\/p>\n<p>Zur\u00fcck im Labor begann das Team mit der Kombination von Pflanzenproteinen (z. B. Soja- und Erbsenproteine) mit herk\u00f6mmlichen Weizenproteinen zu experimentieren, stellte aber fest, dass der Geschmack rau war und von der breiten \u00d6ffentlichkeit nur schwer akzeptiert wurde.<\/p>\n<p>Bis zu einem zuf\u00e4lligen \"fehlgeschlagenen Experiment\", bei dem der Forscher versehentlich Hochtemperatur-Extrusion von <a href=\"https:\/\/sentaiyuanbio.com\/de\/produkt\/hersteller-von-konjakkautschuk\/\" target=\"_blank\" rel=\"noopener\">Konjak-Kaugummi<\/a> und Eiwei\u00dfmischung zuf\u00e4llig die elastischen und glutenhaltigen \"Eiwei\u00dfnudeln\" erhalten, deren Textur der von Spaghetti nahe kommt, die aber dreimal so viel Eiwei\u00df enthalten wie gew\u00f6hnliche Nudeln.<\/p>\n<p>Wir kreieren keine neuen Lebensmittel, sondern entschl\u00fcsseln die Ern\u00e4hrungsweisheit unserer Vorfahren.<\/p>\n<p><img fetchpriority=\"high\" decoding=\"async\" class=\"alignnone wp-image-5199 size-full\" title=\"proteinreiche Nudeln \" src=\"https:\/\/sentaiyuanbio.com\/wp-content\/uploads\/2025\/06\/high-protein-noodles-1.webp\" alt=\"proteinreiche Nudeln \" width=\"750\" height=\"599\" srcset=\"https:\/\/sentaiyuanbio.com\/wp-content\/uploads\/2025\/06\/high-protein-noodles-1.webp 750w, https:\/\/sentaiyuanbio.com\/wp-content\/uploads\/2025\/06\/high-protein-noodles-1-300x240.webp 300w, https:\/\/sentaiyuanbio.com\/wp-content\/uploads\/2025\/06\/high-protein-noodles-1-600x479.webp 600w\" sizes=\"(max-width: 750px) 100vw, 750px\" \/> <img decoding=\"async\" class=\"alignnone wp-image-5200 size-full\" title=\"proteinreiche Nudeln \" src=\"https:\/\/sentaiyuanbio.com\/wp-content\/uploads\/2025\/06\/high-protein-noodles-2.webp\" alt=\"proteinreiche Nudeln \" width=\"750\" height=\"403\" srcset=\"https:\/\/sentaiyuanbio.com\/wp-content\/uploads\/2025\/06\/high-protein-noodles-2.webp 750w, https:\/\/sentaiyuanbio.com\/wp-content\/uploads\/2025\/06\/high-protein-noodles-2-300x161.webp 300w, https:\/\/sentaiyuanbio.com\/wp-content\/uploads\/2025\/06\/high-protein-noodles-2-600x322.webp 600w\" sizes=\"(max-width: 750px) 100vw, 750px\" \/> <img decoding=\"async\" class=\"alignnone wp-image-5201 size-full\" title=\"proteinreiche Nudeln \" src=\"https:\/\/sentaiyuanbio.com\/wp-content\/uploads\/2025\/06\/high-protein-noodles-3.webp\" alt=\"proteinreiche Nudeln \" width=\"750\" height=\"585\" srcset=\"https:\/\/sentaiyuanbio.com\/wp-content\/uploads\/2025\/06\/high-protein-noodles-3.webp 750w, https:\/\/sentaiyuanbio.com\/wp-content\/uploads\/2025\/06\/high-protein-noodles-3-300x234.webp 300w, https:\/\/sentaiyuanbio.com\/wp-content\/uploads\/2025\/06\/high-protein-noodles-3-600x468.webp 600w\" sizes=\"(max-width: 750px) 100vw, 750px\" \/> <img loading=\"lazy\" decoding=\"async\" class=\"alignnone wp-image-5202 size-full\" title=\"proteinreiche Nudeln \" src=\"https:\/\/sentaiyuanbio.com\/wp-content\/uploads\/2025\/06\/high-protein-noodles-4.webp\" alt=\"proteinreiche Nudeln \" width=\"750\" height=\"722\" srcset=\"https:\/\/sentaiyuanbio.com\/wp-content\/uploads\/2025\/06\/high-protein-noodles-4.webp 750w, https:\/\/sentaiyuanbio.com\/wp-content\/uploads\/2025\/06\/high-protein-noodles-4-300x289.webp 300w, https:\/\/sentaiyuanbio.com\/wp-content\/uploads\/2025\/06\/high-protein-noodles-4-600x578.webp 600w\" sizes=\"(max-width: 750px) 100vw, 750px\" \/> <img loading=\"lazy\" decoding=\"async\" class=\"alignnone wp-image-5203 size-full\" title=\"proteinreiche Nudeln \" src=\"https:\/\/sentaiyuanbio.com\/wp-content\/uploads\/2025\/06\/high-protein-noodles-5.webp\" alt=\"proteinreiche Nudeln \" width=\"750\" height=\"577\" srcset=\"https:\/\/sentaiyuanbio.com\/wp-content\/uploads\/2025\/06\/high-protein-noodles-5.webp 750w, https:\/\/sentaiyuanbio.com\/wp-content\/uploads\/2025\/06\/high-protein-noodles-5-300x231.webp 300w, https:\/\/sentaiyuanbio.com\/wp-content\/uploads\/2025\/06\/high-protein-noodles-5-600x462.webp 600w\" sizes=\"(max-width: 750px) 100vw, 750px\" \/> <img loading=\"lazy\" decoding=\"async\" class=\"alignnone wp-image-5204 size-full\" title=\"proteinreiche Nudeln \" src=\"https:\/\/sentaiyuanbio.com\/wp-content\/uploads\/2025\/06\/high-protein-noodles-6.webp\" alt=\"proteinreiche Nudeln \" width=\"750\" height=\"502\" srcset=\"https:\/\/sentaiyuanbio.com\/wp-content\/uploads\/2025\/06\/high-protein-noodles-6.webp 750w, https:\/\/sentaiyuanbio.com\/wp-content\/uploads\/2025\/06\/high-protein-noodles-6-300x201.webp 300w, https:\/\/sentaiyuanbio.com\/wp-content\/uploads\/2025\/06\/high-protein-noodles-6-600x402.webp 600w\" sizes=\"(max-width: 750px) 100vw, 750px\" \/><\/p>","protected":false},"excerpt":{"rendered":"<p>Sentaiyuan ist stolz darauf, die neuen proteinreichen Tassennudeln in der Geschmacksrichtung \"Spicy Curry\" vorzustellen - die perfekte Kombination aus K\u00f6stlichkeit, Bequemlichkeit und N\u00e4hrwert, die Ihnen hilft, Ihr aktives Leben zu beginnen. Jede Tasse Nudeln enth\u00e4lt 32 Gramm Eiwei\u00df und 220 kcal und ist in weniger als 5 Minuten zubereitet, was sie zu einer schnellen und gesunden Wahl f\u00fcr vielbesch\u00e4ftigte Menschen macht!<br \/>\nWir haben ein k\u00f6stliches und nahrhaftes Ramen auf Pflanzenbasis entwickelt, das die Umwelt deutlich weniger belastet. Das ist gut f\u00fcr unseren K\u00f6rper, und gemeinsam k\u00f6nnen wir einen nachhaltigen Wandel bewirken!<\/p>","protected":false},"featured_media":5181,"template":"","meta":{"site-sidebar-layout":"default","site-content-layout":"","ast-site-content-layout":"default","site-content-style":"default","site-sidebar-style":"default","ast-global-header-display":"","ast-banner-title-visibility":"","ast-main-header-display":"","ast-hfb-above-header-display":"","ast-hfb-below-header-display":"","ast-hfb-mobile-header-display":"","site-post-title":"","ast-breadcrumbs-content":"","ast-featured-img":"","footer-sml-layout":"","ast-disable-related-posts":"","theme-transparent-header-meta":"default","adv-header-id-meta":"","stick-header-meta":"default","header-above-stick-meta":"","header-main-stick-meta":"","header-below-stick-meta":"","astra-migrate-meta-layouts":"set","ast-page-background-enabled":"default","ast-page-background-meta":{"desktop":{"background-color":"","background-image":"","background-repeat":"repeat","background-position":"center center","background-size":"auto","background-attachment":"scroll","background-type":"","background-media":"","overlay-type":"","overlay-color":"","overlay-opacity":"","overlay-gradient":""},"tablet":{"background-color":"","background-image":"","background-repeat":"repeat","background-position":"center center","background-size":"auto","background-attachment":"scroll","background-type":"","background-media":"","overlay-type":"","overlay-color":"","overlay-opacity":"","overlay-gradient":""},"mobile":{"background-color":"","background-image":"","background-repeat":"repeat","background-position":"center center","background-size":"auto","background-attachment":"scroll","background-type":"","background-media":"","overlay-type":"","overlay-color":"","overlay-opacity":"","overlay-gradient":""}},"ast-content-background-meta":{"desktop":{"background-color":"var(--ast-global-color-5)","background-image":"","background-repeat":"repeat","background-position":"center center","background-size":"auto","background-attachment":"scroll","background-type":"","background-media":"","overlay-type":"","overlay-color":"","overlay-opacity":"","overlay-gradient":""},"tablet":{"background-color":"var(--ast-global-color-5)","background-image":"","background-repeat":"repeat","background-position":"center center","background-size":"auto","background-attachment":"scroll","background-type":"","background-media":"","overlay-type":"","overlay-color":"","overlay-opacity":"","overlay-gradient":""},"mobile":{"background-color":"var(--ast-global-color-5)","background-image":"","background-repeat":"repeat","background-position":"center center","background-size":"auto","background-attachment":"scroll","background-type":"","background-media":"","overlay-type":"","overlay-color":"","overlay-opacity":"","overlay-gradient":""}}},"product_brand":[],"product_cat":[248],"product_tag":[],"class_list":{"0":"post-5180","1":"product","2":"type-product","3":"status-publish","4":"has-post-thumbnail","6":"product_cat-low-carb-high-protein-noodles","7":"desktop-align-left","8":"tablet-align-left","9":"mobile-align-left","10":"ast-product-gallery-layout-horizontal-slider","11":"ast-product-tabs-layout-horizontal","13":"first","14":"instock","15":"shipping-taxable","16":"product-type-simple"},"_links":{"self":[{"href":"https:\/\/sentaiyuanbio.com\/de\/wp-json\/wp\/v2\/product\/5180","targetHints":{"allow":["GET"]}}],"collection":[{"href":"https:\/\/sentaiyuanbio.com\/de\/wp-json\/wp\/v2\/product"}],"about":[{"href":"https:\/\/sentaiyuanbio.com\/de\/wp-json\/wp\/v2\/types\/product"}],"version-history":[{"count":0,"href":"https:\/\/sentaiyuanbio.com\/de\/wp-json\/wp\/v2\/product\/5180\/revisions"}],"wp:featuredmedia":[{"embeddable":true,"href":"https:\/\/sentaiyuanbio.com\/de\/wp-json\/wp\/v2\/media\/5181"}],"wp:attachment":[{"href":"https:\/\/sentaiyuanbio.com\/de\/wp-json\/wp\/v2\/media?parent=5180"}],"wp:term":[{"taxonomy":"product_brand","embeddable":true,"href":"https:\/\/sentaiyuanbio.com\/de\/wp-json\/wp\/v2\/product_brand?post=5180"},{"taxonomy":"product_cat","embeddable":true,"href":"https:\/\/sentaiyuanbio.com\/de\/wp-json\/wp\/v2\/product_cat?post=5180"},{"taxonomy":"product_tag","embeddable":true,"href":"https:\/\/sentaiyuanbio.com\/de\/wp-json\/wp\/v2\/product_tag?post=5180"}],"curies":[{"name":"wp","href":"https:\/\/api.w.org\/{rel}","templated":true}]}}