{"id":5215,"date":"2025-06-24T07:08:22","date_gmt":"2025-06-24T07:08:22","guid":{"rendered":"https:\/\/sentaiyuanbio.com\/?post_type=product&#038;p=5215"},"modified":"2025-10-27T03:25:52","modified_gmt":"2025-10-27T03:25:52","slug":"tasse-instantnudeln-mit-hohem-proteingehalt-62g","status":"publish","type":"product","link":"https:\/\/sentaiyuanbio.com\/de\/produkt\/tasse-instantnudeln-mit-hohem-proteingehalt-62g\/","title":{"rendered":"Instant-Nudeln mit hohem Proteingehalt und w\u00fcrzigem Kimchi-Geschmack 1 Tasse (62 g)"},"content":{"rendered":"<p>Diese proteinreichen Tassen-Instantnudeln enthalten bis zu 32 Gramm Eiwei\u00df pro Portion und sind reich an Vitaminen, Mineralien, Ballaststoffen und anderen N\u00e4hrstoffen, die f\u00fcr eine gesunde Ern\u00e4hrung notwendig sind.<\/p>\n<p>Kein L\u00f6ffel, kein Sch\u00fctteln erforderlich: einfach kochendes Wasser hinzuf\u00fcgen oder in der Mikrowelle mit hei\u00dfem Wasser erhitzen und die pflanzliche Instant-Mahlzeit genie\u00dfen.<\/p>\n<h2>Instantnudeln mit hohem Proteingehalt und w\u00fcrzigem Kimchi-Geschmack Zutaten<\/h2>\n<p><strong>Ramen:<\/strong> Vitales Weizengluten, Erbsenprotein, Weizenmehl, Buchweizenmehl, Erbsenfaserpulver, Tapiokast\u00e4rke, <a href=\"https:\/\/sentaiyuanbio.com\/de\/produkt\/konjakmehl-yamswurzel-konjakpulver\/\" target=\"_blank\" rel=\"noopener\">Konjak-Pulver<\/a>, Xanthangummi, Natriumcarbonat.<\/p>\n<p><strong>Scharfe Kimchi-W\u00fcrze:<\/strong> Speisesalz, Mono-Natrium-Glutamat (<a href=\"https:\/\/www.mayoclinic.org\/healthy-lifestyle\/nutrition-and-healthy-eating\/expert-answers\/monosodium-glutamate\/faq-20058196\" target=\"_blank\" rel=\"noopener\">MSG<\/a>), essbares Aroma, wei\u00dfer Kristallzucker, Kohlpulver, s\u00e4urehydrolisiertes pflanzliches Eiwei\u00dfpulver, Hefeextrakt, Zwiebelpulver, Chilipulver, Pilzpulver, Gew\u00fcrze, DL-Maleins\u00e4ure, Zitronens\u00e4ure, Trennmittel.<\/p>\n<p><strong>Kimchi:<\/strong> Napa-Kohl, rotes Paprikapulver, Knoblauch, Ingwer, Zucker.<\/p>\n<p><strong>Enth\u00e4lt:<\/strong> Weizen, Sojaprodukte.<\/p>\n<h3>N\u00e4hrwertangaben - Portionsgr\u00f6\u00dfe 1 Tasse (66 g)<\/h3>\n<table border=\"1\" cellspacing=\"1\">\n<tbody>\n<tr>\n<td align=\"center\" width=\"284\">Energie<\/td>\n<td align=\"center\" width=\"284\">200 Kcal<\/td>\n<\/tr>\n<tr>\n<td align=\"center\" width=\"284\">Kohlenhydrate insgesamt<\/td>\n<td align=\"center\" width=\"284\">20g<\/td>\n<\/tr>\n<tr>\n<td align=\"center\" width=\"284\">Fett insgesamt<\/td>\n<td align=\"center\" width=\"284\">1.5g<\/td>\n<\/tr>\n<tr>\n<td align=\"center\" width=\"284\">Eiwei\u00df<\/td>\n<td align=\"center\" width=\"284\">32g<\/td>\n<\/tr>\n<tr>\n<td align=\"center\" width=\"284\">Ballaststoffe<\/td>\n<td align=\"center\" width=\"284\">4g<\/td>\n<\/tr>\n<tr>\n<td align=\"center\" width=\"284\">Natrium<\/td>\n<td align=\"center\" width=\"284\">580 mg<\/td>\n<\/tr>\n<tr>\n<td align=\"center\" width=\"284\">Eisen<\/td>\n<td align=\"center\" width=\"284\">4,5 mg<\/td>\n<\/tr>\n<tr>\n<td align=\"center\" width=\"284\">Kalium<\/td>\n<td align=\"center\" width=\"284\">172 mg<\/td>\n<\/tr>\n<tr>\n<td align=\"center\" width=\"284\">Kalzium<\/td>\n<td align=\"center\" width=\"284\">41 mg<\/td>\n<\/tr>\n<\/tbody>\n<\/table>\n<h3>Instant-Nudeln mit hohem Proteingehalt Markengeschichte<\/h3>\n<p>2018 entdeckte das Sentaiyuan-Team in Tibet ein traditionelles Nudelrezept mit hohem Proteingehalt. Inspiriert davon entwickelte das Team durch einen zuf\u00e4lligen Durchbruch z\u00e4he, pasta\u00e4hnliche Konjak-Protein-Nudeln, indem es Konjak-Gummi und Pflanzenproteine mischte. Das Ergebnis: eine k\u00f6stliche, kohlenhydratarme Nudel mit dreimal so viel Eiwei\u00df wie herk\u00f6mmliche Nudeln.<\/p>\n<p><img fetchpriority=\"high\" decoding=\"async\" class=\"alignnone wp-image-5224 size-full\" title=\"Instant-Nudeln mit hohem Eiwei\u00dfgehalt\" src=\"https:\/\/sentaiyuanbio.com\/wp-content\/uploads\/2025\/06\/Protein-Instant-Noodles-1.webp\" alt=\"Protein Instant-Nudeln\" width=\"750\" height=\"563\" srcset=\"https:\/\/sentaiyuanbio.com\/wp-content\/uploads\/2025\/06\/Protein-Instant-Noodles-1.webp 750w, https:\/\/sentaiyuanbio.com\/wp-content\/uploads\/2025\/06\/Protein-Instant-Noodles-1-300x225.webp 300w, https:\/\/sentaiyuanbio.com\/wp-content\/uploads\/2025\/06\/Protein-Instant-Noodles-1-600x450.webp 600w\" sizes=\"(max-width: 750px) 100vw, 750px\" \/> <img decoding=\"async\" class=\"alignnone wp-image-5225 size-full\" title=\"Instant-Nudeln mit hohem Eiwei\u00dfgehalt\" src=\"https:\/\/sentaiyuanbio.com\/wp-content\/uploads\/2025\/06\/Protein-Instant-Noodles-2.webp\" alt=\"Protein Instant-Nudeln\" width=\"750\" height=\"615\" srcset=\"https:\/\/sentaiyuanbio.com\/wp-content\/uploads\/2025\/06\/Protein-Instant-Noodles-2.webp 750w, https:\/\/sentaiyuanbio.com\/wp-content\/uploads\/2025\/06\/Protein-Instant-Noodles-2-300x246.webp 300w, https:\/\/sentaiyuanbio.com\/wp-content\/uploads\/2025\/06\/Protein-Instant-Noodles-2-600x492.webp 600w\" sizes=\"(max-width: 750px) 100vw, 750px\" \/> <img decoding=\"async\" class=\"alignnone wp-image-5226 size-full\" title=\"Instant-Nudeln mit hohem Eiwei\u00dfgehalt\" src=\"https:\/\/sentaiyuanbio.com\/wp-content\/uploads\/2025\/06\/Protein-Instant-Noodles-3.webp\" alt=\"Protein Instant-Nudeln\" width=\"750\" height=\"615\" srcset=\"https:\/\/sentaiyuanbio.com\/wp-content\/uploads\/2025\/06\/Protein-Instant-Noodles-3.webp 750w, https:\/\/sentaiyuanbio.com\/wp-content\/uploads\/2025\/06\/Protein-Instant-Noodles-3-300x246.webp 300w, https:\/\/sentaiyuanbio.com\/wp-content\/uploads\/2025\/06\/Protein-Instant-Noodles-3-600x492.webp 600w\" sizes=\"(max-width: 750px) 100vw, 750px\" \/> <img loading=\"lazy\" decoding=\"async\" class=\"alignnone wp-image-5227 size-full\" title=\"Instant-Nudeln mit hohem Eiwei\u00dfgehalt\" src=\"https:\/\/sentaiyuanbio.com\/wp-content\/uploads\/2025\/06\/Protein-Instant-Noodles-4.webp\" alt=\"Protein Instant-Nudeln\" width=\"750\" height=\"612\" srcset=\"https:\/\/sentaiyuanbio.com\/wp-content\/uploads\/2025\/06\/Protein-Instant-Noodles-4.webp 750w, https:\/\/sentaiyuanbio.com\/wp-content\/uploads\/2025\/06\/Protein-Instant-Noodles-4-300x245.webp 300w, https:\/\/sentaiyuanbio.com\/wp-content\/uploads\/2025\/06\/Protein-Instant-Noodles-4-600x490.webp 600w\" sizes=\"(max-width: 750px) 100vw, 750px\" \/> <img loading=\"lazy\" decoding=\"async\" class=\"alignnone wp-image-5228 size-full\" title=\"Instant-Nudeln mit hohem Eiwei\u00dfgehalt\" src=\"https:\/\/sentaiyuanbio.com\/wp-content\/uploads\/2025\/06\/Protein-Instant-Noodles-5.webp\" alt=\"Instant-Nudeln mit hohem Eiwei\u00dfgehalt\" width=\"750\" height=\"589\" srcset=\"https:\/\/sentaiyuanbio.com\/wp-content\/uploads\/2025\/06\/Protein-Instant-Noodles-5.webp 750w, https:\/\/sentaiyuanbio.com\/wp-content\/uploads\/2025\/06\/Protein-Instant-Noodles-5-300x236.webp 300w, https:\/\/sentaiyuanbio.com\/wp-content\/uploads\/2025\/06\/Protein-Instant-Noodles-5-600x471.webp 600w\" sizes=\"(max-width: 750px) 100vw, 750px\" \/> <img loading=\"lazy\" decoding=\"async\" class=\"alignnone wp-image-5229 size-full\" title=\"Instant-Nudeln mit hohem Eiwei\u00dfgehalt\" src=\"https:\/\/sentaiyuanbio.com\/wp-content\/uploads\/2025\/06\/Protein-Instant-Noodles-6.webp\" alt=\"Instant-Nudeln mit hohem Eiwei\u00dfgehalt \" width=\"750\" height=\"478\" srcset=\"https:\/\/sentaiyuanbio.com\/wp-content\/uploads\/2025\/06\/Protein-Instant-Noodles-6.webp 750w, https:\/\/sentaiyuanbio.com\/wp-content\/uploads\/2025\/06\/Protein-Instant-Noodles-6-300x191.webp 300w, https:\/\/sentaiyuanbio.com\/wp-content\/uploads\/2025\/06\/Protein-Instant-Noodles-6-600x382.webp 600w\" sizes=\"(max-width: 750px) 100vw, 750px\" \/><\/p>","protected":false},"excerpt":{"rendered":"<p>Wir stellen vor: High Protein Cup Instant-Nudeln mit w\u00fcrzigem Kimchi-Geschmack und reinen Pflanzen und Proteinen. Genie\u00dfen Sie den reichhaltigen, s\u00e4ttigenden, w\u00fcrzigen Kimchi-Geschmack mit absolut keinen tierischen Zutaten.<br \/>\nWir von Sentaiyuan sind der Meinung, dass jeder Zugang zu k\u00f6stlichen, nahrhaften und erschwinglichen Mahlzeiten verdient hat. Deshalb stellen wir Nudeln mit hohem Proteingehalt her, die reichhaltigen Geschmack mit echten N\u00e4hrstoffen kombinieren - ein k\u00f6stlicher Genuss, der Ihre Geschmacksknospen entz\u00fcndet und Ihren K\u00f6rper und Geist n\u00e4hrt.<\/p>","protected":false},"featured_media":5216,"template":"","meta":{"site-sidebar-layout":"default","site-content-layout":"","ast-site-content-layout":"default","site-content-style":"default","site-sidebar-style":"default","ast-global-header-display":"","ast-banner-title-visibility":"","ast-main-header-display":"","ast-hfb-above-header-display":"","ast-hfb-below-header-display":"","ast-hfb-mobile-header-display":"","site-post-title":"","ast-breadcrumbs-content":"","ast-featured-img":"","footer-sml-layout":"","ast-disable-related-posts":"","theme-transparent-header-meta":"default","adv-header-id-meta":"","stick-header-meta":"default","header-above-stick-meta":"","header-main-stick-meta":"","header-below-stick-meta":"","astra-migrate-meta-layouts":"set","ast-page-background-enabled":"default","ast-page-background-meta":{"desktop":{"background-color":"","background-image":"","background-repeat":"repeat","background-position":"center center","background-size":"auto","background-attachment":"scroll","background-type":"","background-media":"","overlay-type":"","overlay-color":"","overlay-opacity":"","overlay-gradient":""},"tablet":{"background-color":"","background-image":"","background-repeat":"repeat","background-position":"center center","background-size":"auto","background-attachment":"scroll","background-type":"","background-media":"","overlay-type":"","overlay-color":"","overlay-opacity":"","overlay-gradient":""},"mobile":{"background-color":"","background-image":"","background-repeat":"repeat","background-position":"center center","background-size":"auto","background-attachment":"scroll","background-type":"","background-media":"","overlay-type":"","overlay-color":"","overlay-opacity":"","overlay-gradient":""}},"ast-content-background-meta":{"desktop":{"background-color":"var(--ast-global-color-5)","background-image":"","background-repeat":"repeat","background-position":"center center","background-size":"auto","background-attachment":"scroll","background-type":"","background-media":"","overlay-type":"","overlay-color":"","overlay-opacity":"","overlay-gradient":""},"tablet":{"background-color":"var(--ast-global-color-5)","background-image":"","background-repeat":"repeat","background-position":"center center","background-size":"auto","background-attachment":"scroll","background-type":"","background-media":"","overlay-type":"","overlay-color":"","overlay-opacity":"","overlay-gradient":""},"mobile":{"background-color":"var(--ast-global-color-5)","background-image":"","background-repeat":"repeat","background-position":"center center","background-size":"auto","background-attachment":"scroll","background-type":"","background-media":"","overlay-type":"","overlay-color":"","overlay-opacity":"","overlay-gradient":""}}},"product_brand":[],"product_cat":[248],"product_tag":[],"class_list":{"0":"post-5215","1":"product","2":"type-product","3":"status-publish","4":"has-post-thumbnail","6":"product_cat-low-carb-high-protein-noodles","7":"desktop-align-left","8":"tablet-align-left","9":"mobile-align-left","10":"ast-product-gallery-layout-horizontal-slider","11":"ast-product-tabs-layout-horizontal","13":"first","14":"instock","15":"shipping-taxable","16":"product-type-simple"},"_links":{"self":[{"href":"https:\/\/sentaiyuanbio.com\/de\/wp-json\/wp\/v2\/product\/5215","targetHints":{"allow":["GET"]}}],"collection":[{"href":"https:\/\/sentaiyuanbio.com\/de\/wp-json\/wp\/v2\/product"}],"about":[{"href":"https:\/\/sentaiyuanbio.com\/de\/wp-json\/wp\/v2\/types\/product"}],"version-history":[{"count":0,"href":"https:\/\/sentaiyuanbio.com\/de\/wp-json\/wp\/v2\/product\/5215\/revisions"}],"wp:featuredmedia":[{"embeddable":true,"href":"https:\/\/sentaiyuanbio.com\/de\/wp-json\/wp\/v2\/media\/5216"}],"wp:attachment":[{"href":"https:\/\/sentaiyuanbio.com\/de\/wp-json\/wp\/v2\/media?parent=5215"}],"wp:term":[{"taxonomy":"product_brand","embeddable":true,"href":"https:\/\/sentaiyuanbio.com\/de\/wp-json\/wp\/v2\/product_brand?post=5215"},{"taxonomy":"product_cat","embeddable":true,"href":"https:\/\/sentaiyuanbio.com\/de\/wp-json\/wp\/v2\/product_cat?post=5215"},{"taxonomy":"product_tag","embeddable":true,"href":"https:\/\/sentaiyuanbio.com\/de\/wp-json\/wp\/v2\/product_tag?post=5215"}],"curies":[{"name":"wp","href":"https:\/\/api.w.org\/{rel}","templated":true}]}}