{"id":5356,"date":"2025-11-07T07:18:44","date_gmt":"2025-11-07T07:18:44","guid":{"rendered":"https:\/\/sentaiyuanbio.com\/?post_type=product&#038;p=5356"},"modified":"2025-11-13T07:12:02","modified_gmt":"2025-11-13T07:12:02","slug":"eiweisreiche-nudeln-mit-wurzigem-huhn","status":"publish","type":"product","link":"https:\/\/sentaiyuanbio.com\/de\/produkt\/eiweisreiche-nudeln-mit-wurzigem-huhn\/","title":{"rendered":"Nudeln mit hohem Proteingehalt W\u00fcrziges H\u00fchnerfleisch 29 g Protein pro Portion"},"content":{"rendered":"<h2>Nudeln mit hohem Proteingehalt und w\u00fcrzigem H\u00fchnergeschmack Inhaltsstofferkl\u00e4rung<\/h2>\n<p><strong>Ramen Zutaten:<\/strong> Vitales Weizengluten 34,7%, Erbsenprotein 23,6%, Weizenmehl 17,5%, Buchweizenmehl 10,2%, Erbsenfaser 6,7%, Tapiokast\u00e4rke 4,5%, Salz 1,5%, <a href=\"https:\/\/sentaiyuanbio.com\/de\/produkt\/konjakmehl-yamswurzel-konjakpulver\/\" target=\"_blank\" rel=\"noopener\">Konjakmehl<\/a> 0.5%, <a href=\"https:\/\/hethstia.com\/konjac-powder-vs-xanthan-gum\/\" target=\"_blank\" rel=\"noopener\">Xanthangummi<\/a> 0,6%(Verdickungsmittel, E415), Natriumcarbonat 0,2%(S\u00e4ureregulator, E500).<\/p>\n<p><strong>P\u00e4ckchen mit pikanter H\u00e4hnchen-Aromaso\u00dfe:<\/strong> Wasser 41.6%, Soja\u00f6l 18%, Zucker 8%, Gebraute Sojasauce (Wasser, Sojabohnen, Zucker, Salz, Weizen, Strohpilz) 6%, Chilipulver 5.57%, Salz 5%, Glukose 4%, Hefeextrakt 4%, Zwiebel 3%, Knoblauch 3%, Maisst\u00e4rke 1%, Capsicum oleoresin 0.38%, Dinatrium-5\u2032-Ribonukleotide (Geschmacksverst\u00e4rker, E635) 0.2%, Aroma 0.2%, Kaliumsorbat (Konservierungsmittel, E202) 0.03%, Tocopherol-reicher Extrakt (Antioxidationsmittel, E306) 0.02%.<\/p>\n<h2>N\u00e4hrwertangaben<\/h2>\n<table border=\"1\" cellspacing=\"1\">\n<tbody>\n<tr>\n<td align=\"center\" width=\"284\"><b>Artikel<\/b><\/td>\n<td align=\"center\" width=\"284\">pro 80g<\/td>\n<td align=\"center\" width=\"284\">pro 100g<\/td>\n<\/tr>\n<tr>\n<td align=\"center\" width=\"284\"><b>Energie<\/b><\/td>\n<td align=\"center\" width=\"284\">1090kJ\/258kcal<\/td>\n<td align=\"center\" width=\"284\">1363kJ\/323kcal<\/td>\n<\/tr>\n<tr>\n<td align=\"center\" width=\"284\"><b>Fett insgesamt<\/b><\/td>\n<td align=\"center\" width=\"284\">4.5g<\/td>\n<td align=\"center\" width=\"284\">5.7g<\/td>\n<\/tr>\n<tr>\n<td align=\"center\" width=\"284\">- Ges\u00e4ttigtes Fett<\/td>\n<td align=\"center\" width=\"284\">1.0g<\/td>\n<td align=\"center\" width=\"284\">1.3g<\/td>\n<\/tr>\n<tr>\n<td align=\"center\" width=\"284\">- Transfette<\/td>\n<td align=\"center\" width=\"284\">0g<\/td>\n<td align=\"center\" width=\"284\">0g<\/td>\n<\/tr>\n<tr>\n<td align=\"center\" width=\"284\"><b>Natrium<\/b><\/td>\n<td align=\"center\" width=\"284\">955 mg<\/td>\n<td align=\"center\" width=\"284\">1194 mg<\/td>\n<\/tr>\n<tr>\n<td align=\"center\" width=\"284\"><b>Salz<\/b><\/td>\n<td align=\"center\" width=\"284\">2.39 g<\/td>\n<td align=\"center\" width=\"284\">2.98 g<\/td>\n<\/tr>\n<tr>\n<td align=\"center\" width=\"284\"><b>Kohlenhydrate insgesamt<\/b><\/td>\n<td align=\"center\" width=\"284\">23.9g<\/td>\n<td align=\"center\" width=\"284\">29.8g<\/td>\n<\/tr>\n<tr>\n<td align=\"center\" width=\"284\">- Zucker insgesamt<\/td>\n<td align=\"center\" width=\"284\">3.6g<\/td>\n<td align=\"center\" width=\"284\">4.5g<\/td>\n<\/tr>\n<tr>\n<td align=\"center\" width=\"284\">Ballaststoffe<\/td>\n<td align=\"center\" width=\"284\">3.8g<\/td>\n<td align=\"center\" width=\"284\">4.8g<\/td>\n<\/tr>\n<tr>\n<td align=\"center\" width=\"284\"><b>Eiwei\u00df<\/b><\/td>\n<td align=\"center\" width=\"284\">28.6g<\/td>\n<td align=\"center\" width=\"284\">35.8g<\/td>\n<\/tr>\n<\/tbody>\n<\/table>\n<h2>Informationen \u00fcber Allergene<\/h2>\n<table border=\"1\" cellspacing=\"1\">\n<tbody>\n<tr>\n<td align=\"center\" width=\"284\"><b>Komponenten<\/b><\/td>\n<td align=\"center\" width=\"284\"><b>Enth\u00e4lt (als Zutat oder Teil einer Zutat)<\/b><\/td>\n<td align=\"center\" width=\"284\"><b>Kann Folgendes enthalten (aus der Verarbeitung)<\/b><\/td>\n<td align=\"center\" width=\"284\"><b>Kann enthalten (im Unternehmen)<\/b><\/td>\n<\/tr>\n<tr>\n<td align=\"center\" width=\"284\"><b>Allergen<\/b><\/td>\n<td align=\"center\" width=\"284\"><b>Ja\/Nein<\/b><\/td>\n<td align=\"center\" width=\"284\"><b>Ja\/Nein<\/b><\/td>\n<td align=\"center\" width=\"284\"><b>Ja\/Nein<\/b><\/td>\n<\/tr>\n<tr>\n<td align=\"center\" width=\"284\">Getreide (Weizen, Roggen, Gerste, Hafer, Buchweizen, Dinkel usw. oder deren Hybridsorten)<\/td>\n<td align=\"center\" width=\"284\">Ja<\/td>\n<td align=\"center\" width=\"284\">Nein<\/td>\n<td align=\"center\" width=\"284\">Nein<\/td>\n<\/tr>\n<tr>\n<td align=\"center\" width=\"284\">Krustentiere und deren Erzeugnisse<\/td>\n<td align=\"center\" width=\"284\">Nein<\/td>\n<td align=\"center\" width=\"284\">Nein<\/td>\n<td align=\"center\" width=\"284\">Nein<\/td>\n<\/tr>\n<tr>\n<td align=\"center\" width=\"284\">Eier und Eierzeugnisse<\/td>\n<td align=\"center\" width=\"284\">Nein<\/td>\n<td align=\"center\" width=\"284\">Nein<\/td>\n<td align=\"center\" width=\"284\">Nein<\/td>\n<\/tr>\n<tr>\n<td align=\"center\" width=\"284\">Fisch und Fischereierzeugnisse<\/td>\n<td align=\"center\" width=\"284\">Nein<\/td>\n<td align=\"center\" width=\"284\">Nein<\/td>\n<td align=\"center\" width=\"284\">Nein<\/td>\n<\/tr>\n<tr>\n<td align=\"center\" width=\"284\">Erdn\u00fcsse und Erdnusserzeugnisse<\/td>\n<td align=\"center\" width=\"284\">Nein<\/td>\n<td align=\"center\" width=\"284\">Nein<\/td>\n<td align=\"center\" width=\"284\">Nein<\/td>\n<\/tr>\n<tr>\n<td align=\"center\" width=\"284\">Sojabohnen und Sojaerzeugnisse<\/td>\n<td align=\"center\" width=\"284\">Ja<\/td>\n<td align=\"center\" width=\"284\">Nein<\/td>\n<td align=\"center\" width=\"284\">Nein<\/td>\n<\/tr>\n<tr>\n<td align=\"center\" width=\"284\">Milch und Milcherzeugnisse (einschlie\u00dflich Laktose)<\/td>\n<td align=\"center\" width=\"284\">Nein<\/td>\n<td align=\"center\" width=\"284\">Nein<\/td>\n<td align=\"center\" width=\"284\">Nein<\/td>\n<\/tr>\n<tr>\n<td align=\"center\" width=\"284\">N\u00fcsse, Mandeln, Haseln\u00fcsse, Waln\u00fcsse, Cashewn\u00fcsse, Pekann\u00fcsse, Paran\u00fcsse, Pistazien, Macadamia, Queensland-N\u00fcsse und Erzeugnisse daraus<\/td>\n<td align=\"center\" width=\"284\">Nein<\/td>\n<td align=\"center\" width=\"284\">Nein<\/td>\n<td align=\"center\" width=\"284\">Nein<\/td>\n<\/tr>\n<tr>\n<td align=\"center\" width=\"284\">Sellerie und Sellerieerzeugnisse<\/td>\n<td align=\"center\" width=\"284\">Nein<\/td>\n<td align=\"center\" width=\"284\">Nein<\/td>\n<td align=\"center\" width=\"284\">Nein<\/td>\n<\/tr>\n<tr>\n<td align=\"center\" width=\"284\">Senf und Senferzeugnisse<\/td>\n<td align=\"center\" width=\"284\">Nein<\/td>\n<td align=\"center\" width=\"284\">Nein<\/td>\n<td align=\"center\" width=\"284\">Nein<\/td>\n<\/tr>\n<tr>\n<td align=\"center\" width=\"284\">Sesamsamen und daraus hergestellte Erzeugnisse<\/td>\n<td align=\"center\" width=\"284\">Nein<\/td>\n<td align=\"center\" width=\"284\">Nein<\/td>\n<td align=\"center\" width=\"284\">Nein<\/td>\n<\/tr>\n<tr>\n<td align=\"center\" width=\"284\">Schwefeldioxid und Sulfite in Konzentrationen von mehr als 10 mg\/kg oder 10 mg\/Liter, ausgedr\u00fcckt als SO2<\/td>\n<td align=\"center\" width=\"284\">Nein<\/td>\n<td align=\"center\" width=\"284\">Nein<\/td>\n<td align=\"center\" width=\"284\">Nein<\/td>\n<\/tr>\n<tr>\n<td align=\"center\" width=\"284\">Lupine und ihre Erzeugnisse<\/td>\n<td align=\"center\" width=\"284\">Nein<\/td>\n<td align=\"center\" width=\"284\">Nein<\/td>\n<td align=\"center\" width=\"284\">Nein<\/td>\n<\/tr>\n<tr>\n<td align=\"center\" width=\"284\">Weichtiere und deren Erzeugnisse<\/td>\n<td align=\"center\" width=\"284\">Nein<\/td>\n<td align=\"center\" width=\"284\">Nein<\/td>\n<td align=\"center\" width=\"284\">Nein<\/td>\n<\/tr>\n<\/tbody>\n<\/table>\n<p><img fetchpriority=\"high\" decoding=\"async\" class=\"alignnone wp-image-5362 size-full\" title=\"Proteinreiche Nudeln\" src=\"https:\/\/sentaiyuanbio.com\/wp-content\/uploads\/2025\/11\/High-Protein-Noodles-1.webp\" alt=\"Proteinreiche Nudeln\" width=\"750\" height=\"600\" srcset=\"https:\/\/sentaiyuanbio.com\/wp-content\/uploads\/2025\/11\/High-Protein-Noodles-1.webp 750w, https:\/\/sentaiyuanbio.com\/wp-content\/uploads\/2025\/11\/High-Protein-Noodles-1-300x240.webp 300w, https:\/\/sentaiyuanbio.com\/wp-content\/uploads\/2025\/11\/High-Protein-Noodles-1-15x12.webp 15w, https:\/\/sentaiyuanbio.com\/wp-content\/uploads\/2025\/11\/High-Protein-Noodles-1-600x480.webp 600w\" sizes=\"(max-width: 750px) 100vw, 750px\" \/> <img decoding=\"async\" class=\"alignnone wp-image-5363 size-full\" title=\"Proteinreiche Nudeln\" src=\"https:\/\/sentaiyuanbio.com\/wp-content\/uploads\/2025\/11\/High-Protein-Noodles-2.webp\" alt=\"Proteinreiche Nudeln\" width=\"750\" height=\"533\" srcset=\"https:\/\/sentaiyuanbio.com\/wp-content\/uploads\/2025\/11\/High-Protein-Noodles-2.webp 750w, https:\/\/sentaiyuanbio.com\/wp-content\/uploads\/2025\/11\/High-Protein-Noodles-2-300x213.webp 300w, https:\/\/sentaiyuanbio.com\/wp-content\/uploads\/2025\/11\/High-Protein-Noodles-2-18x12.webp 18w, https:\/\/sentaiyuanbio.com\/wp-content\/uploads\/2025\/11\/High-Protein-Noodles-2-600x426.webp 600w\" sizes=\"(max-width: 750px) 100vw, 750px\" \/> <img decoding=\"async\" class=\"alignnone wp-image-5364 size-full\" title=\"Proteinreiche Nudeln\" src=\"https:\/\/sentaiyuanbio.com\/wp-content\/uploads\/2025\/11\/High-Protein-Noodles-3.webp\" alt=\"Proteinreiche Nudeln\" width=\"750\" height=\"667\" srcset=\"https:\/\/sentaiyuanbio.com\/wp-content\/uploads\/2025\/11\/High-Protein-Noodles-3.webp 750w, https:\/\/sentaiyuanbio.com\/wp-content\/uploads\/2025\/11\/High-Protein-Noodles-3-300x267.webp 300w, https:\/\/sentaiyuanbio.com\/wp-content\/uploads\/2025\/11\/High-Protein-Noodles-3-13x12.webp 13w, https:\/\/sentaiyuanbio.com\/wp-content\/uploads\/2025\/11\/High-Protein-Noodles-3-600x534.webp 600w\" sizes=\"(max-width: 750px) 100vw, 750px\" \/> <img loading=\"lazy\" decoding=\"async\" class=\"alignnone wp-image-5365 size-full\" title=\"Proteinreiche Nudeln\" src=\"https:\/\/sentaiyuanbio.com\/wp-content\/uploads\/2025\/11\/High-Protein-Noodles-4.webp\" alt=\"Proteinreiche Nudeln\" width=\"750\" height=\"660\" srcset=\"https:\/\/sentaiyuanbio.com\/wp-content\/uploads\/2025\/11\/High-Protein-Noodles-4.webp 750w, https:\/\/sentaiyuanbio.com\/wp-content\/uploads\/2025\/11\/High-Protein-Noodles-4-300x264.webp 300w, https:\/\/sentaiyuanbio.com\/wp-content\/uploads\/2025\/11\/High-Protein-Noodles-4-14x12.webp 14w, https:\/\/sentaiyuanbio.com\/wp-content\/uploads\/2025\/11\/High-Protein-Noodles-4-600x528.webp 600w\" sizes=\"(max-width: 750px) 100vw, 750px\" \/> <img loading=\"lazy\" decoding=\"async\" class=\"alignnone wp-image-5366 size-full\" title=\"Proteinreiche Nudeln\" src=\"https:\/\/sentaiyuanbio.com\/wp-content\/uploads\/2025\/11\/High-Protein-Noodles-5.webp\" alt=\"Proteinreiche Nudeln\" width=\"750\" height=\"668\" srcset=\"https:\/\/sentaiyuanbio.com\/wp-content\/uploads\/2025\/11\/High-Protein-Noodles-5.webp 750w, https:\/\/sentaiyuanbio.com\/wp-content\/uploads\/2025\/11\/High-Protein-Noodles-5-300x267.webp 300w, https:\/\/sentaiyuanbio.com\/wp-content\/uploads\/2025\/11\/High-Protein-Noodles-5-13x12.webp 13w, https:\/\/sentaiyuanbio.com\/wp-content\/uploads\/2025\/11\/High-Protein-Noodles-5-600x534.webp 600w\" sizes=\"(max-width: 750px) 100vw, 750px\" \/><\/p>","protected":false},"excerpt":{"rendered":"<p>Diese proteinreichen Nudeln mit w\u00fcrzigem H\u00fchnerfleisch enthalten 29 Gramm Protein pro Portion. Die z\u00e4hen Nudeln gepaart mit mittlerer W\u00fcrze bieten genau die richtige Menge an Anregung f\u00fcr Gew\u00fcrzliebhaber. Pflanzliches Eiwei\u00df, luftgetrocknet, fettarm, nicht frittiert, NON-GMO.<\/p>","protected":false},"featured_media":5357,"template":"","meta":{"site-sidebar-layout":"default","site-content-layout":"","ast-site-content-layout":"default","site-content-style":"default","site-sidebar-style":"default","ast-global-header-display":"","ast-banner-title-visibility":"","ast-main-header-display":"","ast-hfb-above-header-display":"","ast-hfb-below-header-display":"","ast-hfb-mobile-header-display":"","site-post-title":"","ast-breadcrumbs-content":"","ast-featured-img":"","footer-sml-layout":"","ast-disable-related-posts":"","theme-transparent-header-meta":"default","adv-header-id-meta":"","stick-header-meta":"default","header-above-stick-meta":"","header-main-stick-meta":"","header-below-stick-meta":"","astra-migrate-meta-layouts":"set","ast-page-background-enabled":"default","ast-page-background-meta":{"desktop":{"background-color":"","background-image":"","background-repeat":"repeat","background-position":"center center","background-size":"auto","background-attachment":"scroll","background-type":"","background-media":"","overlay-type":"","overlay-color":"","overlay-opacity":"","overlay-gradient":""},"tablet":{"background-color":"","background-image":"","background-repeat":"repeat","background-position":"center center","background-size":"auto","background-attachment":"scroll","background-type":"","background-media":"","overlay-type":"","overlay-color":"","overlay-opacity":"","overlay-gradient":""},"mobile":{"background-color":"","background-image":"","background-repeat":"repeat","background-position":"center center","background-size":"auto","background-attachment":"scroll","background-type":"","background-media":"","overlay-type":"","overlay-color":"","overlay-opacity":"","overlay-gradient":""}},"ast-content-background-meta":{"desktop":{"background-color":"var(--ast-global-color-5)","background-image":"","background-repeat":"repeat","background-position":"center center","background-size":"auto","background-attachment":"scroll","background-type":"","background-media":"","overlay-type":"","overlay-color":"","overlay-opacity":"","overlay-gradient":""},"tablet":{"background-color":"var(--ast-global-color-5)","background-image":"","background-repeat":"repeat","background-position":"center center","background-size":"auto","background-attachment":"scroll","background-type":"","background-media":"","overlay-type":"","overlay-color":"","overlay-opacity":"","overlay-gradient":""},"mobile":{"background-color":"var(--ast-global-color-5)","background-image":"","background-repeat":"repeat","background-position":"center center","background-size":"auto","background-attachment":"scroll","background-type":"","background-media":"","overlay-type":"","overlay-color":"","overlay-opacity":"","overlay-gradient":""}}},"product_brand":[],"product_cat":[248],"product_tag":[],"class_list":{"0":"post-5356","1":"product","2":"type-product","3":"status-publish","4":"has-post-thumbnail","6":"product_cat-low-carb-high-protein-noodles","7":"desktop-align-left","8":"tablet-align-left","9":"mobile-align-left","10":"ast-product-gallery-layout-horizontal-slider","11":"ast-product-tabs-layout-horizontal","13":"first","14":"instock","15":"shipping-taxable","16":"product-type-simple"},"_links":{"self":[{"href":"https:\/\/sentaiyuanbio.com\/de\/wp-json\/wp\/v2\/product\/5356","targetHints":{"allow":["GET"]}}],"collection":[{"href":"https:\/\/sentaiyuanbio.com\/de\/wp-json\/wp\/v2\/product"}],"about":[{"href":"https:\/\/sentaiyuanbio.com\/de\/wp-json\/wp\/v2\/types\/product"}],"version-history":[{"count":0,"href":"https:\/\/sentaiyuanbio.com\/de\/wp-json\/wp\/v2\/product\/5356\/revisions"}],"wp:featuredmedia":[{"embeddable":true,"href":"https:\/\/sentaiyuanbio.com\/de\/wp-json\/wp\/v2\/media\/5357"}],"wp:attachment":[{"href":"https:\/\/sentaiyuanbio.com\/de\/wp-json\/wp\/v2\/media?parent=5356"}],"wp:term":[{"taxonomy":"product_brand","embeddable":true,"href":"https:\/\/sentaiyuanbio.com\/de\/wp-json\/wp\/v2\/product_brand?post=5356"},{"taxonomy":"product_cat","embeddable":true,"href":"https:\/\/sentaiyuanbio.com\/de\/wp-json\/wp\/v2\/product_cat?post=5356"},{"taxonomy":"product_tag","embeddable":true,"href":"https:\/\/sentaiyuanbio.com\/de\/wp-json\/wp\/v2\/product_tag?post=5356"}],"curies":[{"name":"wp","href":"https:\/\/api.w.org\/{rel}","templated":true}]}}