{"id":5403,"date":"2025-11-12T06:12:29","date_gmt":"2025-11-12T06:12:29","guid":{"rendered":"https:\/\/sentaiyuanbio.com\/?post_type=product&#038;p=5403"},"modified":"2025-11-12T06:47:59","modified_gmt":"2025-11-12T06:47:59","slug":"ramen-teriyaki-mit-hohem-eiweisgehalt-und-wenig-kohlenhydraten","status":"publish","type":"product","link":"https:\/\/sentaiyuanbio.com\/de\/produkt\/ramen-teriyaki-mit-hohem-eiweisgehalt-und-wenig-kohlenhydraten\/","title":{"rendered":"Proteinreiche Low Carb Ramen Teriyaki Rindfleisch-Geschmack, Protein f\u00fcr Ramen"},"content":{"rendered":"<h2>Ramen Teriyaki Rindfleisch mit hohem Proteingehalt und wenig Kohlenhydraten Inhaltsstofferkl\u00e4rung<\/h2>\n<p><strong>Ramen:<\/strong> Vitales Weizengluten 34,7%, Erbsenprotein 23,6%, Weizenmehl 17,5%, Buchweizenmehl 10,2%, Erbsenfaser 6,7%, Tapiokast\u00e4rke 4,5%, Salz 1,5%, <a href=\"https:\/\/sentaiyuanbio.com\/de\/produkt\/konjakmehl-yamswurzel-konjakpulver\/\" target=\"_blank\" rel=\"noopener\">Konjakmehl<\/a> 0.5%, <a href=\"https:\/\/hethstia.com\/konjac-powder-vs-xanthan-gum\/\" target=\"_blank\" rel=\"noopener\">Xanthangummi<\/a> 0,6%(Verdickungsmittel, E415), Natriumcarbonat 0,2%(S\u00e4ureregulator, E500).<\/p>\n<p><strong>Teriyaki-Rindfleisch-Geschmackssauce-Paket:<\/strong> S\u00fc\u00dfweizenpaste(Wasser, Weizenmehl, Salz, Kaliumsorbat(Konservierungsmittel, E202)) 30%, Zucker 28%, Sojasauce(Wasser 42%, Sojabohnen 42%, Salz 16%) 12%, Wasser 9.8%, Salz 6%, Sojabohnen\u00f6l 5%, Apfelessig(Wasser, Wei\u00dfdornsaftkonzentrat, Apfelsaftkonzentrat, Salz) 4%, hydrolysiertes Sojaproteinpulver 2%, Hefeextrakt 2%, Karamellfarbe(Farbstoff, E150a) 0.5%, Xanthangummi(Verdickungsmittel, E415) 0.3%, Dinatrium 5\u2032-ribonucleotide(Geschmacksverst\u00e4rker, E635)<br \/>\n0,2%, Aromastoffe 0,2%.<\/p>\n<h2>N\u00e4hrwertangaben<\/h2>\n<table border=\"1\" cellspacing=\"1\">\n<tbody>\n<tr>\n<td align=\"center\" width=\"284\"><b>Artikel<\/b><\/td>\n<td align=\"center\" width=\"284\">pro 80g<\/td>\n<td align=\"center\" width=\"284\">pro 100g<\/td>\n<\/tr>\n<tr>\n<td align=\"center\" width=\"284\"><b>Energie<\/b><\/td>\n<td align=\"center\" width=\"284\">1112kJ\/263kcal<\/td>\n<td align=\"center\" width=\"284\">1390kJ\/329kcal<\/td>\n<\/tr>\n<tr>\n<td align=\"center\" width=\"284\"><b>Fett insgesamt<\/b><\/td>\n<td align=\"center\" width=\"284\">2.6g<\/td>\n<td align=\"center\" width=\"284\">3.3g<\/td>\n<\/tr>\n<tr>\n<td align=\"center\" width=\"284\">- Ges\u00e4ttigtes Fett<\/td>\n<td align=\"center\" width=\"284\">0.6g<\/td>\n<td align=\"center\" width=\"284\">0.7g<\/td>\n<\/tr>\n<tr>\n<td align=\"center\" width=\"284\">- Transfette<\/td>\n<td align=\"center\" width=\"284\">0g<\/td>\n<td align=\"center\" width=\"284\">0g<\/td>\n<\/tr>\n<tr>\n<td align=\"center\" width=\"284\"><b>Natrium<\/b><\/td>\n<td align=\"center\" width=\"284\">1267 mg<\/td>\n<td align=\"center\" width=\"284\">1584 mg<\/td>\n<\/tr>\n<tr>\n<td align=\"center\" width=\"284\"><b>Salz<\/b><\/td>\n<td align=\"center\" width=\"284\">3.17 g<\/td>\n<td align=\"center\" width=\"284\">3.96 g<\/td>\n<\/tr>\n<tr>\n<td align=\"center\" width=\"284\"><b>Kohlenhydrate insgesamt<\/b><\/td>\n<td align=\"center\" width=\"284\">29.0g<\/td>\n<td align=\"center\" width=\"284\">36.3g<\/td>\n<\/tr>\n<tr>\n<td align=\"center\" width=\"284\">- Zucker insgesamt<\/td>\n<td align=\"center\" width=\"284\">7.8g<\/td>\n<td align=\"center\" width=\"284\">9.7g<\/td>\n<\/tr>\n<tr>\n<td align=\"center\" width=\"284\">Ballaststoffe<\/td>\n<td align=\"center\" width=\"284\">3.8g<\/td>\n<td align=\"center\" width=\"284\">4.8g<\/td>\n<\/tr>\n<tr>\n<td align=\"center\" width=\"284\"><b>Eiwei\u00df<\/b><\/td>\n<td align=\"center\" width=\"284\">28.9g<\/td>\n<td align=\"center\" width=\"284\">36.1g<\/td>\n<\/tr>\n<\/tbody>\n<\/table>\n<h2>Informationen \u00fcber Allergene<\/h2>\n<table border=\"1\" cellspacing=\"1\">\n<tbody>\n<tr>\n<td align=\"center\" width=\"284\"><b>Komponenten<\/b><\/td>\n<td align=\"center\" width=\"284\"><b>Enth\u00e4lt (als Zutat oder Teil einer Zutat)<\/b><\/td>\n<td align=\"center\" width=\"284\"><b>Kann Folgendes enthalten (aus der Verarbeitung)<\/b><\/td>\n<td align=\"center\" width=\"284\"><b>Kann enthalten (im Unternehmen)<\/b><\/td>\n<\/tr>\n<tr>\n<td align=\"center\" width=\"284\"><b>Allergen<\/b><\/td>\n<td align=\"center\" width=\"284\"><b>Ja\/Nein<\/b><\/td>\n<td align=\"center\" width=\"284\"><b>Ja\/Nein<\/b><\/td>\n<td align=\"center\" width=\"284\"><b>Ja\/Nein<\/b><\/td>\n<\/tr>\n<tr>\n<td align=\"center\" width=\"284\">Getreide (Weizen, Roggen, Gerste, Hafer, Buchweizen, Dinkel usw. oder deren Hybridsorten)<\/td>\n<td align=\"center\" width=\"284\">Ja<\/td>\n<td align=\"center\" width=\"284\">Nein<\/td>\n<td align=\"center\" width=\"284\">Nein<\/td>\n<\/tr>\n<tr>\n<td align=\"center\" width=\"284\">Krustentiere und deren Erzeugnisse<\/td>\n<td align=\"center\" width=\"284\">Nein<\/td>\n<td align=\"center\" width=\"284\">Nein<\/td>\n<td align=\"center\" width=\"284\">Nein<\/td>\n<\/tr>\n<tr>\n<td align=\"center\" width=\"284\">Eier und Eierzeugnisse<\/td>\n<td align=\"center\" width=\"284\">Nein<\/td>\n<td align=\"center\" width=\"284\">Nein<\/td>\n<td align=\"center\" width=\"284\">Nein<\/td>\n<\/tr>\n<tr>\n<td align=\"center\" width=\"284\">Fisch und Fischereierzeugnisse<\/td>\n<td align=\"center\" width=\"284\">Nein<\/td>\n<td align=\"center\" width=\"284\">Nein<\/td>\n<td align=\"center\" width=\"284\">Nein<\/td>\n<\/tr>\n<tr>\n<td align=\"center\" width=\"284\">Erdn\u00fcsse und Erdnusserzeugnisse<\/td>\n<td align=\"center\" width=\"284\">Nein<\/td>\n<td align=\"center\" width=\"284\">Nein<\/td>\n<td align=\"center\" width=\"284\">Nein<\/td>\n<\/tr>\n<tr>\n<td align=\"center\" width=\"284\">Sojabohnen und Sojaerzeugnisse<\/td>\n<td align=\"center\" width=\"284\">Ja<\/td>\n<td align=\"center\" width=\"284\">Nein<\/td>\n<td align=\"center\" width=\"284\">Nein<\/td>\n<\/tr>\n<tr>\n<td align=\"center\" width=\"284\">Milch und Milcherzeugnisse (einschlie\u00dflich Laktose)<\/td>\n<td align=\"center\" width=\"284\">Nein<\/td>\n<td align=\"center\" width=\"284\">Nein<\/td>\n<td align=\"center\" width=\"284\">Nein<\/td>\n<\/tr>\n<tr>\n<td align=\"center\" width=\"284\">N\u00fcsse, Mandeln, Haseln\u00fcsse, Waln\u00fcsse, Cashewn\u00fcsse, Pekann\u00fcsse, Paran\u00fcsse, Pistazien, Macadamia, Queensland-N\u00fcsse und Erzeugnisse daraus<\/td>\n<td align=\"center\" width=\"284\">Nein<\/td>\n<td align=\"center\" width=\"284\">Nein<\/td>\n<td align=\"center\" width=\"284\">Nein<\/td>\n<\/tr>\n<tr>\n<td align=\"center\" width=\"284\">Sellerie und Sellerieerzeugnisse<\/td>\n<td align=\"center\" width=\"284\">Nein<\/td>\n<td align=\"center\" width=\"284\">Nein<\/td>\n<td align=\"center\" width=\"284\">Nein<\/td>\n<\/tr>\n<tr>\n<td align=\"center\" width=\"284\">Senf und Senferzeugnisse<\/td>\n<td align=\"center\" width=\"284\">Nein<\/td>\n<td align=\"center\" width=\"284\">Nein<\/td>\n<td align=\"center\" width=\"284\">Nein<\/td>\n<\/tr>\n<tr>\n<td align=\"center\" width=\"284\">Sesamsamen und daraus hergestellte Erzeugnisse<\/td>\n<td align=\"center\" width=\"284\">Nein<\/td>\n<td align=\"center\" width=\"284\">Nein<\/td>\n<td align=\"center\" width=\"284\">Nein<\/td>\n<\/tr>\n<tr>\n<td align=\"center\" width=\"284\">Schwefeldioxid und Sulfite in Konzentrationen von mehr als 10 mg\/kg oder 10 mg\/Liter, ausgedr\u00fcckt als SO2<\/td>\n<td align=\"center\" width=\"284\">Nein<\/td>\n<td align=\"center\" width=\"284\">Nein<\/td>\n<td align=\"center\" width=\"284\">Nein<\/td>\n<\/tr>\n<tr>\n<td align=\"center\" width=\"284\">Lupine und ihre Erzeugnisse<\/td>\n<td align=\"center\" width=\"284\">Nein<\/td>\n<td align=\"center\" width=\"284\">Nein<\/td>\n<td align=\"center\" width=\"284\">Nein<\/td>\n<\/tr>\n<tr>\n<td align=\"center\" width=\"284\">Weichtiere und deren Erzeugnisse<\/td>\n<td align=\"center\" width=\"284\">Nein<\/td>\n<td align=\"center\" width=\"284\">Nein<\/td>\n<td align=\"center\" width=\"284\">Nein<\/td>\n<\/tr>\n<\/tbody>\n<\/table>\n<p><img fetchpriority=\"high\" decoding=\"async\" class=\"alignnone wp-image-5413 size-full\" title=\"Hoher Eiwei\u00dfgehalt f\u00fcr Ramen\" src=\"https:\/\/sentaiyuanbio.com\/wp-content\/uploads\/2025\/11\/Protein-For-Ramen_1.webp\" alt=\"Hoher Eiwei\u00dfgehalt f\u00fcr Ramen\" width=\"750\" height=\"600\" srcset=\"https:\/\/sentaiyuanbio.com\/wp-content\/uploads\/2025\/11\/Protein-For-Ramen_1.webp 750w, https:\/\/sentaiyuanbio.com\/wp-content\/uploads\/2025\/11\/Protein-For-Ramen_1-300x240.webp 300w, https:\/\/sentaiyuanbio.com\/wp-content\/uploads\/2025\/11\/Protein-For-Ramen_1-15x12.webp 15w, https:\/\/sentaiyuanbio.com\/wp-content\/uploads\/2025\/11\/Protein-For-Ramen_1-600x480.webp 600w\" sizes=\"(max-width: 750px) 100vw, 750px\" \/> <img decoding=\"async\" class=\"alignnone wp-image-5414 size-full\" title=\"Hoher Eiwei\u00dfgehalt f\u00fcr Ramen\" src=\"https:\/\/sentaiyuanbio.com\/wp-content\/uploads\/2025\/11\/Protein-For-Ramen_2.webp\" alt=\"Hoher Eiwei\u00dfgehalt f\u00fcr Ramen\" width=\"750\" height=\"533\" srcset=\"https:\/\/sentaiyuanbio.com\/wp-content\/uploads\/2025\/11\/Protein-For-Ramen_2.webp 750w, https:\/\/sentaiyuanbio.com\/wp-content\/uploads\/2025\/11\/Protein-For-Ramen_2-300x213.webp 300w, https:\/\/sentaiyuanbio.com\/wp-content\/uploads\/2025\/11\/Protein-For-Ramen_2-18x12.webp 18w, https:\/\/sentaiyuanbio.com\/wp-content\/uploads\/2025\/11\/Protein-For-Ramen_2-600x426.webp 600w\" sizes=\"(max-width: 750px) 100vw, 750px\" \/> <img decoding=\"async\" class=\"alignnone wp-image-5415 size-full\" title=\"Hoher Eiwei\u00dfgehalt f\u00fcr Ramen\" src=\"https:\/\/sentaiyuanbio.com\/wp-content\/uploads\/2025\/11\/Protein-For-Ramen_3.webp\" alt=\"Hoher Eiwei\u00dfgehalt f\u00fcr Ramen\" width=\"750\" height=\"667\" srcset=\"https:\/\/sentaiyuanbio.com\/wp-content\/uploads\/2025\/11\/Protein-For-Ramen_3.webp 750w, https:\/\/sentaiyuanbio.com\/wp-content\/uploads\/2025\/11\/Protein-For-Ramen_3-300x267.webp 300w, https:\/\/sentaiyuanbio.com\/wp-content\/uploads\/2025\/11\/Protein-For-Ramen_3-13x12.webp 13w, https:\/\/sentaiyuanbio.com\/wp-content\/uploads\/2025\/11\/Protein-For-Ramen_3-600x534.webp 600w\" sizes=\"(max-width: 750px) 100vw, 750px\" \/> <img loading=\"lazy\" decoding=\"async\" class=\"alignnone wp-image-5416 size-full\" title=\"Hoher Eiwei\u00dfgehalt f\u00fcr Ramen\" src=\"https:\/\/sentaiyuanbio.com\/wp-content\/uploads\/2025\/11\/Protein-For-Ramen_4.webp\" alt=\"Hoher Eiwei\u00dfgehalt f\u00fcr Ramen\" width=\"750\" height=\"660\" srcset=\"https:\/\/sentaiyuanbio.com\/wp-content\/uploads\/2025\/11\/Protein-For-Ramen_4.webp 750w, https:\/\/sentaiyuanbio.com\/wp-content\/uploads\/2025\/11\/Protein-For-Ramen_4-300x264.webp 300w, https:\/\/sentaiyuanbio.com\/wp-content\/uploads\/2025\/11\/Protein-For-Ramen_4-14x12.webp 14w, https:\/\/sentaiyuanbio.com\/wp-content\/uploads\/2025\/11\/Protein-For-Ramen_4-600x528.webp 600w\" sizes=\"(max-width: 750px) 100vw, 750px\" \/> <img loading=\"lazy\" decoding=\"async\" class=\"alignnone wp-image-5417 size-full\" title=\"Hoher Eiwei\u00dfgehalt f\u00fcr Ramen\" src=\"https:\/\/sentaiyuanbio.com\/wp-content\/uploads\/2025\/11\/Protein-For-Ramen_5.webp\" alt=\"Hoher Eiwei\u00dfgehalt f\u00fcr Ramen\" width=\"750\" height=\"668\" srcset=\"https:\/\/sentaiyuanbio.com\/wp-content\/uploads\/2025\/11\/Protein-For-Ramen_5.webp 750w, https:\/\/sentaiyuanbio.com\/wp-content\/uploads\/2025\/11\/Protein-For-Ramen_5-300x267.webp 300w, https:\/\/sentaiyuanbio.com\/wp-content\/uploads\/2025\/11\/Protein-For-Ramen_5-13x12.webp 13w, https:\/\/sentaiyuanbio.com\/wp-content\/uploads\/2025\/11\/Protein-For-Ramen_5-600x534.webp 600w\" sizes=\"(max-width: 750px) 100vw, 750px\" \/><\/p>","protected":false},"excerpt":{"rendered":"<p>Wenn Sie Ramen mit der einfachsten Methode kalorienarm zubereiten m\u00f6chten, dann m\u00fcssen Sie mein 5-Minuten-Ramen Teriyaki-Rindfleischgeschmack mit hohem Proteingehalt und wenig Kohlenhydraten ausprobieren. Dieses Ramen-Saucenpaket enth\u00e4lt den beliebten Klassiker Teriyaki-Rindfleisch, gepaart mit einer w\u00fcrzigen Rinderbr\u00fche und verfeinert mit frischen gr\u00fcnen Zwiebeln, Sesamsamen und Chiliflocken. Genie\u00dfen Sie ein k\u00f6stliches Mittagessen in nur wenigen Minuten!<\/p>","protected":false},"featured_media":5412,"template":"","meta":{"site-sidebar-layout":"default","site-content-layout":"","ast-site-content-layout":"default","site-content-style":"default","site-sidebar-style":"default","ast-global-header-display":"","ast-banner-title-visibility":"","ast-main-header-display":"","ast-hfb-above-header-display":"","ast-hfb-below-header-display":"","ast-hfb-mobile-header-display":"","site-post-title":"","ast-breadcrumbs-content":"","ast-featured-img":"","footer-sml-layout":"","ast-disable-related-posts":"","theme-transparent-header-meta":"default","adv-header-id-meta":"","stick-header-meta":"default","header-above-stick-meta":"","header-main-stick-meta":"","header-below-stick-meta":"","astra-migrate-meta-layouts":"set","ast-page-background-enabled":"default","ast-page-background-meta":{"desktop":{"background-color":"","background-image":"","background-repeat":"repeat","background-position":"center center","background-size":"auto","background-attachment":"scroll","background-type":"","background-media":"","overlay-type":"","overlay-color":"","overlay-opacity":"","overlay-gradient":""},"tablet":{"background-color":"","background-image":"","background-repeat":"repeat","background-position":"center center","background-size":"auto","background-attachment":"scroll","background-type":"","background-media":"","overlay-type":"","overlay-color":"","overlay-opacity":"","overlay-gradient":""},"mobile":{"background-color":"","background-image":"","background-repeat":"repeat","background-position":"center center","background-size":"auto","background-attachment":"scroll","background-type":"","background-media":"","overlay-type":"","overlay-color":"","overlay-opacity":"","overlay-gradient":""}},"ast-content-background-meta":{"desktop":{"background-color":"var(--ast-global-color-5)","background-image":"","background-repeat":"repeat","background-position":"center center","background-size":"auto","background-attachment":"scroll","background-type":"","background-media":"","overlay-type":"","overlay-color":"","overlay-opacity":"","overlay-gradient":""},"tablet":{"background-color":"var(--ast-global-color-5)","background-image":"","background-repeat":"repeat","background-position":"center center","background-size":"auto","background-attachment":"scroll","background-type":"","background-media":"","overlay-type":"","overlay-color":"","overlay-opacity":"","overlay-gradient":""},"mobile":{"background-color":"var(--ast-global-color-5)","background-image":"","background-repeat":"repeat","background-position":"center center","background-size":"auto","background-attachment":"scroll","background-type":"","background-media":"","overlay-type":"","overlay-color":"","overlay-opacity":"","overlay-gradient":""}}},"product_brand":[],"product_cat":[248],"product_tag":[],"class_list":{"0":"post-5403","1":"product","2":"type-product","3":"status-publish","4":"has-post-thumbnail","6":"product_cat-low-carb-high-protein-noodles","7":"desktop-align-left","8":"tablet-align-left","9":"mobile-align-left","10":"ast-product-gallery-layout-horizontal-slider","11":"ast-product-tabs-layout-horizontal","13":"first","14":"instock","15":"shipping-taxable","16":"product-type-simple"},"_links":{"self":[{"href":"https:\/\/sentaiyuanbio.com\/de\/wp-json\/wp\/v2\/product\/5403","targetHints":{"allow":["GET"]}}],"collection":[{"href":"https:\/\/sentaiyuanbio.com\/de\/wp-json\/wp\/v2\/product"}],"about":[{"href":"https:\/\/sentaiyuanbio.com\/de\/wp-json\/wp\/v2\/types\/product"}],"version-history":[{"count":0,"href":"https:\/\/sentaiyuanbio.com\/de\/wp-json\/wp\/v2\/product\/5403\/revisions"}],"wp:featuredmedia":[{"embeddable":true,"href":"https:\/\/sentaiyuanbio.com\/de\/wp-json\/wp\/v2\/media\/5412"}],"wp:attachment":[{"href":"https:\/\/sentaiyuanbio.com\/de\/wp-json\/wp\/v2\/media?parent=5403"}],"wp:term":[{"taxonomy":"product_brand","embeddable":true,"href":"https:\/\/sentaiyuanbio.com\/de\/wp-json\/wp\/v2\/product_brand?post=5403"},{"taxonomy":"product_cat","embeddable":true,"href":"https:\/\/sentaiyuanbio.com\/de\/wp-json\/wp\/v2\/product_cat?post=5403"},{"taxonomy":"product_tag","embeddable":true,"href":"https:\/\/sentaiyuanbio.com\/de\/wp-json\/wp\/v2\/product_tag?post=5403"}],"curies":[{"name":"wp","href":"https:\/\/api.w.org\/{rel}","templated":true}]}}