{"id":5562,"date":"2026-01-05T07:50:50","date_gmt":"2026-01-05T07:50:50","guid":{"rendered":"https:\/\/sentaiyuanbio.com\/?post_type=product&#038;p=5562"},"modified":"2026-01-05T08:44:19","modified_gmt":"2026-01-05T08:44:19","slug":"kohlenhydratarme-nudeln-mit-hohem-proteingehalt","status":"publish","type":"product","link":"https:\/\/sentaiyuanbio.com\/de\/produkt\/kohlenhydratarme-nudeln-mit-hohem-proteingehalt\/","title":{"rendered":"Kohlenhydratarme Nudeln mit hohem Proteingehalt, Gesunde ketofreundliche Ramen"},"content":{"rendered":"<h2>Kohlenhydratarme Nudeln mit hohem Proteingehalt Ramen Zutaten<\/h2>\n<p>Vitales Weizengluten, Erbsenprotein, Weizenmehl, Buchweizenmehl, Erbsenfaserpulver, Tapiokast\u00e4rke, <a href=\"https:\/\/sentaiyuanbio.com\/de\/produkt\/konjakmehl-yamswurzel-konjakpulver\/\" target=\"_blank\" rel=\"noopener\">Konjakmehl<\/a>,\u00a0<a href=\"https:\/\/hethstia.com\/konjac-powder-vs-xanthan-gum\/\" target=\"_blank\" rel=\"noopener\">Xanthangummi<\/a>, Natriumcarbonat.<\/p>\n<h2>Kohlenhydratarme Nudeln mit hohem Proteingehalt N\u00e4hrwertangaben<\/h2>\n<table border=\"1\" cellspacing=\"1\">\n<tbody>\n<tr>\n<td align=\"center\" width=\"284\"><b>Artikel<\/b><\/td>\n<td align=\"center\" width=\"284\">pro 55g<\/td>\n<\/tr>\n<tr>\n<td align=\"center\" width=\"284\"><b>Energie<\/b><\/td>\n<td align=\"center\" width=\"284\">200kcal<\/td>\n<\/tr>\n<tr>\n<td align=\"center\" width=\"284\"><b>Fett insgesamt<\/b><\/td>\n<td align=\"center\" width=\"284\">1g<\/td>\n<\/tr>\n<tr>\n<td align=\"center\" width=\"284\">- Ges\u00e4ttigtes Fett<\/td>\n<td align=\"center\" width=\"284\">0g<\/td>\n<\/tr>\n<tr>\n<td align=\"center\" width=\"284\">- Transfette<\/td>\n<td align=\"center\" width=\"284\">0g<\/td>\n<\/tr>\n<tr>\n<td align=\"center\" width=\"284\"><b>Natrium<\/b><\/td>\n<td align=\"center\" width=\"284\">260 mg<\/td>\n<\/tr>\n<tr>\n<td align=\"center\" width=\"284\"><b>Kohlenhydrate insgesamt<\/b><\/td>\n<td align=\"center\" width=\"284\">15g<\/td>\n<\/tr>\n<tr>\n<td align=\"center\" width=\"284\">- Zucker insgesamt<\/td>\n<td align=\"center\" width=\"284\">0g<\/td>\n<\/tr>\n<tr>\n<td align=\"center\" width=\"284\">Ballaststoffe<\/td>\n<td align=\"center\" width=\"284\">3g<\/td>\n<\/tr>\n<tr>\n<td align=\"center\" width=\"284\"><b>Eiwei\u00df<\/b><\/td>\n<td align=\"center\" width=\"284\">30g<\/td>\n<\/tr>\n<\/tbody>\n<\/table>\n<p><img fetchpriority=\"high\" decoding=\"async\" class=\"alignleft wp-image-5570 size-full\" title=\"Kohlenhydratarme, ketofreundliche und gesunde Nudeln mit hohem Proteingehalt\" src=\"https:\/\/sentaiyuanbio.com\/wp-content\/uploads\/2026\/01\/Healthy-high-protein-noodles-3.webp\" alt=\"Gesunde Nudeln mit hohem Proteingehalt\" width=\"1000\" height=\"1000\" srcset=\"https:\/\/sentaiyuanbio.com\/wp-content\/uploads\/2026\/01\/Healthy-high-protein-noodles-3.webp 1000w, https:\/\/sentaiyuanbio.com\/wp-content\/uploads\/2026\/01\/Healthy-high-protein-noodles-3-300x300.webp 300w, https:\/\/sentaiyuanbio.com\/wp-content\/uploads\/2026\/01\/Healthy-high-protein-noodles-3-150x150.webp 150w, https:\/\/sentaiyuanbio.com\/wp-content\/uploads\/2026\/01\/Healthy-high-protein-noodles-3-768x768.webp 768w, https:\/\/sentaiyuanbio.com\/wp-content\/uploads\/2026\/01\/Healthy-high-protein-noodles-3-12x12.webp 12w, https:\/\/sentaiyuanbio.com\/wp-content\/uploads\/2026\/01\/Healthy-high-protein-noodles-3-600x600.webp 600w, https:\/\/sentaiyuanbio.com\/wp-content\/uploads\/2026\/01\/Healthy-high-protein-noodles-3-100x100.webp 100w\" sizes=\"(max-width: 1000px) 100vw, 1000px\" \/><img decoding=\"async\" class=\"alignleft wp-image-5569 size-full\" title=\"Kohlenhydratarme, ketofreundliche und gesunde Nudeln mit hohem Proteingehalt\" src=\"https:\/\/sentaiyuanbio.com\/wp-content\/uploads\/2026\/01\/Healthy-high-protein-noodles-2.webp\" alt=\"Gesunde Nudeln mit hohem Proteingehalt\" width=\"1000\" height=\"1000\" srcset=\"https:\/\/sentaiyuanbio.com\/wp-content\/uploads\/2026\/01\/Healthy-high-protein-noodles-2.webp 1000w, https:\/\/sentaiyuanbio.com\/wp-content\/uploads\/2026\/01\/Healthy-high-protein-noodles-2-300x300.webp 300w, https:\/\/sentaiyuanbio.com\/wp-content\/uploads\/2026\/01\/Healthy-high-protein-noodles-2-150x150.webp 150w, https:\/\/sentaiyuanbio.com\/wp-content\/uploads\/2026\/01\/Healthy-high-protein-noodles-2-768x768.webp 768w, https:\/\/sentaiyuanbio.com\/wp-content\/uploads\/2026\/01\/Healthy-high-protein-noodles-2-12x12.webp 12w, https:\/\/sentaiyuanbio.com\/wp-content\/uploads\/2026\/01\/Healthy-high-protein-noodles-2-600x600.webp 600w, https:\/\/sentaiyuanbio.com\/wp-content\/uploads\/2026\/01\/Healthy-high-protein-noodles-2-100x100.webp 100w\" sizes=\"(max-width: 1000px) 100vw, 1000px\" \/><\/p>","protected":false},"excerpt":{"rendered":"<p>Jede 55-g-Portion Nudeln enth\u00e4lt bis zu 30 g Eiwei\u00df und nur 15 g Kohlenhydrate - 50% weniger Kohlenhydrate als die g\u00e4ngigen Marken auf dem Markt und den dreifachen Eiwei\u00dfgehalt.<br \/>\nVeganerfreundlich, gentechnikfrei, nicht gebraten und nicht frittiert - perfekt f\u00fcr Vegetarier und Fitnessbegeisterte - ein leckeres und unglaublich gesundes Gericht!<br \/>\nWenn Sie sich nach einer warmen, k\u00f6stlichen und s\u00e4ttigenden Sch\u00fcssel Nudeln sehnen, ohne sich mit Kohlenhydraten zu \u00fcberladen, ist dieses Nudelgericht die perfekte Wahl f\u00fcr Sie.<\/p>","protected":false},"featured_media":5563,"template":"","meta":{"site-sidebar-layout":"default","site-content-layout":"","ast-site-content-layout":"default","site-content-style":"default","site-sidebar-style":"default","ast-global-header-display":"","ast-banner-title-visibility":"","ast-main-header-display":"","ast-hfb-above-header-display":"","ast-hfb-below-header-display":"","ast-hfb-mobile-header-display":"","site-post-title":"","ast-breadcrumbs-content":"","ast-featured-img":"","footer-sml-layout":"","ast-disable-related-posts":"","theme-transparent-header-meta":"default","adv-header-id-meta":"","stick-header-meta":"default","header-above-stick-meta":"","header-main-stick-meta":"","header-below-stick-meta":"","astra-migrate-meta-layouts":"set","ast-page-background-enabled":"default","ast-page-background-meta":{"desktop":{"background-color":"","background-image":"","background-repeat":"repeat","background-position":"center center","background-size":"auto","background-attachment":"scroll","background-type":"","background-media":"","overlay-type":"","overlay-color":"","overlay-opacity":"","overlay-gradient":""},"tablet":{"background-color":"","background-image":"","background-repeat":"repeat","background-position":"center center","background-size":"auto","background-attachment":"scroll","background-type":"","background-media":"","overlay-type":"","overlay-color":"","overlay-opacity":"","overlay-gradient":""},"mobile":{"background-color":"","background-image":"","background-repeat":"repeat","background-position":"center center","background-size":"auto","background-attachment":"scroll","background-type":"","background-media":"","overlay-type":"","overlay-color":"","overlay-opacity":"","overlay-gradient":""}},"ast-content-background-meta":{"desktop":{"background-color":"var(--ast-global-color-5)","background-image":"","background-repeat":"repeat","background-position":"center center","background-size":"auto","background-attachment":"scroll","background-type":"","background-media":"","overlay-type":"","overlay-color":"","overlay-opacity":"","overlay-gradient":""},"tablet":{"background-color":"var(--ast-global-color-5)","background-image":"","background-repeat":"repeat","background-position":"center center","background-size":"auto","background-attachment":"scroll","background-type":"","background-media":"","overlay-type":"","overlay-color":"","overlay-opacity":"","overlay-gradient":""},"mobile":{"background-color":"var(--ast-global-color-5)","background-image":"","background-repeat":"repeat","background-position":"center center","background-size":"auto","background-attachment":"scroll","background-type":"","background-media":"","overlay-type":"","overlay-color":"","overlay-opacity":"","overlay-gradient":""}}},"product_brand":[],"product_cat":[248],"product_tag":[],"class_list":{"0":"post-5562","1":"product","2":"type-product","3":"status-publish","4":"has-post-thumbnail","6":"product_cat-low-carb-high-protein-noodles","7":"desktop-align-left","8":"tablet-align-left","9":"mobile-align-left","10":"ast-product-gallery-layout-horizontal-slider","11":"ast-product-tabs-layout-horizontal","13":"first","14":"instock","15":"shipping-taxable","16":"product-type-simple"},"_links":{"self":[{"href":"https:\/\/sentaiyuanbio.com\/de\/wp-json\/wp\/v2\/product\/5562","targetHints":{"allow":["GET"]}}],"collection":[{"href":"https:\/\/sentaiyuanbio.com\/de\/wp-json\/wp\/v2\/product"}],"about":[{"href":"https:\/\/sentaiyuanbio.com\/de\/wp-json\/wp\/v2\/types\/product"}],"version-history":[{"count":0,"href":"https:\/\/sentaiyuanbio.com\/de\/wp-json\/wp\/v2\/product\/5562\/revisions"}],"wp:featuredmedia":[{"embeddable":true,"href":"https:\/\/sentaiyuanbio.com\/de\/wp-json\/wp\/v2\/media\/5563"}],"wp:attachment":[{"href":"https:\/\/sentaiyuanbio.com\/de\/wp-json\/wp\/v2\/media?parent=5562"}],"wp:term":[{"taxonomy":"product_brand","embeddable":true,"href":"https:\/\/sentaiyuanbio.com\/de\/wp-json\/wp\/v2\/product_brand?post=5562"},{"taxonomy":"product_cat","embeddable":true,"href":"https:\/\/sentaiyuanbio.com\/de\/wp-json\/wp\/v2\/product_cat?post=5562"},{"taxonomy":"product_tag","embeddable":true,"href":"https:\/\/sentaiyuanbio.com\/de\/wp-json\/wp\/v2\/product_tag?post=5562"}],"curies":[{"name":"wp","href":"https:\/\/api.w.org\/{rel}","templated":true}]}}