{"id":5973,"date":"2026-03-26T03:38:13","date_gmt":"2026-03-26T03:38:13","guid":{"rendered":"https:\/\/sentaiyuanbio.com\/"},"modified":"2026-03-26T03:39:27","modified_gmt":"2026-03-26T03:39:27","slug":"hersteller-von-heidelbeer-konjak-gelee","status":"publish","type":"product","link":"https:\/\/sentaiyuanbio.com\/de\/produkt\/hersteller-von-heidelbeer-konjak-gelee\/","title":{"rendered":"Blaubeere Konjac-Gelee, Konjac-Gelee Hersteller"},"content":{"rendered":"<h2>1. Heidelbeer-Konjak-Gelee Zutaten<\/h2>\n<p>Wasser, Blaubeersaftkonzentrat, Erythrit, <a href=\"https:\/\/sentaiyuanbio.com\/de\/produkt\/konjak-pulver\/\" target=\"_blank\" rel=\"noopener\">Konjak-Pulver<\/a>, Carrageenan, Vitamin C, Zitronens\u00e4ure, Kaliumchlorid, Kaliumsorbat.<\/p>\n<h2>2. Blaubeer-Konjak-Gelee Spezifikationen: Gewicht und Gr\u00f6\u00dfe<\/h2>\n<p>Gr\u00f6\u00dfe des Produkts: Anpassbar<br \/>\nAbtropfgewicht: Anpassbar<br \/>\nNettogewicht: 150g<br \/>\nBruttogewicht: 155g<br \/>\nArt der Verpackung: Stehbeutel<\/p>\n<h2>3. Heidelbeer-Konjak-Gelee Physikalische Spezifikationen<\/h2>\n<p>Farbe: Blau<br \/>\nGeschmack: Blaubeergeschmack<br \/>\nBeschaffenheit: Weich und geschmeidig<br \/>\nPhysikalisches Erscheinungsbild: Halbfl\u00fcssiges Gel<\/p>\n<h2>4. Produktmerkmal<\/h2>\n<p>Instant-Typ\/vorgekochter Typ: Sofortige Art<br \/>\nGlutenfrei: Ja<br \/>\nGVO-frei: Ja<br \/>\nKein Allergen: Ja<br \/>\nKeine Zusatzstoffe: Ja<br \/>\nBio verf\u00fcgbar: Nein<\/p>\n<h2>5. Sonstige Angaben<\/h2>\n<p>Haltbarkeitsdauer: 18 Monate<br \/>\nLagerung: An einem k\u00fchlen, trockenen Ort aufbewahren. Am besten gek\u00fchlt servieren. Nach dem \u00d6ffnen in den K\u00fchlschrank stellen und innerhalb von 1 Tag verbrauchen.<\/p>\n<table border=\"1\" cellspacing=\"1\">\n<tbody>\n<tr>\n<td width=\"284\"><b>Zucker insgesamt<\/b><\/td>\n<td width=\"284\">0g\/150ml<\/td>\n<\/tr>\n<tr>\n<td width=\"284\"><b>Vitamin C<\/b><\/td>\n<td width=\"284\">375mg\/150ml<\/td>\n<\/tr>\n<tr>\n<td width=\"284\"><b>Eiwei\u00df<\/b><\/td>\n<td width=\"284\">0g\/150ml<\/td>\n<\/tr>\n<tr>\n<td width=\"284\"><b>Kalzium<\/b><\/td>\n<td width=\"284\">15mg\/150ml<\/td>\n<\/tr>\n<tr>\n<td width=\"284\"><b>Kalium<\/b><\/td>\n<td width=\"284\">60mg\/150ml<\/td>\n<\/tr>\n<tr>\n<td width=\"284\"><b>Energie<\/b><\/td>\n<td width=\"284\">5 kcal\/150ml<\/td>\n<\/tr>\n<tr>\n<td width=\"284\"><b>Kohlenhydrate insgesamt<\/b><\/td>\n<td width=\"284\">6g\/150ml<\/td>\n<\/tr>\n<tr>\n<td width=\"284\"><b>Natrium<\/b><\/td>\n<td width=\"284\">15mg\/150ml<\/td>\n<\/tr>\n<tr>\n<td width=\"284\"><b>Fett gesamt<\/b><\/td>\n<td width=\"284\">0g<\/td>\n<\/tr>\n<\/tbody>\n<\/table>\n<p><img fetchpriority=\"high\" decoding=\"async\" class=\"alignnone wp-image-5984 size-full\" title=\"Konjac-Gelee Bulk Heidelbeere\" src=\"https:\/\/sentaiyuanbio.com\/wp-content\/uploads\/2026\/03\/Konjac-Jelly-Bulk-Blueberry-1.webp\" alt=\"Konjac-Gelee Bulk Heidelbeere\" width=\"750\" height=\"620\" srcset=\"https:\/\/sentaiyuanbio.com\/wp-content\/uploads\/2026\/03\/Konjac-Jelly-Bulk-Blueberry-1.webp 750w, https:\/\/sentaiyuanbio.com\/wp-content\/uploads\/2026\/03\/Konjac-Jelly-Bulk-Blueberry-1-300x248.webp 300w, https:\/\/sentaiyuanbio.com\/wp-content\/uploads\/2026\/03\/Konjac-Jelly-Bulk-Blueberry-1-15x12.webp 15w, https:\/\/sentaiyuanbio.com\/wp-content\/uploads\/2026\/03\/Konjac-Jelly-Bulk-Blueberry-1-600x496.webp 600w\" sizes=\"(max-width: 750px) 100vw, 750px\" \/><br \/>\n<img decoding=\"async\" class=\"alignnone wp-image-5982 size-full\" title=\"Konjac-Gelee Bulk Heidelbeere\" src=\"https:\/\/sentaiyuanbio.com\/wp-content\/uploads\/2026\/03\/Konjac-Jelly-Bulk-Blueberry-2.webp\" alt=\"Konjac-Gelee Bulk Heidelbeere\" width=\"750\" height=\"621\" srcset=\"https:\/\/sentaiyuanbio.com\/wp-content\/uploads\/2026\/03\/Konjac-Jelly-Bulk-Blueberry-2.webp 750w, https:\/\/sentaiyuanbio.com\/wp-content\/uploads\/2026\/03\/Konjac-Jelly-Bulk-Blueberry-2-300x248.webp 300w, https:\/\/sentaiyuanbio.com\/wp-content\/uploads\/2026\/03\/Konjac-Jelly-Bulk-Blueberry-2-14x12.webp 14w, https:\/\/sentaiyuanbio.com\/wp-content\/uploads\/2026\/03\/Konjac-Jelly-Bulk-Blueberry-2-600x497.webp 600w\" sizes=\"(max-width: 750px) 100vw, 750px\" \/><br \/>\n<img decoding=\"async\" class=\"alignnone wp-image-5983 size-full\" title=\"Konjac-Gelee Bulk Heidelbeere\" src=\"https:\/\/sentaiyuanbio.com\/wp-content\/uploads\/2026\/03\/Konjac-Jelly-Bulk-Blueberry-3.webp\" alt=\"Konjac-Gelee Bulk Heidelbeere\" width=\"750\" height=\"620\" srcset=\"https:\/\/sentaiyuanbio.com\/wp-content\/uploads\/2026\/03\/Konjac-Jelly-Bulk-Blueberry-3.webp 750w, https:\/\/sentaiyuanbio.com\/wp-content\/uploads\/2026\/03\/Konjac-Jelly-Bulk-Blueberry-3-300x248.webp 300w, https:\/\/sentaiyuanbio.com\/wp-content\/uploads\/2026\/03\/Konjac-Jelly-Bulk-Blueberry-3-15x12.webp 15w, https:\/\/sentaiyuanbio.com\/wp-content\/uploads\/2026\/03\/Konjac-Jelly-Bulk-Blueberry-3-600x496.webp 600w\" sizes=\"(max-width: 750px) 100vw, 750px\" \/><br \/>\n<img loading=\"lazy\" decoding=\"async\" class=\"alignnone wp-image-5980 size-full\" title=\"Konjac-Gelee Bulk Heidelbeere\" src=\"https:\/\/sentaiyuanbio.com\/wp-content\/uploads\/2026\/03\/Konjac-Jelly-Bulk-Blueberry-4.webp\" alt=\"Konjac-Gelee Bulk Heidelbeere\" width=\"750\" height=\"557\" srcset=\"https:\/\/sentaiyuanbio.com\/wp-content\/uploads\/2026\/03\/Konjac-Jelly-Bulk-Blueberry-4.webp 750w, https:\/\/sentaiyuanbio.com\/wp-content\/uploads\/2026\/03\/Konjac-Jelly-Bulk-Blueberry-4-300x223.webp 300w, https:\/\/sentaiyuanbio.com\/wp-content\/uploads\/2026\/03\/Konjac-Jelly-Bulk-Blueberry-4-16x12.webp 16w, https:\/\/sentaiyuanbio.com\/wp-content\/uploads\/2026\/03\/Konjac-Jelly-Bulk-Blueberry-4-600x446.webp 600w\" sizes=\"(max-width: 750px) 100vw, 750px\" \/><br \/>\n<img loading=\"lazy\" decoding=\"async\" class=\"alignnone wp-image-5981 size-full\" title=\"Konjac-Gelee Bulk Heidelbeere\" src=\"https:\/\/sentaiyuanbio.com\/wp-content\/uploads\/2026\/03\/Konjac-Jelly-Bulk-Blueberry-5.webp\" alt=\"Konjac-Gelee Bulk Heidelbeere\" width=\"750\" height=\"555\" srcset=\"https:\/\/sentaiyuanbio.com\/wp-content\/uploads\/2026\/03\/Konjac-Jelly-Bulk-Blueberry-5.webp 750w, https:\/\/sentaiyuanbio.com\/wp-content\/uploads\/2026\/03\/Konjac-Jelly-Bulk-Blueberry-5-300x222.webp 300w, https:\/\/sentaiyuanbio.com\/wp-content\/uploads\/2026\/03\/Konjac-Jelly-Bulk-Blueberry-5-16x12.webp 16w, https:\/\/sentaiyuanbio.com\/wp-content\/uploads\/2026\/03\/Konjac-Jelly-Bulk-Blueberry-5-600x444.webp 600w\" sizes=\"(max-width: 750px) 100vw, 750px\" \/><\/p>","protected":false},"excerpt":{"rendered":"<p>Neben dem k\u00f6stlichen Geschmack ist dieses Heidelbeer-Konjak-Gelee ein Kraftpaket an gesundheitlichen Vorteilen, das Ihren K\u00f6rper von innen heraus unterst\u00fctzt.<\/p>\n<p>Es ist von Natur aus reich an l\u00f6slichen Ballaststoffen, f\u00f6rdert die Verdauung und kurbelt den Stoffwechsel an, w\u00e4hrend es gleichzeitig ein kohlenhydratfreies Profil beibeh\u00e4lt, das perfekt in jeden Gewichtsmanagementplan passt. Au\u00dferdem haben wir die Formel mit Vitamin C aufgepeppt, um die Gesundheit des Immunsystems zu unterst\u00fctzen.<\/p>","protected":false},"featured_media":5976,"template":"","meta":{"site-sidebar-layout":"default","site-content-layout":"","ast-site-content-layout":"default","site-content-style":"default","site-sidebar-style":"default","ast-global-header-display":"","ast-banner-title-visibility":"","ast-main-header-display":"","ast-hfb-above-header-display":"","ast-hfb-below-header-display":"","ast-hfb-mobile-header-display":"","site-post-title":"","ast-breadcrumbs-content":"","ast-featured-img":"","footer-sml-layout":"","ast-disable-related-posts":"","theme-transparent-header-meta":"default","adv-header-id-meta":"","stick-header-meta":"default","header-above-stick-meta":"","header-main-stick-meta":"","header-below-stick-meta":"","astra-migrate-meta-layouts":"set","ast-page-background-enabled":"default","ast-page-background-meta":{"desktop":{"background-color":"","background-image":"","background-repeat":"repeat","background-position":"center center","background-size":"auto","background-attachment":"scroll","background-type":"","background-media":"","overlay-type":"","overlay-color":"","overlay-opacity":"","overlay-gradient":""},"tablet":{"background-color":"","background-image":"","background-repeat":"repeat","background-position":"center center","background-size":"auto","background-attachment":"scroll","background-type":"","background-media":"","overlay-type":"","overlay-color":"","overlay-opacity":"","overlay-gradient":""},"mobile":{"background-color":"","background-image":"","background-repeat":"repeat","background-position":"center center","background-size":"auto","background-attachment":"scroll","background-type":"","background-media":"","overlay-type":"","overlay-color":"","overlay-opacity":"","overlay-gradient":""}},"ast-content-background-meta":{"desktop":{"background-color":"var(--ast-global-color-5)","background-image":"","background-repeat":"repeat","background-position":"center center","background-size":"auto","background-attachment":"scroll","background-type":"","background-media":"","overlay-type":"","overlay-color":"","overlay-opacity":"","overlay-gradient":""},"tablet":{"background-color":"var(--ast-global-color-5)","background-image":"","background-repeat":"repeat","background-position":"center center","background-size":"auto","background-attachment":"scroll","background-type":"","background-media":"","overlay-type":"","overlay-color":"","overlay-opacity":"","overlay-gradient":""},"mobile":{"background-color":"var(--ast-global-color-5)","background-image":"","background-repeat":"repeat","background-position":"center center","background-size":"auto","background-attachment":"scroll","background-type":"","background-media":"","overlay-type":"","overlay-color":"","overlay-opacity":"","overlay-gradient":""}}},"product_brand":[],"product_cat":[52],"product_tag":[],"class_list":{"0":"post-5973","1":"product","2":"type-product","3":"status-publish","4":"has-post-thumbnail","6":"product_cat-konjac-powder-jelly","7":"desktop-align-left","8":"tablet-align-left","9":"mobile-align-left","10":"ast-product-gallery-layout-horizontal-slider","11":"ast-product-tabs-layout-horizontal","13":"first","14":"instock","15":"shipping-taxable","16":"product-type-simple"},"_links":{"self":[{"href":"https:\/\/sentaiyuanbio.com\/de\/wp-json\/wp\/v2\/product\/5973","targetHints":{"allow":["GET"]}}],"collection":[{"href":"https:\/\/sentaiyuanbio.com\/de\/wp-json\/wp\/v2\/product"}],"about":[{"href":"https:\/\/sentaiyuanbio.com\/de\/wp-json\/wp\/v2\/types\/product"}],"version-history":[{"count":3,"href":"https:\/\/sentaiyuanbio.com\/de\/wp-json\/wp\/v2\/product\/5973\/revisions"}],"predecessor-version":[{"id":5987,"href":"https:\/\/sentaiyuanbio.com\/de\/wp-json\/wp\/v2\/product\/5973\/revisions\/5987"}],"wp:featuredmedia":[{"embeddable":true,"href":"https:\/\/sentaiyuanbio.com\/de\/wp-json\/wp\/v2\/media\/5976"}],"wp:attachment":[{"href":"https:\/\/sentaiyuanbio.com\/de\/wp-json\/wp\/v2\/media?parent=5973"}],"wp:term":[{"taxonomy":"product_brand","embeddable":true,"href":"https:\/\/sentaiyuanbio.com\/de\/wp-json\/wp\/v2\/product_brand?post=5973"},{"taxonomy":"product_cat","embeddable":true,"href":"https:\/\/sentaiyuanbio.com\/de\/wp-json\/wp\/v2\/product_cat?post=5973"},{"taxonomy":"product_tag","embeddable":true,"href":"https:\/\/sentaiyuanbio.com\/de\/wp-json\/wp\/v2\/product_tag?post=5973"}],"curies":[{"name":"wp","href":"https:\/\/api.w.org\/{rel}","templated":true}]}}