{"id":6197,"date":"2026-05-11T08:28:07","date_gmt":"2026-05-11T08:28:07","guid":{"rendered":"https:\/\/sentaiyuanbio.com\/"},"modified":"2026-05-12T03:52:49","modified_gmt":"2026-05-12T03:52:49","slug":"einfache-proteinreiche-udon-nudeln","status":"publish","type":"product","link":"https:\/\/sentaiyuanbio.com\/de\/produkt\/einfache-proteinreiche-udon-nudeln\/","title":{"rendered":"Einfache Udon-Nudeln mit hohem Proteingehalt"},"content":{"rendered":"<h2>Einfache Udon-Nudeln mit hohem Proteingehalt N\u00e4hrwertangaben<\/h2>\n<p><strong>Ramen Zutaten:<\/strong>\u00a0Vitales Weizengluten, Weizenmehl, Erbsenprotein, Tapiokast\u00e4rke, Erbsenfaser, Kartoffelst\u00e4rke, Klebereismehl, <a href=\"https:\/\/hethstia.com\/konjac-powder-vs-xanthan-gum\/\" target=\"_blank\" rel=\"noopener\">Xanthangummi<\/a>, <a href=\"https:\/\/sentaiyuanbio.com\/de\/produkt\/konjakmehl-yamswurzel-konjakpulver\/\" target=\"_blank\" rel=\"noopener\">Konjakmehl<\/a>, Salz, Natriumcarbonat.<\/p>\n<p><strong>Enth\u00e4lt:<\/strong>\u00a0Weizen, Soja<\/p>\n<p><strong>Nettogewicht<\/strong>: 1.94 oz (55g), oder kundenspezifische Verpackungsgr\u00f6\u00dfe.<\/p>\n<p><strong>Haltbarkeitsdauer<\/strong>: 18 Monate.<\/p>\n<p><strong>Lagerung<\/strong>: An einem k\u00fchlen, trockenen Ort aufbewahren. Von Licht und Hitze fernhalten.<\/p>\n<table border=\"1\" cellspacing=\"1\">\n<tbody>\n<tr>\n<td align=\"center\" width=\"284\"><b>Energie<\/b><\/td>\n<td align=\"center\" width=\"284\">200kcal<\/td>\n<\/tr>\n<tr>\n<td align=\"center\" width=\"284\"><b>Fett insgesamt<\/b><\/td>\n<td align=\"center\" width=\"284\">1g<\/td>\n<\/tr>\n<tr>\n<td align=\"center\" width=\"284\"><b>Natrium<\/b><\/td>\n<td align=\"center\" width=\"284\">230mg<\/td>\n<\/tr>\n<tr>\n<td align=\"center\" width=\"284\"><b>Kohlenhydrate insgesamt<\/b><\/td>\n<td align=\"center\" width=\"284\">27g<\/td>\n<\/tr>\n<tr>\n<td align=\"center\" width=\"284\"><b>Ballaststoffe<\/b><\/td>\n<td align=\"center\" width=\"284\">3g<\/td>\n<\/tr>\n<tr>\n<td align=\"center\" width=\"284\"><b>Zucker insgesamt<\/b><\/td>\n<td align=\"center\" width=\"284\">0g<\/td>\n<\/tr>\n<tr>\n<td align=\"center\" width=\"284\"><b>Eiwei\u00df<\/b><\/td>\n<td align=\"center\" width=\"284\">22g<\/td>\n<\/tr>\n<\/tbody>\n<\/table>\n<p><img fetchpriority=\"high\" decoding=\"async\" class=\"alignnone wp-image-6205 size-full\" title=\"Einfache Udon-Nudeln mit hohem Proteingehalt, gesunde Protein-Ramen\" src=\"https:\/\/sentaiyuanbio.com\/wp-content\/uploads\/2026\/05\/high-protein-udon-noodles_1.webp\" alt=\"Einfache Udon-Nudeln mit hohem Proteingehalt, gesunde Protein-Ramen\" width=\"750\" height=\"677\" srcset=\"https:\/\/sentaiyuanbio.com\/wp-content\/uploads\/2026\/05\/high-protein-udon-noodles_1.webp 750w, https:\/\/sentaiyuanbio.com\/wp-content\/uploads\/2026\/05\/high-protein-udon-noodles_1-300x271.webp 300w, https:\/\/sentaiyuanbio.com\/wp-content\/uploads\/2026\/05\/high-protein-udon-noodles_1-13x12.webp 13w, https:\/\/sentaiyuanbio.com\/wp-content\/uploads\/2026\/05\/high-protein-udon-noodles_1-600x542.webp 600w\" sizes=\"(max-width: 750px) 100vw, 750px\" \/> <img decoding=\"async\" class=\"alignnone wp-image-6206 size-full\" title=\"Einfache Udon-Nudeln mit hohem Proteingehalt, gesunde Protein-Ramen\" src=\"https:\/\/sentaiyuanbio.com\/wp-content\/uploads\/2026\/05\/high-protein-udon-noodles_2.webp\" alt=\"Einfache Udon-Nudeln mit hohem Proteingehalt, gesunde Protein-Ramen\" width=\"750\" height=\"595\" srcset=\"https:\/\/sentaiyuanbio.com\/wp-content\/uploads\/2026\/05\/high-protein-udon-noodles_2.webp 750w, https:\/\/sentaiyuanbio.com\/wp-content\/uploads\/2026\/05\/high-protein-udon-noodles_2-300x238.webp 300w, https:\/\/sentaiyuanbio.com\/wp-content\/uploads\/2026\/05\/high-protein-udon-noodles_2-15x12.webp 15w, https:\/\/sentaiyuanbio.com\/wp-content\/uploads\/2026\/05\/high-protein-udon-noodles_2-600x476.webp 600w\" sizes=\"(max-width: 750px) 100vw, 750px\" \/> <img decoding=\"async\" class=\"alignnone wp-image-6207 size-full\" title=\"Einfache Udon-Nudeln mit hohem Proteingehalt, gesunde Protein-Ramen\" src=\"https:\/\/sentaiyuanbio.com\/wp-content\/uploads\/2026\/05\/high-protein-udon-noodles_3.webp\" alt=\"Einfache Udon-Nudeln mit hohem Proteingehalt, gesunde Protein-Ramen\" width=\"750\" height=\"585\" srcset=\"https:\/\/sentaiyuanbio.com\/wp-content\/uploads\/2026\/05\/high-protein-udon-noodles_3.webp 750w, https:\/\/sentaiyuanbio.com\/wp-content\/uploads\/2026\/05\/high-protein-udon-noodles_3-300x234.webp 300w, https:\/\/sentaiyuanbio.com\/wp-content\/uploads\/2026\/05\/high-protein-udon-noodles_3-15x12.webp 15w, https:\/\/sentaiyuanbio.com\/wp-content\/uploads\/2026\/05\/high-protein-udon-noodles_3-600x468.webp 600w\" sizes=\"(max-width: 750px) 100vw, 750px\" \/> <img loading=\"lazy\" decoding=\"async\" class=\"alignnone wp-image-6208 size-full\" title=\"Einfache Udon-Nudeln mit hohem Proteingehalt, gesunde Protein-Ramen\" src=\"https:\/\/sentaiyuanbio.com\/wp-content\/uploads\/2026\/05\/high-protein-udon-noodles_4.webp\" alt=\"gesunde Protein-Ramen\" width=\"750\" height=\"608\" srcset=\"https:\/\/sentaiyuanbio.com\/wp-content\/uploads\/2026\/05\/high-protein-udon-noodles_4.webp 750w, https:\/\/sentaiyuanbio.com\/wp-content\/uploads\/2026\/05\/high-protein-udon-noodles_4-300x243.webp 300w, https:\/\/sentaiyuanbio.com\/wp-content\/uploads\/2026\/05\/high-protein-udon-noodles_4-15x12.webp 15w, https:\/\/sentaiyuanbio.com\/wp-content\/uploads\/2026\/05\/high-protein-udon-noodles_4-600x486.webp 600w\" sizes=\"(max-width: 750px) 100vw, 750px\" \/> <img loading=\"lazy\" decoding=\"async\" class=\"alignnone wp-image-6209 size-full\" title=\"Einfache Udon-Nudeln mit hohem Proteingehalt, gesunde Protein-Ramen\" src=\"https:\/\/sentaiyuanbio.com\/wp-content\/uploads\/2026\/05\/high-protein-udon-noodles_5.webp\" alt=\"gesunde Protein-Ramen\" width=\"750\" height=\"584\" srcset=\"https:\/\/sentaiyuanbio.com\/wp-content\/uploads\/2026\/05\/high-protein-udon-noodles_5.webp 750w, https:\/\/sentaiyuanbio.com\/wp-content\/uploads\/2026\/05\/high-protein-udon-noodles_5-300x234.webp 300w, https:\/\/sentaiyuanbio.com\/wp-content\/uploads\/2026\/05\/high-protein-udon-noodles_5-15x12.webp 15w, https:\/\/sentaiyuanbio.com\/wp-content\/uploads\/2026\/05\/high-protein-udon-noodles_5-600x467.webp 600w\" sizes=\"(max-width: 750px) 100vw, 750px\" \/> <img loading=\"lazy\" decoding=\"async\" class=\"alignnone wp-image-6210 size-full\" title=\"Einfache Udon-Nudeln mit hohem Proteingehalt, gesunde Protein-Ramen\" src=\"https:\/\/sentaiyuanbio.com\/wp-content\/uploads\/2026\/05\/high-protein-udon-noodles_6.webp\" alt=\"gesunde Protein-Ramen\" width=\"750\" height=\"551\" srcset=\"https:\/\/sentaiyuanbio.com\/wp-content\/uploads\/2026\/05\/high-protein-udon-noodles_6.webp 750w, https:\/\/sentaiyuanbio.com\/wp-content\/uploads\/2026\/05\/high-protein-udon-noodles_6-300x220.webp 300w, https:\/\/sentaiyuanbio.com\/wp-content\/uploads\/2026\/05\/high-protein-udon-noodles_6-16x12.webp 16w, https:\/\/sentaiyuanbio.com\/wp-content\/uploads\/2026\/05\/high-protein-udon-noodles_6-600x441.webp 600w\" sizes=\"(max-width: 750px) 100vw, 750px\" \/> <img loading=\"lazy\" decoding=\"async\" class=\"alignnone wp-image-6211 size-full\" title=\"Einfache Udon-Nudeln mit hohem Proteingehalt, gesunde Protein-Ramen\" src=\"https:\/\/sentaiyuanbio.com\/wp-content\/uploads\/2026\/05\/high-protein-udon-noodles_7.webp\" alt=\"gesunde Protein-Ramen\" width=\"750\" height=\"601\" srcset=\"https:\/\/sentaiyuanbio.com\/wp-content\/uploads\/2026\/05\/high-protein-udon-noodles_7.webp 750w, https:\/\/sentaiyuanbio.com\/wp-content\/uploads\/2026\/05\/high-protein-udon-noodles_7-300x240.webp 300w, https:\/\/sentaiyuanbio.com\/wp-content\/uploads\/2026\/05\/high-protein-udon-noodles_7-15x12.webp 15w, https:\/\/sentaiyuanbio.com\/wp-content\/uploads\/2026\/05\/high-protein-udon-noodles_7-600x481.webp 600w\" sizes=\"(max-width: 750px) 100vw, 750px\" \/><\/p>","protected":false},"excerpt":{"rendered":"<p>Eiwei\u00dfreiche Udon-Nudeln mit Packung: gesunde Eiwei\u00dfnudeln sind eiwei\u00dfreiche Ramen, 22 g Eiwei\u00df pro 55 g Portion, fitter Lebensstil, 30% weniger Kohlenhydrate, 80% mehr Eiwei\u00df. Pflanzliche Eiwei\u00dfnudeln, proteinreich, luftgetrocknet, fettarm, nicht frittiert, NON-GMO, weniger Kohlenhydrate.<\/p>","protected":false},"featured_media":6196,"template":"","meta":{"site-sidebar-layout":"default","site-content-layout":"","ast-site-content-layout":"default","site-content-style":"default","site-sidebar-style":"default","ast-global-header-display":"","ast-banner-title-visibility":"","ast-main-header-display":"","ast-hfb-above-header-display":"","ast-hfb-below-header-display":"","ast-hfb-mobile-header-display":"","site-post-title":"","ast-breadcrumbs-content":"","ast-featured-img":"","footer-sml-layout":"","ast-disable-related-posts":"","theme-transparent-header-meta":"default","adv-header-id-meta":"","stick-header-meta":"default","header-above-stick-meta":"","header-main-stick-meta":"","header-below-stick-meta":"","astra-migrate-meta-layouts":"set","ast-page-background-enabled":"default","ast-page-background-meta":{"desktop":{"background-color":"","background-image":"","background-repeat":"repeat","background-position":"center center","background-size":"auto","background-attachment":"scroll","background-type":"","background-media":"","overlay-type":"","overlay-color":"","overlay-opacity":"","overlay-gradient":""},"tablet":{"background-color":"","background-image":"","background-repeat":"repeat","background-position":"center center","background-size":"auto","background-attachment":"scroll","background-type":"","background-media":"","overlay-type":"","overlay-color":"","overlay-opacity":"","overlay-gradient":""},"mobile":{"background-color":"","background-image":"","background-repeat":"repeat","background-position":"center center","background-size":"auto","background-attachment":"scroll","background-type":"","background-media":"","overlay-type":"","overlay-color":"","overlay-opacity":"","overlay-gradient":""}},"ast-content-background-meta":{"desktop":{"background-color":"var(--ast-global-color-5)","background-image":"","background-repeat":"repeat","background-position":"center center","background-size":"auto","background-attachment":"scroll","background-type":"","background-media":"","overlay-type":"","overlay-color":"","overlay-opacity":"","overlay-gradient":""},"tablet":{"background-color":"var(--ast-global-color-5)","background-image":"","background-repeat":"repeat","background-position":"center center","background-size":"auto","background-attachment":"scroll","background-type":"","background-media":"","overlay-type":"","overlay-color":"","overlay-opacity":"","overlay-gradient":""},"mobile":{"background-color":"var(--ast-global-color-5)","background-image":"","background-repeat":"repeat","background-position":"center center","background-size":"auto","background-attachment":"scroll","background-type":"","background-media":"","overlay-type":"","overlay-color":"","overlay-opacity":"","overlay-gradient":""}}},"product_brand":[],"product_cat":[255],"product_tag":[],"class_list":{"0":"post-6197","1":"product","2":"type-product","3":"status-publish","4":"has-post-thumbnail","6":"product_cat-high-protein-udon-noodles","7":"desktop-align-left","8":"tablet-align-left","9":"mobile-align-left","10":"ast-product-gallery-layout-horizontal-slider","11":"ast-product-tabs-layout-horizontal","13":"first","14":"instock","15":"shipping-taxable","16":"product-type-simple"},"_links":{"self":[{"href":"https:\/\/sentaiyuanbio.com\/de\/wp-json\/wp\/v2\/product\/6197","targetHints":{"allow":["GET"]}}],"collection":[{"href":"https:\/\/sentaiyuanbio.com\/de\/wp-json\/wp\/v2\/product"}],"about":[{"href":"https:\/\/sentaiyuanbio.com\/de\/wp-json\/wp\/v2\/types\/product"}],"version-history":[{"count":4,"href":"https:\/\/sentaiyuanbio.com\/de\/wp-json\/wp\/v2\/product\/6197\/revisions"}],"predecessor-version":[{"id":6214,"href":"https:\/\/sentaiyuanbio.com\/de\/wp-json\/wp\/v2\/product\/6197\/revisions\/6214"}],"wp:featuredmedia":[{"embeddable":true,"href":"https:\/\/sentaiyuanbio.com\/de\/wp-json\/wp\/v2\/media\/6196"}],"wp:attachment":[{"href":"https:\/\/sentaiyuanbio.com\/de\/wp-json\/wp\/v2\/media?parent=6197"}],"wp:term":[{"taxonomy":"product_brand","embeddable":true,"href":"https:\/\/sentaiyuanbio.com\/de\/wp-json\/wp\/v2\/product_brand?post=6197"},{"taxonomy":"product_cat","embeddable":true,"href":"https:\/\/sentaiyuanbio.com\/de\/wp-json\/wp\/v2\/product_cat?post=6197"},{"taxonomy":"product_tag","embeddable":true,"href":"https:\/\/sentaiyuanbio.com\/de\/wp-json\/wp\/v2\/product_tag?post=6197"}],"curies":[{"name":"wp","href":"https:\/\/api.w.org\/{rel}","templated":true}]}}