{"id":6216,"date":"2026-05-12T03:51:34","date_gmt":"2026-05-12T03:51:34","guid":{"rendered":"https:\/\/sentaiyuanbio.com\/"},"modified":"2026-05-12T03:51:34","modified_gmt":"2026-05-12T03:51:34","slug":"proteinreiche-udon-nudeln-mit-huhnergeschmack","status":"publish","type":"product","link":"https:\/\/sentaiyuanbio.com\/de\/produkt\/proteinreiche-udon-nudeln-mit-huhnergeschmack\/","title":{"rendered":"Eiwei\u00dfreiche Udon-Nudeln mit H\u00fchnergeschmack"},"content":{"rendered":"<h2>Udon-Nudeln mit hohem Eiwei\u00dfgehalt und H\u00e4hnchengeschmack Zutaten<\/h2>\n<p><strong>Ramen:<\/strong> Vitales Weizengluten, Weizenmehl, Erbsenprotein, Tapiokast\u00e4rke, Erbsenfasern, Kartoffelst\u00e4rke, Klebreismehl, Xanthangummi, <a href=\"https:\/\/sentaiyuanbio.com\/de\/produkt\/konjakmehl-yamswurzel-konjakpulver\/\" target=\"_blank\" rel=\"noopener\">Konjakmehl<\/a>, Salz, Natriumcarbonat.<\/p>\n<p><strong>H\u00fchnerfleisch-Gew\u00fcrzmischung:<\/strong> Salz, Mononatriumglutamat, Zucker, Maisst\u00e4rke, H\u00fchneraromamischung (Salz, Hefeextrakt, Maltodextrin, Dinatrium-5\u2032-Ribonukleotide, k\u00fcnstliches H\u00fchneraroma, Siliziumdioxid), Sojasaucenpulver (Gebraute Sojasauce (Wasser, Sojabohnen, Weizen, Salz), Maltodextrin, Salz, Karamellfarbe, Mononatriumglutamat, Dinatrium-5\u2032-Ribonukleotide), Gew\u00fcrze, Dinatrium-5\u2032-Ribonukleotide, Karamellfarbe, Hefeextrakt, Xanthangummi.<\/p>\n<p><strong>Sauce mit H\u00fchnerfleischgeschmack:<\/strong> Palm\u00f6l, Zwiebel, Ingwer, Gew\u00fcrze, k\u00fcnstliches H\u00fchneraroma, Vitamin E.<\/p>\n<p><strong>Gem\u00fcse:<\/strong> Getrocknete Karotte, getrocknete gr\u00fcne Zwiebel.<\/p>\n<p><strong>Informationen zu Allergenen:<\/strong> Weizen, Soja.<\/p>\n<h3>N\u00e4hrwertangaben - Portionsgr\u00f6\u00dfe 1 Beutel (66 g)<\/h3>\n<table border=\"1\" cellspacing=\"1\">\n<tbody>\n<tr>\n<td align=\"center\" width=\"284\"><b>Energie<\/b><\/td>\n<td align=\"center\" width=\"284\">240kcal<\/td>\n<\/tr>\n<tr>\n<td align=\"center\" width=\"284\"><b>Fett insgesamt<\/b><\/td>\n<td align=\"center\" width=\"284\">4.5g<\/td>\n<\/tr>\n<tr>\n<td align=\"center\" width=\"284\"><b>Natrium<\/b><\/td>\n<td align=\"center\" width=\"284\">790mg<\/td>\n<\/tr>\n<tr>\n<td align=\"center\" width=\"284\"><b>Kohlenhydrate insgesamt<\/b><\/td>\n<td align=\"center\" width=\"284\">28g<\/td>\n<\/tr>\n<tr>\n<td align=\"center\" width=\"284\"><b>Ballaststoffe<\/b><\/td>\n<td align=\"center\" width=\"284\">3g<\/td>\n<\/tr>\n<tr>\n<td align=\"center\" width=\"284\"><b>Zucker insgesamt<\/b><\/td>\n<td align=\"center\" width=\"284\">1g<\/td>\n<\/tr>\n<tr>\n<td align=\"center\" width=\"284\"><b>Eiwei\u00df<\/b><\/td>\n<td align=\"center\" width=\"284\">22g<\/td>\n<\/tr>\n<\/tbody>\n<\/table>\n<p><img fetchpriority=\"high\" decoding=\"async\" class=\"alignnone wp-image-6225 size-full\" title=\"Eiwei\u00dfreiche Udon-Nudeln mit H\u00e4hnchengeschmack, kohlenhydratarme Ramen\" src=\"https:\/\/sentaiyuanbio.com\/wp-content\/uploads\/2026\/05\/high-protein-udon_1.webp\" alt=\"Eiwei\u00dfreiche Udon-Nudeln mit H\u00e4hnchengeschmack, kohlenhydratarme Ramen\" width=\"750\" height=\"640\" srcset=\"https:\/\/sentaiyuanbio.com\/wp-content\/uploads\/2026\/05\/high-protein-udon_1.webp 750w, https:\/\/sentaiyuanbio.com\/wp-content\/uploads\/2026\/05\/high-protein-udon_1-300x256.webp 300w, https:\/\/sentaiyuanbio.com\/wp-content\/uploads\/2026\/05\/high-protein-udon_1-14x12.webp 14w, https:\/\/sentaiyuanbio.com\/wp-content\/uploads\/2026\/05\/high-protein-udon_1-600x512.webp 600w\" sizes=\"(max-width: 750px) 100vw, 750px\" \/> <img decoding=\"async\" class=\"alignnone wp-image-6226 size-full\" title=\"Udon mit hohem Proteingehalt, kohlenhydratarmes Ramen\" src=\"https:\/\/sentaiyuanbio.com\/wp-content\/uploads\/2026\/05\/high-protein-udon_2.webp\" alt=\"Udon mit hohem Proteingehalt, kohlenhydratarmes Ramen\" width=\"750\" height=\"605\" srcset=\"https:\/\/sentaiyuanbio.com\/wp-content\/uploads\/2026\/05\/high-protein-udon_2.webp 750w, https:\/\/sentaiyuanbio.com\/wp-content\/uploads\/2026\/05\/high-protein-udon_2-300x242.webp 300w, https:\/\/sentaiyuanbio.com\/wp-content\/uploads\/2026\/05\/high-protein-udon_2-15x12.webp 15w, https:\/\/sentaiyuanbio.com\/wp-content\/uploads\/2026\/05\/high-protein-udon_2-600x484.webp 600w\" sizes=\"(max-width: 750px) 100vw, 750px\" \/> <img decoding=\"async\" class=\"alignnone wp-image-6227 size-full\" title=\"Udon mit hohem Proteingehalt, kohlenhydratarmes Ramen\" src=\"https:\/\/sentaiyuanbio.com\/wp-content\/uploads\/2026\/05\/high-protein-udon_3.webp\" alt=\"Udon mit hohem Proteingehalt, kohlenhydratarmes Ramen\" width=\"750\" height=\"612\" srcset=\"https:\/\/sentaiyuanbio.com\/wp-content\/uploads\/2026\/05\/high-protein-udon_3.webp 750w, https:\/\/sentaiyuanbio.com\/wp-content\/uploads\/2026\/05\/high-protein-udon_3-300x245.webp 300w, https:\/\/sentaiyuanbio.com\/wp-content\/uploads\/2026\/05\/high-protein-udon_3-15x12.webp 15w, https:\/\/sentaiyuanbio.com\/wp-content\/uploads\/2026\/05\/high-protein-udon_3-600x490.webp 600w\" sizes=\"(max-width: 750px) 100vw, 750px\" \/> <img loading=\"lazy\" decoding=\"async\" class=\"alignnone wp-image-6228 size-full\" title=\"Udon mit hohem Proteingehalt, kohlenhydratarmes Ramen\" src=\"https:\/\/sentaiyuanbio.com\/wp-content\/uploads\/2026\/05\/high-protein-udon_4.webp\" alt=\"Udon mit hohem Proteingehalt, kohlenhydratarmes Ramen\" width=\"750\" height=\"580\" srcset=\"https:\/\/sentaiyuanbio.com\/wp-content\/uploads\/2026\/05\/high-protein-udon_4.webp 750w, https:\/\/sentaiyuanbio.com\/wp-content\/uploads\/2026\/05\/high-protein-udon_4-300x232.webp 300w, https:\/\/sentaiyuanbio.com\/wp-content\/uploads\/2026\/05\/high-protein-udon_4-16x12.webp 16w, https:\/\/sentaiyuanbio.com\/wp-content\/uploads\/2026\/05\/high-protein-udon_4-600x464.webp 600w\" sizes=\"(max-width: 750px) 100vw, 750px\" \/> <img loading=\"lazy\" decoding=\"async\" class=\"alignnone wp-image-6229 size-full\" title=\"Udon mit hohem Proteingehalt, kohlenhydratarmes Ramen\" src=\"https:\/\/sentaiyuanbio.com\/wp-content\/uploads\/2026\/05\/high-protein-udon_5.webp\" alt=\"Udon mit hohem Proteingehalt, kohlenhydratarmes Ramen\" width=\"750\" height=\"605\" srcset=\"https:\/\/sentaiyuanbio.com\/wp-content\/uploads\/2026\/05\/high-protein-udon_5.webp 750w, https:\/\/sentaiyuanbio.com\/wp-content\/uploads\/2026\/05\/high-protein-udon_5-300x242.webp 300w, https:\/\/sentaiyuanbio.com\/wp-content\/uploads\/2026\/05\/high-protein-udon_5-15x12.webp 15w, https:\/\/sentaiyuanbio.com\/wp-content\/uploads\/2026\/05\/high-protein-udon_5-600x484.webp 600w\" sizes=\"(max-width: 750px) 100vw, 750px\" \/> <img loading=\"lazy\" decoding=\"async\" class=\"alignnone wp-image-6230 size-full\" title=\"Udon mit hohem Proteingehalt, kohlenhydratarmes Ramen\" src=\"https:\/\/sentaiyuanbio.com\/wp-content\/uploads\/2026\/05\/high-protein-udon_6.webp\" alt=\"Udon mit hohem Proteingehalt, kohlenhydratarmes Ramen\" width=\"750\" height=\"629\" srcset=\"https:\/\/sentaiyuanbio.com\/wp-content\/uploads\/2026\/05\/high-protein-udon_6.webp 750w, https:\/\/sentaiyuanbio.com\/wp-content\/uploads\/2026\/05\/high-protein-udon_6-300x252.webp 300w, https:\/\/sentaiyuanbio.com\/wp-content\/uploads\/2026\/05\/high-protein-udon_6-14x12.webp 14w, https:\/\/sentaiyuanbio.com\/wp-content\/uploads\/2026\/05\/high-protein-udon_6-600x503.webp 600w\" sizes=\"(max-width: 750px) 100vw, 750px\" \/> <img loading=\"lazy\" decoding=\"async\" class=\"alignnone wp-image-6231 size-full\" title=\"Udon mit hohem Proteingehalt, kohlenhydratarmes Ramen\" src=\"https:\/\/sentaiyuanbio.com\/wp-content\/uploads\/2026\/05\/high-protein-udon_7.webp\" alt=\"Udon mit hohem Proteingehalt, kohlenhydratarmes Ramen\" width=\"750\" height=\"600\" srcset=\"https:\/\/sentaiyuanbio.com\/wp-content\/uploads\/2026\/05\/high-protein-udon_7.webp 750w, https:\/\/sentaiyuanbio.com\/wp-content\/uploads\/2026\/05\/high-protein-udon_7-300x240.webp 300w, https:\/\/sentaiyuanbio.com\/wp-content\/uploads\/2026\/05\/high-protein-udon_7-15x12.webp 15w, https:\/\/sentaiyuanbio.com\/wp-content\/uploads\/2026\/05\/high-protein-udon_7-600x480.webp 600w\" sizes=\"(max-width: 750px) 100vw, 750px\" \/><\/p>","protected":false},"excerpt":{"rendered":"<p>Sentaiyuan pr\u00e4sentiert stolz diese bemerkenswerten, gesunden, proteinreichen Udon-Nudeln mit H\u00e4hnchengeschmack, die 22 Gramm Protein enthalten, 100% pflanzlich-vegan sind und kohlenhydratarmes Ramen sind. Dank des k\u00f6stlichen Geschmacks, der einfachen Zubereitung und des au\u00dfergew\u00f6hnlichen N\u00e4hrwerts klettert diese proteinreiche Udon-Nudel schnell an die Spitze der \u201cMuss-ich-essen\u201d-Liste f\u00fcr Fitnessbegeisterte. Noch aufregender ist, dass die Nudeln in der neuen H\u00fchnerfleisch-Variante weicher, geschmacksintensiver und bissfester sind und weniger Zeit zum Kochen ben\u00f6tigen.<\/p>","protected":false},"featured_media":6217,"template":"","meta":{"site-sidebar-layout":"default","site-content-layout":"","ast-site-content-layout":"default","site-content-style":"default","site-sidebar-style":"default","ast-global-header-display":"","ast-banner-title-visibility":"","ast-main-header-display":"","ast-hfb-above-header-display":"","ast-hfb-below-header-display":"","ast-hfb-mobile-header-display":"","site-post-title":"","ast-breadcrumbs-content":"","ast-featured-img":"","footer-sml-layout":"","ast-disable-related-posts":"","theme-transparent-header-meta":"default","adv-header-id-meta":"","stick-header-meta":"default","header-above-stick-meta":"","header-main-stick-meta":"","header-below-stick-meta":"","astra-migrate-meta-layouts":"set","ast-page-background-enabled":"default","ast-page-background-meta":{"desktop":{"background-color":"","background-image":"","background-repeat":"repeat","background-position":"center center","background-size":"auto","background-attachment":"scroll","background-type":"","background-media":"","overlay-type":"","overlay-color":"","overlay-opacity":"","overlay-gradient":""},"tablet":{"background-color":"","background-image":"","background-repeat":"repeat","background-position":"center center","background-size":"auto","background-attachment":"scroll","background-type":"","background-media":"","overlay-type":"","overlay-color":"","overlay-opacity":"","overlay-gradient":""},"mobile":{"background-color":"","background-image":"","background-repeat":"repeat","background-position":"center center","background-size":"auto","background-attachment":"scroll","background-type":"","background-media":"","overlay-type":"","overlay-color":"","overlay-opacity":"","overlay-gradient":""}},"ast-content-background-meta":{"desktop":{"background-color":"var(--ast-global-color-5)","background-image":"","background-repeat":"repeat","background-position":"center center","background-size":"auto","background-attachment":"scroll","background-type":"","background-media":"","overlay-type":"","overlay-color":"","overlay-opacity":"","overlay-gradient":""},"tablet":{"background-color":"var(--ast-global-color-5)","background-image":"","background-repeat":"repeat","background-position":"center center","background-size":"auto","background-attachment":"scroll","background-type":"","background-media":"","overlay-type":"","overlay-color":"","overlay-opacity":"","overlay-gradient":""},"mobile":{"background-color":"var(--ast-global-color-5)","background-image":"","background-repeat":"repeat","background-position":"center center","background-size":"auto","background-attachment":"scroll","background-type":"","background-media":"","overlay-type":"","overlay-color":"","overlay-opacity":"","overlay-gradient":""}}},"product_brand":[],"product_cat":[255],"product_tag":[],"class_list":{"0":"post-6216","1":"product","2":"type-product","3":"status-publish","4":"has-post-thumbnail","6":"product_cat-high-protein-udon-noodles","7":"desktop-align-left","8":"tablet-align-left","9":"mobile-align-left","10":"ast-product-gallery-layout-horizontal-slider","11":"ast-product-tabs-layout-horizontal","13":"first","14":"instock","15":"shipping-taxable","16":"product-type-simple"},"_links":{"self":[{"href":"https:\/\/sentaiyuanbio.com\/de\/wp-json\/wp\/v2\/product\/6216","targetHints":{"allow":["GET"]}}],"collection":[{"href":"https:\/\/sentaiyuanbio.com\/de\/wp-json\/wp\/v2\/product"}],"about":[{"href":"https:\/\/sentaiyuanbio.com\/de\/wp-json\/wp\/v2\/types\/product"}],"version-history":[{"count":1,"href":"https:\/\/sentaiyuanbio.com\/de\/wp-json\/wp\/v2\/product\/6216\/revisions"}],"predecessor-version":[{"id":6232,"href":"https:\/\/sentaiyuanbio.com\/de\/wp-json\/wp\/v2\/product\/6216\/revisions\/6232"}],"wp:featuredmedia":[{"embeddable":true,"href":"https:\/\/sentaiyuanbio.com\/de\/wp-json\/wp\/v2\/media\/6217"}],"wp:attachment":[{"href":"https:\/\/sentaiyuanbio.com\/de\/wp-json\/wp\/v2\/media?parent=6216"}],"wp:term":[{"taxonomy":"product_brand","embeddable":true,"href":"https:\/\/sentaiyuanbio.com\/de\/wp-json\/wp\/v2\/product_brand?post=6216"},{"taxonomy":"product_cat","embeddable":true,"href":"https:\/\/sentaiyuanbio.com\/de\/wp-json\/wp\/v2\/product_cat?post=6216"},{"taxonomy":"product_tag","embeddable":true,"href":"https:\/\/sentaiyuanbio.com\/de\/wp-json\/wp\/v2\/product_tag?post=6216"}],"curies":[{"name":"wp","href":"https:\/\/api.w.org\/{rel}","templated":true}]}}