{"id":6254,"date":"2026-05-13T06:22:00","date_gmt":"2026-05-13T06:22:00","guid":{"rendered":"https:\/\/sentaiyuanbio.com\/"},"modified":"2026-05-13T06:22:48","modified_gmt":"2026-05-13T06:22:48","slug":"udon-ramen-mit-tonkotsu-geschmack-und-hohem-proteingehalt","status":"publish","type":"product","link":"https:\/\/sentaiyuanbio.com\/de\/produkt\/udon-ramen-mit-tonkotsu-geschmack-und-hohem-proteingehalt\/","title":{"rendered":"Udon-Ramen mit Tonkotsu-Geschmack und hohem Proteingehalt"},"content":{"rendered":"<h2>Tonkotsu-Geschmack Eiwei\u00dfreiche Udon-Ramen-Zutat<\/h2>\n<p><strong>Ramen Zutaten: <\/strong> Vitales Weizengluten, Weizenmehl, Erbsenprotein, Tapiokast\u00e4rke, Erbsenfaser, Kartoffelst\u00e4rke, Klebereismehl, <a href=\"https:\/\/hethstia.com\/konjac-powder-vs-xanthan-gum\/\" target=\"_blank\" rel=\"noopener\">Xanthangummi<\/a>, <a href=\"https:\/\/sentaiyuanbio.com\/de\/produkt\/konjakmehl-yamswurzel-konjakpulver\/\" target=\"_blank\" rel=\"noopener\">Konjakmehl<\/a>, Salz, Natriumcarbonat.<\/p>\n<p><strong>Tonkotsu W\u00fcrzung:<\/strong> Salz, Mononatriumglutamat, Zucker, milchfreie Sahne (Glukosesirup, raffiniertes Palm\u00f6l, St\u00e4rke-Natriumoctenylsuccinat, Mono- und Diglyceride von Fetts\u00e4uren, Dikaliumphosphat, Siliciumdioxid),<br \/>\nSojasaucenpulver (Gebraute Sojasauce (Wasser, Sojabohnen, Weizen, Salz), Maltodextrin, Salz, Mononatriumglutamat, Karamellfarbe, Dinatrium-5\u2032-Ribonukleotide), Knoblauchpulver, Hefeextrakt, Hydrolysiertes Sojaproteinpulver (s\u00e4urehydrolisiertes Sojaprotein, Maltodextrin), Kokosnusspulver, Zwiebelpulver, Ingwerpulver, Guarkernmehl, Dinatrium-5\u2032-Ribonukleotide, schwarzer Pfeffer, Siliciumdioxid.<\/p>\n<p><strong>Schwarzes Knoblauch\u00f6l-Paket:<\/strong> Sojabohnen\u00f6l, Schwarzes Knoblauch\u00f6l, Knoblauch.<\/p>\n<p><strong>Gem\u00fcse:<\/strong> Getrocknete Karotte, getrocknete gr\u00fcne Zwiebel.<\/p>\n<p><strong>Enth\u00e4lt:<\/strong> Weizen, Soja.<\/p>\n<table border=\"1\" cellspacing=\"1\">\n<tbody>\n<tr>\n<td align=\"center\" width=\"284\"><b>Energie<\/b><\/td>\n<td align=\"center\" width=\"284\">230kcal<\/td>\n<\/tr>\n<tr>\n<td align=\"center\" width=\"284\"><b>Fett insgesamt<\/b><\/td>\n<td align=\"center\" width=\"284\">4g<\/td>\n<\/tr>\n<tr>\n<td align=\"center\" width=\"284\"><b>Natrium<\/b><\/td>\n<td align=\"center\" width=\"284\">760mg<\/td>\n<\/tr>\n<tr>\n<td align=\"center\" width=\"284\"><b>Kohlenhydrate insgesamt<\/b><\/td>\n<td align=\"center\" width=\"284\">29g<\/td>\n<\/tr>\n<tr>\n<td align=\"center\" width=\"284\"><b>Ballaststoffe<\/b><\/td>\n<td align=\"center\" width=\"284\">3g<\/td>\n<\/tr>\n<tr>\n<td align=\"center\" width=\"284\"><b>Zucker insgesamt<\/b><\/td>\n<td align=\"center\" width=\"284\">1g<\/td>\n<\/tr>\n<tr>\n<td align=\"center\" width=\"284\"><b>Eiwei\u00df<\/b><\/td>\n<td align=\"center\" width=\"284\">22g<\/td>\n<\/tr>\n<\/tbody>\n<\/table>\n<p><img fetchpriority=\"high\" decoding=\"async\" class=\"alignnone wp-image-6263 size-full\" title=\"Udon-Ramen mit Tonkotsu-Geschmack und hohem Proteingehalt\" src=\"https:\/\/sentaiyuanbio.com\/wp-content\/uploads\/2026\/05\/udon-noodles-tonkotsu_1.webp\" alt=\"Udon-Ramen mit Tonkotsu-Geschmack und hohem Proteingehalt\" width=\"750\" height=\"677\" srcset=\"https:\/\/sentaiyuanbio.com\/wp-content\/uploads\/2026\/05\/udon-noodles-tonkotsu_1.webp 750w, https:\/\/sentaiyuanbio.com\/wp-content\/uploads\/2026\/05\/udon-noodles-tonkotsu_1-300x271.webp 300w, https:\/\/sentaiyuanbio.com\/wp-content\/uploads\/2026\/05\/udon-noodles-tonkotsu_1-13x12.webp 13w, https:\/\/sentaiyuanbio.com\/wp-content\/uploads\/2026\/05\/udon-noodles-tonkotsu_1-600x542.webp 600w\" sizes=\"(max-width: 750px) 100vw, 750px\" \/> <img decoding=\"async\" class=\"alignnone wp-image-6264 size-full\" title=\"Udon Ramen Hersteller\" src=\"https:\/\/sentaiyuanbio.com\/wp-content\/uploads\/2026\/05\/udon-noodles-tonkotsu_2.webp\" alt=\"Udon Ramen Hersteller\" width=\"750\" height=\"595\" srcset=\"https:\/\/sentaiyuanbio.com\/wp-content\/uploads\/2026\/05\/udon-noodles-tonkotsu_2.webp 750w, https:\/\/sentaiyuanbio.com\/wp-content\/uploads\/2026\/05\/udon-noodles-tonkotsu_2-300x238.webp 300w, https:\/\/sentaiyuanbio.com\/wp-content\/uploads\/2026\/05\/udon-noodles-tonkotsu_2-15x12.webp 15w, https:\/\/sentaiyuanbio.com\/wp-content\/uploads\/2026\/05\/udon-noodles-tonkotsu_2-600x476.webp 600w\" sizes=\"(max-width: 750px) 100vw, 750px\" \/> <img decoding=\"async\" class=\"alignnone wp-image-6265 size-full\" title=\"Udon Ramen Hersteller\" src=\"https:\/\/sentaiyuanbio.com\/wp-content\/uploads\/2026\/05\/udon-noodles-tonkotsu_3.webp\" alt=\"Udon Ramen Hersteller\" width=\"750\" height=\"585\" srcset=\"https:\/\/sentaiyuanbio.com\/wp-content\/uploads\/2026\/05\/udon-noodles-tonkotsu_3.webp 750w, https:\/\/sentaiyuanbio.com\/wp-content\/uploads\/2026\/05\/udon-noodles-tonkotsu_3-300x234.webp 300w, https:\/\/sentaiyuanbio.com\/wp-content\/uploads\/2026\/05\/udon-noodles-tonkotsu_3-15x12.webp 15w, https:\/\/sentaiyuanbio.com\/wp-content\/uploads\/2026\/05\/udon-noodles-tonkotsu_3-600x468.webp 600w\" sizes=\"(max-width: 750px) 100vw, 750px\" \/> <img loading=\"lazy\" decoding=\"async\" class=\"alignnone wp-image-6266 size-full\" title=\"Udon Ramen Hersteller\" src=\"https:\/\/sentaiyuanbio.com\/wp-content\/uploads\/2026\/05\/udon-noodles-tonkotsu_4.webp\" alt=\"Udon Ramen Hersteller\" width=\"750\" height=\"608\" srcset=\"https:\/\/sentaiyuanbio.com\/wp-content\/uploads\/2026\/05\/udon-noodles-tonkotsu_4.webp 750w, https:\/\/sentaiyuanbio.com\/wp-content\/uploads\/2026\/05\/udon-noodles-tonkotsu_4-300x243.webp 300w, https:\/\/sentaiyuanbio.com\/wp-content\/uploads\/2026\/05\/udon-noodles-tonkotsu_4-15x12.webp 15w, https:\/\/sentaiyuanbio.com\/wp-content\/uploads\/2026\/05\/udon-noodles-tonkotsu_4-600x486.webp 600w\" sizes=\"(max-width: 750px) 100vw, 750px\" \/> <img loading=\"lazy\" decoding=\"async\" class=\"alignnone wp-image-6267 size-full\" title=\"Udon Ramen Hersteller\" src=\"https:\/\/sentaiyuanbio.com\/wp-content\/uploads\/2026\/05\/udon-noodles-tonkotsu_5.webp\" alt=\"Udon Ramen Hersteller\" width=\"750\" height=\"584\" srcset=\"https:\/\/sentaiyuanbio.com\/wp-content\/uploads\/2026\/05\/udon-noodles-tonkotsu_5.webp 750w, https:\/\/sentaiyuanbio.com\/wp-content\/uploads\/2026\/05\/udon-noodles-tonkotsu_5-300x234.webp 300w, https:\/\/sentaiyuanbio.com\/wp-content\/uploads\/2026\/05\/udon-noodles-tonkotsu_5-15x12.webp 15w, https:\/\/sentaiyuanbio.com\/wp-content\/uploads\/2026\/05\/udon-noodles-tonkotsu_5-600x467.webp 600w\" sizes=\"(max-width: 750px) 100vw, 750px\" \/> <img loading=\"lazy\" decoding=\"async\" class=\"alignnone wp-image-6268 size-full\" title=\"Udon Ramen Hersteller\" src=\"https:\/\/sentaiyuanbio.com\/wp-content\/uploads\/2026\/05\/udon-noodles-tonkotsu_6.webp\" alt=\"Udon Ramen Hersteller\" width=\"750\" height=\"551\" srcset=\"https:\/\/sentaiyuanbio.com\/wp-content\/uploads\/2026\/05\/udon-noodles-tonkotsu_6.webp 750w, https:\/\/sentaiyuanbio.com\/wp-content\/uploads\/2026\/05\/udon-noodles-tonkotsu_6-300x220.webp 300w, https:\/\/sentaiyuanbio.com\/wp-content\/uploads\/2026\/05\/udon-noodles-tonkotsu_6-16x12.webp 16w, https:\/\/sentaiyuanbio.com\/wp-content\/uploads\/2026\/05\/udon-noodles-tonkotsu_6-600x441.webp 600w\" sizes=\"(max-width: 750px) 100vw, 750px\" \/> <img loading=\"lazy\" decoding=\"async\" class=\"alignnone wp-image-6269 size-full\" title=\"Udon Ramen Hersteller\" src=\"https:\/\/sentaiyuanbio.com\/wp-content\/uploads\/2026\/05\/udon-noodles-tonkotsu_7.webp\" alt=\"Udon Ramen Hersteller\" width=\"750\" height=\"601\" srcset=\"https:\/\/sentaiyuanbio.com\/wp-content\/uploads\/2026\/05\/udon-noodles-tonkotsu_7.webp 750w, https:\/\/sentaiyuanbio.com\/wp-content\/uploads\/2026\/05\/udon-noodles-tonkotsu_7-300x240.webp 300w, https:\/\/sentaiyuanbio.com\/wp-content\/uploads\/2026\/05\/udon-noodles-tonkotsu_7-15x12.webp 15w, https:\/\/sentaiyuanbio.com\/wp-content\/uploads\/2026\/05\/udon-noodles-tonkotsu_7-600x481.webp 600w\" sizes=\"(max-width: 750px) 100vw, 750px\" \/><\/p>","protected":false},"excerpt":{"rendered":"<p>Udon-Nudeln mit Tonkotsu-Geschmack und hohem Proteingehalt - eine gesunde, proteinreiche Nudeloption. Enth\u00e4lt ein Paket mit schwarzem Knoblauch\u00f6l (Zutaten: Sojabohnen\u00f6l, schwarzes Knoblauch\u00f6l, Knoblauch) und ein Gem\u00fcsepaket (Zutaten: dehydrierte Karotten, dehydrierte gr\u00fcne Zwiebeln). Jede Portion (Nettogewicht: 65 g) enth\u00e4lt 22 g Protein. Produkt-Highlights: Nat\u00fcrlich luftgetrocknet, fettarm, nicht frittiert, nicht gentechnisch ver\u00e4ndert, kohlenhydratarm.<\/p>","protected":false},"featured_media":6260,"template":"","meta":{"site-sidebar-layout":"default","site-content-layout":"","ast-site-content-layout":"default","site-content-style":"default","site-sidebar-style":"default","ast-global-header-display":"","ast-banner-title-visibility":"","ast-main-header-display":"","ast-hfb-above-header-display":"","ast-hfb-below-header-display":"","ast-hfb-mobile-header-display":"","site-post-title":"","ast-breadcrumbs-content":"","ast-featured-img":"","footer-sml-layout":"","ast-disable-related-posts":"","theme-transparent-header-meta":"default","adv-header-id-meta":"","stick-header-meta":"default","header-above-stick-meta":"","header-main-stick-meta":"","header-below-stick-meta":"","astra-migrate-meta-layouts":"set","ast-page-background-enabled":"default","ast-page-background-meta":{"desktop":{"background-color":"","background-image":"","background-repeat":"repeat","background-position":"center center","background-size":"auto","background-attachment":"scroll","background-type":"","background-media":"","overlay-type":"","overlay-color":"","overlay-opacity":"","overlay-gradient":""},"tablet":{"background-color":"","background-image":"","background-repeat":"repeat","background-position":"center center","background-size":"auto","background-attachment":"scroll","background-type":"","background-media":"","overlay-type":"","overlay-color":"","overlay-opacity":"","overlay-gradient":""},"mobile":{"background-color":"","background-image":"","background-repeat":"repeat","background-position":"center center","background-size":"auto","background-attachment":"scroll","background-type":"","background-media":"","overlay-type":"","overlay-color":"","overlay-opacity":"","overlay-gradient":""}},"ast-content-background-meta":{"desktop":{"background-color":"var(--ast-global-color-5)","background-image":"","background-repeat":"repeat","background-position":"center center","background-size":"auto","background-attachment":"scroll","background-type":"","background-media":"","overlay-type":"","overlay-color":"","overlay-opacity":"","overlay-gradient":""},"tablet":{"background-color":"var(--ast-global-color-5)","background-image":"","background-repeat":"repeat","background-position":"center center","background-size":"auto","background-attachment":"scroll","background-type":"","background-media":"","overlay-type":"","overlay-color":"","overlay-opacity":"","overlay-gradient":""},"mobile":{"background-color":"var(--ast-global-color-5)","background-image":"","background-repeat":"repeat","background-position":"center center","background-size":"auto","background-attachment":"scroll","background-type":"","background-media":"","overlay-type":"","overlay-color":"","overlay-opacity":"","overlay-gradient":""}}},"product_brand":[],"product_cat":[255],"product_tag":[],"class_list":{"0":"post-6254","1":"product","2":"type-product","3":"status-publish","4":"has-post-thumbnail","6":"product_cat-high-protein-udon-noodles","7":"desktop-align-left","8":"tablet-align-left","9":"mobile-align-left","10":"ast-product-gallery-layout-horizontal-slider","11":"ast-product-tabs-layout-horizontal","13":"first","14":"instock","15":"shipping-taxable","16":"product-type-simple"},"_links":{"self":[{"href":"https:\/\/sentaiyuanbio.com\/de\/wp-json\/wp\/v2\/product\/6254","targetHints":{"allow":["GET"]}}],"collection":[{"href":"https:\/\/sentaiyuanbio.com\/de\/wp-json\/wp\/v2\/product"}],"about":[{"href":"https:\/\/sentaiyuanbio.com\/de\/wp-json\/wp\/v2\/types\/product"}],"version-history":[{"count":3,"href":"https:\/\/sentaiyuanbio.com\/de\/wp-json\/wp\/v2\/product\/6254\/revisions"}],"predecessor-version":[{"id":6272,"href":"https:\/\/sentaiyuanbio.com\/de\/wp-json\/wp\/v2\/product\/6254\/revisions\/6272"}],"wp:featuredmedia":[{"embeddable":true,"href":"https:\/\/sentaiyuanbio.com\/de\/wp-json\/wp\/v2\/media\/6260"}],"wp:attachment":[{"href":"https:\/\/sentaiyuanbio.com\/de\/wp-json\/wp\/v2\/media?parent=6254"}],"wp:term":[{"taxonomy":"product_brand","embeddable":true,"href":"https:\/\/sentaiyuanbio.com\/de\/wp-json\/wp\/v2\/product_brand?post=6254"},{"taxonomy":"product_cat","embeddable":true,"href":"https:\/\/sentaiyuanbio.com\/de\/wp-json\/wp\/v2\/product_cat?post=6254"},{"taxonomy":"product_tag","embeddable":true,"href":"https:\/\/sentaiyuanbio.com\/de\/wp-json\/wp\/v2\/product_tag?post=6254"}],"curies":[{"name":"wp","href":"https:\/\/api.w.org\/{rel}","templated":true}]}}