{"id":1364,"date":"2024-05-06T06:24:37","date_gmt":"2024-05-06T06:24:37","guid":{"rendered":"https:\/\/sentaiyuanbio.com\/?post_type=product&#038;p=1364"},"modified":"2025-02-24T03:20:11","modified_gmt":"2025-02-24T03:20:11","slug":"espaguetis-konjac-pasta-baja-en-calorias","status":"publish","type":"product","link":"https:\/\/sentaiyuanbio.com\/es\/producto\/espaguetis-konjac-pasta-baja-en-calorias\/","title":{"rendered":"Espaguetis Konjac pasta baja en calor\u00edas ecol\u00f3gica"},"content":{"rendered":"<p class=\"translation-block\">Las fibras vegetales naturales de los espaguetis de konjac no solo sacian el hambre, sino que tambi\u00e9n ayudan a bajar de peso. As\u00ed que, tanto si buscas bajar de peso sin pasar hambre como si eres diab\u00e9tico y buscas una alternativa a los fideos sin az\u00facar ni carbohidratos, el konjac es la alternativa ideal para quienes desean verse y mantenerse en forma, \u00a1sin remordimientos!<\/p>\n<h2><strong>Funciones de los espaguetis de konjac:<\/strong><\/h2>\n<p>Desintoxicaci\u00f3n, dieta, defecaci\u00f3n, limpieza estomacal, prevenci\u00f3n de enfermedades, prevenci\u00f3n de diabetes, equilibrio de sal, suplementos de calcio y prevenci\u00f3n del c\u00e1ncer.<\/p>\n<h2><strong>Especificaciones de los espaguetis Konjac:<\/strong><\/h2>\n<p>Di\u00e1metro: 1,8-2,5 mm<\/p>\n<p>Longitud: 10-20cm<\/p>\n<p>Almacenamiento: Conservar en un lugar fresco y seco. Mantener alejado de la luz intensa y del calor.<\/p>\n<p>Capacidad de suministro: 3000X20HQ\/a\u00f1o<\/p>\n<p>Vida \u00fatil: 1 a\u00f1o cuando se almacena adecuadamente.<\/p>\n<h2><strong>Informaci\u00f3n nutricional<\/strong><\/h2>\n<table class=\"aliDataTable\" style=\"width: 293px;\">\n<tbody>\n<tr align=\"left\">\n<td style=\"font-style: normal; width: 130.5pt; color: #000000; font-size: 10pt;\"><span style=\"font-family: georgia, palatino; font-size: 16px;\">Tama\u00f1o de la porci\u00f3n<\/span><\/td>\n<td style=\"font-style: normal; width: 89.25pt; color: #000000; font-size: 10pt;\"><span style=\"font-family: georgia, palatino; color: #3366ff; font-size: 16px;\">100g<\/span><\/td>\n<\/tr>\n<tr align=\"left\">\n<td style=\"font-style: normal; color: #000000; font-size: 10pt;\"><span style=\"font-family: georgia, palatino; font-size: 16px;\">Energ\u00eda<\/span><\/td>\n<td style=\"font-style: normal; color: #000000; font-size: 10pt;\"><span style=\"font-family: georgia, palatino; color: #3366ff; font-size: 16px;\">6 kcal<\/span><\/td>\n<\/tr>\n<tr align=\"left\">\n<td style=\"font-style: normal; color: #000000; font-size: 10pt;\"><span style=\"font-family: georgia, palatino; font-size: 16px;\">Prote\u00edna<\/span><\/td>\n<td style=\"font-style: normal; color: #000000; font-size: 10pt;\"><span style=\"font-family: georgia, palatino; color: #3366ff; font-size: 16px;\">&lt;0.5g<\/span><\/td>\n<\/tr>\n<tr align=\"left\">\n<td style=\"font-style: normal; color: #000000; font-size: 10pt;\"><span style=\"font-family: georgia, palatino; font-size: 16px;\">Grasa total<\/span><\/td>\n<td style=\"font-style: normal; color: #000000; font-size: 10pt;\"><span style=\"font-family: georgia, palatino; color: #3366ff; font-size: 16px;\">&lt;0.5g<\/span><\/td>\n<\/tr>\n<tr align=\"left\">\n<td style=\"font-style: normal; color: #000000; font-size: 10pt;\"><span style=\"font-family: georgia, palatino; font-size: 16px;\">\u00e1cidos grasos saturados<\/span><\/td>\n<td style=\"font-style: normal; color: #000000; font-size: 10pt;\"><span style=\"font-family: georgia, palatino; color: #3366ff; font-size: 16px;\">&lt;0.1g<\/span><\/td>\n<\/tr>\n<tr align=\"left\">\n<td style=\"font-style: normal; color: #000000; font-size: 10pt;\"><span style=\"font-family: georgia, palatino; font-size: 16px;\">\u00c1cidos grasos trans<\/span><\/td>\n<td style=\"font-style: normal; color: #000000; font-size: 10pt;\"><span style=\"font-family: georgia, palatino; color: #3366ff; font-size: 16px;\">&lt;0.1g<\/span><\/td>\n<\/tr>\n<tr align=\"left\">\n<td style=\"font-style: normal; color: #000000; font-size: 10pt;\"><span style=\"font-family: georgia, palatino; font-size: 16px;\">Carbohidratos totales<\/span><\/td>\n<td style=\"font-style: normal; color: #000000; font-size: 10pt;\"><span style=\"font-family: georgia, palatino; color: #3366ff; font-size: 16px;\">3.5g<\/span><\/td>\n<\/tr>\n<tr align=\"left\">\n<td style=\"font-style: normal; color: #000000; font-size: 10pt;\"><span style=\"font-family: georgia, palatino; font-size: 16px;\">Az\u00facar<\/span><\/td>\n<td style=\"font-style: normal; color: #000000; font-size: 10pt;\"><span style=\"font-family: georgia, palatino; color: #3366ff; font-size: 16px;\">&lt;0.5g<\/span><\/td>\n<\/tr>\n<tr align=\"left\">\n<td style=\"font-style: normal; color: #000000; font-size: 10pt;\"><span style=\"font-family: georgia, palatino; font-size: 16px;\">Fibra diet\u00e9tica<\/span><\/td>\n<td style=\"font-style: normal; color: #000000; font-size: 10pt;\"><span style=\"font-family: georgia, palatino; color: #3366ff; font-size: 16px;\">3.0g<\/span><\/td>\n<\/tr>\n<tr align=\"left\">\n<td style=\"font-style: normal; color: #000000; font-size: 10pt;\"><span style=\"font-family: georgia, palatino; font-size: 16px;\">Sodio<\/span><\/td>\n<td style=\"font-style: normal; color: #000000; font-size: 10pt;\"><span style=\"font-family: georgia, palatino; color: #3366ff; font-size: 16px;\">&lt;5mg<\/span><\/td>\n<\/tr>\n<\/tbody>\n<\/table>","protected":false},"excerpt":{"rendered":"<p>Las fibras vegetales naturales de los espaguetis de konjac sacian el hambre y te ayudan a bajar de peso. \u00bfQuieres bajar de peso sin pasar hambre?<\/p>","protected":false},"featured_media":3877,"template":"","meta":{"site-sidebar-layout":"default","site-content-layout":"","ast-site-content-layout":"default","site-content-style":"default","site-sidebar-style":"default","ast-global-header-display":"","ast-banner-title-visibility":"","ast-main-header-display":"","ast-hfb-above-header-display":"","ast-hfb-below-header-display":"","ast-hfb-mobile-header-display":"","site-post-title":"","ast-breadcrumbs-content":"","ast-featured-img":"","footer-sml-layout":"","ast-disable-related-posts":"","theme-transparent-header-meta":"default","adv-header-id-meta":"","stick-header-meta":"default","header-above-stick-meta":"","header-main-stick-meta":"","header-below-stick-meta":"","astra-migrate-meta-layouts":"set","ast-page-background-enabled":"default","ast-page-background-meta":{"desktop":{"background-color":"","background-image":"","background-repeat":"repeat","background-position":"center center","background-size":"auto","background-attachment":"scroll","background-type":"","background-media":"","overlay-type":"","overlay-color":"","overlay-opacity":"","overlay-gradient":""},"tablet":{"background-color":"","background-image":"","background-repeat":"repeat","background-position":"center center","background-size":"auto","background-attachment":"scroll","background-type":"","background-media":"","overlay-type":"","overlay-color":"","overlay-opacity":"","overlay-gradient":""},"mobile":{"background-color":"","background-image":"","background-repeat":"repeat","background-position":"center center","background-size":"auto","background-attachment":"scroll","background-type":"","background-media":"","overlay-type":"","overlay-color":"","overlay-opacity":"","overlay-gradient":""}},"ast-content-background-meta":{"desktop":{"background-color":"var(--ast-global-color-5)","background-image":"","background-repeat":"repeat","background-position":"center center","background-size":"auto","background-attachment":"scroll","background-type":"","background-media":"","overlay-type":"","overlay-color":"","overlay-opacity":"","overlay-gradient":""},"tablet":{"background-color":"var(--ast-global-color-5)","background-image":"","background-repeat":"repeat","background-position":"center center","background-size":"auto","background-attachment":"scroll","background-type":"","background-media":"","overlay-type":"","overlay-color":"","overlay-opacity":"","overlay-gradient":""},"mobile":{"background-color":"var(--ast-global-color-5)","background-image":"","background-repeat":"repeat","background-position":"center center","background-size":"auto","background-attachment":"scroll","background-type":"","background-media":"","overlay-type":"","overlay-color":"","overlay-opacity":"","overlay-gradient":""}}},"product_brand":[],"product_cat":[22],"product_tag":[29],"class_list":{"0":"post-1364","1":"product","2":"type-product","3":"status-publish","4":"has-post-thumbnail","6":"product_cat-konjac-pasta","7":"product_tag-konjac-spaghetti","8":"desktop-align-left","9":"tablet-align-left","10":"mobile-align-left","11":"ast-product-gallery-layout-horizontal-slider","12":"ast-product-tabs-layout-horizontal","14":"first","15":"instock","16":"shipping-taxable","17":"product-type-simple"},"_links":{"self":[{"href":"https:\/\/sentaiyuanbio.com\/es\/wp-json\/wp\/v2\/product\/1364","targetHints":{"allow":["GET"]}}],"collection":[{"href":"https:\/\/sentaiyuanbio.com\/es\/wp-json\/wp\/v2\/product"}],"about":[{"href":"https:\/\/sentaiyuanbio.com\/es\/wp-json\/wp\/v2\/types\/product"}],"version-history":[{"count":0,"href":"https:\/\/sentaiyuanbio.com\/es\/wp-json\/wp\/v2\/product\/1364\/revisions"}],"wp:featuredmedia":[{"embeddable":true,"href":"https:\/\/sentaiyuanbio.com\/es\/wp-json\/wp\/v2\/media\/3877"}],"wp:attachment":[{"href":"https:\/\/sentaiyuanbio.com\/es\/wp-json\/wp\/v2\/media?parent=1364"}],"wp:term":[{"taxonomy":"product_brand","embeddable":true,"href":"https:\/\/sentaiyuanbio.com\/es\/wp-json\/wp\/v2\/product_brand?post=1364"},{"taxonomy":"product_cat","embeddable":true,"href":"https:\/\/sentaiyuanbio.com\/es\/wp-json\/wp\/v2\/product_cat?post=1364"},{"taxonomy":"product_tag","embeddable":true,"href":"https:\/\/sentaiyuanbio.com\/es\/wp-json\/wp\/v2\/product_tag?post=1364"}],"curies":[{"name":"wp","href":"https:\/\/api.w.org\/{rel}","templated":true}]}}