{"id":1367,"date":"2024-05-06T06:37:51","date_gmt":"2024-05-06T06:37:51","guid":{"rendered":"https:\/\/sentaiyuanbio.com\/?post_type=product&#038;p=1367"},"modified":"2025-02-24T07:20:05","modified_gmt":"2025-02-24T07:20:05","slug":"shirataki-konjac-fettuccine","status":"publish","type":"product","link":"https:\/\/sentaiyuanbio.com\/es\/producto\/shirataki-konjac-fettuccine\/","title":{"rendered":"Fettuccine con fideos milagrosos: alimento diet\u00e9tico sin az\u00facar"},"content":{"rendered":"<p class=\"translation-block\">El fettuccine Miracle Noodle est\u00e1 hecho con fibra soluble natural (glucomanano de konjac [KGM]) y agua, y es un alimento natural muy bajo en carbohidratos y con un \u00edndice gluc\u00e9mico muy bajo. La pasta de konjac se puede preparar en muchos estilos y formas diferentes, como fideos, pastas de todo tipo.<\/p>\n<p>Los fettuccine con fideos milagrosos tambi\u00e9n se llaman fideos shirataki o fideos konnyaku.<\/p>\n<p class=\"translation-block\">Los alimentos milagrosos son gelatinosos, blancos y casi transparentes, y se envasan en bolsas de pl\u00e1stico llenas de agua. Se componen principalmente de fibra soluble de glucomanano de konjac y tienen un \u00edndice gluc\u00e9mico muy bajo, por lo que son especialmente beneficiosos para las personas con diabetes.<\/p>\n<table class=\"aliDataTable\" style=\"width: 80%;\" border=\"1\">\n<tbody>\n<tr>\n<td style=\"text-align: center; background-color: #339d2f;\" colspan=\"2\" valign=\"top\"><span style=\"font-family: times new roman,times; color: #ffffff; font-size: 24px;\"><strong>Informaci\u00f3n nutricional de los fideos fettuccine shirataki<\/strong><\/span><\/td>\n<\/tr>\n<tr>\n<td>Tama\u00f1o de la porci\u00f3n<\/td>\n<td>\u00a0\u00a0\u00a0\u00a0\u00a0\u00a0\u00a0\u00a0\u00a0\u00a0\u00a0\u00a0\u00a0\u00a0\u00a0\u00a0\u00a0\u00a0\u00a0 \u00a0\u00a0\u00a0100g<\/td>\n<\/tr>\n<tr>\n<td>Energ\u00eda<\/td>\n<td>\u00a0\u00a0\u00a0\u00a0\u00a0\u00a0\u00a0\u00a0\u00a0\u00a0\u00a0\u00a0\u00a0\u00a0\u00a0\u00a0\u00a0\u00a0\u00a0 6kcal\/100g<\/td>\n<\/tr>\n<tr>\n<td>Prote\u00edna<\/td>\n<td>\u00a0\u00a0\u00a0\u00a0\u00a0\u00a0\u00a0\u00a0\u00a0\u00a0\u00a0\u00a0\u00a0\u00a0\u00a0\u00a0\u00a0\u00a0\u00a0 &lt;0,5 g\/100 g<\/td>\n<\/tr>\n<tr>\n<td>Grasa total<\/td>\n<td>\u00a0\u00a0\u00a0\u00a0\u00a0\u00a0\u00a0\u00a0\u00a0\u00a0\u00a0\u00a0\u00a0\u00a0\u00a0\u00a0\u00a0\u00a0\u00a0 &lt;0,5 g\/100 g<\/td>\n<\/tr>\n<tr>\n<td>\u00e1cidos grasos saturados<\/td>\n<td>\u00a0\u00a0\u00a0\u00a0\u00a0\u00a0\u00a0\u00a0\u00a0\u00a0\u00a0\u00a0\u00a0\u00a0\u00a0\u00a0\u00a0\u00a0\u00a0 &lt;0,1 g\/100 g<\/td>\n<\/tr>\n<tr>\n<td>\u00c1cidos grasos trans<\/td>\n<td>\u00a0\u00a0\u00a0\u00a0\u00a0\u00a0\u00a0\u00a0\u00a0\u00a0\u00a0\u00a0\u00a0\u00a0\u00a0\u00a0\u00a0\u00a0\u00a0 &lt;0,1 g\/100 g<\/td>\n<\/tr>\n<tr>\n<td>Carbohidratos totales<\/td>\n<td>\u00a0\u00a0\u00a0\u00a0\u00a0\u00a0\u00a0\u00a0\u00a0\u00a0\u00a0\u00a0\u00a0\u00a0\u00a0\u00a0\u00a0\u00a0\u00a0 3,5 g\/100 g<\/td>\n<\/tr>\n<tr>\n<td>Az\u00facar<\/td>\n<td>\u00a0\u00a0\u00a0\u00a0\u00a0\u00a0\u00a0\u00a0\u00a0\u00a0\u00a0\u00a0\u00a0\u00a0\u00a0\u00a0\u00a0\u00a0\u00a0 &lt;0,5 g\/100 g<\/td>\n<\/tr>\n<tr>\n<td>Fibra diet\u00e9tica<\/td>\n<td>\u00a0\u00a0\u00a0\u00a0\u00a0\u00a0\u00a0\u00a0\u00a0\u00a0\u00a0\u00a0\u00a0\u00a0\u00a0\u00a0\u00a0\u00a0\u00a0\u00a0 3,0 g\/100 g<\/td>\n<\/tr>\n<tr>\n<td>Sodio<\/td>\n<td>\u00a0\u00a0\u00a0\u00a0\u00a0\u00a0\u00a0\u00a0\u00a0\u00a0\u00a0\u00a0\u00a0\u00a0\u00a0\u00a0\u00a0\u00a0\u00a0\u00a0&lt;5mg\/100g<\/td>\n<\/tr>\n<\/tbody>\n<\/table>\n<p>&nbsp;<\/p>\n<h2>C\u00f3mo preparar Fettuccine con fideos milagrosos:<\/h2>\n<p>1. Escurre el agua del paquete.<\/p>\n<p>2. Enjuague bien la pasta de konjac bajo agua tibia corriente y esc\u00farrala.<\/p>\n<p>3. Cocine la pasta konjac en agua hirviendo o cali\u00e9ntela en el microondas durante 3-5 minutos.<\/p>\n<p>4. \u00a1A\u00f1\u00e1delo a tu salsa para pasta, salteado, sopa o ensalada preferida y disfr\u00fatalo!<\/p>\n<style>.embed-container { position: relative; padding-bottom: 56.25%; height: 0; overflow: hidden; max-width: 100%; } .embed-container iframe, .embed-container object, .embed-container embed { position: absolute; top: 0; left: 0; width: 100%; height: 100%; }<\/style>\n<div class=\"embed-container\"><iframe src=\"https:\/\/www.youtube.com\/embed\/NUjvaym7i74\" frameborder=\"0\" allowfullscreen=\"allowfullscreen\"><\/iframe><\/div>","protected":false},"excerpt":{"rendered":"<p>El Fettuccine Miracle Noodle est\u00e1 elaborado con fibra soluble natural: glucomanano de konjac (KGM) y agua, y es un alimento natural muy bajo en carbohidratos y con un \u00edndice gluc\u00e9mico muy bajo.<\/p>","protected":false},"featured_media":3927,"template":"","meta":{"site-sidebar-layout":"default","site-content-layout":"","ast-site-content-layout":"default","site-content-style":"default","site-sidebar-style":"default","ast-global-header-display":"","ast-banner-title-visibility":"","ast-main-header-display":"","ast-hfb-above-header-display":"","ast-hfb-below-header-display":"","ast-hfb-mobile-header-display":"","site-post-title":"","ast-breadcrumbs-content":"","ast-featured-img":"","footer-sml-layout":"","ast-disable-related-posts":"","theme-transparent-header-meta":"default","adv-header-id-meta":"","stick-header-meta":"default","header-above-stick-meta":"","header-main-stick-meta":"","header-below-stick-meta":"","astra-migrate-meta-layouts":"set","ast-page-background-enabled":"default","ast-page-background-meta":{"desktop":{"background-color":"","background-image":"","background-repeat":"repeat","background-position":"center center","background-size":"auto","background-attachment":"scroll","background-type":"","background-media":"","overlay-type":"","overlay-color":"","overlay-opacity":"","overlay-gradient":""},"tablet":{"background-color":"","background-image":"","background-repeat":"repeat","background-position":"center center","background-size":"auto","background-attachment":"scroll","background-type":"","background-media":"","overlay-type":"","overlay-color":"","overlay-opacity":"","overlay-gradient":""},"mobile":{"background-color":"","background-image":"","background-repeat":"repeat","background-position":"center center","background-size":"auto","background-attachment":"scroll","background-type":"","background-media":"","overlay-type":"","overlay-color":"","overlay-opacity":"","overlay-gradient":""}},"ast-content-background-meta":{"desktop":{"background-color":"var(--ast-global-color-5)","background-image":"","background-repeat":"repeat","background-position":"center center","background-size":"auto","background-attachment":"scroll","background-type":"","background-media":"","overlay-type":"","overlay-color":"","overlay-opacity":"","overlay-gradient":""},"tablet":{"background-color":"var(--ast-global-color-5)","background-image":"","background-repeat":"repeat","background-position":"center center","background-size":"auto","background-attachment":"scroll","background-type":"","background-media":"","overlay-type":"","overlay-color":"","overlay-opacity":"","overlay-gradient":""},"mobile":{"background-color":"var(--ast-global-color-5)","background-image":"","background-repeat":"repeat","background-position":"center center","background-size":"auto","background-attachment":"scroll","background-type":"","background-media":"","overlay-type":"","overlay-color":"","overlay-opacity":"","overlay-gradient":""}}},"product_brand":[],"product_cat":[22],"product_tag":[31],"class_list":{"0":"post-1367","1":"product","2":"type-product","3":"status-publish","4":"has-post-thumbnail","6":"product_cat-konjac-pasta","7":"product_tag-konjac-fettuccine","8":"desktop-align-left","9":"tablet-align-left","10":"mobile-align-left","11":"ast-product-gallery-layout-horizontal-slider","12":"ast-product-tabs-layout-horizontal","14":"first","15":"instock","16":"shipping-taxable","17":"product-type-simple"},"_links":{"self":[{"href":"https:\/\/sentaiyuanbio.com\/es\/wp-json\/wp\/v2\/product\/1367","targetHints":{"allow":["GET"]}}],"collection":[{"href":"https:\/\/sentaiyuanbio.com\/es\/wp-json\/wp\/v2\/product"}],"about":[{"href":"https:\/\/sentaiyuanbio.com\/es\/wp-json\/wp\/v2\/types\/product"}],"version-history":[{"count":0,"href":"https:\/\/sentaiyuanbio.com\/es\/wp-json\/wp\/v2\/product\/1367\/revisions"}],"wp:featuredmedia":[{"embeddable":true,"href":"https:\/\/sentaiyuanbio.com\/es\/wp-json\/wp\/v2\/media\/3927"}],"wp:attachment":[{"href":"https:\/\/sentaiyuanbio.com\/es\/wp-json\/wp\/v2\/media?parent=1367"}],"wp:term":[{"taxonomy":"product_brand","embeddable":true,"href":"https:\/\/sentaiyuanbio.com\/es\/wp-json\/wp\/v2\/product_brand?post=1367"},{"taxonomy":"product_cat","embeddable":true,"href":"https:\/\/sentaiyuanbio.com\/es\/wp-json\/wp\/v2\/product_cat?post=1367"},{"taxonomy":"product_tag","embeddable":true,"href":"https:\/\/sentaiyuanbio.com\/es\/wp-json\/wp\/v2\/product_tag?post=1367"}],"curies":[{"name":"wp","href":"https:\/\/api.w.org\/{rel}","templated":true}]}}