{"id":1371,"date":"2024-05-06T07:02:38","date_gmt":"2024-05-06T07:02:38","guid":{"rendered":"https:\/\/sentaiyuanbio.com\/?post_type=product&#038;p=1371"},"modified":"2025-02-26T03:56:00","modified_gmt":"2025-02-26T03:56:00","slug":"konjac-pasta-konjac-dieta-wok-fideos-instantaneos","status":"publish","type":"product","link":"https:\/\/sentaiyuanbio.com\/es\/producto\/konjac-pasta-konjac-dieta-wok-fideos-instantaneos\/","title":{"rendered":"Pasta konjac konjac diet wok fideos instant\u00e1neos"},"content":{"rendered":"<h2>Pasta konjac konjac diet wok fideos instant\u00e1neos<\/h2>\n<h3><strong>Informaci\u00f3n del producto:<\/strong><\/h3>\n<p><strong>\u00bfQu\u00e9 es Konjac?<\/strong><\/p>\n<p>La planta konjac (Amorphophallus konjac) crece en laderas de 2000 a 4000 pies sobre el nivel del mar, donde disfruta del aire y el agua limpios del h\u00e1bitat. La parte comestible del <a href=\"https:\/\/sentaiyuanbio.com\/es\/konjac\/\" target=\"_blank\" rel=\"noopener\">planta de konjac<\/a> es la ra\u00edz que se asemeja a una patata de \u00f1ame o taro de forma ovalada. Un error muy com\u00fan es creer que los fideos konjac son fideos de \u00f1ame, pero no es as\u00ed. Aunque la ra\u00edz de konjac tiene un aspecto similar al de otras hortalizas de ra\u00edz, pertenece a una familia diferente de plantas. Mientras que la patata y el \u00f1ame son conocidos por su alto contenido en almid\u00f3n, el konjac tiene un alto contenido en fibra y muy poco almid\u00f3n.<\/p>\n<h3><strong>\u00bfCu\u00e1les son los beneficios para la salud de la pasta de konjac?<\/strong><\/h3>\n<p>La pasta de konjac se elabora con harina de konjac que contiene glucomanano, fibra diet\u00e9tica soluble en agua. Estudios han demostrado que el glucomanano de konjac en la dieta es beneficioso para la salud de muchas maneras.<\/p>\n<p>1. Control del peso - <a href=\"https:\/\/en.wikipedia.org\/wiki\/Glucomannan\" target=\"_blank\" rel=\"noopener\">Glucomanano<\/a> llena el est\u00f3mago y ralentiza el proceso de digesti\u00f3n, lo que ayuda al consumidor a sentirse \"lleno\" durante m\u00e1s tiempo, reduciendo las ganas de comer comidas pesadas o tentempi\u00e9s.<\/p>\n<p>2. Ayuda a controlar el nivel de az\u00facar en sangre: al extender el tiempo necesario para digerir una comida, los az\u00facares y carbohidratos de otros alimentos se procesan m\u00e1s lentamente, lo que reduce los picos en los niveles de az\u00facar en sangre.<\/p>\n<p class=\"translation-block\">3. Reduce el colesterol: el gel de glucomanano en el sistema digestivo inhibe la absorci\u00f3n de l\u00edpidos, como el <a href=\"https:\/\/medlineplus.gov\/ldlthebadcholesterol.html\" target=\"_blank\" rel=\"noopener\">LDL (colesterol malo)<\/a>.<\/p>\n<p>4. Regular los movimientos intestinales: al igual que muchos alimentos que contienen fibra diet\u00e9tica, el glucomanano puede ayudar a regular los movimientos intestinales.<\/p>\n<p><strong>Condiciones de almacenamiento:<\/strong><\/p>\n<p>Conservar en un lugar fresco y seco, evitar la luz solar directa, refrigerar una vez abierto y consumir dentro de 3 d\u00edas; no congelar.<\/p>\n<p>1. Especificaci\u00f3n: 1,2 cm*15 cm<\/p>\n<p class=\"translation-block\">2. Certificados:<strong>\u00a0\u00a0<\/strong>BRC, FDA, HACCP, HALAL, KOSHER;<\/p>\n<p>3. Tiempo de entrega: 30 d\u00edas despu\u00e9s de recibir su pago inicial;<\/p>\n<p>4. Caducidad: 12 meses<\/p>\n<h3><strong>Las instrucciones para comer<\/strong><strong> pasta konjac precocinada:<\/strong><\/h3>\n<p>1. Abra el paquete y escurra el l\u00edquido;<\/p>\n<p>2. Enjuague la pasta bajo el chorro de agua del grifo durante dos o tres minutos;<\/p>\n<p>3. Ponga la pasta en una sart\u00e9n y fr\u00edala durante 2-3 minutos, a\u00f1ada las especias, salsas o sopa que desee;<\/p>\n<p>4.\u00a0Si\u00a0no\u00a0quieres\u00a0fre\u00edr,\u00a0puedes\u00a0calentar\u00a0la\u00a0pasta\u00a0en\u00a0el\u00a0microondas\u00a0durante\u00a01\u00a0o\u00a02\u00a0minutos.<\/p>\n<p>Tenga en cuenta que la pasta es muy absorbente, por lo que absorber\u00e1 las salsas y adquirir\u00e1 los sabores con los que la cocine.<\/p>\n<h3><strong>Las instrucciones de consumo de la pasta konjac instant\u00e1nea:<\/strong><\/h3>\n<p>1. Abra el paquete y escurra el l\u00edquido;<\/p>\n<p>2. Lave la pasta bajo el chorro de agua del grifo durante dos o tres minutos;<\/p>\n<p>3. Coloque la pasta en un bol, a\u00f1ada agua hervida y escurra el agua.<\/p>\n<p>4. A\u00f1ade cualquier especia, salsa o sopa que desees;<\/p>\n<p>5.\u00a0A continuaci\u00f3n, podr\u00e1s\u00a0disfrutarlo.<\/p>\n<p>Tenga en cuenta que la pasta es muy absorbente, por lo que absorber\u00e1 las salsas y adquirir\u00e1 los sabores con los que la cocine.<\/p>\n<h3><strong>Informaci\u00f3n nutricional<\/strong><\/h3>\n<table class=\"aliDataTable\" style=\"width: 681px; height: 418px;\">\n<tbody>\n<tr align=\"left\">\n<td style=\"width: 130.5pt; color: #000000; font-size: 10pt; font-style: normal;\"><span style=\"font-family: times new roman,times; font-size: 18px;\">Tama\u00f1o de la porci\u00f3n<\/span><\/td>\n<td style=\"width: 89.25pt; color: #000000; font-size: 10pt; font-style: normal;\"><span style=\"color: #3366ff; font-family: times new roman,times; font-size: 18px;\">100g<\/span><\/td>\n<\/tr>\n<tr align=\"left\">\n<td style=\"color: #000000; font-size: 10pt; font-style: normal;\"><span style=\"font-family: times new roman,times; font-size: 18px;\">Energ\u00eda<\/span><\/td>\n<td style=\"color: #000000; font-size: 10pt; font-style: normal;\"><span style=\"color: #3366ff; font-family: times new roman,times; font-size: 18px;\">6 kcal<\/span><\/td>\n<\/tr>\n<tr align=\"left\">\n<td style=\"color: #000000; font-size: 10pt; font-style: normal;\"><span style=\"font-family: times new roman,times; font-size: 18px;\">Prote\u00edna<\/span><\/td>\n<td style=\"color: #000000; font-size: 10pt; font-style: normal;\"><span style=\"color: #3366ff; font-family: times new roman,times; font-size: 18px;\">&lt;0.5g<\/span><\/td>\n<\/tr>\n<tr align=\"left\">\n<td style=\"color: #000000; font-size: 10pt; font-style: normal;\"><span style=\"font-family: times new roman,times; font-size: 18px;\">Grasa total<\/span><\/td>\n<td style=\"color: #000000; font-size: 10pt; font-style: normal;\"><span style=\"color: #3366ff; font-family: times new roman,times; font-size: 18px;\">&lt;0.5g<\/span><\/td>\n<\/tr>\n<tr align=\"left\">\n<td style=\"color: #000000; font-size: 10pt; font-style: normal;\"><span style=\"font-family: times new roman,times; font-size: 18px;\">\u00e1cidos grasos saturados<\/span><\/td>\n<td style=\"color: #000000; font-size: 10pt; font-style: normal;\"><span style=\"color: #3366ff; font-family: times new roman,times; font-size: 18px;\">&lt;0.1g<\/span><\/td>\n<\/tr>\n<tr align=\"left\">\n<td style=\"color: #000000; font-size: 10pt; font-style: normal;\"><span style=\"font-family: times new roman,times; font-size: 18px;\">\u00c1cidos grasos trans<\/span><\/td>\n<td style=\"color: #000000; font-size: 10pt; font-style: normal;\"><span style=\"color: #3366ff; font-family: times new roman,times; font-size: 18px;\">&lt;0.1g<\/span><\/td>\n<\/tr>\n<tr align=\"left\">\n<td style=\"color: #000000; font-size: 10pt; font-style: normal;\"><span style=\"font-family: times new roman,times; font-size: 18px;\">Carbohidratos totales<\/span><\/td>\n<td style=\"color: #000000; font-size: 10pt; font-style: normal;\"><span style=\"color: #3366ff; font-family: times new roman,times; font-size: 18px;\">3.5g<\/span><\/td>\n<\/tr>\n<tr align=\"left\">\n<td style=\"color: #000000; font-size: 10pt; font-style: normal;\"><span style=\"font-family: times new roman,times; font-size: 18px;\">Az\u00facar<\/span><\/td>\n<td style=\"color: #000000; font-size: 10pt; font-style: normal;\"><span style=\"color: #3366ff; font-family: times new roman,times; font-size: 18px;\">&lt;0.5g<\/span><\/td>\n<\/tr>\n<tr align=\"left\">\n<td style=\"color: #000000; font-size: 10pt; font-style: normal;\"><span style=\"font-family: times new roman,times; font-size: 18px;\">Fibra diet\u00e9tica<\/span><\/td>\n<td style=\"color: #000000; font-size: 10pt; font-style: normal;\"><span style=\"color: #3366ff; font-family: times new roman,times; font-size: 18px;\">3.0g<\/span><\/td>\n<\/tr>\n<tr align=\"left\">\n<td style=\"color: #000000; font-size: 10pt; font-style: normal;\"><span style=\"font-family: times new roman,times; font-size: 18px;\">Sodio<\/span><\/td>\n<td style=\"color: #000000; font-size: 10pt; font-style: normal;\"><span style=\"color: #3366ff; font-family: times new roman,times; font-size: 18px;\">&lt;5mg<\/span><\/td>\n<\/tr>\n<\/tbody>\n<\/table>\n<div id=\"gtx-trans\" style=\"position: absolute; left: 287px; top: 377.328px;\">\n<div class=\"gtx-trans-icon\"><\/div>\n<\/div>","protected":false},"excerpt":{"rendered":"<p>La pasta de konjac se elabora con harina de konjac que contiene la fibra diet\u00e9tica hidrosoluble glucomanano. Los estudios han demostrado que el glucomanano de konjac en la dieta es beneficioso para nuestra salud de muchas maneras.<\/p>","protected":false},"featured_media":3859,"template":"","meta":{"site-sidebar-layout":"default","site-content-layout":"","ast-site-content-layout":"default","site-content-style":"default","site-sidebar-style":"default","ast-global-header-display":"","ast-banner-title-visibility":"","ast-main-header-display":"","ast-hfb-above-header-display":"","ast-hfb-below-header-display":"","ast-hfb-mobile-header-display":"","site-post-title":"","ast-breadcrumbs-content":"","ast-featured-img":"","footer-sml-layout":"","ast-disable-related-posts":"","theme-transparent-header-meta":"default","adv-header-id-meta":"","stick-header-meta":"default","header-above-stick-meta":"","header-main-stick-meta":"","header-below-stick-meta":"","astra-migrate-meta-layouts":"set","ast-page-background-enabled":"default","ast-page-background-meta":{"desktop":{"background-color":"","background-image":"","background-repeat":"repeat","background-position":"center center","background-size":"auto","background-attachment":"scroll","background-type":"","background-media":"","overlay-type":"","overlay-color":"","overlay-opacity":"","overlay-gradient":""},"tablet":{"background-color":"","background-image":"","background-repeat":"repeat","background-position":"center center","background-size":"auto","background-attachment":"scroll","background-type":"","background-media":"","overlay-type":"","overlay-color":"","overlay-opacity":"","overlay-gradient":""},"mobile":{"background-color":"","background-image":"","background-repeat":"repeat","background-position":"center center","background-size":"auto","background-attachment":"scroll","background-type":"","background-media":"","overlay-type":"","overlay-color":"","overlay-opacity":"","overlay-gradient":""}},"ast-content-background-meta":{"desktop":{"background-color":"var(--ast-global-color-5)","background-image":"","background-repeat":"repeat","background-position":"center center","background-size":"auto","background-attachment":"scroll","background-type":"","background-media":"","overlay-type":"","overlay-color":"","overlay-opacity":"","overlay-gradient":""},"tablet":{"background-color":"var(--ast-global-color-5)","background-image":"","background-repeat":"repeat","background-position":"center center","background-size":"auto","background-attachment":"scroll","background-type":"","background-media":"","overlay-type":"","overlay-color":"","overlay-opacity":"","overlay-gradient":""},"mobile":{"background-color":"var(--ast-global-color-5)","background-image":"","background-repeat":"repeat","background-position":"center center","background-size":"auto","background-attachment":"scroll","background-type":"","background-media":"","overlay-type":"","overlay-color":"","overlay-opacity":"","overlay-gradient":""}}},"product_brand":[],"product_cat":[22],"product_tag":[32],"class_list":{"0":"post-1371","1":"product","2":"type-product","3":"status-publish","4":"has-post-thumbnail","6":"product_cat-konjac-pasta","7":"product_tag-konjac-pasta","8":"desktop-align-left","9":"tablet-align-left","10":"mobile-align-left","11":"ast-product-gallery-layout-horizontal-slider","12":"ast-product-tabs-layout-horizontal","14":"first","15":"instock","16":"shipping-taxable","17":"product-type-simple"},"_links":{"self":[{"href":"https:\/\/sentaiyuanbio.com\/es\/wp-json\/wp\/v2\/product\/1371","targetHints":{"allow":["GET"]}}],"collection":[{"href":"https:\/\/sentaiyuanbio.com\/es\/wp-json\/wp\/v2\/product"}],"about":[{"href":"https:\/\/sentaiyuanbio.com\/es\/wp-json\/wp\/v2\/types\/product"}],"version-history":[{"count":0,"href":"https:\/\/sentaiyuanbio.com\/es\/wp-json\/wp\/v2\/product\/1371\/revisions"}],"wp:featuredmedia":[{"embeddable":true,"href":"https:\/\/sentaiyuanbio.com\/es\/wp-json\/wp\/v2\/media\/3859"}],"wp:attachment":[{"href":"https:\/\/sentaiyuanbio.com\/es\/wp-json\/wp\/v2\/media?parent=1371"}],"wp:term":[{"taxonomy":"product_brand","embeddable":true,"href":"https:\/\/sentaiyuanbio.com\/es\/wp-json\/wp\/v2\/product_brand?post=1371"},{"taxonomy":"product_cat","embeddable":true,"href":"https:\/\/sentaiyuanbio.com\/es\/wp-json\/wp\/v2\/product_cat?post=1371"},{"taxonomy":"product_tag","embeddable":true,"href":"https:\/\/sentaiyuanbio.com\/es\/wp-json\/wp\/v2\/product_tag?post=1371"}],"curies":[{"name":"wp","href":"https:\/\/api.w.org\/{rel}","templated":true}]}}