{"id":1379,"date":"2024-05-06T07:42:55","date_gmt":"2024-05-06T07:42:55","guid":{"rendered":"https:\/\/sentaiyuanbio.com\/?post_type=product&#038;p=1379"},"modified":"2025-03-06T09:12:17","modified_gmt":"2025-03-06T09:12:17","slug":"arroz-konjac","status":"publish","type":"product","link":"https:\/\/sentaiyuanbio.com\/es\/producto\/arroz-konjac\/","title":{"rendered":"Arroz Konjac, Arroz Shirataki H\u00famedo HACCP Kosher"},"content":{"rendered":"<h2><strong>\u00bfQu\u00e9 es Konjac?<\/strong><\/h2>\n<p>La planta konjac (<a href=\"https:\/\/en.wikipedia.org\/wiki\/Amorphophallus\" target=\"_blank\" rel=\"noopener\">Amorphophallus<\/a> konjac) crece en laderas de 2000 a 4000 pies sobre el nivel del mar, donde disfruta del aire y el agua limpios del h\u00e1bitat. La parte comestible de la planta konjac es la ra\u00edz, que se asemeja a una patata yam o taro de forma ovalada. Un error com\u00fan es que <a href=\"https:\/\/sentaiyuanbio.com\/es\/producto\/konjac-pasta-konjac-dieta-wok-fideos-instantaneos\/\" target=\"_blank\" rel=\"noopener\">Fideos konjac<\/a> son fideos de \u00f1ame- no lo son. Aunque la ra\u00edz de konjac se parece a otras hortalizas de ra\u00edz, pertenece a una familia de plantas distinta. Mientras que la patata y el \u00f1ame son conocidos por su alto contenido en almid\u00f3n, el konjac tiene un alto contenido en fibra y muy poco almid\u00f3n.<\/p>\n<h2><strong>\u00bfCu\u00e1les son los beneficios para la salud del arroz konjac (arroz Shirataki)?<\/strong><\/h2>\n<p>El arroz konjac se elabora con <strong>harina de konjac<\/strong> que contiene la fibra diet\u00e9tica hidrosoluble glucomanano. Los estudios han demostrado que el glucomanano de konjac en la dieta es beneficioso para nuestra salud de muchas maneras<\/p>\n<p>1. Control del peso - El glucomanano llena el est\u00f3mago y ralentiza la digesti\u00f3n, lo que ayuda al consumidor a sentirse \"lleno\" durante m\u00e1s tiempo, reduciendo las ganas de comer comidas copiosas o tentempi\u00e9s.<\/p>\n<p>2. Ayuda a controlar el nivel de az\u00facar en sangre: al extender el tiempo necesario para digerir una comida, los az\u00facares y carbohidratos de otros alimentos se procesan m\u00e1s lentamente, lo que reduce los picos en los niveles de az\u00facar en sangre.<\/p>\n<p class=\"translation-block\">3. Reduce el colesterol: el gel de glucomanano en el sistema digestivo inhibe la absorci\u00f3n de l\u00edpidos, como el <a href=\"https:\/\/medlineplus.gov\/ldlthebadcholesterol.html\" target=\"_blank\" rel=\"noopener\">LDL (colesterol malo)<\/a>.<\/p>\n<p>4. Regular los movimientos intestinales: al igual que muchos alimentos que contienen fibra diet\u00e9tica, el glucomanano puede ayudar a regular los movimientos intestinales.<\/p>\n<p><strong>Condiciones de almacenamiento:<\/strong><\/p>\n<p>Conservar en un lugar fresco y seco, evitar la luz solar directa, refrigerar una vez abierto y consumir dentro de 3 d\u00edas; no congelar.<\/p>\n<p>1. Especificaci\u00f3n: 2,4 mm x 15 cm<\/p>\n<p class=\"translation-block\">2. Certificados:<strong>\u00a0\u00a0<\/strong>BRC, FDA, HACCP, HALAL, KOSHER;<\/p>\n<p>3. Tiempo de entrega: 30 d\u00edas despu\u00e9s de recibir su pago inicial;<\/p>\n<p>4. Vida \u00fatil: 12 meses;<\/p>\n<h2><strong>Las instrucciones para comer<\/strong><strong> arroz Konjac precocido:<\/strong><\/h2>\n<p>1. Abra el paquete y escurra el l\u00edquido;<\/p>\n<p>2. Enjuaga el arroz bajo el grifo durante dos o tres minutos;<\/p>\n<p>3. Pon el arroz en una sart\u00e9n y fr\u00edelo durante 2-3 minutos, a\u00f1ade las especias, salsas o sopa que desees;<\/p>\n<p>4. Si no quieres fre\u00edr, puedes calentar el arroz en el microondas durante 1-2 minutos;<\/p>\n<p>Ten en cuenta que el arroz es muy absorbente, por lo que absorber\u00e1 las salsas y tomar\u00e1 los sabores con los que lo cocines.<\/p>\n<h2><strong>Las instrucciones de consumo del arroz konjac instant\u00e1neo:<\/strong><\/h2>\n<p>1. Abra el paquete y escurra el l\u00edquido;<\/p>\n<p>2. Lava el arroz konjac bajo el grifo durante dos o tres minutos;<\/p>\n<p>3. Pon el arroz konjac en un cuenco, a\u00f1ade agua hervida y escurre el agua hervida;<\/p>\n<p>4. A\u00f1ade cualquier especia, salsa o sopa que desees;<\/p>\n<p>5.\u00a0A continuaci\u00f3n, podr\u00e1s\u00a0disfrutarlo.<\/p>\n<style>.embed-container { position: relative; padding-bottom: 56.25%; height: 0; overflow: hidden; max-width: 100%; } .embed-container iframe, .embed-container object, .embed-container embed { position: absolute; top: 0; left: 0; width: 100%; height: 100%; }<\/style>\n<div class=\"embed-container\"><iframe src=\"https:\/\/www.youtube.com\/embed\/Y9r1fgiu6-A?si=6i8G14LRLhNx0Kq8\" frameborder=\"0\" allowfullscreen=\"allowfullscreen\"><\/iframe><\/div>","protected":false},"excerpt":{"rendered":"<p>El arroz konjac (arroz Shirataki) se elabora con harina de konjac que contiene la fibra diet\u00e9tica hidrosoluble glucomanano. Los estudios han demostrado que el glucomanano de konjac en la dieta es beneficioso para nuestra salud de muchas maneras.<\/p>","protected":false},"featured_media":3868,"template":"","meta":{"site-sidebar-layout":"default","site-content-layout":"","ast-site-content-layout":"default","site-content-style":"default","site-sidebar-style":"default","ast-global-header-display":"","ast-banner-title-visibility":"","ast-main-header-display":"","ast-hfb-above-header-display":"","ast-hfb-below-header-display":"","ast-hfb-mobile-header-display":"","site-post-title":"","ast-breadcrumbs-content":"","ast-featured-img":"","footer-sml-layout":"","ast-disable-related-posts":"","theme-transparent-header-meta":"default","adv-header-id-meta":"","stick-header-meta":"default","header-above-stick-meta":"","header-main-stick-meta":"","header-below-stick-meta":"","astra-migrate-meta-layouts":"set","ast-page-background-enabled":"default","ast-page-background-meta":{"desktop":{"background-color":"","background-image":"","background-repeat":"repeat","background-position":"center center","background-size":"auto","background-attachment":"scroll","background-type":"","background-media":"","overlay-type":"","overlay-color":"","overlay-opacity":"","overlay-gradient":""},"tablet":{"background-color":"","background-image":"","background-repeat":"repeat","background-position":"center center","background-size":"auto","background-attachment":"scroll","background-type":"","background-media":"","overlay-type":"","overlay-color":"","overlay-opacity":"","overlay-gradient":""},"mobile":{"background-color":"","background-image":"","background-repeat":"repeat","background-position":"center center","background-size":"auto","background-attachment":"scroll","background-type":"","background-media":"","overlay-type":"","overlay-color":"","overlay-opacity":"","overlay-gradient":""}},"ast-content-background-meta":{"desktop":{"background-color":"var(--ast-global-color-5)","background-image":"","background-repeat":"repeat","background-position":"center center","background-size":"auto","background-attachment":"scroll","background-type":"","background-media":"","overlay-type":"","overlay-color":"","overlay-opacity":"","overlay-gradient":""},"tablet":{"background-color":"var(--ast-global-color-5)","background-image":"","background-repeat":"repeat","background-position":"center center","background-size":"auto","background-attachment":"scroll","background-type":"","background-media":"","overlay-type":"","overlay-color":"","overlay-opacity":"","overlay-gradient":""},"mobile":{"background-color":"var(--ast-global-color-5)","background-image":"","background-repeat":"repeat","background-position":"center center","background-size":"auto","background-attachment":"scroll","background-type":"","background-media":"","overlay-type":"","overlay-color":"","overlay-opacity":"","overlay-gradient":""}}},"product_brand":[],"product_cat":[250],"product_tag":[37],"class_list":{"0":"post-1379","1":"product","2":"type-product","3":"status-publish","4":"has-post-thumbnail","6":"product_cat-wet-shirataki-rice","7":"product_tag-konjac-rice","8":"desktop-align-left","9":"tablet-align-left","10":"mobile-align-left","11":"ast-product-gallery-layout-horizontal-slider","12":"ast-product-tabs-layout-horizontal","14":"first","15":"instock","16":"shipping-taxable","17":"product-type-simple"},"_links":{"self":[{"href":"https:\/\/sentaiyuanbio.com\/es\/wp-json\/wp\/v2\/product\/1379","targetHints":{"allow":["GET"]}}],"collection":[{"href":"https:\/\/sentaiyuanbio.com\/es\/wp-json\/wp\/v2\/product"}],"about":[{"href":"https:\/\/sentaiyuanbio.com\/es\/wp-json\/wp\/v2\/types\/product"}],"version-history":[{"count":0,"href":"https:\/\/sentaiyuanbio.com\/es\/wp-json\/wp\/v2\/product\/1379\/revisions"}],"wp:featuredmedia":[{"embeddable":true,"href":"https:\/\/sentaiyuanbio.com\/es\/wp-json\/wp\/v2\/media\/3868"}],"wp:attachment":[{"href":"https:\/\/sentaiyuanbio.com\/es\/wp-json\/wp\/v2\/media?parent=1379"}],"wp:term":[{"taxonomy":"product_brand","embeddable":true,"href":"https:\/\/sentaiyuanbio.com\/es\/wp-json\/wp\/v2\/product_brand?post=1379"},{"taxonomy":"product_cat","embeddable":true,"href":"https:\/\/sentaiyuanbio.com\/es\/wp-json\/wp\/v2\/product_cat?post=1379"},{"taxonomy":"product_tag","embeddable":true,"href":"https:\/\/sentaiyuanbio.com\/es\/wp-json\/wp\/v2\/product_tag?post=1379"}],"curies":[{"name":"wp","href":"https:\/\/api.w.org\/{rel}","templated":true}]}}