{"id":1383,"date":"2024-01-06T07:52:27","date_gmt":"2024-01-06T07:52:27","guid":{"rendered":"https:\/\/sentaiyuanbio.com\/?post_type=product&#038;p=1383"},"modified":"2025-02-24T07:31:14","modified_gmt":"2025-02-24T07:31:14","slug":"pastel-de-konjac","status":"publish","type":"product","link":"https:\/\/sentaiyuanbio.com\/es\/producto\/pastel-de-konjac\/","title":{"rendered":"Pastel de Konjac, tofu Konjac, tofu Shirataki"},"content":{"rendered":"<h2><strong>\u00bfQu\u00e9 es Konjac?<\/strong><\/h2>\n<p>La planta de konjac (Amorphophallus konjac) crece en laderas de 600 a 1200 metros sobre el nivel del mar, donde disfruta del aire y el agua limpios de su h\u00e1bitat. La parte comestible de la planta de konjac es la ra\u00edz, que se asemeja a un \u00f1ame, una patata o un taro ovalados. Un error com\u00fan es creer que los fideos de konjac son fideos de \u00f1ame, pero no lo son. Aunque la ra\u00edz de konjac se parece a otras hortalizas de ra\u00edz, pertenece a una familia de plantas diferente. Mientras que las patatas y los \u00f1ames son conocidos por su alto contenido en almidones, el konjac tiene un alto contenido de fibra y muy poco almid\u00f3n.<\/p>\n<h2><strong>\u00bfCu\u00e1les son los beneficios para la salud de la torta de konjac (tofu konjac)?<\/strong><\/h2>\n<p>El pastel de konjac se elabora con harina de konjac que contiene la fibra diet\u00e9tica hidrosoluble glucomanano. Los estudios han demostrado que el glucomanano de konjac en la dieta es beneficioso para nuestra salud de muchas maneras<\/p>\n<p>1. Control del peso - <a href=\"https:\/\/sentaiyuanbio.com\/es\/producto\/glucomanano-konjac-sin-gluten\/\" target=\"_blank\" rel=\"noopener\">Glucomanano<\/a> llena el est\u00f3mago y ralentiza el proceso de digesti\u00f3n, lo que ayuda al consumidor a sentirse \"lleno\" durante m\u00e1s tiempo, reduciendo las ganas de comer comidas pesadas o tentempi\u00e9s.<\/p>\n<p>2. Ayuda a controlar el nivel de az\u00facar en sangre: al extender el tiempo necesario para digerir una comida, los az\u00facares y carbohidratos de otros alimentos se procesan m\u00e1s lentamente, lo que reduce los picos en los niveles de az\u00facar en sangre.<\/p>\n<p class=\"translation-block\">3. Reduce el colesterol: el gel de glucomanano en el sistema digestivo inhibe la absorci\u00f3n de l\u00edpidos, como el <a href=\"https:\/\/medlineplus.gov\/ldlthebadcholesterol.html\" target=\"_blank\" rel=\"noopener\">LDL (colesterol malo)<\/a>.<\/p>\n<p>4. Regula los movimientos intestinales - Como ocurre con muchos alimentos que contienen <a href=\"https:\/\/www.betterhealth.vic.gov.au\/health\/healthyliving\/fibre-in-food\" target=\"_blank\" rel=\"noopener\">fibras alimentarias<\/a>, el glucomanano puede ayudar a regular los movimientos intestinales.<\/p>\n<h2><strong>Condiciones de almacenamiento:<\/strong><\/h2>\n<p>Conservar en un lugar fresco y seco, evitar la luz solar directa, refrigerar una vez abierto y consumir dentro de 3 d\u00edas; no congelar.<\/p>\n<p>1. Especificaci\u00f3n: 2,4 mm x 15 cm<\/p>\n<p class=\"translation-block\">2. Certificados:<strong>\u00a0\u00a0<\/strong>BRC, FDA, HACCP, HALAL, KOSHER;<\/p>\n<p>3. Tiempo de entrega: 30 d\u00edas despu\u00e9s de recibir su pago inicial;<\/p>\n<p>4. Caducidad: 12 meses;<\/p>","protected":false},"excerpt":{"rendered":"<p>La torta de konjac (tofu konjac) se elabora con <a href=\"https:\/\/sentaiyuanbio.com\/es\/producto\/harina-de-name-konjac-polvo-de-name-konjac\/\" target=\"_blank\" rel=\"noopener\">harina de konjac<\/a> que contiene la fibra diet\u00e9tica hidrosoluble glucomanano. Los estudios han demostrado que el glucomanano de konjac en la dieta es beneficioso para nuestra salud de muchas maneras.<\/p>","protected":false},"featured_media":1384,"template":"","meta":{"site-sidebar-layout":"default","site-content-layout":"","ast-site-content-layout":"default","site-content-style":"default","site-sidebar-style":"default","ast-global-header-display":"","ast-banner-title-visibility":"","ast-main-header-display":"","ast-hfb-above-header-display":"","ast-hfb-below-header-display":"","ast-hfb-mobile-header-display":"","site-post-title":"","ast-breadcrumbs-content":"","ast-featured-img":"","footer-sml-layout":"","ast-disable-related-posts":"","theme-transparent-header-meta":"default","adv-header-id-meta":"","stick-header-meta":"default","header-above-stick-meta":"","header-main-stick-meta":"","header-below-stick-meta":"","astra-migrate-meta-layouts":"set","ast-page-background-enabled":"default","ast-page-background-meta":{"desktop":{"background-color":"","background-image":"","background-repeat":"repeat","background-position":"center center","background-size":"auto","background-attachment":"scroll","background-type":"","background-media":"","overlay-type":"","overlay-color":"","overlay-opacity":"","overlay-gradient":""},"tablet":{"background-color":"","background-image":"","background-repeat":"repeat","background-position":"center center","background-size":"auto","background-attachment":"scroll","background-type":"","background-media":"","overlay-type":"","overlay-color":"","overlay-opacity":"","overlay-gradient":""},"mobile":{"background-color":"","background-image":"","background-repeat":"repeat","background-position":"center center","background-size":"auto","background-attachment":"scroll","background-type":"","background-media":"","overlay-type":"","overlay-color":"","overlay-opacity":"","overlay-gradient":""}},"ast-content-background-meta":{"desktop":{"background-color":"var(--ast-global-color-5)","background-image":"","background-repeat":"repeat","background-position":"center center","background-size":"auto","background-attachment":"scroll","background-type":"","background-media":"","overlay-type":"","overlay-color":"","overlay-opacity":"","overlay-gradient":""},"tablet":{"background-color":"var(--ast-global-color-5)","background-image":"","background-repeat":"repeat","background-position":"center center","background-size":"auto","background-attachment":"scroll","background-type":"","background-media":"","overlay-type":"","overlay-color":"","overlay-opacity":"","overlay-gradient":""},"mobile":{"background-color":"var(--ast-global-color-5)","background-image":"","background-repeat":"repeat","background-position":"center center","background-size":"auto","background-attachment":"scroll","background-type":"","background-media":"","overlay-type":"","overlay-color":"","overlay-opacity":"","overlay-gradient":""}}},"product_brand":[],"product_cat":[22],"product_tag":[38],"class_list":{"0":"post-1383","1":"product","2":"type-product","3":"status-publish","4":"has-post-thumbnail","6":"product_cat-konjac-pasta","7":"product_tag-konjac-cake","8":"desktop-align-left","9":"tablet-align-left","10":"mobile-align-left","11":"ast-product-gallery-layout-horizontal-slider","12":"ast-product-tabs-layout-horizontal","14":"first","15":"instock","16":"shipping-taxable","17":"product-type-simple"},"_links":{"self":[{"href":"https:\/\/sentaiyuanbio.com\/es\/wp-json\/wp\/v2\/product\/1383","targetHints":{"allow":["GET"]}}],"collection":[{"href":"https:\/\/sentaiyuanbio.com\/es\/wp-json\/wp\/v2\/product"}],"about":[{"href":"https:\/\/sentaiyuanbio.com\/es\/wp-json\/wp\/v2\/types\/product"}],"version-history":[{"count":0,"href":"https:\/\/sentaiyuanbio.com\/es\/wp-json\/wp\/v2\/product\/1383\/revisions"}],"wp:featuredmedia":[{"embeddable":true,"href":"https:\/\/sentaiyuanbio.com\/es\/wp-json\/wp\/v2\/media\/1384"}],"wp:attachment":[{"href":"https:\/\/sentaiyuanbio.com\/es\/wp-json\/wp\/v2\/media?parent=1383"}],"wp:term":[{"taxonomy":"product_brand","embeddable":true,"href":"https:\/\/sentaiyuanbio.com\/es\/wp-json\/wp\/v2\/product_brand?post=1383"},{"taxonomy":"product_cat","embeddable":true,"href":"https:\/\/sentaiyuanbio.com\/es\/wp-json\/wp\/v2\/product_cat?post=1383"},{"taxonomy":"product_tag","embeddable":true,"href":"https:\/\/sentaiyuanbio.com\/es\/wp-json\/wp\/v2\/product_tag?post=1383"}],"curies":[{"name":"wp","href":"https:\/\/api.w.org\/{rel}","templated":true}]}}