{"id":1391,"date":"2024-05-07T07:12:04","date_gmt":"2024-05-07T07:12:04","guid":{"rendered":"https:\/\/sentaiyuanbio.com\/?post_type=product&#038;p=1391"},"modified":"2026-01-06T02:05:33","modified_gmt":"2026-01-06T02:05:33","slug":"fideos-konjac-fettuccine-sin-gluten-fideos-instantaneos","status":"publish","type":"product","link":"https:\/\/sentaiyuanbio.com\/es\/producto\/fideos-konjac-fettuccine-sin-gluten-fideos-instantaneos\/","title":{"rendered":"Fideos Fettuccine de Konjac Fideos Instant\u00e1neos"},"content":{"rendered":"<h2><strong>\u00bfQu\u00e9 es Konjac?<\/strong><\/h2>\n<p>La planta de konjac (Amorphophallus konjac) crece en laderas de 600 a 1200 metros sobre el nivel del mar, donde disfruta del aire y el agua limpios de su h\u00e1bitat. La parte comestible de la planta de konjac es la ra\u00edz, que se asemeja a un \u00f1ame, una patata o un taro ovalados. Un error com\u00fan es creer que los fideos de konjac son fideos de \u00f1ame, pero no lo son. Aunque la ra\u00edz de konjac se parece a otras hortalizas de ra\u00edz, pertenece a una familia de plantas diferente. Mientras que las patatas y los \u00f1ames son conocidos por su alto contenido en almidones, el konjac tiene un alto contenido de fibra y muy poco almid\u00f3n.<\/p>\n<h2><strong>\u00bfCu\u00e1les son los beneficios para la salud de los fideos Konjac Fettuccine?<\/strong><\/h2>\n<p>Los fettuccine de konjac se elaboran con polvo de konjac que contiene la fibra diet\u00e9tica hidrosoluble glucomanano. Los estudios han demostrado que el glucomanano de konjac en la dieta es beneficioso para nuestra salud de muchas maneras<\/p>\n<p>1. Control del peso - El glucomanano llena el est\u00f3mago y ralentiza la digesti\u00f3n, lo que ayuda al consumidor a sentirse \"lleno\" durante m\u00e1s tiempo, reduciendo las ganas de comer comidas copiosas o tentempi\u00e9s.<\/p>\n<p>2. Ayuda a controlar el nivel de az\u00facar en sangre: al extender el tiempo necesario para digerir una comida, los az\u00facares y carbohidratos de otros alimentos se procesan m\u00e1s lentamente, lo que reduce los picos en los niveles de az\u00facar en sangre.<\/p>\n<p class=\"translation-block\">3. Reduce el colesterol: el gel de glucomanano en el sistema digestivo inhibe la absorci\u00f3n de l\u00edpidos, como el <a href=\"https:\/\/medlineplus.gov\/ldlthebadcholesterol.html\" target=\"_blank\" rel=\"noopener\">LDL (colesterol malo)<\/a>.<\/p>\n<p>4. Regula los movimientos intestinales - Como ocurre con muchos alimentos que contienen fibras diet\u00e9ticas, <a href=\"https:\/\/hethstia.com\/konjac-powder\/konjac-glucomannan-powder\/\" target=\"_blank\" rel=\"noopener\">glucomanano en polvo<\/a> puede ayudar a regular los movimientos intestinales.<\/p>\n<p><strong>Condiciones de almacenamiento:<\/strong><\/p>\n<p>Conservar en un lugar fresco y seco, evitar la luz solar directa, refrigerar una vez abierto y consumir dentro de 3 d\u00edas; no congelar.<\/p>\n<p>1. Especificaci\u00f3n: 0,8 cm*15 cm<\/p>\n<p class=\"translation-block\">2. Certificados:<strong>\u00a0\u00a0<\/strong>BRC, FDA, HACCP, HALAL, KOSHER;<\/p>\n<p>3. Tiempo de entrega: 30 d\u00edas despu\u00e9s de recibir su pago inicial;<\/p>\n<p>4. Vida \u00fatil: 12 meses;<\/p>\n<h2>Las instrucciones de consumo de los fideos Konjac Fettuccine precocinados:<\/h2>\n<p>1. Abra el paquete y escurra el l\u00edquido;<br \/>\n2. Enjuague los fettuccine bajo el grifo durante dos o tres minutos;<\/p>\n<p>3. Ponga los fettuccine en una sart\u00e9n y fr\u00edalos durante 2-3 minutos, a\u00f1ada las especias, las salsas o la sopa que desee;<\/p>\n<p>4. Si no desea fre\u00edr puede calentar los fettuccine en el microondas durante 1-2 minutos;<\/p>\n<p>Tenga en cuenta que los fettuccine son muy absorbentes, por lo que absorber\u00e1n las salsas y tomar\u00e1n los sabores con los que los cocine.<\/p>\n<h2><strong>Las instrucciones de consumo de los fideos Konjac Fettuccine instant\u00e1neos:<\/strong><\/h2>\n<p>1. Abra el paquete y escurra el l\u00edquido;<\/p>\n<p>2. Lave los fettuccine bajo el grifo durante dos o tres minutos;<\/p>\n<p>3. Ponga los fettuccine en un bol, a\u00f1ada agua hervida y escurra el agua hervida;<\/p>\n<p>4. A\u00f1ade cualquier especia, salsa o sopa que desees;<\/p>\n<p>5.\u00a0A continuaci\u00f3n, podr\u00e1s\u00a0disfrutarlo.<\/p>\n<p>Tenga en cuenta que la pasta es muy absorbente, por lo que absorber\u00e1 las salsas y tomar\u00e1 los sabores con los que la cocine.<\/p>\n<p><strong>Informaci\u00f3n nutricional<\/strong><\/p>\n<table class=\"aliDataTable\">\n<tbody>\n<tr align=\"left\">\n<td>Tama\u00f1o de la porci\u00f3n<\/td>\n<td>100g<\/td>\n<\/tr>\n<tr align=\"left\">\n<td>Energ\u00eda<\/td>\n<td>6 kcal<\/td>\n<\/tr>\n<tr align=\"left\">\n<td>Prote\u00edna<\/td>\n<td>&lt;0.5g<\/td>\n<\/tr>\n<tr align=\"left\">\n<td>Grasa total<\/td>\n<td>&lt;0.5g<\/td>\n<\/tr>\n<tr align=\"left\">\n<td>\u00e1cidos grasos saturados<\/td>\n<td>&lt;0.1g<\/td>\n<\/tr>\n<tr align=\"left\">\n<td>\u00c1cidos grasos trans<\/td>\n<td>&lt;0.1g<\/td>\n<\/tr>\n<tr align=\"left\">\n<td>Carbohidratos totales<\/td>\n<td>3.5g<\/td>\n<\/tr>\n<tr align=\"left\">\n<td>Az\u00facar<\/td>\n<td>&lt;0.5g<\/td>\n<\/tr>\n<tr align=\"left\">\n<td>Fibra diet\u00e9tica<\/td>\n<td>3.0g<\/td>\n<\/tr>\n<tr align=\"left\">\n<td>Sodio<\/td>\n<td>&lt;5mg<\/td>\n<\/tr>\n<\/tbody>\n<\/table>\n<p>&nbsp;<\/p>","protected":false},"excerpt":{"rendered":"<p>Los fideos konjac fettuccine se elaboran con harina de konjac que contiene la fibra diet\u00e9tica hidrosoluble <a href=\"https:\/\/sentaiyuanbio.com\/es\/producto\/glucomanano-de-raiz-de-konjac\/\" target=\"_blank\" rel=\"noopener\">glucomanano<\/a>. Los estudios han demostrado que el glucomanano de konjac en la dieta es beneficioso para nuestra salud de muchas maneras.<\/p>","protected":false},"featured_media":3852,"template":"","meta":{"site-sidebar-layout":"default","site-content-layout":"","ast-site-content-layout":"default","site-content-style":"default","site-sidebar-style":"default","ast-global-header-display":"","ast-banner-title-visibility":"","ast-main-header-display":"","ast-hfb-above-header-display":"","ast-hfb-below-header-display":"","ast-hfb-mobile-header-display":"","site-post-title":"","ast-breadcrumbs-content":"","ast-featured-img":"","footer-sml-layout":"","ast-disable-related-posts":"","theme-transparent-header-meta":"default","adv-header-id-meta":"","stick-header-meta":"default","header-above-stick-meta":"","header-main-stick-meta":"","header-below-stick-meta":"","astra-migrate-meta-layouts":"set","ast-page-background-enabled":"default","ast-page-background-meta":{"desktop":{"background-color":"","background-image":"","background-repeat":"repeat","background-position":"center center","background-size":"auto","background-attachment":"scroll","background-type":"","background-media":"","overlay-type":"","overlay-color":"","overlay-opacity":"","overlay-gradient":""},"tablet":{"background-color":"","background-image":"","background-repeat":"repeat","background-position":"center center","background-size":"auto","background-attachment":"scroll","background-type":"","background-media":"","overlay-type":"","overlay-color":"","overlay-opacity":"","overlay-gradient":""},"mobile":{"background-color":"","background-image":"","background-repeat":"repeat","background-position":"center center","background-size":"auto","background-attachment":"scroll","background-type":"","background-media":"","overlay-type":"","overlay-color":"","overlay-opacity":"","overlay-gradient":""}},"ast-content-background-meta":{"desktop":{"background-color":"var(--ast-global-color-5)","background-image":"","background-repeat":"repeat","background-position":"center center","background-size":"auto","background-attachment":"scroll","background-type":"","background-media":"","overlay-type":"","overlay-color":"","overlay-opacity":"","overlay-gradient":""},"tablet":{"background-color":"var(--ast-global-color-5)","background-image":"","background-repeat":"repeat","background-position":"center center","background-size":"auto","background-attachment":"scroll","background-type":"","background-media":"","overlay-type":"","overlay-color":"","overlay-opacity":"","overlay-gradient":""},"mobile":{"background-color":"var(--ast-global-color-5)","background-image":"","background-repeat":"repeat","background-position":"center center","background-size":"auto","background-attachment":"scroll","background-type":"","background-media":"","overlay-type":"","overlay-color":"","overlay-opacity":"","overlay-gradient":""}}},"product_brand":[],"product_cat":[22],"product_tag":[31,32],"class_list":{"0":"post-1391","1":"product","2":"type-product","3":"status-publish","4":"has-post-thumbnail","6":"product_cat-konjac-pasta","7":"product_tag-konjac-fettuccine","8":"product_tag-konjac-pasta","9":"desktop-align-left","10":"tablet-align-left","11":"mobile-align-left","12":"ast-product-gallery-layout-horizontal-slider","13":"ast-product-tabs-layout-horizontal","15":"first","16":"instock","17":"shipping-taxable","18":"product-type-simple"},"_links":{"self":[{"href":"https:\/\/sentaiyuanbio.com\/es\/wp-json\/wp\/v2\/product\/1391","targetHints":{"allow":["GET"]}}],"collection":[{"href":"https:\/\/sentaiyuanbio.com\/es\/wp-json\/wp\/v2\/product"}],"about":[{"href":"https:\/\/sentaiyuanbio.com\/es\/wp-json\/wp\/v2\/types\/product"}],"version-history":[{"count":0,"href":"https:\/\/sentaiyuanbio.com\/es\/wp-json\/wp\/v2\/product\/1391\/revisions"}],"wp:featuredmedia":[{"embeddable":true,"href":"https:\/\/sentaiyuanbio.com\/es\/wp-json\/wp\/v2\/media\/3852"}],"wp:attachment":[{"href":"https:\/\/sentaiyuanbio.com\/es\/wp-json\/wp\/v2\/media?parent=1391"}],"wp:term":[{"taxonomy":"product_brand","embeddable":true,"href":"https:\/\/sentaiyuanbio.com\/es\/wp-json\/wp\/v2\/product_brand?post=1391"},{"taxonomy":"product_cat","embeddable":true,"href":"https:\/\/sentaiyuanbio.com\/es\/wp-json\/wp\/v2\/product_cat?post=1391"},{"taxonomy":"product_tag","embeddable":true,"href":"https:\/\/sentaiyuanbio.com\/es\/wp-json\/wp\/v2\/product_tag?post=1391"}],"curies":[{"name":"wp","href":"https:\/\/api.w.org\/{rel}","templated":true}]}}