{"id":1394,"date":"2024-05-07T07:25:31","date_gmt":"2024-05-07T07:25:31","guid":{"rendered":"https:\/\/sentaiyuanbio.com\/?post_type=product&#038;p=1394"},"modified":"2026-01-06T02:30:07","modified_gmt":"2026-01-06T02:30:07","slug":"pasta-de-cabello-de-angel-shirataki-ecologica","status":"publish","type":"product","link":"https:\/\/sentaiyuanbio.com\/es\/producto\/pasta-de-cabello-de-angel-shirataki-ecologica\/","title":{"rendered":"Fideos de konjac finos de cabello de \u00e1ngel Shirataki org\u00e1nicos (6 kcal)"},"content":{"rendered":"<h2>Cabello de \u00e1ngel Shirataki ecol\u00f3gico Especificaciones:<\/h2>\n<p>Di\u00e1metro: 1,8-2,5 mm<\/p>\n<p>Longitud: 10-20cm<\/p>\n<p>Peso: 200 g\/saco o seg\u00fan sus necesidades.<\/p>\n<p>Conservaci\u00f3n: Conservar en un lugar fresco y seco. Mantener alejado de la luz fuerte y el calor.<\/p>\n<p>Capacidad de suministro: 3000X20HQ\/a\u00f1o<\/p>\n<p>Vida \u00fatil: 1 a\u00f1o cuando se almacena adecuadamente.<\/p>\n<h2>Cabello de \u00e1ngel Shirataki ecol\u00f3gico Informaci\u00f3n nutricional<\/h2>\n<table>\n<tbody>\n<tr align=\"left\">\n<td>Tama\u00f1o de la porci\u00f3n<\/td>\n<td>100g<\/td>\n<\/tr>\n<tr align=\"left\">\n<td>Energ\u00eda<\/td>\n<td>6 kcal<\/td>\n<\/tr>\n<tr align=\"left\">\n<td>Prote\u00edna<\/td>\n<td>&lt;0.5g<\/td>\n<\/tr>\n<tr align=\"left\">\n<td>Grasa total<\/td>\n<td>&lt;0.5g<\/td>\n<\/tr>\n<tr align=\"left\">\n<td>\u00e1cidos grasos saturados<\/td>\n<td>&lt;0.1g<\/td>\n<\/tr>\n<tr align=\"left\">\n<td>\u00c1cidos grasos trans<\/td>\n<td>&lt;0.1g<\/td>\n<\/tr>\n<tr align=\"left\">\n<td>Carbohidratos totales<\/td>\n<td>3.5g<\/td>\n<\/tr>\n<tr align=\"left\">\n<td>Az\u00facar<\/td>\n<td>&lt;0.5g<\/td>\n<\/tr>\n<tr align=\"left\">\n<td>Fibra diet\u00e9tica<\/td>\n<td>3.0g<\/td>\n<\/tr>\n<tr align=\"left\">\n<td>Sodio<\/td>\n<td>&lt;5mg<\/td>\n<\/tr>\n<\/tbody>\n<\/table>\n<p>Se trata de los fideos Skinny Konjac y no se parece a ninguna otra pasta. Eso es porque est\u00e1 hecho con una planta llamada Konjac. Utilizada desde hace miles de a\u00f1os, el konjac est\u00e1 lleno de fibra y es notablemente bajo en carbohidratos. Pero en lo que es fenomenal es en capturar todos los sabores m\u00e1s grandes, ricos y salvajes que pueda so\u00f1ar. Despu\u00e9s de todo, ning\u00fan ingrediente est\u00e1 fuera de la mesa cuando su pasta s\u00f3lo tiene 9 calor\u00edas. As\u00ed que coja un bol y ll\u00e9nelo hasta los topes con salsa, caldo o alb\u00f3ndigas en abundancia. \u00a1Es la hora del cabello de \u00e1ngel Shirataki ecol\u00f3gico!<\/p>\n<p><strong>He aqu\u00ed algunas de sus ventajas:<\/strong><\/p>\n<p><strong>Bajo en calor\u00edas:<\/strong> Como tiene tan pocas calor\u00edas, es una opci\u00f3n popular para que la gente limite su consumo de calor\u00edas. En comparaci\u00f3n con la pasta tradicional a base de trigo, que puede tener un recuento de calor\u00edas mucho mayor, una raci\u00f3n t\u00edpica de \u00e9sta tiene muy pocas calor\u00edas.<\/p>\n<p><strong>Bajo en carbohidratos<\/strong>: Como tiene muy pocos carbohidratos, puede ser consumida por quienes siguen dietas bajas en carbohidratos o cetog\u00e9nicas. Es especialmente \u00fatil para las personas que quieren reducir los carbohidratos sin sacrificar el sabor de la pasta.<\/p>\n<p><strong>Alto contenido en fibra<\/strong>: Rica en fibra nutritiva, puede facilitar una mejor digesti\u00f3n y la sensaci\u00f3n de saciedad. Los movimientos intestinales regulares y una mejor salud intestinal tambi\u00e9n pueden atribuirse al alto contenido en fibra de la pasta de konjac.<\/p>\n<p><strong>Sin gluten<\/strong>: Al no contener gluten, pueden disfrutarlo las personas sensibles al gluten o que siguen una dieta sin gluten. Para quienes no pueden evitar el gluten pero aun as\u00ed quieren disfrutar de un plato a base de fideos, ofrece una alternativa similar a la pasta.<\/p>\n<p><strong>Gesti\u00f3n del az\u00facar en sangre<\/strong>: No afecta significativamente a los niveles de az\u00facar en sangre debido a su bajo contenido en carbohidratos. Debido a su bajo <a href=\"https:\/\/www.healthline.com\/nutrition\/glycemic-index\" target=\"_blank\" rel=\"noopener\">\u00edndice gluc\u00e9mico<\/a>, su consumo no provoca un aumento precipitado de los niveles de az\u00facar en sangre. Para quienes padecen diabetes o intentan equilibrar sus niveles de az\u00facar en sangre, puede resultar \u00fatil.<\/p>\n<p><strong>Vers\u00e1til y adaptable<\/strong>: Se puede sustituir por <strong>pasta ordinaria<\/strong> en una gran variedad de platos. Con ella puede preparar versiones sanas y bajas en calor\u00edas de sus recetas de pasta favoritas, ya que absorbe el sabor de las salsas y otros ingredientes con los que se cocina.<\/p>\n<p><strong>Control del peso<\/strong>: Por su bajo contenido cal\u00f3rico y su alto contenido en fibra, es una opci\u00f3n inteligente para controlar el peso. Puede ayudar a reducir la ingesta total de calor\u00edas proporcionando una comida satisfactoria y abundante que apoya los esfuerzos de p\u00e9rdida de peso y el control de las porciones.<\/p>\n<p><strong>F\u00e1cil de cocinar<\/strong>: Suele venir envasado y necesita poca cocci\u00f3n. Es una opci\u00f3n pr\u00e1ctica para las personas con horarios ajetreados o poca experiencia en la cocina porque puede prepararse r\u00e1pidamente hirvi\u00e9ndolo o salte\u00e1ndolo.<\/p>\n<p><img fetchpriority=\"high\" decoding=\"async\" class=\"alignnone wp-image-5150 size-full\" title=\"Fideos konjac finos\" src=\"https:\/\/sentaiyuanbio.com\/wp-content\/uploads\/2024\/05\/Skinny-Konjac-Noodles-4.webp\" alt=\"Fideos konjac finos\" width=\"1000\" height=\"1000\" srcset=\"https:\/\/sentaiyuanbio.com\/wp-content\/uploads\/2024\/05\/Skinny-Konjac-Noodles-4.webp 1000w, https:\/\/sentaiyuanbio.com\/wp-content\/uploads\/2024\/05\/Skinny-Konjac-Noodles-4-600x600.webp 600w, https:\/\/sentaiyuanbio.com\/wp-content\/uploads\/2024\/05\/Skinny-Konjac-Noodles-4-100x100.webp 100w, https:\/\/sentaiyuanbio.com\/wp-content\/uploads\/2024\/05\/Skinny-Konjac-Noodles-4-300x300.webp 300w, https:\/\/sentaiyuanbio.com\/wp-content\/uploads\/2024\/05\/Skinny-Konjac-Noodles-4-150x150.webp 150w, https:\/\/sentaiyuanbio.com\/wp-content\/uploads\/2024\/05\/Skinny-Konjac-Noodles-4-768x768.webp 768w\" sizes=\"(max-width: 1000px) 100vw, 1000px\" \/> <img decoding=\"async\" class=\"alignnone wp-image-5148 size-full\" title=\"Fideos konjac finos\" src=\"https:\/\/sentaiyuanbio.com\/wp-content\/uploads\/2024\/05\/Skinny-Konjac-Noodles-1.webp\" alt=\"Fideos konjac finos\" width=\"1000\" height=\"1000\" srcset=\"https:\/\/sentaiyuanbio.com\/wp-content\/uploads\/2024\/05\/Skinny-Konjac-Noodles-1.webp 1000w, https:\/\/sentaiyuanbio.com\/wp-content\/uploads\/2024\/05\/Skinny-Konjac-Noodles-1-600x600.webp 600w, https:\/\/sentaiyuanbio.com\/wp-content\/uploads\/2024\/05\/Skinny-Konjac-Noodles-1-100x100.webp 100w, https:\/\/sentaiyuanbio.com\/wp-content\/uploads\/2024\/05\/Skinny-Konjac-Noodles-1-300x300.webp 300w, https:\/\/sentaiyuanbio.com\/wp-content\/uploads\/2024\/05\/Skinny-Konjac-Noodles-1-150x150.webp 150w, https:\/\/sentaiyuanbio.com\/wp-content\/uploads\/2024\/05\/Skinny-Konjac-Noodles-1-768x768.webp 768w\" sizes=\"(max-width: 1000px) 100vw, 1000px\" \/> <img decoding=\"async\" class=\"alignnone wp-image-5149 size-full\" title=\"Fideos konjac finos\" src=\"https:\/\/sentaiyuanbio.com\/wp-content\/uploads\/2024\/05\/Skinny-Konjac-Noodles-2.webp\" alt=\"Fideos konjac finos\" width=\"1000\" height=\"1000\" srcset=\"https:\/\/sentaiyuanbio.com\/wp-content\/uploads\/2024\/05\/Skinny-Konjac-Noodles-2.webp 1000w, https:\/\/sentaiyuanbio.com\/wp-content\/uploads\/2024\/05\/Skinny-Konjac-Noodles-2-600x600.webp 600w, https:\/\/sentaiyuanbio.com\/wp-content\/uploads\/2024\/05\/Skinny-Konjac-Noodles-2-100x100.webp 100w, https:\/\/sentaiyuanbio.com\/wp-content\/uploads\/2024\/05\/Skinny-Konjac-Noodles-2-300x300.webp 300w, https:\/\/sentaiyuanbio.com\/wp-content\/uploads\/2024\/05\/Skinny-Konjac-Noodles-2-150x150.webp 150w, https:\/\/sentaiyuanbio.com\/wp-content\/uploads\/2024\/05\/Skinny-Konjac-Noodles-2-768x768.webp 768w\" sizes=\"(max-width: 1000px) 100vw, 1000px\" \/><\/p>","protected":false},"excerpt":{"rendered":"<p>El cabello de \u00e1ngel shirataki ecol\u00f3gico se elabora con <a href=\"https:\/\/sentaiyuanbio.com\/es\/producto\/glucomanano-de-raiz-de-konjac\/\" target=\"_blank\" rel=\"noopener\">harina de konjac<\/a> que contiene la fibra diet\u00e9tica hidrosoluble glucomanano. Es beneficioso para nuestra salud de muchas maneras.<\/p>","protected":false},"featured_media":3910,"template":"","meta":{"site-sidebar-layout":"default","site-content-layout":"","ast-site-content-layout":"default","site-content-style":"default","site-sidebar-style":"default","ast-global-header-display":"","ast-banner-title-visibility":"","ast-main-header-display":"","ast-hfb-above-header-display":"","ast-hfb-below-header-display":"","ast-hfb-mobile-header-display":"","site-post-title":"","ast-breadcrumbs-content":"","ast-featured-img":"","footer-sml-layout":"","ast-disable-related-posts":"","theme-transparent-header-meta":"default","adv-header-id-meta":"","stick-header-meta":"default","header-above-stick-meta":"","header-main-stick-meta":"","header-below-stick-meta":"","astra-migrate-meta-layouts":"set","ast-page-background-enabled":"default","ast-page-background-meta":{"desktop":{"background-color":"","background-image":"","background-repeat":"repeat","background-position":"center center","background-size":"auto","background-attachment":"scroll","background-type":"","background-media":"","overlay-type":"","overlay-color":"","overlay-opacity":"","overlay-gradient":""},"tablet":{"background-color":"","background-image":"","background-repeat":"repeat","background-position":"center center","background-size":"auto","background-attachment":"scroll","background-type":"","background-media":"","overlay-type":"","overlay-color":"","overlay-opacity":"","overlay-gradient":""},"mobile":{"background-color":"","background-image":"","background-repeat":"repeat","background-position":"center center","background-size":"auto","background-attachment":"scroll","background-type":"","background-media":"","overlay-type":"","overlay-color":"","overlay-opacity":"","overlay-gradient":""}},"ast-content-background-meta":{"desktop":{"background-color":"var(--ast-global-color-5)","background-image":"","background-repeat":"repeat","background-position":"center center","background-size":"auto","background-attachment":"scroll","background-type":"","background-media":"","overlay-type":"","overlay-color":"","overlay-opacity":"","overlay-gradient":""},"tablet":{"background-color":"var(--ast-global-color-5)","background-image":"","background-repeat":"repeat","background-position":"center center","background-size":"auto","background-attachment":"scroll","background-type":"","background-media":"","overlay-type":"","overlay-color":"","overlay-opacity":"","overlay-gradient":""},"mobile":{"background-color":"var(--ast-global-color-5)","background-image":"","background-repeat":"repeat","background-position":"center center","background-size":"auto","background-attachment":"scroll","background-type":"","background-media":"","overlay-type":"","overlay-color":"","overlay-opacity":"","overlay-gradient":""}}},"product_brand":[],"product_cat":[22],"product_tag":[30,29],"class_list":{"0":"post-1394","1":"product","2":"type-product","3":"status-publish","4":"has-post-thumbnail","6":"product_cat-konjac-pasta","7":"product_tag-konjac-angel-hair","8":"product_tag-konjac-spaghetti","9":"desktop-align-left","10":"tablet-align-left","11":"mobile-align-left","12":"ast-product-gallery-layout-horizontal-slider","13":"ast-product-tabs-layout-horizontal","15":"first","16":"instock","17":"shipping-taxable","18":"product-type-simple"},"_links":{"self":[{"href":"https:\/\/sentaiyuanbio.com\/es\/wp-json\/wp\/v2\/product\/1394","targetHints":{"allow":["GET"]}}],"collection":[{"href":"https:\/\/sentaiyuanbio.com\/es\/wp-json\/wp\/v2\/product"}],"about":[{"href":"https:\/\/sentaiyuanbio.com\/es\/wp-json\/wp\/v2\/types\/product"}],"version-history":[{"count":0,"href":"https:\/\/sentaiyuanbio.com\/es\/wp-json\/wp\/v2\/product\/1394\/revisions"}],"wp:featuredmedia":[{"embeddable":true,"href":"https:\/\/sentaiyuanbio.com\/es\/wp-json\/wp\/v2\/media\/3910"}],"wp:attachment":[{"href":"https:\/\/sentaiyuanbio.com\/es\/wp-json\/wp\/v2\/media?parent=1394"}],"wp:term":[{"taxonomy":"product_brand","embeddable":true,"href":"https:\/\/sentaiyuanbio.com\/es\/wp-json\/wp\/v2\/product_brand?post=1394"},{"taxonomy":"product_cat","embeddable":true,"href":"https:\/\/sentaiyuanbio.com\/es\/wp-json\/wp\/v2\/product_cat?post=1394"},{"taxonomy":"product_tag","embeddable":true,"href":"https:\/\/sentaiyuanbio.com\/es\/wp-json\/wp\/v2\/product_tag?post=1394"}],"curies":[{"name":"wp","href":"https:\/\/api.w.org\/{rel}","templated":true}]}}