{"id":1398,"date":"2024-05-07T07:34:16","date_gmt":"2024-05-07T07:34:16","guid":{"rendered":"https:\/\/sentaiyuanbio.com\/?post_type=product&#038;p=1398"},"modified":"2026-01-06T02:04:38","modified_gmt":"2026-01-06T02:04:38","slug":"espaguetis-shirataki-pasta-konjac","status":"publish","type":"product","link":"https:\/\/sentaiyuanbio.com\/es\/producto\/espaguetis-shirataki-pasta-konjac\/","title":{"rendered":"Fideos instant\u00e1neos Shirataki Spaghetti Konjac Pasta"},"content":{"rendered":"<h2>Espaguetis Shirataki Pasta Konjac Fideos instant\u00e1neos OEM<\/h2>\n<p><strong>Informaci\u00f3n del producto:<\/strong><\/p>\n<h3>\u00bfQu\u00e9 es Konjac?<\/h3>\n<p>La planta konjac (<a href=\"https:\/\/en.wikipedia.org\/wiki\/Amorphophallus\" target=\"_blank\" rel=\"noopener\">Amorphophallus<\/a> konjac) crece en laderas de 2000 a 4000 pies sobre el nivel del mar, donde disfruta del aire y el agua limpios del h\u00e1bitat. La parte comestible de la planta konjac es la ra\u00edz, que se asemeja a un \u00f1ame, una patata o un taro de forma ovalada. Un error com\u00fan es creer que los fideos konjac son fideos de \u00f1ame, pero no es as\u00ed. Aunque la ra\u00edz de konjac tiene un aspecto similar al de otras hortalizas de ra\u00edz, pertenece a una familia diferente de plantas. Mientras que la patata y el \u00f1ame son conocidos por su alto contenido en almid\u00f3n, el konjac tiene un alto contenido en fibra y muy poco almid\u00f3n.<\/p>\n<h3>\u00bfCu\u00e1les son los beneficios para la salud de los espaguetis Shirataki?<\/h3>\n<p>La pasta de konjac se elabora con harina de konjac que contiene la fibra diet\u00e9tica hidrosoluble glucomanano. Los estudios han demostrado <a href=\"https:\/\/sentaiyuanbio.com\/es\/producto\/glucomanano-konjac-sin-gluten\/\" target=\"_blank\" rel=\"noopener\">glucomanano de konjac<\/a> en la dieta es beneficioso para nuestra salud de muchas maneras<\/p>\n<p>1. Control del peso - El glucomanano llena el est\u00f3mago y ralentiza la digesti\u00f3n, lo que ayuda al consumidor a sentirse \"lleno\" durante m\u00e1s tiempo, reduciendo las ganas de comer comidas copiosas o tentempi\u00e9s.<br \/>\n2. Ayuda a controlar el nivel de az\u00facar en sangre - Al prolongar el tiempo necesario para digerir una comida, los az\u00facares y carbohidratos de otros alimentos ingeridos se procesan m\u00e1s lentamente, lo que reduce los picos en los niveles de az\u00facar en sangre.<br \/>\n3. Reduce el colesterol - El gel de glucomanano inhibe en el sistema digestivo la absorci\u00f3n de l\u00edpidos, como el LDL (colesterol malo).<br \/>\n4. Regula los movimientos intestinales - Como ocurre con muchos alimentos que contienen fibra diet\u00e9tica, el glucomanano puede ayudar a regular los movimientos intestinales.<\/p>\n<p><strong>Condiciones de almacenamiento:<\/strong><\/p>\n<p>Conservar en un lugar fresco y seco, evitar la luz solar directa, refrigerar una vez abierto y consumir dentro de 3 d\u00edas; no congelar.<\/p>\n<p>1. Especificaci\u00f3n: 2,4 mm x 15 cm<br \/>\n2. Certificados: BRC, FDA, HACCP, HALAL, KOSHER;<br \/>\n3. Plazo de entrega: 30 d\u00edas despu\u00e9s de recibir su anticipo;<br \/>\n4. Vida \u00fatil: 12 meses;<\/p>\n<h3>Las instrucciones de consumo de los espaguetis Shirataki precocinados:<\/h3>\n<p>1. Abra el envase y escurra el l\u00edquido.<br \/>\n2. Enjuague los espaguetis bajo el grifo durante dos o tres minutos;<br \/>\n3. A\u00f1ada los espaguetis a una sart\u00e9n y fr\u00edalos durante 2-3 minutos. A\u00f1ada las especias, salsas o sopa que desee.<br \/>\n4. Si no desea fre\u00edr, puede calentar la pasta en el microondas durante 1-2 minutos.<\/p>\n<p>Tenga en cuenta que los espaguetis son muy absorbentes, por lo que absorber\u00e1n las salsas y tomar\u00e1n los sabores con los que los cocine.<\/p>\n<h3>Las instrucciones de consumo de los espaguetis Shirataki instant\u00e1neos:<\/h3>\n<p>1. Abra el envase y escurra el l\u00edquido.<br \/>\n2. Lave los espaguetis bajo el grifo durante dos o tres minutos;<br \/>\n3. Ponga los espaguetis en un bol, a\u00f1ada agua hervida y escurra el agua.<br \/>\n4. A\u00f1ade cualquier especia, salsa o sopa que desees;<br \/>\n5. A continuaci\u00f3n, puede disfrutarlo.<\/p>\n<p><img fetchpriority=\"high\" decoding=\"async\" class=\"alignnone wp-image-5153 size-full\" title=\"Fideos instant\u00e1neos de pasta konjac\" src=\"https:\/\/sentaiyuanbio.com\/wp-content\/uploads\/2024\/05\/Konjac-Pasta-Instant-Noodles-2.webp\" alt=\"Fideos instant\u00e1neos de pasta konjac\" width=\"800\" height=\"800\" srcset=\"https:\/\/sentaiyuanbio.com\/wp-content\/uploads\/2024\/05\/Konjac-Pasta-Instant-Noodles-2.webp 800w, https:\/\/sentaiyuanbio.com\/wp-content\/uploads\/2024\/05\/Konjac-Pasta-Instant-Noodles-2-600x600.webp 600w, https:\/\/sentaiyuanbio.com\/wp-content\/uploads\/2024\/05\/Konjac-Pasta-Instant-Noodles-2-100x100.webp 100w, https:\/\/sentaiyuanbio.com\/wp-content\/uploads\/2024\/05\/Konjac-Pasta-Instant-Noodles-2-300x300.webp 300w, https:\/\/sentaiyuanbio.com\/wp-content\/uploads\/2024\/05\/Konjac-Pasta-Instant-Noodles-2-150x150.webp 150w, https:\/\/sentaiyuanbio.com\/wp-content\/uploads\/2024\/05\/Konjac-Pasta-Instant-Noodles-2-768x768.webp 768w\" sizes=\"(max-width: 800px) 100vw, 800px\" \/> <img decoding=\"async\" class=\"alignnone wp-image-5152 size-full\" title=\"Fideos instant\u00e1neos Shirataki Spaghetti Konjac Pasta\" src=\"https:\/\/sentaiyuanbio.com\/wp-content\/uploads\/2024\/05\/Konjac-Pasta-Instant-Noodles-1.webp\" alt=\"Fideos instant\u00e1neos Shirataki Spaghetti Konjac Pasta\" width=\"800\" height=\"800\" srcset=\"https:\/\/sentaiyuanbio.com\/wp-content\/uploads\/2024\/05\/Konjac-Pasta-Instant-Noodles-1.webp 800w, https:\/\/sentaiyuanbio.com\/wp-content\/uploads\/2024\/05\/Konjac-Pasta-Instant-Noodles-1-600x600.webp 600w, https:\/\/sentaiyuanbio.com\/wp-content\/uploads\/2024\/05\/Konjac-Pasta-Instant-Noodles-1-100x100.webp 100w, https:\/\/sentaiyuanbio.com\/wp-content\/uploads\/2024\/05\/Konjac-Pasta-Instant-Noodles-1-300x300.webp 300w, https:\/\/sentaiyuanbio.com\/wp-content\/uploads\/2024\/05\/Konjac-Pasta-Instant-Noodles-1-150x150.webp 150w, https:\/\/sentaiyuanbio.com\/wp-content\/uploads\/2024\/05\/Konjac-Pasta-Instant-Noodles-1-768x768.webp 768w\" sizes=\"(max-width: 800px) 100vw, 800px\" \/> <img decoding=\"async\" class=\"alignnone wp-image-5154 size-full\" title=\"Fideos instant\u00e1neos Shirataki Spaghetti Konjac Pasta\" src=\"https:\/\/sentaiyuanbio.com\/wp-content\/uploads\/2024\/05\/Konjac-Pasta-Instant-Noodles-3.webp\" alt=\"Fideos instant\u00e1neos Shirataki Spaghetti Konjac Pasta\" width=\"800\" height=\"800\" srcset=\"https:\/\/sentaiyuanbio.com\/wp-content\/uploads\/2024\/05\/Konjac-Pasta-Instant-Noodles-3.webp 800w, https:\/\/sentaiyuanbio.com\/wp-content\/uploads\/2024\/05\/Konjac-Pasta-Instant-Noodles-3-600x600.webp 600w, https:\/\/sentaiyuanbio.com\/wp-content\/uploads\/2024\/05\/Konjac-Pasta-Instant-Noodles-3-100x100.webp 100w, https:\/\/sentaiyuanbio.com\/wp-content\/uploads\/2024\/05\/Konjac-Pasta-Instant-Noodles-3-300x300.webp 300w, https:\/\/sentaiyuanbio.com\/wp-content\/uploads\/2024\/05\/Konjac-Pasta-Instant-Noodles-3-150x150.webp 150w, https:\/\/sentaiyuanbio.com\/wp-content\/uploads\/2024\/05\/Konjac-Pasta-Instant-Noodles-3-768x768.webp 768w\" sizes=\"(max-width: 800px) 100vw, 800px\" \/><\/p>","protected":false},"excerpt":{"rendered":"<p>Los espaguetis Shirataki se elaboran con harina de konjac que contiene la fibra diet\u00e9tica hidrosoluble glucomanano. Los estudios han demostrado que el glucomanano de konjac en la dieta es beneficioso para nuestra salud de muchas maneras<\/p>","protected":false},"featured_media":3917,"template":"","meta":{"site-sidebar-layout":"default","site-content-layout":"","ast-site-content-layout":"default","site-content-style":"default","site-sidebar-style":"default","ast-global-header-display":"","ast-banner-title-visibility":"","ast-main-header-display":"","ast-hfb-above-header-display":"","ast-hfb-below-header-display":"","ast-hfb-mobile-header-display":"","site-post-title":"","ast-breadcrumbs-content":"","ast-featured-img":"","footer-sml-layout":"","ast-disable-related-posts":"","theme-transparent-header-meta":"default","adv-header-id-meta":"","stick-header-meta":"default","header-above-stick-meta":"","header-main-stick-meta":"","header-below-stick-meta":"","astra-migrate-meta-layouts":"set","ast-page-background-enabled":"default","ast-page-background-meta":{"desktop":{"background-color":"","background-image":"","background-repeat":"repeat","background-position":"center center","background-size":"auto","background-attachment":"scroll","background-type":"","background-media":"","overlay-type":"","overlay-color":"","overlay-opacity":"","overlay-gradient":""},"tablet":{"background-color":"","background-image":"","background-repeat":"repeat","background-position":"center center","background-size":"auto","background-attachment":"scroll","background-type":"","background-media":"","overlay-type":"","overlay-color":"","overlay-opacity":"","overlay-gradient":""},"mobile":{"background-color":"","background-image":"","background-repeat":"repeat","background-position":"center center","background-size":"auto","background-attachment":"scroll","background-type":"","background-media":"","overlay-type":"","overlay-color":"","overlay-opacity":"","overlay-gradient":""}},"ast-content-background-meta":{"desktop":{"background-color":"var(--ast-global-color-5)","background-image":"","background-repeat":"repeat","background-position":"center center","background-size":"auto","background-attachment":"scroll","background-type":"","background-media":"","overlay-type":"","overlay-color":"","overlay-opacity":"","overlay-gradient":""},"tablet":{"background-color":"var(--ast-global-color-5)","background-image":"","background-repeat":"repeat","background-position":"center center","background-size":"auto","background-attachment":"scroll","background-type":"","background-media":"","overlay-type":"","overlay-color":"","overlay-opacity":"","overlay-gradient":""},"mobile":{"background-color":"var(--ast-global-color-5)","background-image":"","background-repeat":"repeat","background-position":"center center","background-size":"auto","background-attachment":"scroll","background-type":"","background-media":"","overlay-type":"","overlay-color":"","overlay-opacity":"","overlay-gradient":""}}},"product_brand":[],"product_cat":[22],"product_tag":[32,29],"class_list":{"0":"post-1398","1":"product","2":"type-product","3":"status-publish","4":"has-post-thumbnail","6":"product_cat-konjac-pasta","7":"product_tag-konjac-pasta","8":"product_tag-konjac-spaghetti","9":"desktop-align-left","10":"tablet-align-left","11":"mobile-align-left","12":"ast-product-gallery-layout-horizontal-slider","13":"ast-product-tabs-layout-horizontal","15":"first","16":"instock","17":"shipping-taxable","18":"product-type-simple"},"_links":{"self":[{"href":"https:\/\/sentaiyuanbio.com\/es\/wp-json\/wp\/v2\/product\/1398","targetHints":{"allow":["GET"]}}],"collection":[{"href":"https:\/\/sentaiyuanbio.com\/es\/wp-json\/wp\/v2\/product"}],"about":[{"href":"https:\/\/sentaiyuanbio.com\/es\/wp-json\/wp\/v2\/types\/product"}],"version-history":[{"count":0,"href":"https:\/\/sentaiyuanbio.com\/es\/wp-json\/wp\/v2\/product\/1398\/revisions"}],"wp:featuredmedia":[{"embeddable":true,"href":"https:\/\/sentaiyuanbio.com\/es\/wp-json\/wp\/v2\/media\/3917"}],"wp:attachment":[{"href":"https:\/\/sentaiyuanbio.com\/es\/wp-json\/wp\/v2\/media?parent=1398"}],"wp:term":[{"taxonomy":"product_brand","embeddable":true,"href":"https:\/\/sentaiyuanbio.com\/es\/wp-json\/wp\/v2\/product_brand?post=1398"},{"taxonomy":"product_cat","embeddable":true,"href":"https:\/\/sentaiyuanbio.com\/es\/wp-json\/wp\/v2\/product_cat?post=1398"},{"taxonomy":"product_tag","embeddable":true,"href":"https:\/\/sentaiyuanbio.com\/es\/wp-json\/wp\/v2\/product_tag?post=1398"}],"curies":[{"name":"wp","href":"https:\/\/api.w.org\/{rel}","templated":true}]}}