{"id":1402,"date":"2024-05-07T07:47:42","date_gmt":"2024-05-07T07:47:42","guid":{"rendered":"https:\/\/sentaiyuanbio.com\/?post_type=product&#038;p=1402"},"modified":"2026-03-27T03:11:34","modified_gmt":"2026-03-27T03:11:34","slug":"fettuccine-de-konjac-puro","status":"publish","type":"product","link":"https:\/\/sentaiyuanbio.com\/es\/producto\/fettuccine-de-konjac-puro\/","title":{"rendered":"Los fideos Shirataki Fettuccine favorecen la digesti\u00f3n intestinal"},"content":{"rendered":"<p>Las fibras vegetales naturales de los fideos fettuccine de konjac puro no s\u00f3lo sacian el hambre sino que tambi\u00e9n le ayudan a Perder Peso. As\u00ed que tanto si busca perder peso sin pasar hambre, como si es un <a href=\"https:\/\/www.nhs.uk\/conditions\/diabetes\/\" target=\"_blank\" rel=\"noopener\">Diab\u00e9ticos<\/a> buscando una alternativa a los fideos sin az\u00facar y sin carbohidratos, <a href=\"https:\/\/sentaiyuanbio.com\/es\/konjac\/\" target=\"_blank\" rel=\"noopener\">Konjac<\/a> constituye una alternativa ideal para cualquiera que desee tener un aspecto estupendo y mantenerlo, \u00a1sin culpa!<\/p>\n<h2>Especificaci\u00f3n de los fideos fettuccine Shirataki<\/h2>\n<table>\n<tbody>\n<tr>\n<td>Nombre del producto<\/td>\n<td>Fideos Fettuccine Shirataki<\/td>\n<\/tr>\n<tr>\n<td>Ingrediente principal<\/td>\n<td>Polvo de konjac, agua<\/td>\n<\/tr>\n<tr>\n<td>Sabores<\/td>\n<td>Original, zanahoria, tomate, avena, espinacas, algas, soja, calabaza y m\u00e1s<\/td>\n<\/tr>\n<tr>\n<td>Caracter\u00edstica<\/td>\n<td>Sin olor, bajo en calor\u00edas, bajo en carbohidratos, sin gluten, sin az\u00facar, sin grasa, sin OMG, rico en fibra<\/td>\n<\/tr>\n<tr>\n<td>Funciones<\/td>\n<td>Dieta vegetariana, p\u00e9rdida de peso, aumento de la saciedad<\/td>\n<\/tr>\n<tr>\n<td>Fibra diet\u00e9tica<\/td>\n<td>2,8 g\/100 g<\/td>\n<\/tr>\n<tr>\n<td>Energ\u00eda<\/td>\n<td>6 KCAL<\/td>\n<\/tr>\n<tr>\n<td>Tiempo de cocci\u00f3n<\/td>\n<td>0-2 minutos<\/td>\n<\/tr>\n<tr>\n<td>Duraci\u00f3n<\/td>\n<td>18 meses<\/td>\n<\/tr>\n<\/tbody>\n<\/table>\n<p>Peso: 200 g\/saco o seg\u00fan sus necesidades.<\/p>\n<p>Almacenamiento: Conservar en un lugar fresco y seco. Mantener alejado de la luz intensa y del calor.<\/p>\n<h2>Fideos Fettuccine Shirataki Funciones:<\/h2>\n<p>Desintoxicaci\u00f3n, dieta, defecaci\u00f3n, limpieza estomacal, prevenci\u00f3n de enfermedades, prevenci\u00f3n de diabetes, equilibrio de sal, suplementos de calcio y prevenci\u00f3n del c\u00e1ncer.<\/p>","protected":false},"excerpt":{"rendered":"<p>Las fibras vegetales naturales de los fideos shirataki fettuccine puros no s\u00f3lo sacian su hambre sino que tambi\u00e9n le ayudan a Perder Peso. As\u00ed que si lo que busca es perder peso sin pasar hambre.<\/p>","protected":false},"featured_media":3920,"template":"","meta":{"site-sidebar-layout":"default","site-content-layout":"","ast-site-content-layout":"default","site-content-style":"default","site-sidebar-style":"default","ast-global-header-display":"","ast-banner-title-visibility":"","ast-main-header-display":"","ast-hfb-above-header-display":"","ast-hfb-below-header-display":"","ast-hfb-mobile-header-display":"","site-post-title":"","ast-breadcrumbs-content":"","ast-featured-img":"","footer-sml-layout":"","ast-disable-related-posts":"","theme-transparent-header-meta":"default","adv-header-id-meta":"","stick-header-meta":"default","header-above-stick-meta":"","header-main-stick-meta":"","header-below-stick-meta":"","astra-migrate-meta-layouts":"set","ast-page-background-enabled":"default","ast-page-background-meta":{"desktop":{"background-color":"","background-image":"","background-repeat":"repeat","background-position":"center center","background-size":"auto","background-attachment":"scroll","background-type":"","background-media":"","overlay-type":"","overlay-color":"","overlay-opacity":"","overlay-gradient":""},"tablet":{"background-color":"","background-image":"","background-repeat":"repeat","background-position":"center center","background-size":"auto","background-attachment":"scroll","background-type":"","background-media":"","overlay-type":"","overlay-color":"","overlay-opacity":"","overlay-gradient":""},"mobile":{"background-color":"","background-image":"","background-repeat":"repeat","background-position":"center center","background-size":"auto","background-attachment":"scroll","background-type":"","background-media":"","overlay-type":"","overlay-color":"","overlay-opacity":"","overlay-gradient":""}},"ast-content-background-meta":{"desktop":{"background-color":"var(--ast-global-color-5)","background-image":"","background-repeat":"repeat","background-position":"center center","background-size":"auto","background-attachment":"scroll","background-type":"","background-media":"","overlay-type":"","overlay-color":"","overlay-opacity":"","overlay-gradient":""},"tablet":{"background-color":"var(--ast-global-color-5)","background-image":"","background-repeat":"repeat","background-position":"center center","background-size":"auto","background-attachment":"scroll","background-type":"","background-media":"","overlay-type":"","overlay-color":"","overlay-opacity":"","overlay-gradient":""},"mobile":{"background-color":"var(--ast-global-color-5)","background-image":"","background-repeat":"repeat","background-position":"center center","background-size":"auto","background-attachment":"scroll","background-type":"","background-media":"","overlay-type":"","overlay-color":"","overlay-opacity":"","overlay-gradient":""}}},"product_brand":[],"product_cat":[22],"product_tag":[31],"class_list":{"0":"post-1402","1":"product","2":"type-product","3":"status-publish","4":"has-post-thumbnail","6":"product_cat-konjac-pasta","7":"product_tag-konjac-fettuccine","8":"desktop-align-left","9":"tablet-align-left","10":"mobile-align-left","11":"ast-product-gallery-layout-horizontal-slider","12":"ast-product-tabs-layout-horizontal","14":"first","15":"instock","16":"shipping-taxable","17":"product-type-simple"},"_links":{"self":[{"href":"https:\/\/sentaiyuanbio.com\/es\/wp-json\/wp\/v2\/product\/1402","targetHints":{"allow":["GET"]}}],"collection":[{"href":"https:\/\/sentaiyuanbio.com\/es\/wp-json\/wp\/v2\/product"}],"about":[{"href":"https:\/\/sentaiyuanbio.com\/es\/wp-json\/wp\/v2\/types\/product"}],"version-history":[{"count":2,"href":"https:\/\/sentaiyuanbio.com\/es\/wp-json\/wp\/v2\/product\/1402\/revisions"}],"predecessor-version":[{"id":6023,"href":"https:\/\/sentaiyuanbio.com\/es\/wp-json\/wp\/v2\/product\/1402\/revisions\/6023"}],"wp:featuredmedia":[{"embeddable":true,"href":"https:\/\/sentaiyuanbio.com\/es\/wp-json\/wp\/v2\/media\/3920"}],"wp:attachment":[{"href":"https:\/\/sentaiyuanbio.com\/es\/wp-json\/wp\/v2\/media?parent=1402"}],"wp:term":[{"taxonomy":"product_brand","embeddable":true,"href":"https:\/\/sentaiyuanbio.com\/es\/wp-json\/wp\/v2\/product_brand?post=1402"},{"taxonomy":"product_cat","embeddable":true,"href":"https:\/\/sentaiyuanbio.com\/es\/wp-json\/wp\/v2\/product_cat?post=1402"},{"taxonomy":"product_tag","embeddable":true,"href":"https:\/\/sentaiyuanbio.com\/es\/wp-json\/wp\/v2\/product_tag?post=1402"}],"curies":[{"name":"wp","href":"https:\/\/api.w.org\/{rel}","templated":true}]}}