{"id":1412,"date":"2024-05-07T08:24:56","date_gmt":"2024-05-07T08:24:56","guid":{"rendered":"https:\/\/sentaiyuanbio.com\/?post_type=product&#038;p=1412"},"modified":"2026-01-06T02:31:08","modified_gmt":"2026-01-06T02:31:08","slug":"taza-de-fideos-shirataki-konjac","status":"publish","type":"product","link":"https:\/\/sentaiyuanbio.com\/es\/producto\/taza-de-fideos-shirataki-konjac\/","title":{"rendered":"Taza de fideos Shirataki Konjac ricos en fibra bajos en grasa sin gluten"},"content":{"rendered":"<h2>Taza de fideos Shirataki Konjac Funciones:<\/h2>\n<p>Desintoxicaci\u00f3n, a dieta, defecaci\u00f3n, limpieza de est\u00f3mago, prevenci\u00f3n de enfermedades, disuasi\u00f3n <a href=\"https:\/\/www.who.int\/news-room\/fact-sheets\/detail\/diabetes\" target=\"_blank\" rel=\"noopener\">diabetes<\/a>, equilibrio de sal, suplemento de calcio, prevenci\u00f3n del c\u00e1ncer.<\/p>\n<p>Di\u00e1metro: 1,8-2,5 mm<\/p>\n<p>Longitud: 10-20cm<\/p>\n<p>Peso: 200 g\/saco o seg\u00fan sus necesidades.<\/p>\n<p>Almacenamiento: Conservar en un lugar fresco y seco. Mantener alejado de la luz intensa y del calor.<\/p>\n<p><strong>Informaci\u00f3n nutricional<\/strong><\/p>\n<table class=\"aliDataTable\">\n<tbody>\n<tr align=\"left\">\n<td>Tama\u00f1o de la porci\u00f3n<\/td>\n<td>100g<\/td>\n<\/tr>\n<tr align=\"left\">\n<td>Energ\u00eda<\/td>\n<td>6 kcal<\/td>\n<\/tr>\n<tr align=\"left\">\n<td>Prote\u00edna<\/td>\n<td>&lt;0.5g<\/td>\n<\/tr>\n<tr align=\"left\">\n<td>Grasa total<\/td>\n<td>&lt;0.5g<\/td>\n<\/tr>\n<tr align=\"left\">\n<td>\u00e1cidos grasos saturados<\/td>\n<td>&lt;0.1g<\/td>\n<\/tr>\n<tr align=\"left\">\n<td>\u00c1cidos grasos trans<\/td>\n<td>&lt;0.1g<\/td>\n<\/tr>\n<tr align=\"left\">\n<td>Carbohidratos totales<\/td>\n<td>3.5g<\/td>\n<\/tr>\n<tr align=\"left\">\n<td>Az\u00facar<\/td>\n<td>&lt;0.5g<\/td>\n<\/tr>\n<tr align=\"left\">\n<td>Fibra diet\u00e9tica<\/td>\n<td>3.0g<\/td>\n<\/tr>\n<tr align=\"left\">\n<td>Sodio<\/td>\n<td>&lt;5mg<\/td>\n<\/tr>\n<\/tbody>\n<\/table>\n<p>&nbsp;<\/p>","protected":false},"excerpt":{"rendered":"<p>Taza de fideos konjac shirataki Caracter\u00edstica: pr\u00e1cticamente sin calor\u00edas, alto contenido en fibra, bajo en grasas, sin gluten. Funciones del konjac: Desintoxicaci\u00f3n, en la dieta, defecaci\u00f3n, limpieza de est\u00f3mago, prevenci\u00f3n de enfermedades, disuasi\u00f3n de la diabetes, equilibrio de sal, suplemento de calcio, prevenci\u00f3n del c\u00e1ncer.<\/p>","protected":false},"featured_media":1479,"template":"","meta":{"site-sidebar-layout":"default","site-content-layout":"","ast-site-content-layout":"default","site-content-style":"default","site-sidebar-style":"default","ast-global-header-display":"","ast-banner-title-visibility":"","ast-main-header-display":"","ast-hfb-above-header-display":"","ast-hfb-below-header-display":"","ast-hfb-mobile-header-display":"","site-post-title":"","ast-breadcrumbs-content":"","ast-featured-img":"","footer-sml-layout":"","ast-disable-related-posts":"","theme-transparent-header-meta":"default","adv-header-id-meta":"","stick-header-meta":"default","header-above-stick-meta":"","header-main-stick-meta":"","header-below-stick-meta":"","astra-migrate-meta-layouts":"set","ast-page-background-enabled":"default","ast-page-background-meta":{"desktop":{"background-color":"","background-image":"","background-repeat":"repeat","background-position":"center center","background-size":"auto","background-attachment":"scroll","background-type":"","background-media":"","overlay-type":"","overlay-color":"","overlay-opacity":"","overlay-gradient":""},"tablet":{"background-color":"","background-image":"","background-repeat":"repeat","background-position":"center center","background-size":"auto","background-attachment":"scroll","background-type":"","background-media":"","overlay-type":"","overlay-color":"","overlay-opacity":"","overlay-gradient":""},"mobile":{"background-color":"","background-image":"","background-repeat":"repeat","background-position":"center center","background-size":"auto","background-attachment":"scroll","background-type":"","background-media":"","overlay-type":"","overlay-color":"","overlay-opacity":"","overlay-gradient":""}},"ast-content-background-meta":{"desktop":{"background-color":"var(--ast-global-color-5)","background-image":"","background-repeat":"repeat","background-position":"center center","background-size":"auto","background-attachment":"scroll","background-type":"","background-media":"","overlay-type":"","overlay-color":"","overlay-opacity":"","overlay-gradient":""},"tablet":{"background-color":"var(--ast-global-color-5)","background-image":"","background-repeat":"repeat","background-position":"center center","background-size":"auto","background-attachment":"scroll","background-type":"","background-media":"","overlay-type":"","overlay-color":"","overlay-opacity":"","overlay-gradient":""},"mobile":{"background-color":"var(--ast-global-color-5)","background-image":"","background-repeat":"repeat","background-position":"center center","background-size":"auto","background-attachment":"scroll","background-type":"","background-media":"","overlay-type":"","overlay-color":"","overlay-opacity":"","overlay-gradient":""}}},"product_brand":[],"product_cat":[23],"product_tag":[40,29],"class_list":{"0":"post-1412","1":"product","2":"type-product","3":"status-publish","4":"has-post-thumbnail","6":"product_cat-instant-konjac-noodles","7":"product_tag-konjac-cup-noodles","8":"product_tag-konjac-spaghetti","9":"desktop-align-left","10":"tablet-align-left","11":"mobile-align-left","12":"ast-product-gallery-layout-horizontal-slider","13":"ast-product-tabs-layout-horizontal","15":"first","16":"instock","17":"shipping-taxable","18":"product-type-simple"},"_links":{"self":[{"href":"https:\/\/sentaiyuanbio.com\/es\/wp-json\/wp\/v2\/product\/1412","targetHints":{"allow":["GET"]}}],"collection":[{"href":"https:\/\/sentaiyuanbio.com\/es\/wp-json\/wp\/v2\/product"}],"about":[{"href":"https:\/\/sentaiyuanbio.com\/es\/wp-json\/wp\/v2\/types\/product"}],"version-history":[{"count":0,"href":"https:\/\/sentaiyuanbio.com\/es\/wp-json\/wp\/v2\/product\/1412\/revisions"}],"wp:featuredmedia":[{"embeddable":true,"href":"https:\/\/sentaiyuanbio.com\/es\/wp-json\/wp\/v2\/media\/1479"}],"wp:attachment":[{"href":"https:\/\/sentaiyuanbio.com\/es\/wp-json\/wp\/v2\/media?parent=1412"}],"wp:term":[{"taxonomy":"product_brand","embeddable":true,"href":"https:\/\/sentaiyuanbio.com\/es\/wp-json\/wp\/v2\/product_brand?post=1412"},{"taxonomy":"product_cat","embeddable":true,"href":"https:\/\/sentaiyuanbio.com\/es\/wp-json\/wp\/v2\/product_cat?post=1412"},{"taxonomy":"product_tag","embeddable":true,"href":"https:\/\/sentaiyuanbio.com\/es\/wp-json\/wp\/v2\/product_tag?post=1412"}],"curies":[{"name":"wp","href":"https:\/\/api.w.org\/{rel}","templated":true}]}}