{"id":1423,"date":"2024-05-07T09:00:14","date_gmt":"2024-05-07T09:00:14","guid":{"rendered":"https:\/\/sentaiyuanbio.com\/?post_type=product&#038;p=1423"},"modified":"2025-03-03T05:56:43","modified_gmt":"2025-03-03T05:56:43","slug":"glucomanano-de-raiz-de-konjac","status":"publish","type":"product","link":"https:\/\/sentaiyuanbio.com\/es\/producto\/glucomanano-de-raiz-de-konjac\/","title":{"rendered":"Glucomanano de ra\u00edz de konjac - fibra diet\u00e9tica para adelgazar, sin grasa"},"content":{"rendered":"<h2>Descripci\u00f3n del glucomanano de ra\u00edz de konjac<\/h2>\n<p>El glucomanano de la ra\u00edz de konjac es una fibra diet\u00e9tica hidrosoluble que se deriva de la <a href=\"https:\/\/sentaiyuanbio.com\/es\/konjac\/\" target=\"_blank\" rel=\"noopener\">Konjac<\/a> ra\u00edz (<a href=\"https:\/\/en.wikipedia.org\/wiki\/Amorphophallus\" target=\"_blank\" rel=\"noopener\">Amorphophallus<\/a> Konjac). Puede absorber y retener agua \u00a1hasta 100 veces su peso! Al igual que otras formas de <a href=\"https:\/\/www.betterhealth.vic.gov.au\/health\/healthyliving\/fibre-in-food#:~:text=Dietary%20fibre%20is%20found%20in%20wholegrain%20cereals%20and%20fruit%20and,keep%20the%20digestive%20system%20healthy.\" target=\"_blank\" rel=\"noopener\">fibra alimentaria<\/a>, el glucomanano ayuda a mantener una funci\u00f3n intestinal\/col\u00f3nica normal y a regular el tiempo de tr\u00e1nsito, as\u00ed como a promover la regularidad intestinal y una funci\u00f3n digestiva saludable. Esta acci\u00f3n formadora de volumen tambi\u00e9n tiene un efecto positivo sobre los niveles de az\u00facar en sangre y ayuda a mantener y mejorar el control de la glucemia, por lo que reduce los antojos de az\u00facar, lo que lo hace tambi\u00e9n muy \u00fatil para los diab\u00e9ticos. Al expandirse en el est\u00f3mago, el glucomanano puede ser \u00fatil para las personas que intentan perder peso, ya que ayuda a reducir el apetito al proporcionar una sensaci\u00f3n de saciedad.<\/p>\n<h2>Glucomanano de ra\u00edz de konjac Caracter\u00edsticas:<\/h2>\n<p>-sin gluten<br \/>\n-sin az\u00facar<br \/>\n-bajo en calor\u00edas<br \/>\n-bajo en carbohidratos<br \/>\n-sin grasa<br \/>\n-rica en fibra diet\u00e9tica<\/p>\n<h2>Glucomanano de ra\u00edz de konjac Ventajas:<\/h2>\n<p>1. Ayuda a regular los niveles de az\u00facar en sangre observados en la diabetes de tipo 2Ayuda a regular los niveles de az\u00facar en sangre observados en la diabetes de tipo 2<br \/>\n2. Lleno de fibra diet\u00e9tica, estimula los intestinos y ayuda a excretar las toxinas nocivas del organismo<br \/>\n3. Reduce tu colesterol<br \/>\n4. Excelente para su coraz\u00f3n y cerebro...<\/p>\n<h2>Glucomanano konjac en polvo Aplicaci\u00f3n:<\/h2>\n<p>1. El konjac en la producci\u00f3n alimentaria<br \/>\n2. Konjac en bebidas<br \/>\n3. El konjac en la industria farmac\u00e9utica<br \/>\n4. El konjac en los cosm\u00e9ticos<br \/>\n5. El konjac en la agricultura\/alimentaci\u00f3n animal<br \/>\n6. El konjac en otras industrias<\/p>","protected":false},"excerpt":{"rendered":"<p>El glucomanano de ra\u00edz de konjac es una fibra alimentaria hidrosoluble que se obtiene de la ra\u00edz de konjac (Amorphophallus Konjac). Puede absorber y retener agua \u00a1hasta 100 veces su peso!<\/p>","protected":false},"featured_media":4500,"template":"","meta":{"site-sidebar-layout":"default","site-content-layout":"","ast-site-content-layout":"default","site-content-style":"default","site-sidebar-style":"default","ast-global-header-display":"","ast-banner-title-visibility":"","ast-main-header-display":"","ast-hfb-above-header-display":"","ast-hfb-below-header-display":"","ast-hfb-mobile-header-display":"","site-post-title":"","ast-breadcrumbs-content":"","ast-featured-img":"","footer-sml-layout":"","ast-disable-related-posts":"","theme-transparent-header-meta":"default","adv-header-id-meta":"","stick-header-meta":"default","header-above-stick-meta":"","header-main-stick-meta":"","header-below-stick-meta":"","astra-migrate-meta-layouts":"set","ast-page-background-enabled":"default","ast-page-background-meta":{"desktop":{"background-color":"","background-image":"","background-repeat":"repeat","background-position":"center center","background-size":"auto","background-attachment":"scroll","background-type":"","background-media":"","overlay-type":"","overlay-color":"","overlay-opacity":"","overlay-gradient":""},"tablet":{"background-color":"","background-image":"","background-repeat":"repeat","background-position":"center center","background-size":"auto","background-attachment":"scroll","background-type":"","background-media":"","overlay-type":"","overlay-color":"","overlay-opacity":"","overlay-gradient":""},"mobile":{"background-color":"","background-image":"","background-repeat":"repeat","background-position":"center center","background-size":"auto","background-attachment":"scroll","background-type":"","background-media":"","overlay-type":"","overlay-color":"","overlay-opacity":"","overlay-gradient":""}},"ast-content-background-meta":{"desktop":{"background-color":"var(--ast-global-color-5)","background-image":"","background-repeat":"repeat","background-position":"center center","background-size":"auto","background-attachment":"scroll","background-type":"","background-media":"","overlay-type":"","overlay-color":"","overlay-opacity":"","overlay-gradient":""},"tablet":{"background-color":"var(--ast-global-color-5)","background-image":"","background-repeat":"repeat","background-position":"center center","background-size":"auto","background-attachment":"scroll","background-type":"","background-media":"","overlay-type":"","overlay-color":"","overlay-opacity":"","overlay-gradient":""},"mobile":{"background-color":"var(--ast-global-color-5)","background-image":"","background-repeat":"repeat","background-position":"center center","background-size":"auto","background-attachment":"scroll","background-type":"","background-media":"","overlay-type":"","overlay-color":"","overlay-opacity":"","overlay-gradient":""}}},"product_brand":[],"product_cat":[24],"product_tag":[43,41],"class_list":{"0":"post-1423","1":"product","2":"type-product","3":"status-publish","4":"has-post-thumbnail","6":"product_cat-konjac-dietary-fiber","7":"product_tag-konjac-flour","8":"product_tag-konjac-glucomannan","9":"desktop-align-left","10":"tablet-align-left","11":"mobile-align-left","12":"ast-product-gallery-layout-horizontal-slider","13":"ast-product-tabs-layout-horizontal","15":"first","16":"instock","17":"shipping-taxable","18":"product-type-simple"},"_links":{"self":[{"href":"https:\/\/sentaiyuanbio.com\/es\/wp-json\/wp\/v2\/product\/1423","targetHints":{"allow":["GET"]}}],"collection":[{"href":"https:\/\/sentaiyuanbio.com\/es\/wp-json\/wp\/v2\/product"}],"about":[{"href":"https:\/\/sentaiyuanbio.com\/es\/wp-json\/wp\/v2\/types\/product"}],"version-history":[{"count":0,"href":"https:\/\/sentaiyuanbio.com\/es\/wp-json\/wp\/v2\/product\/1423\/revisions"}],"wp:featuredmedia":[{"embeddable":true,"href":"https:\/\/sentaiyuanbio.com\/es\/wp-json\/wp\/v2\/media\/4500"}],"wp:attachment":[{"href":"https:\/\/sentaiyuanbio.com\/es\/wp-json\/wp\/v2\/media?parent=1423"}],"wp:term":[{"taxonomy":"product_brand","embeddable":true,"href":"https:\/\/sentaiyuanbio.com\/es\/wp-json\/wp\/v2\/product_brand?post=1423"},{"taxonomy":"product_cat","embeddable":true,"href":"https:\/\/sentaiyuanbio.com\/es\/wp-json\/wp\/v2\/product_cat?post=1423"},{"taxonomy":"product_tag","embeddable":true,"href":"https:\/\/sentaiyuanbio.com\/es\/wp-json\/wp\/v2\/product_tag?post=1423"}],"curies":[{"name":"wp","href":"https:\/\/api.w.org\/{rel}","templated":true}]}}