{"id":1430,"date":"2024-05-07T09:26:37","date_gmt":"2024-05-07T09:26:37","guid":{"rendered":"https:\/\/sentaiyuanbio.com\/?post_type=product&#038;p=1430"},"modified":"2025-03-03T06:04:38","modified_gmt":"2025-03-03T06:04:38","slug":"glucomanano-konjac-sin-gluten","status":"publish","type":"product","link":"https:\/\/sentaiyuanbio.com\/es\/producto\/glucomanano-konjac-sin-gluten\/","title":{"rendered":"Fibra diet\u00e9tica de glucomanano de konjac sin gluten y baja en grasas"},"content":{"rendered":"<h3>Glucomanano de konjac sin gluten Descripci\u00f3n<\/h3>\n<p>El glucomanano es una fibra alimentaria hidrosoluble que se obtiene de la ra\u00edz de konjac (Amorphophallus Konjac). De hecho, \u00a1puede absorber y retener agua hasta 100 veces su propio peso! Al igual que otras formas de fibra alimentaria, el glucomanano ayuda a mantener una funci\u00f3n intestinal\/col\u00f3nica normal y a regular el tiempo de tr\u00e1nsito, adem\u00e1s de favorecer la regularidad intestinal y una funci\u00f3n digestiva saludable. Esta acci\u00f3n formadora de volumen tambi\u00e9n tiene un efecto positivo sobre los niveles de az\u00facar en sangre y ayuda a mantener y mejorar el control de la glucemia, por lo que reduce los antojos de az\u00facar, lo que lo hace tambi\u00e9n muy \u00fatil para los diab\u00e9ticos. Al expandirse en el est\u00f3mago, el glucomanano puede ser \u00fatil para las personas que intentan perder peso, ya que ayuda a reducir el apetito al proporcionar una sensaci\u00f3n de saciedad.<\/p>\n<p><strong>Glucomanano konjac sin gluten Caracter\u00edsticas:<\/strong><br \/>\n-sin gluten<br \/>\n-sin az\u00facar<br \/>\n-bajo en calor\u00edas<br \/>\n-bajo en carbohidratos<br \/>\n-sin grasa<br \/>\n-rica en fibra diet\u00e9tica<\/p>\n<p><strong>Ventajas del konjac:<\/strong><br \/>\n1. Ayuda a regular los niveles de az\u00facar en sangre observados en la diabetes de tipo 2Ayuda a regular los niveles de az\u00facar en sangre observados en la diabetes de tipo 2<br \/>\n2. Lleno de fibra diet\u00e9tica, estimula los intestinos y ayuda a excretar las toxinas nocivas del organismo<br \/>\n3. Reduce tu colesterol<br \/>\n4. Excelente para su coraz\u00f3n y cerebro...<\/p>\n<p><strong>Glucomanano konjac en polvo Aplicaci\u00f3n:<\/strong><\/p>\n<p>1. El konjac en la producci\u00f3n alimentaria<\/p>\n<p>2. Konjac en bebidas<\/p>\n<p>3. El konjac en la industria farmac\u00e9utica<\/p>\n<p>4. El konjac en los cosm\u00e9ticos<\/p>\n<p>5. El konjac en la agricultura\/alimentaci\u00f3n animal<\/p>\n<p>6. El konjac en otras industrias<\/p>","protected":false},"excerpt":{"rendered":"<p>Glucomanano de konjac sin gluten Ventajas.1. Ayuda a regular los niveles de az\u00facar en sangre observados en la diabetes de tipo 2Ayuda a regular los niveles de az\u00facar en sangre observados en la diabetes de tipo 2. 2. Lleno de fibra diet\u00e9tica, estimula los intestinos y ayuda a excretar las toxinas nocivas del organismo.<\/p>","protected":false},"featured_media":4509,"template":"","meta":{"site-sidebar-layout":"default","site-content-layout":"","ast-site-content-layout":"default","site-content-style":"default","site-sidebar-style":"default","ast-global-header-display":"","ast-banner-title-visibility":"","ast-main-header-display":"","ast-hfb-above-header-display":"","ast-hfb-below-header-display":"","ast-hfb-mobile-header-display":"","site-post-title":"","ast-breadcrumbs-content":"","ast-featured-img":"","footer-sml-layout":"","ast-disable-related-posts":"","theme-transparent-header-meta":"default","adv-header-id-meta":"","stick-header-meta":"default","header-above-stick-meta":"","header-main-stick-meta":"","header-below-stick-meta":"","astra-migrate-meta-layouts":"set","ast-page-background-enabled":"default","ast-page-background-meta":{"desktop":{"background-color":"","background-image":"","background-repeat":"repeat","background-position":"center center","background-size":"auto","background-attachment":"scroll","background-type":"","background-media":"","overlay-type":"","overlay-color":"","overlay-opacity":"","overlay-gradient":""},"tablet":{"background-color":"","background-image":"","background-repeat":"repeat","background-position":"center center","background-size":"auto","background-attachment":"scroll","background-type":"","background-media":"","overlay-type":"","overlay-color":"","overlay-opacity":"","overlay-gradient":""},"mobile":{"background-color":"","background-image":"","background-repeat":"repeat","background-position":"center center","background-size":"auto","background-attachment":"scroll","background-type":"","background-media":"","overlay-type":"","overlay-color":"","overlay-opacity":"","overlay-gradient":""}},"ast-content-background-meta":{"desktop":{"background-color":"var(--ast-global-color-5)","background-image":"","background-repeat":"repeat","background-position":"center center","background-size":"auto","background-attachment":"scroll","background-type":"","background-media":"","overlay-type":"","overlay-color":"","overlay-opacity":"","overlay-gradient":""},"tablet":{"background-color":"var(--ast-global-color-5)","background-image":"","background-repeat":"repeat","background-position":"center center","background-size":"auto","background-attachment":"scroll","background-type":"","background-media":"","overlay-type":"","overlay-color":"","overlay-opacity":"","overlay-gradient":""},"mobile":{"background-color":"var(--ast-global-color-5)","background-image":"","background-repeat":"repeat","background-position":"center center","background-size":"auto","background-attachment":"scroll","background-type":"","background-media":"","overlay-type":"","overlay-color":"","overlay-opacity":"","overlay-gradient":""}}},"product_brand":[],"product_cat":[24],"product_tag":[41],"class_list":{"0":"post-1430","1":"product","2":"type-product","3":"status-publish","4":"has-post-thumbnail","6":"product_cat-konjac-dietary-fiber","7":"product_tag-konjac-glucomannan","8":"desktop-align-left","9":"tablet-align-left","10":"mobile-align-left","11":"ast-product-gallery-layout-horizontal-slider","12":"ast-product-tabs-layout-horizontal","14":"first","15":"instock","16":"shipping-taxable","17":"product-type-simple"},"_links":{"self":[{"href":"https:\/\/sentaiyuanbio.com\/es\/wp-json\/wp\/v2\/product\/1430","targetHints":{"allow":["GET"]}}],"collection":[{"href":"https:\/\/sentaiyuanbio.com\/es\/wp-json\/wp\/v2\/product"}],"about":[{"href":"https:\/\/sentaiyuanbio.com\/es\/wp-json\/wp\/v2\/types\/product"}],"version-history":[{"count":0,"href":"https:\/\/sentaiyuanbio.com\/es\/wp-json\/wp\/v2\/product\/1430\/revisions"}],"wp:featuredmedia":[{"embeddable":true,"href":"https:\/\/sentaiyuanbio.com\/es\/wp-json\/wp\/v2\/media\/4509"}],"wp:attachment":[{"href":"https:\/\/sentaiyuanbio.com\/es\/wp-json\/wp\/v2\/media?parent=1430"}],"wp:term":[{"taxonomy":"product_brand","embeddable":true,"href":"https:\/\/sentaiyuanbio.com\/es\/wp-json\/wp\/v2\/product_brand?post=1430"},{"taxonomy":"product_cat","embeddable":true,"href":"https:\/\/sentaiyuanbio.com\/es\/wp-json\/wp\/v2\/product_cat?post=1430"},{"taxonomy":"product_tag","embeddable":true,"href":"https:\/\/sentaiyuanbio.com\/es\/wp-json\/wp\/v2\/product_tag?post=1430"}],"curies":[{"name":"wp","href":"https:\/\/api.w.org\/{rel}","templated":true}]}}