{"id":1433,"date":"2024-05-07T09:35:30","date_gmt":"2024-05-07T09:35:30","guid":{"rendered":"https:\/\/sentaiyuanbio.com\/?post_type=product&#038;p=1433"},"modified":"2025-03-03T06:01:58","modified_gmt":"2025-03-03T06:01:58","slug":"glucomanano-de-konjac-sabor-mango","status":"publish","type":"product","link":"https:\/\/sentaiyuanbio.com\/es\/producto\/glucomanano-de-konjac-sabor-mango\/","title":{"rendered":"Sabor a mango glucomanano de konjac fibra diet\u00e9tica sin az\u00facar"},"content":{"rendered":"<h2>Sabor a mango Descripci\u00f3n de la fibra diet\u00e9tica glucomanano de konjac<\/h2>\n<p class=\"translation-block\">La fibra diet\u00e9tica de glucomanano de konjac se deriva de la ra\u00edz de la planta de konjac y es un excelente sustituto del arroz.<\/p>\n<p><strong>He aqu\u00ed algunas de sus caracter\u00edsticas:<\/strong><\/p>\n<p><strong>Bajo en calor\u00edas<\/strong>: Es extremadamente bajo en calor\u00edas, lo que lo convierte en una opci\u00f3n adecuada para las personas que buscan reducir su ingesta cal\u00f3rica. Normalmente s\u00f3lo contiene entre 5 y 10 calor\u00edas por raci\u00f3n.<\/p>\n<p><strong>Bajo en carbohidratos<\/strong>: Es muy bajo en carbohidratos, lo que lo convierte en una excelente alternativa al arroz tradicional para quienes siguen dietas bajas en carbohidratos. Contiene s\u00f3lo una fracci\u00f3n de los carbohidratos que se encuentran en el arroz normal.<\/p>\n<p class=\"translation-block\"><strong>Alto en fibra<\/strong>: Es rico en fibra diet\u00e9tica, especialmente en fibra soluble conocida como glucomanano. Esta fibra es beneficiosa para la digesti\u00f3n, ayuda a promover la sensaci\u00f3n de saciedad y puede ayudar a controlar el peso.<\/p>\n<p><strong>Sin gluten<\/strong>: No contiene gluten por naturaleza, por lo que es una opci\u00f3n adecuada para las personas con sensibilidad al gluten o que siguen una dieta sin gluten.<\/p>\n<p><strong>Textura gelatinosa<\/strong>: Tiene una textura gelatinosa \u00fanica que difiere del arroz tradicional. Es ligeramente masticable y tiene una textura firme, que algunas personas pueden encontrar diferente del arroz normal.<\/p>\n<p><strong>Pr\u00e1cticamente ins\u00edpido<\/strong>: No tiene un sabor distintivo propio. Tiende a absorber los sabores de las salsas, especias o ingredientes con los que se cocina, lo que lo hace vers\u00e1til y adaptable a diversas recetas.<\/p>\n<p><strong>R\u00e1pido y f\u00e1cil de preparar<\/strong>: Suele venderse preenvasado y listo para usar. Requiere una preparaci\u00f3n y un tiempo de cocci\u00f3n m\u00ednimos en comparaci\u00f3n con el arroz tradicional.<\/p>\n<p><strong>Favorece la saciedad<\/strong>: Debido a su alto contenido en fibra, puede favorecer la sensaci\u00f3n de plenitud y saciedad, ayudando a controlar el apetito y a controlar el tama\u00f1o de las porciones.<\/p>\n<p><strong>Adecuado para diversas restricciones diet\u00e9ticas<\/strong>: Es adecuado para una amplia gama de restricciones diet\u00e9ticas, incluidas las dietas bajas en carbohidratos, cetog\u00e9nicas, sin gluten, veganas y vegetarianas.<\/p>\n<p><strong>Puede ayudar a controlar el peso<\/strong>: Su bajo contenido en calor\u00edas y su alto contenido en fibra lo convierten en una opci\u00f3n popular para las personas que desean perder peso o mantener un peso saludable.<\/p>\n<p class=\"translation-block\">Es importante tener en cuenta que el <a href=\"https:\/\/sentaiyuanbio.com\/es\/categoria-producto\/shirataki-arroz-seco\/\" target=\"_blank\" rel=\"noopener\">arroz konjac<\/a> tiene una textura y una textura en boca diferentes a las del arroz tradicional. A algunas personas les puede llevar tiempo acostumbrarse a su textura y sabor \u00fanicos. Se recomienda experimentar con diferentes recetas y m\u00e9todos de cocci\u00f3n para encontrar la mejor manera de incorporarlo a sus comidas.<\/p>","protected":false},"excerpt":{"rendered":"<p>Aplicaci\u00f3n del glucomanano konjac en polvo con sabor a mango: 1. Konjac en la producci\u00f3n de alimentos. 2. Konjac en Bebidas. 3. Konjac en Farmac\u00e9utica. 4. Konjac en Cosm\u00e9tica. 5. El konjac en la agricultura\/alimentaci\u00f3n animal. 6. El konjac en otras industrias.<\/p>\n<div id=\"gtx-trans\" style=\"position: absolute; left: 406px; top: 74.7031px;\">\n<div class=\"gtx-trans-icon\"><\/div>\n<\/div>","protected":false},"featured_media":4507,"template":"","meta":{"site-sidebar-layout":"default","site-content-layout":"","ast-site-content-layout":"default","site-content-style":"default","site-sidebar-style":"default","ast-global-header-display":"","ast-banner-title-visibility":"","ast-main-header-display":"","ast-hfb-above-header-display":"","ast-hfb-below-header-display":"","ast-hfb-mobile-header-display":"","site-post-title":"","ast-breadcrumbs-content":"","ast-featured-img":"","footer-sml-layout":"","ast-disable-related-posts":"","theme-transparent-header-meta":"default","adv-header-id-meta":"","stick-header-meta":"default","header-above-stick-meta":"","header-main-stick-meta":"","header-below-stick-meta":"","astra-migrate-meta-layouts":"set","ast-page-background-enabled":"default","ast-page-background-meta":{"desktop":{"background-color":"","background-image":"","background-repeat":"repeat","background-position":"center center","background-size":"auto","background-attachment":"scroll","background-type":"","background-media":"","overlay-type":"","overlay-color":"","overlay-opacity":"","overlay-gradient":""},"tablet":{"background-color":"","background-image":"","background-repeat":"repeat","background-position":"center center","background-size":"auto","background-attachment":"scroll","background-type":"","background-media":"","overlay-type":"","overlay-color":"","overlay-opacity":"","overlay-gradient":""},"mobile":{"background-color":"","background-image":"","background-repeat":"repeat","background-position":"center center","background-size":"auto","background-attachment":"scroll","background-type":"","background-media":"","overlay-type":"","overlay-color":"","overlay-opacity":"","overlay-gradient":""}},"ast-content-background-meta":{"desktop":{"background-color":"var(--ast-global-color-5)","background-image":"","background-repeat":"repeat","background-position":"center center","background-size":"auto","background-attachment":"scroll","background-type":"","background-media":"","overlay-type":"","overlay-color":"","overlay-opacity":"","overlay-gradient":""},"tablet":{"background-color":"var(--ast-global-color-5)","background-image":"","background-repeat":"repeat","background-position":"center center","background-size":"auto","background-attachment":"scroll","background-type":"","background-media":"","overlay-type":"","overlay-color":"","overlay-opacity":"","overlay-gradient":""},"mobile":{"background-color":"var(--ast-global-color-5)","background-image":"","background-repeat":"repeat","background-position":"center center","background-size":"auto","background-attachment":"scroll","background-type":"","background-media":"","overlay-type":"","overlay-color":"","overlay-opacity":"","overlay-gradient":""}}},"product_brand":[],"product_cat":[24],"product_tag":[41],"class_list":{"0":"post-1433","1":"product","2":"type-product","3":"status-publish","4":"has-post-thumbnail","6":"product_cat-konjac-dietary-fiber","7":"product_tag-konjac-glucomannan","8":"desktop-align-left","9":"tablet-align-left","10":"mobile-align-left","11":"ast-product-gallery-layout-horizontal-slider","12":"ast-product-tabs-layout-horizontal","14":"first","15":"instock","16":"shipping-taxable","17":"product-type-simple"},"_links":{"self":[{"href":"https:\/\/sentaiyuanbio.com\/es\/wp-json\/wp\/v2\/product\/1433","targetHints":{"allow":["GET"]}}],"collection":[{"href":"https:\/\/sentaiyuanbio.com\/es\/wp-json\/wp\/v2\/product"}],"about":[{"href":"https:\/\/sentaiyuanbio.com\/es\/wp-json\/wp\/v2\/types\/product"}],"version-history":[{"count":0,"href":"https:\/\/sentaiyuanbio.com\/es\/wp-json\/wp\/v2\/product\/1433\/revisions"}],"wp:featuredmedia":[{"embeddable":true,"href":"https:\/\/sentaiyuanbio.com\/es\/wp-json\/wp\/v2\/media\/4507"}],"wp:attachment":[{"href":"https:\/\/sentaiyuanbio.com\/es\/wp-json\/wp\/v2\/media?parent=1433"}],"wp:term":[{"taxonomy":"product_brand","embeddable":true,"href":"https:\/\/sentaiyuanbio.com\/es\/wp-json\/wp\/v2\/product_brand?post=1433"},{"taxonomy":"product_cat","embeddable":true,"href":"https:\/\/sentaiyuanbio.com\/es\/wp-json\/wp\/v2\/product_cat?post=1433"},{"taxonomy":"product_tag","embeddable":true,"href":"https:\/\/sentaiyuanbio.com\/es\/wp-json\/wp\/v2\/product_tag?post=1433"}],"curies":[{"name":"wp","href":"https:\/\/api.w.org\/{rel}","templated":true}]}}