{"id":1501,"date":"2024-05-08T06:43:31","date_gmt":"2024-05-08T06:43:31","guid":{"rendered":"https:\/\/sentaiyuanbio.com\/?post_type=product&#038;p=1501"},"modified":"2025-06-17T05:36:59","modified_gmt":"2025-06-17T05:36:59","slug":"fibra-dietetica-konjac-baja-en-grasas","status":"publish","type":"product","link":"https:\/\/sentaiyuanbio.com\/es\/producto\/fibra-dietetica-konjac-baja-en-grasas\/","title":{"rendered":"Deliciosa fibra diet\u00e9tica Konjac baja en grasa, baja en calor\u00edas, sin grasa"},"content":{"rendered":"<h3>Descripci\u00f3n de la fibra diet\u00e9tica konjac<\/h3>\n<p>La fibra diet\u00e9tica konjac es una fibra diet\u00e9tica hidrosoluble que se obtiene de la ra\u00edz de konjac (<a href=\"https:\/\/sentaiyuanbio.com\/es\/konjac\/\" target=\"_blank\" rel=\"noopener\">Amorphophallus<\/a> Konjac). Puede absorber y retener agua \u00a1hasta 100 veces su peso! Al igual que otras formas de fibra alimentaria, el glucomanano ayuda a mantener una funci\u00f3n intestinal\/col\u00f3nica normal y a regular el tiempo de tr\u00e1nsito, as\u00ed como a promover la regularidad intestinal y una funci\u00f3n digestiva saludable. Esta acci\u00f3n formadora de volumen tambi\u00e9n tiene un efecto positivo sobre los niveles de az\u00facar en sangre y ayuda a mantener y mejorar el control de la glucemia, por lo que reduce los antojos de az\u00facar, lo que lo hace tambi\u00e9n muy \u00fatil para los diab\u00e9ticos. Al expandirse en el est\u00f3mago, el glucomanano puede ser \u00fatil para las personas que intentan perder peso, ya que ayuda a reducir el apetito al proporcionar una sensaci\u00f3n de saciedad.<\/p>\n<p><strong>Fibra diet\u00e9tica konjac Caracter\u00edsticas:<\/strong><br \/>\n-sin gluten<br \/>\n-sin az\u00facar<br \/>\n-bajo en calor\u00edas<br \/>\n-bajo en carbohidratos<br \/>\n-sin grasa<br \/>\n-rica en fibra diet\u00e9tica<\/p>\n<p><strong>Ventajas:<\/strong><br \/>\n1. Ayuda a regular los niveles de az\u00facar en sangre observados en <a href=\"https:\/\/www.mayoclinic.org\/diseases-conditions\/type-2-diabetes\/symptoms-causes\/syc-20351193\" target=\"_blank\" rel=\"noopener\">Diabetes tipo 2<\/a> ayuda a regular los niveles de az\u00facar en sangre observados en la diabetes de tipo 2<br \/>\n2. Lleno de fibra diet\u00e9tica, estimula los intestinos y ayuda a excretar las toxinas nocivas del organismo.<br \/>\n3. Reduce tu colesterol<br \/>\n4. Excelente para su coraz\u00f3n y cerebro...<\/p>\n<p><strong>Aplicaci\u00f3n:<\/strong><\/p>\n<p>1. El konjac en la producci\u00f3n alimentaria<\/p>\n<p>2. Konjac en bebidas<\/p>\n<p>3. El konjac en la industria farmac\u00e9utica<\/p>\n<p>4. El konjac en los cosm\u00e9ticos<\/p>\n<p>5. El konjac en la agricultura\/alimentaci\u00f3n animal<\/p>\n<p>6. El konjac en otras industrias<\/p>\n<p><img fetchpriority=\"high\" decoding=\"async\" class=\"alignnone wp-image-5159 size-full\" title=\"Fibra diet\u00e9tica konjac baja en grasas\" src=\"https:\/\/sentaiyuanbio.com\/wp-content\/uploads\/2024\/05\/Konjac-dietary-fiber-low-fat-4.webp\" alt=\"Fibra diet\u00e9tica konjac baja en grasas\" width=\"800\" height=\"800\" srcset=\"https:\/\/sentaiyuanbio.com\/wp-content\/uploads\/2024\/05\/Konjac-dietary-fiber-low-fat-4.webp 800w, https:\/\/sentaiyuanbio.com\/wp-content\/uploads\/2024\/05\/Konjac-dietary-fiber-low-fat-4-600x600.webp 600w, https:\/\/sentaiyuanbio.com\/wp-content\/uploads\/2024\/05\/Konjac-dietary-fiber-low-fat-4-100x100.webp 100w, https:\/\/sentaiyuanbio.com\/wp-content\/uploads\/2024\/05\/Konjac-dietary-fiber-low-fat-4-300x300.webp 300w, https:\/\/sentaiyuanbio.com\/wp-content\/uploads\/2024\/05\/Konjac-dietary-fiber-low-fat-4-150x150.webp 150w, https:\/\/sentaiyuanbio.com\/wp-content\/uploads\/2024\/05\/Konjac-dietary-fiber-low-fat-4-768x768.webp 768w\" sizes=\"(max-width: 800px) 100vw, 800px\" \/> <img decoding=\"async\" class=\"alignnone wp-image-5158 size-full\" title=\"Fibra diet\u00e9tica konjac baja en grasas\" src=\"https:\/\/sentaiyuanbio.com\/wp-content\/uploads\/2024\/05\/Konjac-dietary-fiber-low-fat-3.webp\" alt=\"Fibra diet\u00e9tica konjac baja en grasas\" width=\"800\" height=\"800\" srcset=\"https:\/\/sentaiyuanbio.com\/wp-content\/uploads\/2024\/05\/Konjac-dietary-fiber-low-fat-3.webp 800w, https:\/\/sentaiyuanbio.com\/wp-content\/uploads\/2024\/05\/Konjac-dietary-fiber-low-fat-3-600x600.webp 600w, https:\/\/sentaiyuanbio.com\/wp-content\/uploads\/2024\/05\/Konjac-dietary-fiber-low-fat-3-100x100.webp 100w, https:\/\/sentaiyuanbio.com\/wp-content\/uploads\/2024\/05\/Konjac-dietary-fiber-low-fat-3-300x300.webp 300w, https:\/\/sentaiyuanbio.com\/wp-content\/uploads\/2024\/05\/Konjac-dietary-fiber-low-fat-3-150x150.webp 150w, https:\/\/sentaiyuanbio.com\/wp-content\/uploads\/2024\/05\/Konjac-dietary-fiber-low-fat-3-768x768.webp 768w\" sizes=\"(max-width: 800px) 100vw, 800px\" \/> <img decoding=\"async\" class=\"alignnone wp-image-5157 size-full\" title=\"Fibra diet\u00e9tica konjac baja en grasas\" src=\"https:\/\/sentaiyuanbio.com\/wp-content\/uploads\/2024\/05\/Konjac-dietary-fiber-low-fat-2.webp\" alt=\"Fibra diet\u00e9tica konjac baja en grasas\" width=\"800\" height=\"800\" srcset=\"https:\/\/sentaiyuanbio.com\/wp-content\/uploads\/2024\/05\/Konjac-dietary-fiber-low-fat-2.webp 800w, https:\/\/sentaiyuanbio.com\/wp-content\/uploads\/2024\/05\/Konjac-dietary-fiber-low-fat-2-600x600.webp 600w, https:\/\/sentaiyuanbio.com\/wp-content\/uploads\/2024\/05\/Konjac-dietary-fiber-low-fat-2-100x100.webp 100w, https:\/\/sentaiyuanbio.com\/wp-content\/uploads\/2024\/05\/Konjac-dietary-fiber-low-fat-2-300x300.webp 300w, https:\/\/sentaiyuanbio.com\/wp-content\/uploads\/2024\/05\/Konjac-dietary-fiber-low-fat-2-150x150.webp 150w, https:\/\/sentaiyuanbio.com\/wp-content\/uploads\/2024\/05\/Konjac-dietary-fiber-low-fat-2-768x768.webp 768w\" sizes=\"(max-width: 800px) 100vw, 800px\" \/> <img loading=\"lazy\" decoding=\"async\" class=\"alignnone wp-image-5156 size-full\" title=\"Fibra diet\u00e9tica konjac baja en grasas\" src=\"https:\/\/sentaiyuanbio.com\/wp-content\/uploads\/2024\/05\/Konjac-dietary-fiber-low-fat-1.webp\" alt=\"Fibra diet\u00e9tica konjac baja en grasas\" width=\"800\" height=\"800\" srcset=\"https:\/\/sentaiyuanbio.com\/wp-content\/uploads\/2024\/05\/Konjac-dietary-fiber-low-fat-1.webp 800w, https:\/\/sentaiyuanbio.com\/wp-content\/uploads\/2024\/05\/Konjac-dietary-fiber-low-fat-1-600x600.webp 600w, https:\/\/sentaiyuanbio.com\/wp-content\/uploads\/2024\/05\/Konjac-dietary-fiber-low-fat-1-100x100.webp 100w, https:\/\/sentaiyuanbio.com\/wp-content\/uploads\/2024\/05\/Konjac-dietary-fiber-low-fat-1-300x300.webp 300w, https:\/\/sentaiyuanbio.com\/wp-content\/uploads\/2024\/05\/Konjac-dietary-fiber-low-fat-1-150x150.webp 150w, https:\/\/sentaiyuanbio.com\/wp-content\/uploads\/2024\/05\/Konjac-dietary-fiber-low-fat-1-768x768.webp 768w\" sizes=\"(max-width: 800px) 100vw, 800px\" \/><\/p>","protected":false},"excerpt":{"rendered":"<p>Fibra diet\u00e9tica de konjac Caracter\u00edsticas: sin gluten, sin az\u00facar, baja en calor\u00edas, baja en carbohidratos, sin grasa y rica en fibra diet\u00e9tica.  Ventajas: Ayuda a regular los niveles de az\u00facar en sangre observados en la diabetes de tipo 2Ayuda a regular los niveles de az\u00facar en sangre observados en la diabetes de tipo 2.<\/p>\n<div id=\"gtx-trans\" style=\"position: absolute; left: 469px; top: -3px;\">\n<div class=\"gtx-trans-icon\"><\/div>\n<\/div>","protected":false},"featured_media":4504,"template":"","meta":{"site-sidebar-layout":"default","site-content-layout":"","ast-site-content-layout":"default","site-content-style":"default","site-sidebar-style":"default","ast-global-header-display":"","ast-banner-title-visibility":"","ast-main-header-display":"","ast-hfb-above-header-display":"","ast-hfb-below-header-display":"","ast-hfb-mobile-header-display":"","site-post-title":"","ast-breadcrumbs-content":"","ast-featured-img":"","footer-sml-layout":"","ast-disable-related-posts":"","theme-transparent-header-meta":"default","adv-header-id-meta":"","stick-header-meta":"default","header-above-stick-meta":"","header-main-stick-meta":"","header-below-stick-meta":"","astra-migrate-meta-layouts":"set","ast-page-background-enabled":"default","ast-page-background-meta":{"desktop":{"background-color":"","background-image":"","background-repeat":"repeat","background-position":"center center","background-size":"auto","background-attachment":"scroll","background-type":"","background-media":"","overlay-type":"","overlay-color":"","overlay-opacity":"","overlay-gradient":""},"tablet":{"background-color":"","background-image":"","background-repeat":"repeat","background-position":"center center","background-size":"auto","background-attachment":"scroll","background-type":"","background-media":"","overlay-type":"","overlay-color":"","overlay-opacity":"","overlay-gradient":""},"mobile":{"background-color":"","background-image":"","background-repeat":"repeat","background-position":"center center","background-size":"auto","background-attachment":"scroll","background-type":"","background-media":"","overlay-type":"","overlay-color":"","overlay-opacity":"","overlay-gradient":""}},"ast-content-background-meta":{"desktop":{"background-color":"var(--ast-global-color-5)","background-image":"","background-repeat":"repeat","background-position":"center center","background-size":"auto","background-attachment":"scroll","background-type":"","background-media":"","overlay-type":"","overlay-color":"","overlay-opacity":"","overlay-gradient":""},"tablet":{"background-color":"var(--ast-global-color-5)","background-image":"","background-repeat":"repeat","background-position":"center center","background-size":"auto","background-attachment":"scroll","background-type":"","background-media":"","overlay-type":"","overlay-color":"","overlay-opacity":"","overlay-gradient":""},"mobile":{"background-color":"var(--ast-global-color-5)","background-image":"","background-repeat":"repeat","background-position":"center center","background-size":"auto","background-attachment":"scroll","background-type":"","background-media":"","overlay-type":"","overlay-color":"","overlay-opacity":"","overlay-gradient":""}}},"product_brand":[],"product_cat":[24],"product_tag":[43,41],"class_list":{"0":"post-1501","1":"product","2":"type-product","3":"status-publish","4":"has-post-thumbnail","6":"product_cat-konjac-dietary-fiber","7":"product_tag-konjac-flour","8":"product_tag-konjac-glucomannan","9":"desktop-align-left","10":"tablet-align-left","11":"mobile-align-left","12":"ast-product-gallery-layout-horizontal-slider","13":"ast-product-tabs-layout-horizontal","15":"first","16":"instock","17":"shipping-taxable","18":"product-type-simple"},"_links":{"self":[{"href":"https:\/\/sentaiyuanbio.com\/es\/wp-json\/wp\/v2\/product\/1501","targetHints":{"allow":["GET"]}}],"collection":[{"href":"https:\/\/sentaiyuanbio.com\/es\/wp-json\/wp\/v2\/product"}],"about":[{"href":"https:\/\/sentaiyuanbio.com\/es\/wp-json\/wp\/v2\/types\/product"}],"version-history":[{"count":0,"href":"https:\/\/sentaiyuanbio.com\/es\/wp-json\/wp\/v2\/product\/1501\/revisions"}],"wp:featuredmedia":[{"embeddable":true,"href":"https:\/\/sentaiyuanbio.com\/es\/wp-json\/wp\/v2\/media\/4504"}],"wp:attachment":[{"href":"https:\/\/sentaiyuanbio.com\/es\/wp-json\/wp\/v2\/media?parent=1501"}],"wp:term":[{"taxonomy":"product_brand","embeddable":true,"href":"https:\/\/sentaiyuanbio.com\/es\/wp-json\/wp\/v2\/product_brand?post=1501"},{"taxonomy":"product_cat","embeddable":true,"href":"https:\/\/sentaiyuanbio.com\/es\/wp-json\/wp\/v2\/product_cat?post=1501"},{"taxonomy":"product_tag","embeddable":true,"href":"https:\/\/sentaiyuanbio.com\/es\/wp-json\/wp\/v2\/product_tag?post=1501"}],"curies":[{"name":"wp","href":"https:\/\/api.w.org\/{rel}","templated":true}]}}