{"id":1504,"date":"2024-05-08T06:56:50","date_gmt":"2024-05-08T06:56:50","guid":{"rendered":"https:\/\/sentaiyuanbio.com\/?post_type=product&#038;p=1504"},"modified":"2025-07-22T03:05:30","modified_gmt":"2025-07-22T03:05:30","slug":"esponja-konjac-amarilla-en-forma-de-corazon-de-jengibre","status":"publish","type":"product","link":"https:\/\/sentaiyuanbio.com\/es\/producto\/esponja-konjac-amarilla-en-forma-de-corazon-de-jengibre\/","title":{"rendered":"Esponja konjac en forma de coraz\u00f3n de jengibre amarillo"},"content":{"rendered":"<h3>Esponja konjac en forma de coraz\u00f3n Descripci\u00f3n<\/h3>\n<p>Mayoristas esponja de ba\u00f1o konjac rectangular onda seca cosm\u00e9tica<\/p>\n<p><strong>1.\u00bfQu\u00e9 es el konjac?<\/strong><\/p>\n<p>El konjac es una planta utilizada como alimento y medicina tradicional en China desde hace m\u00e1s de 2.000 a\u00f1os.<\/p>\n<p>El elemento principal del konjac es su maravillosa fibra alimentaria hidrosoluble: el glucomanano.<\/p>\n<p>En la actualidad, el glucomanano de konjac se utiliza ampliamente en la industria alimentaria y de la belleza.<\/p>\n<p>El producto de belleza konjac m\u00e1s popular es KONJAC SPONGE.<\/p>\n<p>&nbsp;<\/p>\n<p><strong>2. \u00bfQu\u00e9 es la esponja konjac en forma de coraz\u00f3n?<\/strong><\/p>\n<p>La esponja konjac es un tipo de esponja natural 100% para la limpieza facial y corporal. Est\u00e1 fabricada con la planta konjac.<\/p>\n<p>Al ser incre\u00edblemente suave y delicada, es ideal para todo tipo de pieles, incluidos los reci\u00e9n nacidos. Gracias a su contenido en glucomanano de konjac, la esponja de konjac es ideal para limpiar en profundidad, desintoxicar, hidratar y equilibrar. Su uso diario devuelve el brillo natural y la suavidad a la piel, \u00a1verdadero secreto de las bellezas asi\u00e1ticas!<\/p>\n<p>Principales beneficios de la esponja konjac<\/p>\n<p>Seguridad: La esponja es 100% natural por fermentaci\u00f3n de la fibra de konjac comestible. Sin aditivos qu\u00edmicos a\u00f1adidos<\/p>\n<p>Masajee y exfolie suavemente: Mejora la circulaci\u00f3n sangu\u00ednea y elimina las cut\u00edculas muertas.<\/p>\n<p>Limpieza profunda: La suave superficie puede eliminar las impurezas que obstruyen los poros.<\/p>\n<p>Alcalinidad d\u00e9bil natural: La esponja konjac tiene una alcalinidad d\u00e9bil natural por lo que puede ayudar a mantener la d\u00e9bil<\/p>\n<p>estado de alcalinidad del cuerpo humano, equilibra el nivel de PH y tambi\u00e9n puede limpiar su cara y cuerpo incluso<\/p>\n<p>sin leche limpiadora ni gel de ducha.<\/p>\n<p>Sin estimulaci\u00f3n: es apto para pieles sensibles, incluso la de los beb\u00e9s.<\/p>\n<p>&nbsp;<\/p>\n<p><strong>3. Uso\/Direcci\u00f3n<\/strong><\/p>\n<p>1. Para uso diario, en lugar de discos de algod\u00f3n, toallitas, pa\u00f1os o esponjas artificiales.<\/p>\n<p>2. Antes del primer uso, empape bien la esponja durante 3-5 minutos en agua tibia. Deje siempre que la esponja se hidrate por completo antes de usarla sobre la piel.<\/p>\n<p>3. Masajear suavemente el rostro y el cuerpo con movimientos circulares. Si utiliza limpiadores adicionales utilice la mitad de su cantidad habitual.<\/p>\n<p>4. Despu\u00e9s de usarla, limpie y aclare siempre bien la esponja, y cu\u00e9lguela con el cordel atado para que se seque bien .<\/p>\n<p>5. Esterilice con agua hirviendo una vez a la semana.<\/p>\n<p>&nbsp;<\/p>\n<p><strong>4. Precauci\u00f3n<\/strong><\/p>\n<p>Util\u00edcela S\u00d3LO cuando la esponja est\u00e9 totalmente hidratada.<\/p>\n<p>No lo utilice si la superficie est\u00e1 rota.<\/p>\n<p>Para obtener los mejores resultados sustit\u00fayalo cada 2-3 meses, des\u00e9chelo cuando empiece a estropearse o a parecer desgastado.<\/p>\n<p>No apto para el consumo.<\/p>\n<p>Mant\u00e9ngalo alejado de ni\u00f1os y animales.<\/p>\n<p>&nbsp;<\/p>\n<p><strong>5. C\u00f3mo utilizar<\/strong><\/p>\n<p>1. Ablandamiento por inmersi\u00f3n en agua tibia durante 3 -5 minutos.<\/p>\n<p>2. Expulse suavemente el exceso de agua de la esponja.<\/p>\n<p>3. Masajee su cara\/cuerpo con la esponja en sentido circular, con o sin jab\u00f3n limpiador.<\/p>\n<p>4. Despu\u00e9s de usarla, acl\u00e1rela y s\u00e9quela en un lugar fresco para su pr\u00f3ximo uso.<\/p>","protected":false},"excerpt":{"rendered":"<p>Principales ventajas de la esponja konjac en forma de coraz\u00f3n: 1. Seguridad: La esponja es 100% natural por fermentaci\u00f3n de la fibra de konjac comestible. 2. Masajea suavemente y exfolia: Mejora la circulaci\u00f3n sangu\u00ednea y elimina las cut\u00edculas muertas. 3. Limpieza profunda. 4. Alcalinidad d\u00e9bil natural. 5. Sin estimulaci\u00f3n.<\/p>","protected":false},"featured_media":1505,"template":"","meta":{"site-sidebar-layout":"default","site-content-layout":"","ast-site-content-layout":"default","site-content-style":"default","site-sidebar-style":"default","ast-global-header-display":"","ast-banner-title-visibility":"","ast-main-header-display":"","ast-hfb-above-header-display":"","ast-hfb-below-header-display":"","ast-hfb-mobile-header-display":"","site-post-title":"","ast-breadcrumbs-content":"","ast-featured-img":"","footer-sml-layout":"","ast-disable-related-posts":"","theme-transparent-header-meta":"default","adv-header-id-meta":"","stick-header-meta":"default","header-above-stick-meta":"","header-main-stick-meta":"","header-below-stick-meta":"","astra-migrate-meta-layouts":"set","ast-page-background-enabled":"default","ast-page-background-meta":{"desktop":{"background-color":"","background-image":"","background-repeat":"repeat","background-position":"center center","background-size":"auto","background-attachment":"scroll","background-type":"","background-media":"","overlay-type":"","overlay-color":"","overlay-opacity":"","overlay-gradient":""},"tablet":{"background-color":"","background-image":"","background-repeat":"repeat","background-position":"center center","background-size":"auto","background-attachment":"scroll","background-type":"","background-media":"","overlay-type":"","overlay-color":"","overlay-opacity":"","overlay-gradient":""},"mobile":{"background-color":"","background-image":"","background-repeat":"repeat","background-position":"center center","background-size":"auto","background-attachment":"scroll","background-type":"","background-media":"","overlay-type":"","overlay-color":"","overlay-opacity":"","overlay-gradient":""}},"ast-content-background-meta":{"desktop":{"background-color":"var(--ast-global-color-5)","background-image":"","background-repeat":"repeat","background-position":"center center","background-size":"auto","background-attachment":"scroll","background-type":"","background-media":"","overlay-type":"","overlay-color":"","overlay-opacity":"","overlay-gradient":""},"tablet":{"background-color":"var(--ast-global-color-5)","background-image":"","background-repeat":"repeat","background-position":"center center","background-size":"auto","background-attachment":"scroll","background-type":"","background-media":"","overlay-type":"","overlay-color":"","overlay-opacity":"","overlay-gradient":""},"mobile":{"background-color":"var(--ast-global-color-5)","background-image":"","background-repeat":"repeat","background-position":"center center","background-size":"auto","background-attachment":"scroll","background-type":"","background-media":"","overlay-type":"","overlay-color":"","overlay-opacity":"","overlay-gradient":""}}},"product_brand":[],"product_cat":[25],"product_tag":[44],"class_list":{"0":"post-1504","1":"product","2":"type-product","3":"status-publish","4":"has-post-thumbnail","6":"product_cat-konjac-sponge","7":"product_tag-konjac-sponge","8":"desktop-align-left","9":"tablet-align-left","10":"mobile-align-left","11":"ast-product-gallery-layout-horizontal-slider","12":"ast-product-tabs-layout-horizontal","14":"first","15":"instock","16":"shipping-taxable","17":"product-type-simple"},"_links":{"self":[{"href":"https:\/\/sentaiyuanbio.com\/es\/wp-json\/wp\/v2\/product\/1504","targetHints":{"allow":["GET"]}}],"collection":[{"href":"https:\/\/sentaiyuanbio.com\/es\/wp-json\/wp\/v2\/product"}],"about":[{"href":"https:\/\/sentaiyuanbio.com\/es\/wp-json\/wp\/v2\/types\/product"}],"version-history":[{"count":0,"href":"https:\/\/sentaiyuanbio.com\/es\/wp-json\/wp\/v2\/product\/1504\/revisions"}],"wp:featuredmedia":[{"embeddable":true,"href":"https:\/\/sentaiyuanbio.com\/es\/wp-json\/wp\/v2\/media\/1505"}],"wp:attachment":[{"href":"https:\/\/sentaiyuanbio.com\/es\/wp-json\/wp\/v2\/media?parent=1504"}],"wp:term":[{"taxonomy":"product_brand","embeddable":true,"href":"https:\/\/sentaiyuanbio.com\/es\/wp-json\/wp\/v2\/product_brand?post=1504"},{"taxonomy":"product_cat","embeddable":true,"href":"https:\/\/sentaiyuanbio.com\/es\/wp-json\/wp\/v2\/product_cat?post=1504"},{"taxonomy":"product_tag","embeddable":true,"href":"https:\/\/sentaiyuanbio.com\/es\/wp-json\/wp\/v2\/product_tag?post=1504"}],"curies":[{"name":"wp","href":"https:\/\/api.w.org\/{rel}","templated":true}]}}