{"id":2019,"date":"2024-05-15T03:12:06","date_gmt":"2024-05-15T03:12:06","guid":{"rendered":"https:\/\/sentaiyuanbio.com\/?post_type=product&#038;p=2019"},"modified":"2024-05-16T02:41:10","modified_gmt":"2024-05-16T02:41:10","slug":"chips-de-konjac","status":"publish","type":"product","link":"https:\/\/sentaiyuanbio.com\/es\/producto\/chips-de-konjac\/","title":{"rendered":"Chips de konjac, chips de ra\u00edz de konjac"},"content":{"rendered":"<p>chips de konjac a Araceae planta konjac como materia prima, tomar el rizoma de esta planta despu\u00e9s del procesamiento cortado en rodajas finas utilizando la exposici\u00f3n al sol y el secado natural y por lo tanto hecho en chips de konjac seco. Se elimin\u00f3 toda la toxicidad original del konjac, conservando la mayor parte de sus nutrientes. El agua del konjac fresco representaba unos 80-85%, el glucomanano unos 7%, y el almid\u00f3n, la fibra y las impurezas unos 8%, tras el secado el agua se redujo a 15% o menos.<\/p>\n<h2>El papel y la eficacia de las virutas de konjac<\/h2>\n<p><strong>1. Ayuda a perder peso:<\/strong> Las chips de konjac son ricas en fibra diet\u00e9tica, que puede aumentar eficazmente la sensaci\u00f3n de saciedad, ayudando as\u00ed a controlar la dieta y promover el adelgazamiento.<\/p>\n<p><strong>2. Reduce el colesterol:<\/strong> Su fibra soluble puede adsorber el exceso de colesterol en el tracto intestinal, ayud\u00e1ndolo a salir del organismo, lo que favorece la gesti\u00f3n de los l\u00edpidos.<\/p>\n<p><strong>3. Prevenci\u00f3n de la diabetes:<\/strong> Las propiedades poco azucaradas y poco gluc\u00e9micas del konjac ayudan a estabilizar los niveles de az\u00facar en sangre, por lo que es adecuado para diab\u00e9ticos y personas que necesitan controlar el az\u00facar.<\/p>\n<p><strong>4. Mejora la inmunidad:<\/strong> Una dieta rica en fibra no s\u00f3lo puede mejorar el entorno intestinal, sino tambi\u00e9n promover el crecimiento de bacterias beneficiosas, mejorando indirectamente la inmunidad.<\/p>\n<p><strong>Efectos:<\/strong> Resuelve la flema y dispersa el estancamiento, favorece la estasis sangu\u00ednea y somete la hinchaz\u00f3n.<\/p>\n<p><strong>Uso y dosificaci\u00f3n:<\/strong> Para uso interno, decocta 10-20 gramos de sopa (debe decoctarse durante 2 horas, y tomar el zumo).<\/p>\n<p><strong>Uso externo:<\/strong> A\u00f1ade vinagre y trit\u00faralo hasta convertirlo en zumo o hi\u00e9rvelo y trit\u00faralo para aplicarlo externamente.<\/p>\n<h2>Fichas de konjac Remedio fisioterap\u00e9utico de la medicina china<\/h2>\n<h3><\/h3>\n<h3>Tratamiento del tumor cerebral<\/h3>\n<p>1, 30 gramos de copos de konjac, primero en decocci\u00f3n durante 2 horas, despu\u00e9s a\u00f1ade 9 gramos de fleabane, 6 gramos de decocci\u00f3n de regaliz crudo, 1 vez al d\u00eda. Para los v\u00f3mitos a\u00f1ade medio verano de jengibre 9 gramos. Si hay congesti\u00f3n nasal a\u00f1ade ganso no comer hierba 9 gramos; para las hemorragias a\u00f1ade gardenia negra 15 gramos. (\"Los conocimientos b\u00e1sicos de la medicina de la madre patria\")<\/p>\n<p>2, copos de konjac (primero en decocci\u00f3n durante 2 horas), Tong Guan San 30 gramos de cada uno, 10 gramos de Cang Er, 15 gramos de Vid Hexagonal, 30 gramos de Fleabane. Tomar con decocci\u00f3n de agua, 1 vez al d\u00eda. (Medicina herbal china antic\u00e1ncer de Yunnan)<\/p>\n<h3>Tratamiento del c\u00e1ncer nasofar\u00edngeo<\/h3>\n<p>Copos de konjac (primero en decocci\u00f3n durante 2 horas), piel de hueso molida, hierba metatarsiana de pato 30 gramos cada uno, 15 gramos de fleabane. Dec\u00f3ralo con agua y t\u00f3malo 3 veces, una vez al d\u00eda. (Diagn\u00f3stico y tratamiento de tumores)<\/p>\n<h3>Tratamiento del c\u00e1ncer de tiroides<\/h3>\n<p>30 gramos de konjac, primero en decocci\u00f3n durante 2 horas, despu\u00e9s a\u00f1ade 15 gramos de algas, ra\u00edz de Pueraria, XuanShen, 30 gramos de CangErGao, GuanZhong, y 60 gramos de ostra cruda si el tumor es duro, y t\u00f3malo en decocci\u00f3n, una vez al d\u00eda. (Diagn\u00f3stico y Prevenci\u00f3n de Tumores)<\/p>\n<h3>Curar el c\u00e1ncer de par\u00f3tida<\/h3>\n<p>Konjac (frito primero durante 2 horas), 30 gramos de ra\u00edz de Isatis, 15 gramos de madreselva y 15 gramos de ra\u00edz de jud\u00eda de monta\u00f1a. Decocci\u00f3n en agua y tomar una vez al d\u00eda. (\"Preparados herbales chinos anticancer\u00edgenos\")<\/p>\n<h3>Tratamiento del c\u00e1ncer de recto<\/h3>\n<p>Se introduce un solo konjac de 60 gramos en los intestinos de cerdo (de unos 20 cent\u00edmetros de largo), ambos extremos con una ligadura de hilo, se cuece durante 4 horas, se comen los intestinos de cerdo y se bebe sopa (\"Hierbas anticancer\u00edgenas de Yunnan\").<\/p>\n<h3>Tratamiento de la leucemia<\/h3>\n<p>Konjac (primera decocci\u00f3n durante 2 horas), ruibarbo (despu\u00e9s de la siguiente), patas de cerdo, medio loto, hierba de la lengua de serpiente de flor blanca 30 gramos cada uno, estricnina (primera decocci\u00f3n) 0,9 gramos. Dec\u00f3ralo en agua y t\u00f3malo en 2 tomas, una vez al d\u00eda. (<a href=\"https:\/\/www.zs-hospital.sh.cn\/\" target=\"_blank\" rel=\"noopener\">Prescripci\u00f3n del Hospital Zhongshan de Shanghai<\/a>)<\/p>\n<p>Nota especial No comas accidentalmente los posos del medicamento cuando tomes este producto para evitar la intoxicaci\u00f3n.<\/p>","protected":false},"excerpt":{"rendered":"<p>chips de konjac a Araceae planta konjac como materia prima, tomar el rizoma de esta planta despu\u00e9s del procesamiento cortado en rodajas finas utilizando la exposici\u00f3n al sol y el secado natural y por lo tanto hecho en chips de konjac seco. Se elimin\u00f3 toda la toxicidad original del konjac, conservando la mayor parte de sus nutrientes.<\/p>","protected":false},"featured_media":2020,"template":"","meta":{"site-sidebar-layout":"default","site-content-layout":"","ast-site-content-layout":"default","site-content-style":"default","site-sidebar-style":"default","ast-global-header-display":"","ast-banner-title-visibility":"","ast-main-header-display":"","ast-hfb-above-header-display":"","ast-hfb-below-header-display":"","ast-hfb-mobile-header-display":"","site-post-title":"","ast-breadcrumbs-content":"","ast-featured-img":"","footer-sml-layout":"","ast-disable-related-posts":"","theme-transparent-header-meta":"default","adv-header-id-meta":"","stick-header-meta":"default","header-above-stick-meta":"","header-main-stick-meta":"","header-below-stick-meta":"","astra-migrate-meta-layouts":"set","ast-page-background-enabled":"default","ast-page-background-meta":{"desktop":{"background-color":"","background-image":"","background-repeat":"repeat","background-position":"center center","background-size":"auto","background-attachment":"scroll","background-type":"","background-media":"","overlay-type":"","overlay-color":"","overlay-opacity":"","overlay-gradient":""},"tablet":{"background-color":"","background-image":"","background-repeat":"repeat","background-position":"center center","background-size":"auto","background-attachment":"scroll","background-type":"","background-media":"","overlay-type":"","overlay-color":"","overlay-opacity":"","overlay-gradient":""},"mobile":{"background-color":"","background-image":"","background-repeat":"repeat","background-position":"center center","background-size":"auto","background-attachment":"scroll","background-type":"","background-media":"","overlay-type":"","overlay-color":"","overlay-opacity":"","overlay-gradient":""}},"ast-content-background-meta":{"desktop":{"background-color":"var(--ast-global-color-5)","background-image":"","background-repeat":"repeat","background-position":"center center","background-size":"auto","background-attachment":"scroll","background-type":"","background-media":"","overlay-type":"","overlay-color":"","overlay-opacity":"","overlay-gradient":""},"tablet":{"background-color":"var(--ast-global-color-5)","background-image":"","background-repeat":"repeat","background-position":"center center","background-size":"auto","background-attachment":"scroll","background-type":"","background-media":"","overlay-type":"","overlay-color":"","overlay-opacity":"","overlay-gradient":""},"mobile":{"background-color":"var(--ast-global-color-5)","background-image":"","background-repeat":"repeat","background-position":"center center","background-size":"auto","background-attachment":"scroll","background-type":"","background-media":"","overlay-type":"","overlay-color":"","overlay-opacity":"","overlay-gradient":""}}},"product_brand":[],"product_cat":[24],"product_tag":[41],"class_list":{"0":"post-2019","1":"product","2":"type-product","3":"status-publish","4":"has-post-thumbnail","6":"product_cat-konjac-dietary-fiber","7":"product_tag-konjac-glucomannan","8":"desktop-align-left","9":"tablet-align-left","10":"mobile-align-left","11":"ast-product-gallery-layout-horizontal-slider","12":"ast-product-tabs-layout-horizontal","14":"first","15":"instock","16":"shipping-taxable","17":"product-type-simple"},"_links":{"self":[{"href":"https:\/\/sentaiyuanbio.com\/es\/wp-json\/wp\/v2\/product\/2019","targetHints":{"allow":["GET"]}}],"collection":[{"href":"https:\/\/sentaiyuanbio.com\/es\/wp-json\/wp\/v2\/product"}],"about":[{"href":"https:\/\/sentaiyuanbio.com\/es\/wp-json\/wp\/v2\/types\/product"}],"version-history":[{"count":0,"href":"https:\/\/sentaiyuanbio.com\/es\/wp-json\/wp\/v2\/product\/2019\/revisions"}],"wp:featuredmedia":[{"embeddable":true,"href":"https:\/\/sentaiyuanbio.com\/es\/wp-json\/wp\/v2\/media\/2020"}],"wp:attachment":[{"href":"https:\/\/sentaiyuanbio.com\/es\/wp-json\/wp\/v2\/media?parent=2019"}],"wp:term":[{"taxonomy":"product_brand","embeddable":true,"href":"https:\/\/sentaiyuanbio.com\/es\/wp-json\/wp\/v2\/product_brand?post=2019"},{"taxonomy":"product_cat","embeddable":true,"href":"https:\/\/sentaiyuanbio.com\/es\/wp-json\/wp\/v2\/product_cat?post=2019"},{"taxonomy":"product_tag","embeddable":true,"href":"https:\/\/sentaiyuanbio.com\/es\/wp-json\/wp\/v2\/product_tag?post=2019"}],"curies":[{"name":"wp","href":"https:\/\/api.w.org\/{rel}","templated":true}]}}