{"id":2024,"date":"2024-05-16T03:48:48","date_gmt":"2024-05-16T03:48:48","guid":{"rendered":"https:\/\/sentaiyuanbio.com\/?post_type=product&#038;p=2024"},"modified":"2025-02-26T08:41:42","modified_gmt":"2025-02-26T08:41:42","slug":"arroz-shirataki-seco","status":"publish","type":"product","link":"https:\/\/sentaiyuanbio.com\/es\/producto\/arroz-shirataki-seco\/","title":{"rendered":"Arroz Shirataki Seco, Arroz Shirataki Konjac a Granel"},"content":{"rendered":"<p>El arroz Shirataki seco de Sentaiyuan es bajo en calor\u00edas, rico en fibra y favorece la digesti\u00f3n.<br \/>\nCada 100 gramos de arroz shirataki contienen 2,8 gramos de fibra alimentaria, s\u00f3lo 6 calor\u00edas de energ\u00eda y nada de grasa.<\/p>\n<p>Sentaiyuan <a href=\"https:\/\/sentaiyuanbio.com\/es\/producto-konjac\/\" target=\"_blank\" rel=\"noopener\">Productos de konjac<\/a> han recibido varias certificaciones, como IFS, BRC, KOSHER, HALAL y HACCP, para garantizarle la m\u00e1xima calidad de sus productos. El envasado consiste en una bolsa interior fresca y una bolsa de pie o caja de cart\u00f3n para facilitar el almacenamiento.<\/p>\n<p>Con un plazo de entrega de 15-30 d\u00edas laborables, puede realizar su pedido con confianza sabiendo que lo recibir\u00e1 puntualmente. Para su comodidad, aceptamos varios m\u00e9todos de pago como L\/C, D\/A, D\/P, T\/T, <a href=\"https:\/\/www.westernunion.com\/hk\/en\/home.html\" target=\"_blank\" rel=\"noopener\">Western Union<\/a>, <a href=\"https:\/\/www.moneygram.com\/\" target=\"_blank\" rel=\"noopener\">MoneyGram<\/a>y <a href=\"https:\/\/www.paypal.com\/\" target=\"_blank\" rel=\"noopener\">PayPal<\/a>.<\/p>\n<p>Sentaiyuan es capaz de producir 3.000 contenedores de 20 pies al a\u00f1o.<\/p>\n<p>Elija el Arroz Shirataki Seco de Sentaiyuan como una alternativa deliciosa y libre de culpa al arroz tradicional y mejore su experiencia gastron\u00f3mica al tiempo que prioriza su salud y bienestar.<\/p>\n<h2>Especificaci\u00f3n del arroz Shirataki seco<\/h2>\n<table width=\"100%\" cellspacing=\"0\" cellpadding=\"0\">\n<colgroup>\n<col style=\"width: 180px;\" width=\"215\" \/>\n<col style=\"width: 383px;\" width=\"383\" \/> <\/colgroup>\n<tbody>\n<tr style=\"height: 20px;\">\n<td width=\"180\" height=\"20\">Nombre del producto<\/td>\n<td width=\"392\">Arroz Shirataki seco<\/td>\n<\/tr>\n<tr style=\"height: 20px;\">\n<td width=\"180\" height=\"21\">Ingrediente principal<\/td>\n<td width=\"392\"><a href=\"https:\/\/sentaiyuanbio.com\/es\/producto\/harina-de-name-konjac-polvo-de-name-konjac\/\" target=\"_blank\" rel=\"noopener\">Harina de konjac<\/a>agua<\/td>\n<\/tr>\n<tr style=\"height: 39px;\">\n<td width=\"180\" height=\"39\">Caracter\u00edstica<\/td>\n<td width=\"392\">Sin olor, bajo en calor\u00edas, bajo en carbohidratos, sin gluten, sin az\u00facar, sin grasa, sin OMG, rico en fibra<\/td>\n<\/tr>\n<tr style=\"height: 41px;\">\n<td width=\"180\" height=\"41\">Funciones<\/td>\n<td width=\"392\">Dieta vegetariana, p\u00e9rdida de peso, aumento de la saciedad<\/td>\n<\/tr>\n<tr style=\"height: 20px;\">\n<td width=\"180\" height=\"21\">Fibra diet\u00e9tica<\/td>\n<td width=\"392\">2,8 g\/100 g<\/td>\n<\/tr>\n<tr style=\"height: 20px;\">\n<td width=\"180\" height=\"21\">Tiempo de cocci\u00f3n<\/td>\n<td width=\"392\">8 minutos<\/td>\n<\/tr>\n<tr style=\"height: 20px;\">\n<td width=\"180\" height=\"21\">Contenido de grasa<\/td>\n<td width=\"392\">&lt;0,1 g\/100 g<\/td>\n<\/tr>\n<tr style=\"height: 20px;\">\n<td width=\"180\" height=\"21\">Peso<\/td>\n<td width=\"392\">0,08 kg<\/td>\n<\/tr>\n<tr style=\"height: 20px;\">\n<td width=\"180\" height=\"21\">Duraci\u00f3n<\/td>\n<td width=\"392\">24meses<\/td>\n<\/tr>\n<tr style=\"height: 20px;\">\n<td width=\"180\" height=\"21\">Certificados<\/td>\n<td width=\"392\">IFS, BRC, KOSHER, HALAL, HACCP<\/td>\n<\/tr>\n<tr style=\"height: 20px;\">\n<td width=\"180\" height=\"21\">Paquete<\/td>\n<td width=\"392\">Bolsa interior + Bolsa de pie \/ Caja de papel<\/td>\n<\/tr>\n<tr style=\"height: 20px;\">\n<td width=\"180\" height=\"21\">Almacenamiento<\/td>\n<td width=\"392\">Temperatura ambiente, lugar fresco y seco, evite la luz solar directa<\/td>\n<\/tr>\n<tr style=\"height: 20px;\">\n<td width=\"180\" height=\"21\">Servicio<\/td>\n<td width=\"392\">OEM, ODM, OBM<\/td>\n<\/tr>\n<tr style=\"height: 20px;\">\n<td width=\"180\" height=\"21\">Plazo de entrega<\/td>\n<td width=\"392\">15-30 d\u00edas laborables<\/td>\n<\/tr>\n<\/tbody>\n<\/table>\n<h2>Ventajas del arroz Shirataki seco sobre el arroz tradicional:<\/h2>\n<p>Adecuado para dietas, beneficioso para la salud, relajante pero saciante, bajo en calor\u00edas, bajo en carbohidratos, alto en fibra, sin gluten, textura gelatinosa, pr\u00e1cticamente ins\u00edpido, favorece la saciedad, adecuado para diversas restricciones diet\u00e9ticas y puede ayudar a controlar el peso.<\/p>\n<h2>\u00bfC\u00f3mo cocinar el arroz shirataki seco?<\/h2>\n<p>Por favor, siga estos sencillos pasos para su preparaci\u00f3n:<\/p>\n<p>ESCURRIR Y ENJUAGAR: Abra el paquete y escurra el l\u00edquido que contenga. Enjuague bien el arroz shirataki en agua fr\u00eda durante 1-2 minutos. Ponga la mezcla de arroz, salsa e ingredientes en un cazo y cali\u00e9ntelo a fuego lento hasta que est\u00e9 caliente. Como alternativa, cocine la mezcla en el microondas durante 1-2 minutos o hasta que se caliente a la temperatura deseada.<br \/>\nEmplate y adorne con los ingredientes adicionales que desee.<\/p>\n<style>.embed-container { position: relative; padding-bottom: 56.25%; height: 0; overflow: hidden; max-width: 100%; } .embed-container iframe, .embed-container object, .embed-container embed { position: absolute; top: 0; left: 0; width: 100%; height: 100%; }<\/style>\n<div class=\"embed-container\"><iframe src=\"https:\/\/www.youtube.com\/embed\/vlSLWHphDkk\" frameborder=\"0\" allowfullscreen=\"allowfullscreen\"><\/iframe><\/div>","protected":false},"excerpt":{"rendered":"<p>El arroz Shirataki seco de Sentaiyuan es bajo en calor\u00edas, rico en fibra y favorece la digesti\u00f3n.<br \/>\nCada 100 gramos de arroz shirataki contienen 2,8 gramos de fibra alimentaria, s\u00f3lo 6 calor\u00edas de energ\u00eda y nada de grasa.<\/p>","protected":false},"featured_media":3938,"template":"","meta":{"site-sidebar-layout":"default","site-content-layout":"","ast-site-content-layout":"default","site-content-style":"default","site-sidebar-style":"default","ast-global-header-display":"","ast-banner-title-visibility":"","ast-main-header-display":"","ast-hfb-above-header-display":"","ast-hfb-below-header-display":"","ast-hfb-mobile-header-display":"","site-post-title":"","ast-breadcrumbs-content":"","ast-featured-img":"","footer-sml-layout":"","ast-disable-related-posts":"","theme-transparent-header-meta":"default","adv-header-id-meta":"","stick-header-meta":"default","header-above-stick-meta":"","header-main-stick-meta":"","header-below-stick-meta":"","astra-migrate-meta-layouts":"set","ast-page-background-enabled":"default","ast-page-background-meta":{"desktop":{"background-color":"","background-image":"","background-repeat":"repeat","background-position":"center center","background-size":"auto","background-attachment":"scroll","background-type":"","background-media":"","overlay-type":"","overlay-color":"","overlay-opacity":"","overlay-gradient":""},"tablet":{"background-color":"","background-image":"","background-repeat":"repeat","background-position":"center center","background-size":"auto","background-attachment":"scroll","background-type":"","background-media":"","overlay-type":"","overlay-color":"","overlay-opacity":"","overlay-gradient":""},"mobile":{"background-color":"","background-image":"","background-repeat":"repeat","background-position":"center center","background-size":"auto","background-attachment":"scroll","background-type":"","background-media":"","overlay-type":"","overlay-color":"","overlay-opacity":"","overlay-gradient":""}},"ast-content-background-meta":{"desktop":{"background-color":"var(--ast-global-color-5)","background-image":"","background-repeat":"repeat","background-position":"center center","background-size":"auto","background-attachment":"scroll","background-type":"","background-media":"","overlay-type":"","overlay-color":"","overlay-opacity":"","overlay-gradient":""},"tablet":{"background-color":"var(--ast-global-color-5)","background-image":"","background-repeat":"repeat","background-position":"center center","background-size":"auto","background-attachment":"scroll","background-type":"","background-media":"","overlay-type":"","overlay-color":"","overlay-opacity":"","overlay-gradient":""},"mobile":{"background-color":"var(--ast-global-color-5)","background-image":"","background-repeat":"repeat","background-position":"center center","background-size":"auto","background-attachment":"scroll","background-type":"","background-media":"","overlay-type":"","overlay-color":"","overlay-opacity":"","overlay-gradient":""}}},"product_brand":[],"product_cat":[50],"product_tag":[37],"class_list":{"0":"post-2024","1":"product","2":"type-product","3":"status-publish","4":"has-post-thumbnail","6":"product_cat-shirataki-dried-rice","7":"product_tag-konjac-rice","8":"desktop-align-left","9":"tablet-align-left","10":"mobile-align-left","11":"ast-product-gallery-layout-horizontal-slider","12":"ast-product-tabs-layout-horizontal","14":"first","15":"instock","16":"shipping-taxable","17":"product-type-simple"},"_links":{"self":[{"href":"https:\/\/sentaiyuanbio.com\/es\/wp-json\/wp\/v2\/product\/2024","targetHints":{"allow":["GET"]}}],"collection":[{"href":"https:\/\/sentaiyuanbio.com\/es\/wp-json\/wp\/v2\/product"}],"about":[{"href":"https:\/\/sentaiyuanbio.com\/es\/wp-json\/wp\/v2\/types\/product"}],"version-history":[{"count":0,"href":"https:\/\/sentaiyuanbio.com\/es\/wp-json\/wp\/v2\/product\/2024\/revisions"}],"wp:featuredmedia":[{"embeddable":true,"href":"https:\/\/sentaiyuanbio.com\/es\/wp-json\/wp\/v2\/media\/3938"}],"wp:attachment":[{"href":"https:\/\/sentaiyuanbio.com\/es\/wp-json\/wp\/v2\/media?parent=2024"}],"wp:term":[{"taxonomy":"product_brand","embeddable":true,"href":"https:\/\/sentaiyuanbio.com\/es\/wp-json\/wp\/v2\/product_brand?post=2024"},{"taxonomy":"product_cat","embeddable":true,"href":"https:\/\/sentaiyuanbio.com\/es\/wp-json\/wp\/v2\/product_cat?post=2024"},{"taxonomy":"product_tag","embeddable":true,"href":"https:\/\/sentaiyuanbio.com\/es\/wp-json\/wp\/v2\/product_tag?post=2024"}],"curies":[{"name":"wp","href":"https:\/\/api.w.org\/{rel}","templated":true}]}}