{"id":2062,"date":"2024-06-05T08:54:42","date_gmt":"2024-06-05T08:54:42","guid":{"rendered":"https:\/\/sentaiyuanbio.com\/?post_type=product&#038;p=2062"},"modified":"2025-02-26T08:46:23","modified_gmt":"2025-02-26T08:46:23","slug":"arroz-rojo-shirataki-seco","status":"publish","type":"product","link":"https:\/\/sentaiyuanbio.com\/es\/producto\/arroz-rojo-shirataki-seco\/","title":{"rendered":"Arroz Rojo Shirataki Seco , Arroz Rojo Konjac Seco Granel"},"content":{"rendered":"<p>El arroz rojo Shirataki seco es rico en fibra diet\u00e9tica, bajo en carbohidratos, bajo en calor\u00edas y bajo en el \u00edndice gluc\u00e9mico. Este arroz tiene un gran sabor y se parece mucho al arroz de grano largo.<\/p>\n<p>Elaborado con productos de alta calidad no modificados gen\u00e9ticamente <a href=\"https:\/\/sentaiyuanbio.com\/es\/producto\/glucomanano-de-raiz-de-konjac\/\" target=\"_blank\" rel=\"noopener\">harina de konjac<\/a> y harina de arroz rojo, tiene una caducidad de hasta 24 meses.<\/p>\n<h2>Especificaci\u00f3n<\/h2>\n<p><strong>Ingrediente<\/strong>: Polvo de konjac, harina de arroz rojo, agua.<\/p>\n<p><strong>Talla<\/strong>: 2 mm x 5 mm.<\/p>\n<p><strong>Peso neto<\/strong>80 g\/bolsa, 1 kg\/bolsa, o tama\u00f1o de embalaje personalizado.<\/p>\n<p><strong>Caducidad<\/strong>24 meses.<\/p>\n<p><strong>Paquete<\/strong>: Bolsa de pie + cart\u00f3n.<\/p>\n<p><img fetchpriority=\"high\" decoding=\"async\" class=\"alignnone wp-image-2074 size-full\" src=\"https:\/\/sentaiyuanbio.com\/wp-content\/uploads\/2024\/06\/dry-shirataki-red-rice-full-page-1.jpg\" alt=\"arroz rojo Konjac seco\" width=\"750\" height=\"1045\" srcset=\"https:\/\/sentaiyuanbio.com\/wp-content\/uploads\/2024\/06\/dry-shirataki-red-rice-full-page-1.jpg 750w, https:\/\/sentaiyuanbio.com\/wp-content\/uploads\/2024\/06\/dry-shirataki-red-rice-full-page-1-215x300.jpg 215w, https:\/\/sentaiyuanbio.com\/wp-content\/uploads\/2024\/06\/dry-shirataki-red-rice-full-page-1-735x1024.jpg 735w, https:\/\/sentaiyuanbio.com\/wp-content\/uploads\/2024\/06\/dry-shirataki-red-rice-full-page-1-431x600.jpg 431w, https:\/\/sentaiyuanbio.com\/wp-content\/uploads\/2024\/06\/dry-shirataki-red-rice-full-page-1-600x836.jpg 600w\" sizes=\"(max-width: 750px) 100vw, 750px\" \/><img decoding=\"async\" class=\"alignnone wp-image-2073 size-full\" src=\"https:\/\/sentaiyuanbio.com\/wp-content\/uploads\/2024\/06\/dry-shirataki-red-rice-full-page-2.jpg\" alt=\"arroz rojo konjac seco\" width=\"750\" height=\"916\" srcset=\"https:\/\/sentaiyuanbio.com\/wp-content\/uploads\/2024\/06\/dry-shirataki-red-rice-full-page-2.jpg 750w, https:\/\/sentaiyuanbio.com\/wp-content\/uploads\/2024\/06\/dry-shirataki-red-rice-full-page-2-246x300.jpg 246w, https:\/\/sentaiyuanbio.com\/wp-content\/uploads\/2024\/06\/dry-shirataki-red-rice-full-page-2-491x600.jpg 491w, https:\/\/sentaiyuanbio.com\/wp-content\/uploads\/2024\/06\/dry-shirataki-red-rice-full-page-2-600x733.jpg 600w\" sizes=\"(max-width: 750px) 100vw, 750px\" \/><img decoding=\"async\" class=\"alignnone wp-image-2072 size-full\" src=\"https:\/\/sentaiyuanbio.com\/wp-content\/uploads\/2024\/06\/dry-shirataki-red-rice-full-page-3.jpg\" alt=\"arroz rojo shirataki seco\" width=\"750\" height=\"1159\" srcset=\"https:\/\/sentaiyuanbio.com\/wp-content\/uploads\/2024\/06\/dry-shirataki-red-rice-full-page-3.jpg 750w, https:\/\/sentaiyuanbio.com\/wp-content\/uploads\/2024\/06\/dry-shirataki-red-rice-full-page-3-194x300.jpg 194w, https:\/\/sentaiyuanbio.com\/wp-content\/uploads\/2024\/06\/dry-shirataki-red-rice-full-page-3-663x1024.jpg 663w, https:\/\/sentaiyuanbio.com\/wp-content\/uploads\/2024\/06\/dry-shirataki-red-rice-full-page-3-388x600.jpg 388w, https:\/\/sentaiyuanbio.com\/wp-content\/uploads\/2024\/06\/dry-shirataki-red-rice-full-page-3-600x927.jpg 600w\" sizes=\"(max-width: 750px) 100vw, 750px\" \/><\/p>\n<h2>Lista de ingredientes<\/h2>\n<table cellspacing=\"0\" cellpadding=\"0\">\n<colgroup>\n<col style=\"width: 180px;\" width=\"215\" \/>\n<col style=\"width: 383px;\" width=\"383\" \/> <\/colgroup>\n<tbody>\n<tr>\n<td colspan=\"3\" align=\"center\">Ingredientes del arroz rojo konjac seco<\/td>\n<\/tr>\n<tr>\n<td align=\"center\">No.<\/td>\n<td align=\"center\">Material<\/td>\n<td align=\"center\">%<\/td>\n<\/tr>\n<tr>\n<td align=\"center\">1<\/td>\n<td align=\"center\">Harina de konjac<\/td>\n<td align=\"center\">46<\/td>\n<\/tr>\n<tr>\n<td align=\"center\">2<\/td>\n<td align=\"center\">Harina de arroz rojo<\/td>\n<td align=\"center\">44<\/td>\n<\/tr>\n<tr>\n<td align=\"center\">3<\/td>\n<td align=\"center\">Agua<\/td>\n<td align=\"center\">10<\/td>\n<\/tr>\n<tr>\n<td colspan=\"2\" align=\"center\">Suma<\/td>\n<td align=\"center\">100<\/td>\n<\/tr>\n<\/tbody>\n<\/table>\n<h2>Datos nutricionales de 100 g de arroz seco<\/h2>\n<table cellspacing=\"0\" cellpadding=\"0\">\n<colgroup>\n<col style=\"width: 180px;\" width=\"215\" \/>\n<col style=\"width: 383px;\" width=\"383\" \/> <\/colgroup>\n<tbody>\n<tr>\n<td align=\"center\" width=\"284\"><b>Energ\u00eda<\/b><\/td>\n<td align=\"center\" width=\"284\">347 Kcal<\/td>\n<\/tr>\n<tr>\n<td align=\"center\" width=\"284\"><b>Carbohidratos<\/b><\/td>\n<td align=\"center\" width=\"284\">69.2g<\/td>\n<\/tr>\n<tr>\n<td align=\"center\" width=\"284\"><b>Grasa total<\/b><\/td>\n<td align=\"center\" width=\"284\">2.9g<\/td>\n<\/tr>\n<tr>\n<td align=\"center\" width=\"284\"><b>Prote\u00edna<\/b><\/td>\n<td align=\"center\" width=\"284\">7.8g<\/td>\n<\/tr>\n<tr>\n<td align=\"center\" width=\"284\"><b>Fibra alimentaria<\/b><\/td>\n<td align=\"center\" width=\"284\">6.3g<\/td>\n<\/tr>\n<tr>\n<td align=\"center\" width=\"284\"><b>Sodio<\/b><\/td>\n<td align=\"center\" width=\"284\">10 mg<\/td>\n<\/tr>\n<\/tbody>\n<\/table>\n<h2>Datos nutricionales de 100 g de arroz cocido<\/h2>\n<table cellspacing=\"0\" cellpadding=\"0\">\n<colgroup>\n<col style=\"width: 180px;\" width=\"215\" \/>\n<col style=\"width: 383px;\" width=\"383\" \/> <\/colgroup>\n<tbody>\n<tr>\n<td align=\"center\" width=\"284\"><b>Energ\u00eda<\/b><\/td>\n<td align=\"center\" width=\"284\">70 Kcal<\/td>\n<\/tr>\n<tr>\n<td align=\"center\" width=\"284\"><b>Carbohidratos<\/b><\/td>\n<td align=\"center\" width=\"284\">13.8g<\/td>\n<\/tr>\n<tr>\n<td align=\"center\" width=\"284\"><b>Grasa total<\/b><\/td>\n<td align=\"center\" width=\"284\">0.6g<\/td>\n<\/tr>\n<tr>\n<td align=\"center\" width=\"284\"><b>Prote\u00edna<\/b><\/td>\n<td align=\"center\" width=\"284\">1.6g<\/td>\n<\/tr>\n<tr>\n<td align=\"center\" width=\"284\"><b>Fibra alimentaria<\/b><\/td>\n<td align=\"center\" width=\"284\">1.3g<\/td>\n<\/tr>\n<tr>\n<td align=\"center\" width=\"284\"><b>Sodio<\/b><\/td>\n<td align=\"center\" width=\"284\">2 mg<\/td>\n<\/tr>\n<\/tbody>\n<\/table>\n<h2>La ventaja del arroz rojo shirataki seco:<\/h2>\n<ol>\n<li>Menos carbohidratos<\/li>\n<li>Menos calor\u00edas<\/li>\n<li>Bajo \u00edndice gluc\u00e9mico<\/li>\n<li>Fibra rica<\/li>\n<li>Vida \u00fatil m\u00e1s larga 24 meses<\/li>\n<li>Su sabor, gusto y aspecto son muy similares a los del arroz de grano largo.<\/li>\n<\/ol>\n<p><img loading=\"lazy\" decoding=\"async\" class=\"alignnone wp-image-2066 size-full\" src=\"https:\/\/sentaiyuanbio.com\/wp-content\/uploads\/2024\/06\/Dry-Shirataki-Red-Rice-3.jpg\" alt=\"Arroz rojo konjac seco\" width=\"1000\" height=\"1000\" srcset=\"https:\/\/sentaiyuanbio.com\/wp-content\/uploads\/2024\/06\/Dry-Shirataki-Red-Rice-3.jpg 1000w, https:\/\/sentaiyuanbio.com\/wp-content\/uploads\/2024\/06\/Dry-Shirataki-Red-Rice-3-600x600.jpg 600w, https:\/\/sentaiyuanbio.com\/wp-content\/uploads\/2024\/06\/Dry-Shirataki-Red-Rice-3-100x100.jpg 100w, https:\/\/sentaiyuanbio.com\/wp-content\/uploads\/2024\/06\/Dry-Shirataki-Red-Rice-3-300x300.jpg 300w, https:\/\/sentaiyuanbio.com\/wp-content\/uploads\/2024\/06\/Dry-Shirataki-Red-Rice-3-150x150.jpg 150w, https:\/\/sentaiyuanbio.com\/wp-content\/uploads\/2024\/06\/Dry-Shirataki-Red-Rice-3-768x768.jpg 768w\" sizes=\"(max-width: 1000px) 100vw, 1000px\" \/><\/p>\n<h2>\u00bfPor qu\u00e9 elegir nuestro arroz rojo seco shirataki?<\/h2>\n<ul>\n<li><strong>M\u00e1s saludable<\/strong>: Tanto si controla su peso, vigila su glucemia o busca alimentos m\u00e1s saludables, nuestros productos son la combinaci\u00f3n perfecta de sabor y salud.<\/li>\n<li><strong>Ingredientes de calidad<\/strong>: Nuestro arroz se mezcla cuidadosamente con harina de konjac, harina de arroz rojo y agua para garantizar el sabor y la calidad.<\/li>\n<li><strong>Versatilidad<\/strong>: F\u00e1cil de servir, se puede cocinar en el microondas y se puede adaptar f\u00e1cilmente a cualquier receta.<\/li>\n<li><strong>Satisfacci\u00f3n del cliente<\/strong>: Trabajamos duro para asegurarnos de que adquiere los productos de la mejor calidad y el mejor servicio postventa de Mori State Source.<\/li>\n<\/ul>\n<h2>\u00bfC\u00f3mo cocinar el arroz rojo shirataki seco?<\/h2>\n<p>Ponga 40 gramos de arroz rojo shirataki seco en 60-80 gramos de agua caliente durante 15 minutos o en el microondas durante 3-4 minutos. Luego disfr\u00fatelo.<\/p>\n<p><img loading=\"lazy\" decoding=\"async\" class=\"alignleft wp-image-2068 size-full\" src=\"https:\/\/sentaiyuanbio.com\/wp-content\/uploads\/2024\/06\/Cooking-instruction.jpg\" alt=\"\u00bfC\u00f3mo cocinar el arroz rojo shirataki seco?\" width=\"800\" height=\"800\" srcset=\"https:\/\/sentaiyuanbio.com\/wp-content\/uploads\/2024\/06\/Cooking-instruction.jpg 800w, https:\/\/sentaiyuanbio.com\/wp-content\/uploads\/2024\/06\/Cooking-instruction-600x600.jpg 600w, https:\/\/sentaiyuanbio.com\/wp-content\/uploads\/2024\/06\/Cooking-instruction-100x100.jpg 100w, https:\/\/sentaiyuanbio.com\/wp-content\/uploads\/2024\/06\/Cooking-instruction-300x300.jpg 300w, https:\/\/sentaiyuanbio.com\/wp-content\/uploads\/2024\/06\/Cooking-instruction-150x150.jpg 150w, https:\/\/sentaiyuanbio.com\/wp-content\/uploads\/2024\/06\/Cooking-instruction-768x768.jpg 768w\" sizes=\"(max-width: 800px) 100vw, 800px\" \/><\/p>\n<p>&nbsp;<\/p>","protected":false},"excerpt":{"rendered":"<p>El arroz rojo konjac deshidratado Sentaiyuan est\u00e1 elaborado con harina de konjac y harina de arroz rojo. Es bajo en calor\u00edas, rico en fibra y favorece la digesti\u00f3n.<br \/>\nCada 100 gramos de arroz rojo konjac cocido contienen 1,3 gramos de fibra alimentaria, 14 gramos de hidratos de carbono, 70 calor\u00edas de energ\u00eda y nada de grasa.<\/p>\n<div id=\"gtx-trans\" style=\"position: absolute; left: 979px; top: -3px;\">\n<div class=\"gtx-trans-icon\"><\/div>\n<\/div>","protected":false},"featured_media":4177,"template":"","meta":{"site-sidebar-layout":"default","site-content-layout":"","ast-site-content-layout":"default","site-content-style":"default","site-sidebar-style":"default","ast-global-header-display":"","ast-banner-title-visibility":"","ast-main-header-display":"","ast-hfb-above-header-display":"","ast-hfb-below-header-display":"","ast-hfb-mobile-header-display":"","site-post-title":"","ast-breadcrumbs-content":"","ast-featured-img":"","footer-sml-layout":"","ast-disable-related-posts":"","theme-transparent-header-meta":"default","adv-header-id-meta":"","stick-header-meta":"default","header-above-stick-meta":"","header-main-stick-meta":"","header-below-stick-meta":"","astra-migrate-meta-layouts":"set","ast-page-background-enabled":"default","ast-page-background-meta":{"desktop":{"background-color":"","background-image":"","background-repeat":"repeat","background-position":"center center","background-size":"auto","background-attachment":"scroll","background-type":"","background-media":"","overlay-type":"","overlay-color":"","overlay-opacity":"","overlay-gradient":""},"tablet":{"background-color":"","background-image":"","background-repeat":"repeat","background-position":"center center","background-size":"auto","background-attachment":"scroll","background-type":"","background-media":"","overlay-type":"","overlay-color":"","overlay-opacity":"","overlay-gradient":""},"mobile":{"background-color":"","background-image":"","background-repeat":"repeat","background-position":"center center","background-size":"auto","background-attachment":"scroll","background-type":"","background-media":"","overlay-type":"","overlay-color":"","overlay-opacity":"","overlay-gradient":""}},"ast-content-background-meta":{"desktop":{"background-color":"var(--ast-global-color-5)","background-image":"","background-repeat":"repeat","background-position":"center center","background-size":"auto","background-attachment":"scroll","background-type":"","background-media":"","overlay-type":"","overlay-color":"","overlay-opacity":"","overlay-gradient":""},"tablet":{"background-color":"var(--ast-global-color-5)","background-image":"","background-repeat":"repeat","background-position":"center center","background-size":"auto","background-attachment":"scroll","background-type":"","background-media":"","overlay-type":"","overlay-color":"","overlay-opacity":"","overlay-gradient":""},"mobile":{"background-color":"var(--ast-global-color-5)","background-image":"","background-repeat":"repeat","background-position":"center center","background-size":"auto","background-attachment":"scroll","background-type":"","background-media":"","overlay-type":"","overlay-color":"","overlay-opacity":"","overlay-gradient":""}}},"product_brand":[],"product_cat":[50],"product_tag":[37],"class_list":{"0":"post-2062","1":"product","2":"type-product","3":"status-publish","4":"has-post-thumbnail","6":"product_cat-shirataki-dried-rice","7":"product_tag-konjac-rice","8":"desktop-align-left","9":"tablet-align-left","10":"mobile-align-left","11":"ast-product-gallery-layout-horizontal-slider","12":"ast-product-tabs-layout-horizontal","14":"first","15":"instock","16":"shipping-taxable","17":"product-type-simple"},"_links":{"self":[{"href":"https:\/\/sentaiyuanbio.com\/es\/wp-json\/wp\/v2\/product\/2062","targetHints":{"allow":["GET"]}}],"collection":[{"href":"https:\/\/sentaiyuanbio.com\/es\/wp-json\/wp\/v2\/product"}],"about":[{"href":"https:\/\/sentaiyuanbio.com\/es\/wp-json\/wp\/v2\/types\/product"}],"version-history":[{"count":0,"href":"https:\/\/sentaiyuanbio.com\/es\/wp-json\/wp\/v2\/product\/2062\/revisions"}],"wp:featuredmedia":[{"embeddable":true,"href":"https:\/\/sentaiyuanbio.com\/es\/wp-json\/wp\/v2\/media\/4177"}],"wp:attachment":[{"href":"https:\/\/sentaiyuanbio.com\/es\/wp-json\/wp\/v2\/media?parent=2062"}],"wp:term":[{"taxonomy":"product_brand","embeddable":true,"href":"https:\/\/sentaiyuanbio.com\/es\/wp-json\/wp\/v2\/product_brand?post=2062"},{"taxonomy":"product_cat","embeddable":true,"href":"https:\/\/sentaiyuanbio.com\/es\/wp-json\/wp\/v2\/product_cat?post=2062"},{"taxonomy":"product_tag","embeddable":true,"href":"https:\/\/sentaiyuanbio.com\/es\/wp-json\/wp\/v2\/product_tag?post=2062"}],"curies":[{"name":"wp","href":"https:\/\/api.w.org\/{rel}","templated":true}]}}