{"id":2140,"date":"2024-07-02T09:16:13","date_gmt":"2024-07-02T09:16:13","guid":{"rendered":"https:\/\/sentaiyuanbio.com\/?post_type=product&#038;p=2140"},"modified":"2025-02-27T02:29:09","modified_gmt":"2025-02-27T02:29:09","slug":"fideos-ramen-shirataki-de-miso","status":"publish","type":"product","link":"https:\/\/sentaiyuanbio.com\/es\/producto\/fideos-ramen-shirataki-de-miso\/","title":{"rendered":"Fideos Ramen Shirataki con miso Bajos en carbohidratos"},"content":{"rendered":"<h2>Fideos ramen shirataki al miso Ingredientes:<\/h2>\n<p><strong>Salsa<\/strong>: Salsa miso (agua, soja - no OGM), arroz, sal comestible, alcohol comestible), Agua, Az\u00facar blanco granulado, Salsa kunbu (agua, algas secas, sal comestible), Hidrolizado \u00e1cido de<br \/>\nProte\u00edna vegetal, Sal comestible, Potenciador del sabor (<a href=\"https:\/\/www.atamanchemicals.com\/disodium-5--ribonucleotide_u26322\/\" target=\"_blank\" rel=\"noopener\">5'-ribonucle\u00f3tido dis\u00f3dico<\/a>)<br \/>\n<strong>Ramen<\/strong>: Harina de arroz integral, harina de alforf\u00f3n, <a href=\"https:\/\/sentaiyuanbio.com\/es\/producto\/konjac-en-polvo\/\" target=\"_blank\" rel=\"noopener\">konjac en polvo<\/a>agua<br \/>\n<strong>Al\u00e9rgenos<\/strong>: Contiene trigo y sus derivados. Peso neto: 20g(Salsa)+50g(Ramen)<br \/>\n<strong>Caducidad<\/strong>: 14 meses<br \/>\n<strong>Almacenamiento<\/strong>: Gu\u00e1rdalo en un lugar fresco y seco. Mantener alejado de la luz fuerte y del calor. Mantener alejado de la luz fuerte y el calor. Una vez abierto, mantener refrigerado y consumir en 24 horas.<\/p>\n<h2>Caracter\u00edsticas de los fideos ramen Shirataki:<\/h2>\n<p>-sin gluten<br \/>\n-sin az\u00facar<br \/>\n-bajo en calor\u00edas<br \/>\n-bajo en carbohidratos<br \/>\n-bajo en sodio<br \/>\n-bajo en grasa, s\u00f3lo 1,71 gramos de grasa total por raci\u00f3n<br \/>\n-no OGM y consciente de los al\u00e9rgenos<br \/>\n-Dieta ecol\u00f3gica<br \/>\n-r\u00e1pido y f\u00e1cil<\/p>\n<p><strong>Informaci\u00f3n nutricional<\/strong><\/p>\n<table border=\"1\" cellspacing=\"1\">\n<tbody>\n<tr>\n<td width=\"284\"><b>Informaci\u00f3n nutricional<\/b><\/td>\n<td width=\"284\"><strong>Por raci\u00f3n<\/strong><\/td>\n<\/tr>\n<tr>\n<td width=\"284\"><b>Energ\u00eda<\/b><\/td>\n<td width=\"284\">214Kcal<\/td>\n<\/tr>\n<tr>\n<td width=\"284\"><b>Prote\u00edna<\/b><\/td>\n<td width=\"284\">4.83g<\/td>\n<\/tr>\n<tr>\n<td width=\"284\"><b>Grasa total<\/b><\/td>\n<td width=\"284\">1.71g<\/td>\n<\/tr>\n<tr>\n<td width=\"284\"><b>Carbohidratos totales<\/b><\/td>\n<td width=\"284\">44.23<\/td>\n<\/tr>\n<tr>\n<td width=\"284\"><b>Sodio<\/b><\/td>\n<td width=\"284\">554mg<\/td>\n<\/tr>\n<\/tbody>\n<\/table>\n<p><img fetchpriority=\"high\" decoding=\"async\" class=\"alignnone wp-image-2147 size-full\" src=\"https:\/\/sentaiyuanbio.com\/wp-content\/uploads\/2024\/07\/Miso-Konjac-ramen-0.jpg\" alt=\"Miso Konjac ramen\" width=\"750\" height=\"601\" srcset=\"https:\/\/sentaiyuanbio.com\/wp-content\/uploads\/2024\/07\/Miso-Konjac-ramen-0.jpg 750w, https:\/\/sentaiyuanbio.com\/wp-content\/uploads\/2024\/07\/Miso-Konjac-ramen-0-300x240.jpg 300w, https:\/\/sentaiyuanbio.com\/wp-content\/uploads\/2024\/07\/Miso-Konjac-ramen-0-600x481.jpg 600w\" sizes=\"(max-width: 750px) 100vw, 750px\" \/><img decoding=\"async\" class=\"alignnone wp-image-2145 size-full\" style=\"font-style: inherit; font-weight: 600;\" src=\"https:\/\/sentaiyuanbio.com\/wp-content\/uploads\/2024\/07\/Miso-Konjac-ramen-1.jpg\" alt=\"Miso Konjac ramen\" width=\"750\" height=\"656\" srcset=\"https:\/\/sentaiyuanbio.com\/wp-content\/uploads\/2024\/07\/Miso-Konjac-ramen-1.jpg 750w, https:\/\/sentaiyuanbio.com\/wp-content\/uploads\/2024\/07\/Miso-Konjac-ramen-1-300x262.jpg 300w, https:\/\/sentaiyuanbio.com\/wp-content\/uploads\/2024\/07\/Miso-Konjac-ramen-1-600x525.jpg 600w\" sizes=\"(max-width: 750px) 100vw, 750px\" \/><img decoding=\"async\" class=\"alignnone wp-image-2146 size-full\" src=\"https:\/\/sentaiyuanbio.com\/wp-content\/uploads\/2024\/07\/Miso-shirataki-ramen-noodles-2-1.jpg\" alt=\"Fideos ramen shirataki de miso\" width=\"750\" height=\"712\" srcset=\"https:\/\/sentaiyuanbio.com\/wp-content\/uploads\/2024\/07\/Miso-shirataki-ramen-noodles-2-1.jpg 750w, https:\/\/sentaiyuanbio.com\/wp-content\/uploads\/2024\/07\/Miso-shirataki-ramen-noodles-2-1-300x285.jpg 300w, https:\/\/sentaiyuanbio.com\/wp-content\/uploads\/2024\/07\/Miso-shirataki-ramen-noodles-2-1-600x570.jpg 600w\" sizes=\"(max-width: 750px) 100vw, 750px\" \/><img loading=\"lazy\" decoding=\"async\" class=\"alignnone wp-image-2149 size-full\" src=\"https:\/\/sentaiyuanbio.com\/wp-content\/uploads\/2024\/07\/Miso-Konjac-ramen-3.jpg\" alt=\"Miso Konjac ramen \" width=\"750\" height=\"619\" srcset=\"https:\/\/sentaiyuanbio.com\/wp-content\/uploads\/2024\/07\/Miso-Konjac-ramen-3.jpg 750w, https:\/\/sentaiyuanbio.com\/wp-content\/uploads\/2024\/07\/Miso-Konjac-ramen-3-300x248.jpg 300w, https:\/\/sentaiyuanbio.com\/wp-content\/uploads\/2024\/07\/Miso-Konjac-ramen-3-600x495.jpg 600w\" sizes=\"(max-width: 750px) 100vw, 750px\" \/><\/p>\n<p><img loading=\"lazy\" decoding=\"async\" class=\"alignnone wp-image-2150 size-full\" src=\"https:\/\/sentaiyuanbio.com\/wp-content\/uploads\/2024\/07\/Miso-shirataki-ramen-noodles-4-1.jpg\" alt=\"Fideos ramen shirataki de miso\" width=\"750\" height=\"664\" srcset=\"https:\/\/sentaiyuanbio.com\/wp-content\/uploads\/2024\/07\/Miso-shirataki-ramen-noodles-4-1.jpg 750w, https:\/\/sentaiyuanbio.com\/wp-content\/uploads\/2024\/07\/Miso-shirataki-ramen-noodles-4-1-300x266.jpg 300w, https:\/\/sentaiyuanbio.com\/wp-content\/uploads\/2024\/07\/Miso-shirataki-ramen-noodles-4-1-600x531.jpg 600w\" sizes=\"(max-width: 750px) 100vw, 750px\" \/><img loading=\"lazy\" decoding=\"async\" class=\"alignnone wp-image-2148 size-full\" src=\"https:\/\/sentaiyuanbio.com\/wp-content\/uploads\/2024\/07\/Miso-Konjac-ramen-5.jpg\" alt=\"Miso Konjac ramen\" width=\"750\" height=\"748\" srcset=\"https:\/\/sentaiyuanbio.com\/wp-content\/uploads\/2024\/07\/Miso-Konjac-ramen-5.jpg 750w, https:\/\/sentaiyuanbio.com\/wp-content\/uploads\/2024\/07\/Miso-Konjac-ramen-5-100x100.jpg 100w, https:\/\/sentaiyuanbio.com\/wp-content\/uploads\/2024\/07\/Miso-Konjac-ramen-5-300x300.jpg 300w, https:\/\/sentaiyuanbio.com\/wp-content\/uploads\/2024\/07\/Miso-Konjac-ramen-5-150x150.jpg 150w, https:\/\/sentaiyuanbio.com\/wp-content\/uploads\/2024\/07\/Miso-Konjac-ramen-5-600x598.jpg 600w\" sizes=\"(max-width: 750px) 100vw, 750px\" \/>f<\/p>","protected":false},"excerpt":{"rendered":"<p>Nuestros fideos ramen shirataki de miso son bajos en grasa, ricos en nutrientes, favorecen la digesti\u00f3n, f\u00e1ciles y r\u00e1pidos. Cada raci\u00f3n de ramen contiene 214 calor\u00edas, 4 g de prote\u00ednas y 44 g de hidratos de carbono.<\/p>","protected":false},"featured_media":4240,"template":"","meta":{"site-sidebar-layout":"default","site-content-layout":"","ast-site-content-layout":"default","site-content-style":"default","site-sidebar-style":"default","ast-global-header-display":"","ast-banner-title-visibility":"","ast-main-header-display":"","ast-hfb-above-header-display":"","ast-hfb-below-header-display":"","ast-hfb-mobile-header-display":"","site-post-title":"","ast-breadcrumbs-content":"","ast-featured-img":"","footer-sml-layout":"","ast-disable-related-posts":"","theme-transparent-header-meta":"default","adv-header-id-meta":"","stick-header-meta":"default","header-above-stick-meta":"","header-main-stick-meta":"","header-below-stick-meta":"","astra-migrate-meta-layouts":"set","ast-page-background-enabled":"default","ast-page-background-meta":{"desktop":{"background-color":"","background-image":"","background-repeat":"repeat","background-position":"center center","background-size":"auto","background-attachment":"scroll","background-type":"","background-media":"","overlay-type":"","overlay-color":"","overlay-opacity":"","overlay-gradient":""},"tablet":{"background-color":"","background-image":"","background-repeat":"repeat","background-position":"center center","background-size":"auto","background-attachment":"scroll","background-type":"","background-media":"","overlay-type":"","overlay-color":"","overlay-opacity":"","overlay-gradient":""},"mobile":{"background-color":"","background-image":"","background-repeat":"repeat","background-position":"center center","background-size":"auto","background-attachment":"scroll","background-type":"","background-media":"","overlay-type":"","overlay-color":"","overlay-opacity":"","overlay-gradient":""}},"ast-content-background-meta":{"desktop":{"background-color":"var(--ast-global-color-5)","background-image":"","background-repeat":"repeat","background-position":"center center","background-size":"auto","background-attachment":"scroll","background-type":"","background-media":"","overlay-type":"","overlay-color":"","overlay-opacity":"","overlay-gradient":""},"tablet":{"background-color":"var(--ast-global-color-5)","background-image":"","background-repeat":"repeat","background-position":"center center","background-size":"auto","background-attachment":"scroll","background-type":"","background-media":"","overlay-type":"","overlay-color":"","overlay-opacity":"","overlay-gradient":""},"mobile":{"background-color":"var(--ast-global-color-5)","background-image":"","background-repeat":"repeat","background-position":"center center","background-size":"auto","background-attachment":"scroll","background-type":"","background-media":"","overlay-type":"","overlay-color":"","overlay-opacity":"","overlay-gradient":""}}},"product_brand":[],"product_cat":[51],"product_tag":[40],"class_list":{"0":"post-2140","1":"product","2":"type-product","3":"status-publish","4":"has-post-thumbnail","6":"product_cat-konjac-ramen","7":"product_tag-konjac-cup-noodles","8":"desktop-align-left","9":"tablet-align-left","10":"mobile-align-left","11":"ast-product-gallery-layout-horizontal-slider","12":"ast-product-tabs-layout-horizontal","14":"first","15":"instock","16":"shipping-taxable","17":"product-type-simple"},"_links":{"self":[{"href":"https:\/\/sentaiyuanbio.com\/es\/wp-json\/wp\/v2\/product\/2140","targetHints":{"allow":["GET"]}}],"collection":[{"href":"https:\/\/sentaiyuanbio.com\/es\/wp-json\/wp\/v2\/product"}],"about":[{"href":"https:\/\/sentaiyuanbio.com\/es\/wp-json\/wp\/v2\/types\/product"}],"version-history":[{"count":0,"href":"https:\/\/sentaiyuanbio.com\/es\/wp-json\/wp\/v2\/product\/2140\/revisions"}],"wp:featuredmedia":[{"embeddable":true,"href":"https:\/\/sentaiyuanbio.com\/es\/wp-json\/wp\/v2\/media\/4240"}],"wp:attachment":[{"href":"https:\/\/sentaiyuanbio.com\/es\/wp-json\/wp\/v2\/media?parent=2140"}],"wp:term":[{"taxonomy":"product_brand","embeddable":true,"href":"https:\/\/sentaiyuanbio.com\/es\/wp-json\/wp\/v2\/product_brand?post=2140"},{"taxonomy":"product_cat","embeddable":true,"href":"https:\/\/sentaiyuanbio.com\/es\/wp-json\/wp\/v2\/product_cat?post=2140"},{"taxonomy":"product_tag","embeddable":true,"href":"https:\/\/sentaiyuanbio.com\/es\/wp-json\/wp\/v2\/product_tag?post=2140"}],"curies":[{"name":"wp","href":"https:\/\/api.w.org\/{rel}","templated":true}]}}