{"id":2162,"date":"2024-07-03T06:11:20","date_gmt":"2024-07-03T06:11:20","guid":{"rendered":"https:\/\/sentaiyuanbio.com\/?post_type=product&#038;p=2162"},"modified":"2025-02-27T02:24:13","modified_gmt":"2025-02-27T02:24:13","slug":"fideos-shirataki-ramen-kimchi","status":"publish","type":"product","link":"https:\/\/sentaiyuanbio.com\/es\/producto\/fideos-shirataki-ramen-kimchi\/","title":{"rendered":"Fideos Shirataki Ramen Sabor Kimchi Low Carb"},"content":{"rendered":"<h2>Fideos Shirataki Ramen Sabor Kimchi Ingredientes:<\/h2>\n<p><strong>Salsa<\/strong>: Agua, jarabe de glucosa, salsa de chile (pimienta, sal comestible), ajo, esencia comestible, aceite vegetal, az\u00facar blanco granulado, sal comestible, salsa de tomate, extracto de levadura, espesante (<a href=\"https:\/\/en.wikipedia.org\/wiki\/Acetylated_distarch_adipate\" target=\"_blank\" rel=\"noopener\">adipato de almid\u00f3n acetilado<\/a>), Especias, Potenciador del sabor (5'- nucle\u00f3tido dis\u00f3dico aromatizado), Regulador de la acidez (\u00e1cido c\u00edtrico).<br \/>\n<strong>Ramen<\/strong>: Harina de arroz integral, harina de alforf\u00f3n, <a href=\"https:\/\/sentaiyuanbio.com\/es\/producto\/konjac-en-polvo\/\" target=\"_blank\" rel=\"noopener\">harina de konjac<\/a>agua<br \/>\n<strong>Al\u00e9rgenos<\/strong>: Contiene trigo y sus derivados.<br \/>\n<strong>Peso neto<\/strong>: 20g(Salsa)+50g(Ramen)<br \/>\n<strong>Caducidad<\/strong>: 14 meses<br \/>\n<strong>Almacenamiento<\/strong>: Conservar en lugar fresco y seco. Mantener alejado de la luz fuerte y el calor. Mantener alejado de la luz fuerte y el calor. Una vez abierto, conservar refrigerado y consumir en 24 horas.<\/p>\n<h2>Fideos Shirataki Ramen Sabor Kimchi Caracter\u00edsticas:<\/h2>\n<p>-sin gluten<br \/>\n-sin az\u00facar<br \/>\n-bajo en calor\u00edas<br \/>\n-bajo en carbohidratos<br \/>\n-bajo en sodio<br \/>\n-bajo en grasa, s\u00f3lo 1,71 gramos de grasa total por raci\u00f3n<br \/>\n-no OGM y consciente de los al\u00e9rgenos<br \/>\n-Dieta ecol\u00f3gica<br \/>\n-r\u00e1pido y f\u00e1cil<\/p>\n<table border=\"1\" cellspacing=\"1\">\n<tbody>\n<tr>\n<td width=\"284\"><b>Informaci\u00f3n nutricional<\/b><\/td>\n<td width=\"284\"><b>Por raci\u00f3n<\/b><\/td>\n<\/tr>\n<tr>\n<td width=\"284\"><b>Energ\u00eda<\/b><\/td>\n<td width=\"284\">231Kcal<\/td>\n<\/tr>\n<tr>\n<td width=\"284\"><b>Prote\u00edna<\/b><\/td>\n<td width=\"284\">4.23g<\/td>\n<\/tr>\n<tr>\n<td width=\"284\"><b>Grasa total<\/b><\/td>\n<td width=\"284\">2.39g<\/td>\n<\/tr>\n<tr>\n<td width=\"284\"><b>Carbohidratos totales<\/b><\/td>\n<td width=\"284\">47.55g<\/td>\n<\/tr>\n<tr>\n<td width=\"284\"><b>Fibra diet\u00e9tica<\/b><\/td>\n<td width=\"284\">2g<\/td>\n<\/tr>\n<tr>\n<td width=\"284\"><b>Sodio<\/b><\/td>\n<td width=\"284\">644,2 mg<\/td>\n<\/tr>\n<\/tbody>\n<\/table>\n<p><img fetchpriority=\"high\" decoding=\"async\" class=\"alignnone wp-image-2197 size-full\" src=\"https:\/\/sentaiyuanbio.com\/wp-content\/uploads\/2024\/07\/shirataki-noodle-1.jpg\" alt=\"fideos shirataki \" width=\"750\" height=\"591\" srcset=\"https:\/\/sentaiyuanbio.com\/wp-content\/uploads\/2024\/07\/shirataki-noodle-1.jpg 750w, https:\/\/sentaiyuanbio.com\/wp-content\/uploads\/2024\/07\/shirataki-noodle-1-300x236.jpg 300w, https:\/\/sentaiyuanbio.com\/wp-content\/uploads\/2024\/07\/shirataki-noodle-1-600x473.jpg 600w\" sizes=\"(max-width: 750px) 100vw, 750px\" \/><img decoding=\"async\" class=\"alignnone wp-image-2198 size-full\" src=\"https:\/\/sentaiyuanbio.com\/wp-content\/uploads\/2024\/07\/shirataki-noodle-2.jpg\" alt=\"fideos shirataki \" width=\"750\" height=\"658\" srcset=\"https:\/\/sentaiyuanbio.com\/wp-content\/uploads\/2024\/07\/shirataki-noodle-2.jpg 750w, https:\/\/sentaiyuanbio.com\/wp-content\/uploads\/2024\/07\/shirataki-noodle-2-300x263.jpg 300w, https:\/\/sentaiyuanbio.com\/wp-content\/uploads\/2024\/07\/shirataki-noodle-2-600x526.jpg 600w\" sizes=\"(max-width: 750px) 100vw, 750px\" \/><img decoding=\"async\" class=\"alignnone wp-image-2199 size-full\" src=\"https:\/\/sentaiyuanbio.com\/wp-content\/uploads\/2024\/07\/shirataki-noodle-3.jpg\" alt=\"fideos shirataki \" width=\"750\" height=\"973\" srcset=\"https:\/\/sentaiyuanbio.com\/wp-content\/uploads\/2024\/07\/shirataki-noodle-3.jpg 750w, https:\/\/sentaiyuanbio.com\/wp-content\/uploads\/2024\/07\/shirataki-noodle-3-231x300.jpg 231w, https:\/\/sentaiyuanbio.com\/wp-content\/uploads\/2024\/07\/shirataki-noodle-3-462x600.jpg 462w, https:\/\/sentaiyuanbio.com\/wp-content\/uploads\/2024\/07\/shirataki-noodle-3-600x778.jpg 600w\" sizes=\"(max-width: 750px) 100vw, 750px\" \/><img loading=\"lazy\" decoding=\"async\" class=\"alignnone wp-image-2200 size-full\" src=\"https:\/\/sentaiyuanbio.com\/wp-content\/uploads\/2024\/07\/shirataki-noodle-4.jpg\" alt=\"fideos shirataki \" width=\"750\" height=\"684\" srcset=\"https:\/\/sentaiyuanbio.com\/wp-content\/uploads\/2024\/07\/shirataki-noodle-4.jpg 750w, https:\/\/sentaiyuanbio.com\/wp-content\/uploads\/2024\/07\/shirataki-noodle-4-300x274.jpg 300w, https:\/\/sentaiyuanbio.com\/wp-content\/uploads\/2024\/07\/shirataki-noodle-4-600x547.jpg 600w\" sizes=\"(max-width: 750px) 100vw, 750px\" \/><img loading=\"lazy\" decoding=\"async\" class=\"alignnone wp-image-2201 size-full\" src=\"https:\/\/sentaiyuanbio.com\/wp-content\/uploads\/2024\/07\/shirataki-noodle-5.jpg\" alt=\"fideos shirataki \" width=\"750\" height=\"634\" srcset=\"https:\/\/sentaiyuanbio.com\/wp-content\/uploads\/2024\/07\/shirataki-noodle-5.jpg 750w, https:\/\/sentaiyuanbio.com\/wp-content\/uploads\/2024\/07\/shirataki-noodle-5-300x254.jpg 300w, https:\/\/sentaiyuanbio.com\/wp-content\/uploads\/2024\/07\/shirataki-noodle-5-600x507.jpg 600w\" sizes=\"(max-width: 750px) 100vw, 750px\" \/><img loading=\"lazy\" decoding=\"async\" class=\"alignnone wp-image-2202 size-full\" src=\"https:\/\/sentaiyuanbio.com\/wp-content\/uploads\/2024\/07\/shirataki-noodle-6.jpg\" alt=\"fideos shirataki \" width=\"750\" height=\"660\" srcset=\"https:\/\/sentaiyuanbio.com\/wp-content\/uploads\/2024\/07\/shirataki-noodle-6.jpg 750w, https:\/\/sentaiyuanbio.com\/wp-content\/uploads\/2024\/07\/shirataki-noodle-6-300x264.jpg 300w, https:\/\/sentaiyuanbio.com\/wp-content\/uploads\/2024\/07\/shirataki-noodle-6-600x528.jpg 600w\" sizes=\"(max-width: 750px) 100vw, 750px\" \/><\/p>","protected":false},"excerpt":{"rendered":"<p>El ramen de fideos Shirataki sabor kimchi es bajo en grasas, rico en nutrientes, favorece la digesti\u00f3n y es una opci\u00f3n perfecta para un antojo saludable de una comida r\u00e1pida y sabrosa. Cada raci\u00f3n de ramen contiene 231 calor\u00edas, 4 g de prote\u00ednas y 47 g de hidratos de carbono.<\/p>","protected":false},"featured_media":4238,"template":"","meta":{"site-sidebar-layout":"default","site-content-layout":"","ast-site-content-layout":"default","site-content-style":"default","site-sidebar-style":"default","ast-global-header-display":"","ast-banner-title-visibility":"","ast-main-header-display":"","ast-hfb-above-header-display":"","ast-hfb-below-header-display":"","ast-hfb-mobile-header-display":"","site-post-title":"","ast-breadcrumbs-content":"","ast-featured-img":"","footer-sml-layout":"","ast-disable-related-posts":"","theme-transparent-header-meta":"default","adv-header-id-meta":"","stick-header-meta":"default","header-above-stick-meta":"","header-main-stick-meta":"","header-below-stick-meta":"","astra-migrate-meta-layouts":"set","ast-page-background-enabled":"default","ast-page-background-meta":{"desktop":{"background-color":"","background-image":"","background-repeat":"repeat","background-position":"center center","background-size":"auto","background-attachment":"scroll","background-type":"","background-media":"","overlay-type":"","overlay-color":"","overlay-opacity":"","overlay-gradient":""},"tablet":{"background-color":"","background-image":"","background-repeat":"repeat","background-position":"center center","background-size":"auto","background-attachment":"scroll","background-type":"","background-media":"","overlay-type":"","overlay-color":"","overlay-opacity":"","overlay-gradient":""},"mobile":{"background-color":"","background-image":"","background-repeat":"repeat","background-position":"center center","background-size":"auto","background-attachment":"scroll","background-type":"","background-media":"","overlay-type":"","overlay-color":"","overlay-opacity":"","overlay-gradient":""}},"ast-content-background-meta":{"desktop":{"background-color":"var(--ast-global-color-5)","background-image":"","background-repeat":"repeat","background-position":"center center","background-size":"auto","background-attachment":"scroll","background-type":"","background-media":"","overlay-type":"","overlay-color":"","overlay-opacity":"","overlay-gradient":""},"tablet":{"background-color":"var(--ast-global-color-5)","background-image":"","background-repeat":"repeat","background-position":"center center","background-size":"auto","background-attachment":"scroll","background-type":"","background-media":"","overlay-type":"","overlay-color":"","overlay-opacity":"","overlay-gradient":""},"mobile":{"background-color":"var(--ast-global-color-5)","background-image":"","background-repeat":"repeat","background-position":"center center","background-size":"auto","background-attachment":"scroll","background-type":"","background-media":"","overlay-type":"","overlay-color":"","overlay-opacity":"","overlay-gradient":""}}},"product_brand":[],"product_cat":[51],"product_tag":[40],"class_list":{"0":"post-2162","1":"product","2":"type-product","3":"status-publish","4":"has-post-thumbnail","6":"product_cat-konjac-ramen","7":"product_tag-konjac-cup-noodles","8":"desktop-align-left","9":"tablet-align-left","10":"mobile-align-left","11":"ast-product-gallery-layout-horizontal-slider","12":"ast-product-tabs-layout-horizontal","14":"first","15":"instock","16":"shipping-taxable","17":"product-type-simple"},"_links":{"self":[{"href":"https:\/\/sentaiyuanbio.com\/es\/wp-json\/wp\/v2\/product\/2162","targetHints":{"allow":["GET"]}}],"collection":[{"href":"https:\/\/sentaiyuanbio.com\/es\/wp-json\/wp\/v2\/product"}],"about":[{"href":"https:\/\/sentaiyuanbio.com\/es\/wp-json\/wp\/v2\/types\/product"}],"version-history":[{"count":0,"href":"https:\/\/sentaiyuanbio.com\/es\/wp-json\/wp\/v2\/product\/2162\/revisions"}],"wp:featuredmedia":[{"embeddable":true,"href":"https:\/\/sentaiyuanbio.com\/es\/wp-json\/wp\/v2\/media\/4238"}],"wp:attachment":[{"href":"https:\/\/sentaiyuanbio.com\/es\/wp-json\/wp\/v2\/media?parent=2162"}],"wp:term":[{"taxonomy":"product_brand","embeddable":true,"href":"https:\/\/sentaiyuanbio.com\/es\/wp-json\/wp\/v2\/product_brand?post=2162"},{"taxonomy":"product_cat","embeddable":true,"href":"https:\/\/sentaiyuanbio.com\/es\/wp-json\/wp\/v2\/product_cat?post=2162"},{"taxonomy":"product_tag","embeddable":true,"href":"https:\/\/sentaiyuanbio.com\/es\/wp-json\/wp\/v2\/product_tag?post=2162"}],"curies":[{"name":"wp","href":"https:\/\/api.w.org\/{rel}","templated":true}]}}