{"id":2167,"date":"2024-07-04T02:21:05","date_gmt":"2024-07-04T02:21:05","guid":{"rendered":"https:\/\/sentaiyuanbio.com\/?post_type=product&#038;p=2167"},"modified":"2025-02-27T02:23:03","modified_gmt":"2025-02-27T02:23:03","slug":"fideos-shirataki-ramen-sabor-curry-rojo","status":"publish","type":"product","link":"https:\/\/sentaiyuanbio.com\/es\/producto\/fideos-shirataki-ramen-sabor-curry-rojo\/","title":{"rendered":"Fideos Shirataki Ramen Sabor Curry Rojo"},"content":{"rendered":"<h2>Fideos Shirataki Ramen Sabor Curry Rojo Ingredientes:<\/h2>\n<p><strong>Salsa<\/strong>: Agua, Az\u00facar blanco, Aceite vegetal, Sal comestible, Cebolla, ajo, Curry en polvo, Jengibre, Pasta de tomate, Pimiento dulce rojo en polvo, Extracto de levadura, Pimienta en polvo, Especias (pimienta negra en polvo, cebolla en polvo), Esencia comestible, Disodio <a href=\"https:\/\/www.sciencedirect.com\/topics\/agricultural-and-biological-sciences\/ribonucleotide\" target=\"_blank\" rel=\"noopener\">5'-ribonucle\u00f3tido<\/a>, \u00c1cido c\u00edtrico.<br \/>\n<strong>Ramen<\/strong>: Harina de arroz integral, harina de alforf\u00f3n,<a href=\"https:\/\/sentaiyuanbio.com\/es\/producto\/konjac-en-polvo\/\" target=\"_blank\" rel=\"noopener\"> harina de konjac<\/a>agua.<br \/>\n<strong>Al\u00e9rgenos<\/strong>: Contiene trigo y sus derivados.<br \/>\n<strong>Peso neto<\/strong>: 20g(Salsa)+50g(Ramen)<br \/>\n<strong>Caducidad<\/strong>: 14 meses<br \/>\n<strong>Almacenamiento<\/strong>: Gu\u00e1rdalo en un lugar fresco y seco. Mantener alejado de la luz fuerte y del calor. Mantener alejado de la luz fuerte y el calor. Una vez abierto, mantener refrigerado y consumir en 24 horas.<\/p>\n<h2>Fideos Shirataki Ramen Sabor Curry Rojo Caracter\u00edsticas:<\/h2>\n<p>-sin gluten<br \/>\n-sin az\u00facar<br \/>\n-bajo en calor\u00edas<br \/>\n-bajo en carbohidratos<br \/>\n-bajo en sodio<br \/>\n-bajo en grasa, s\u00f3lo 1,71 gramos de grasa total por raci\u00f3n<br \/>\n-no OGM y consciente de los al\u00e9rgenos<br \/>\n-Dieta ecol\u00f3gica<br \/>\n-r\u00e1pido y f\u00e1cil<\/p>\n<table border=\"1\" cellspacing=\"1\">\n<tbody>\n<tr>\n<td width=\"284\"><b>Informaci\u00f3n nutricional<\/b><\/td>\n<td width=\"284\"><b>Por raci\u00f3n<\/b><\/td>\n<\/tr>\n<tr>\n<td width=\"284\"><b>Energ\u00eda<\/b><\/td>\n<td width=\"284\">235Kcal<\/td>\n<\/tr>\n<tr>\n<td width=\"284\"><b>Prote\u00edna<\/b><\/td>\n<td width=\"284\">4.17g<\/td>\n<\/tr>\n<tr>\n<td width=\"284\"><b>Grasa total<\/b><\/td>\n<td width=\"284\">3.53g<\/td>\n<\/tr>\n<tr>\n<td width=\"284\"><b>Carbohidratos totales<\/b><\/td>\n<td width=\"284\">46g<\/td>\n<\/tr>\n<tr>\n<td width=\"284\"><b>Fibra diet\u00e9tica<\/b><\/td>\n<td width=\"284\">2g<\/td>\n<\/tr>\n<tr>\n<td width=\"284\"><b>Sodio<\/b><\/td>\n<td width=\"284\">724mg<\/td>\n<\/tr>\n<\/tbody>\n<\/table>\n<p><img fetchpriority=\"high\" decoding=\"async\" class=\"alignnone wp-image-2183 size-full\" src=\"https:\/\/sentaiyuanbio.com\/wp-content\/uploads\/2024\/07\/Konjac-Noodles-Ramen-1.jpg\" alt=\"ramen shirataki\" width=\"750\" height=\"601\" srcset=\"https:\/\/sentaiyuanbio.com\/wp-content\/uploads\/2024\/07\/Konjac-Noodles-Ramen-1.jpg 750w, https:\/\/sentaiyuanbio.com\/wp-content\/uploads\/2024\/07\/Konjac-Noodles-Ramen-1-300x240.jpg 300w, https:\/\/sentaiyuanbio.com\/wp-content\/uploads\/2024\/07\/Konjac-Noodles-Ramen-1-600x481.jpg 600w\" sizes=\"(max-width: 750px) 100vw, 750px\" \/><img decoding=\"async\" class=\"alignnone wp-image-2184 size-full\" src=\"https:\/\/sentaiyuanbio.com\/wp-content\/uploads\/2024\/07\/Konjac-Noodles-Ramen-2.jpg\" alt=\"ramen shirataki\" width=\"750\" height=\"656\" srcset=\"https:\/\/sentaiyuanbio.com\/wp-content\/uploads\/2024\/07\/Konjac-Noodles-Ramen-2.jpg 750w, https:\/\/sentaiyuanbio.com\/wp-content\/uploads\/2024\/07\/Konjac-Noodles-Ramen-2-300x262.jpg 300w, https:\/\/sentaiyuanbio.com\/wp-content\/uploads\/2024\/07\/Konjac-Noodles-Ramen-2-600x525.jpg 600w\" sizes=\"(max-width: 750px) 100vw, 750px\" \/><img decoding=\"async\" class=\"alignnone wp-image-2185 size-full\" src=\"https:\/\/sentaiyuanbio.com\/wp-content\/uploads\/2024\/07\/Konjac-Noodles-Ramen-3.jpg\" alt=\"ramen shirataki\" width=\"750\" height=\"712\" srcset=\"https:\/\/sentaiyuanbio.com\/wp-content\/uploads\/2024\/07\/Konjac-Noodles-Ramen-3.jpg 750w, https:\/\/sentaiyuanbio.com\/wp-content\/uploads\/2024\/07\/Konjac-Noodles-Ramen-3-300x285.jpg 300w, https:\/\/sentaiyuanbio.com\/wp-content\/uploads\/2024\/07\/Konjac-Noodles-Ramen-3-600x570.jpg 600w\" sizes=\"(max-width: 750px) 100vw, 750px\" \/><img loading=\"lazy\" decoding=\"async\" class=\"alignnone wp-image-2186 size-full\" src=\"https:\/\/sentaiyuanbio.com\/wp-content\/uploads\/2024\/07\/Konjac-Noodles-Ramen-4.jpg\" alt=\"ramen shirataki\" width=\"750\" height=\"619\" srcset=\"https:\/\/sentaiyuanbio.com\/wp-content\/uploads\/2024\/07\/Konjac-Noodles-Ramen-4.jpg 750w, https:\/\/sentaiyuanbio.com\/wp-content\/uploads\/2024\/07\/Konjac-Noodles-Ramen-4-300x248.jpg 300w, https:\/\/sentaiyuanbio.com\/wp-content\/uploads\/2024\/07\/Konjac-Noodles-Ramen-4-600x495.jpg 600w\" sizes=\"(max-width: 750px) 100vw, 750px\" \/><img loading=\"lazy\" decoding=\"async\" class=\"alignnone wp-image-2187 size-full\" src=\"https:\/\/sentaiyuanbio.com\/wp-content\/uploads\/2024\/07\/Konjac-Noodles-Ramen-5.jpg\" alt=\"ramen shirataki\" width=\"750\" height=\"664\" srcset=\"https:\/\/sentaiyuanbio.com\/wp-content\/uploads\/2024\/07\/Konjac-Noodles-Ramen-5.jpg 750w, https:\/\/sentaiyuanbio.com\/wp-content\/uploads\/2024\/07\/Konjac-Noodles-Ramen-5-300x266.jpg 300w, https:\/\/sentaiyuanbio.com\/wp-content\/uploads\/2024\/07\/Konjac-Noodles-Ramen-5-600x531.jpg 600w\" sizes=\"(max-width: 750px) 100vw, 750px\" \/><img loading=\"lazy\" decoding=\"async\" class=\"alignnone wp-image-2188 size-full\" src=\"https:\/\/sentaiyuanbio.com\/wp-content\/uploads\/2024\/07\/Konjac-Noodles-Ramen-6.jpg\" alt=\"Ramen de fideos konjac\" width=\"750\" height=\"748\" srcset=\"https:\/\/sentaiyuanbio.com\/wp-content\/uploads\/2024\/07\/Konjac-Noodles-Ramen-6.jpg 750w, https:\/\/sentaiyuanbio.com\/wp-content\/uploads\/2024\/07\/Konjac-Noodles-Ramen-6-100x100.jpg 100w, https:\/\/sentaiyuanbio.com\/wp-content\/uploads\/2024\/07\/Konjac-Noodles-Ramen-6-300x300.jpg 300w, https:\/\/sentaiyuanbio.com\/wp-content\/uploads\/2024\/07\/Konjac-Noodles-Ramen-6-150x150.jpg 150w, https:\/\/sentaiyuanbio.com\/wp-content\/uploads\/2024\/07\/Konjac-Noodles-Ramen-6-600x598.jpg 600w\" sizes=\"(max-width: 750px) 100vw, 750px\" \/><\/p>","protected":false},"excerpt":{"rendered":"<p>Nuestros ramen de fideos shirataki sabor curry rojo son bajos en grasas, ricos en nutrientes y satisfacen las necesidades de los comensales que prestan atenci\u00f3n a la salud y al sabor. Cada raci\u00f3n de ramen contiene 235 calor\u00edas, 4 g de prote\u00ednas y 46 g de hidratos de carbono.<\/p>","protected":false},"featured_media":4237,"template":"","meta":{"site-sidebar-layout":"default","site-content-layout":"","ast-site-content-layout":"default","site-content-style":"default","site-sidebar-style":"default","ast-global-header-display":"","ast-banner-title-visibility":"","ast-main-header-display":"","ast-hfb-above-header-display":"","ast-hfb-below-header-display":"","ast-hfb-mobile-header-display":"","site-post-title":"","ast-breadcrumbs-content":"","ast-featured-img":"","footer-sml-layout":"","ast-disable-related-posts":"","theme-transparent-header-meta":"default","adv-header-id-meta":"","stick-header-meta":"default","header-above-stick-meta":"","header-main-stick-meta":"","header-below-stick-meta":"","astra-migrate-meta-layouts":"set","ast-page-background-enabled":"default","ast-page-background-meta":{"desktop":{"background-color":"","background-image":"","background-repeat":"repeat","background-position":"center center","background-size":"auto","background-attachment":"scroll","background-type":"","background-media":"","overlay-type":"","overlay-color":"","overlay-opacity":"","overlay-gradient":""},"tablet":{"background-color":"","background-image":"","background-repeat":"repeat","background-position":"center center","background-size":"auto","background-attachment":"scroll","background-type":"","background-media":"","overlay-type":"","overlay-color":"","overlay-opacity":"","overlay-gradient":""},"mobile":{"background-color":"","background-image":"","background-repeat":"repeat","background-position":"center center","background-size":"auto","background-attachment":"scroll","background-type":"","background-media":"","overlay-type":"","overlay-color":"","overlay-opacity":"","overlay-gradient":""}},"ast-content-background-meta":{"desktop":{"background-color":"var(--ast-global-color-5)","background-image":"","background-repeat":"repeat","background-position":"center center","background-size":"auto","background-attachment":"scroll","background-type":"","background-media":"","overlay-type":"","overlay-color":"","overlay-opacity":"","overlay-gradient":""},"tablet":{"background-color":"var(--ast-global-color-5)","background-image":"","background-repeat":"repeat","background-position":"center center","background-size":"auto","background-attachment":"scroll","background-type":"","background-media":"","overlay-type":"","overlay-color":"","overlay-opacity":"","overlay-gradient":""},"mobile":{"background-color":"var(--ast-global-color-5)","background-image":"","background-repeat":"repeat","background-position":"center center","background-size":"auto","background-attachment":"scroll","background-type":"","background-media":"","overlay-type":"","overlay-color":"","overlay-opacity":"","overlay-gradient":""}}},"product_brand":[],"product_cat":[51],"product_tag":[40],"class_list":{"0":"post-2167","1":"product","2":"type-product","3":"status-publish","4":"has-post-thumbnail","6":"product_cat-konjac-ramen","7":"product_tag-konjac-cup-noodles","8":"desktop-align-left","9":"tablet-align-left","10":"mobile-align-left","11":"ast-product-gallery-layout-horizontal-slider","12":"ast-product-tabs-layout-horizontal","14":"first","15":"instock","16":"shipping-taxable","17":"product-type-simple"},"_links":{"self":[{"href":"https:\/\/sentaiyuanbio.com\/es\/wp-json\/wp\/v2\/product\/2167","targetHints":{"allow":["GET"]}}],"collection":[{"href":"https:\/\/sentaiyuanbio.com\/es\/wp-json\/wp\/v2\/product"}],"about":[{"href":"https:\/\/sentaiyuanbio.com\/es\/wp-json\/wp\/v2\/types\/product"}],"version-history":[{"count":0,"href":"https:\/\/sentaiyuanbio.com\/es\/wp-json\/wp\/v2\/product\/2167\/revisions"}],"wp:featuredmedia":[{"embeddable":true,"href":"https:\/\/sentaiyuanbio.com\/es\/wp-json\/wp\/v2\/media\/4237"}],"wp:attachment":[{"href":"https:\/\/sentaiyuanbio.com\/es\/wp-json\/wp\/v2\/media?parent=2167"}],"wp:term":[{"taxonomy":"product_brand","embeddable":true,"href":"https:\/\/sentaiyuanbio.com\/es\/wp-json\/wp\/v2\/product_brand?post=2167"},{"taxonomy":"product_cat","embeddable":true,"href":"https:\/\/sentaiyuanbio.com\/es\/wp-json\/wp\/v2\/product_cat?post=2167"},{"taxonomy":"product_tag","embeddable":true,"href":"https:\/\/sentaiyuanbio.com\/es\/wp-json\/wp\/v2\/product_tag?post=2167"}],"curies":[{"name":"wp","href":"https:\/\/api.w.org\/{rel}","templated":true}]}}