{"id":2203,"date":"2024-07-05T03:43:48","date_gmt":"2024-07-05T03:43:48","guid":{"rendered":"https:\/\/sentaiyuanbio.com\/?post_type=product&#038;p=2203"},"modified":"2025-06-05T03:58:45","modified_gmt":"2025-06-05T03:58:45","slug":"konjac-jalea-melocoton-bebible","status":"publish","type":"product","link":"https:\/\/sentaiyuanbio.com\/es\/producto\/konjac-jalea-melocoton-bebible\/","title":{"rendered":"Konjac gelatina melocot\u00f3n bebible, Konnyaku gelatina"},"content":{"rendered":"<h2>1. Gelatina de konjac melocot\u00f3n bebible Ingredientes<\/h2>\n<p>Agua, zumo concentrado de melocot\u00f3n, eritritol, <a href=\"https:\/\/sentaiyuanbio.com\/es\/producto\/konjac-en-polvo\/\" target=\"_blank\" rel=\"noopener\">Polvo de konjac<\/a>, Carragenano, \u00c1cido c\u00edtrico, <a href=\"https:\/\/www.drugs.com\/potassium_chloride.html\" target=\"_blank\" rel=\"noopener\">Cloruro pot\u00e1sico<\/a>, <a href=\"https:\/\/www.healthline.com\/health\/potassium-sorbate\" target=\"_blank\" rel=\"noopener\">Sorbato pot\u00e1sico<\/a>y vitamina C.<\/p>\n<h2>2. Especificaciones de la jalea de konjac melocot\u00f3n bebible peso y tama\u00f1o<\/h2>\n<p>Tama\u00f1o del producto: personalizable<br \/>\nPeso neto: 150 g<br \/>\nPeso bruto: 155 g<br \/>\nTipo de envase: Bolsa de pie<\/p>\n<h2>3. Especificaciones f\u00edsicas del melocot\u00f3n de gelatina Konnyaku<\/h2>\n<p>Color: Rosa<br \/>\nSabor: Sabor a melocot\u00f3n<br \/>\nTextura: Suave y lisa<br \/>\nAspecto f\u00edsico: Gel semifluido<\/p>\n<h2>4. Caracter\u00edstica del producto<\/h2>\n<p>Tipo instant\u00e1neo\/Tipo precocinado Tipo instant\u00e1neo<br \/>\nSin gluten: S\u00ed<br \/>\nSin OMG: S\u00ed<br \/>\nNo al\u00e9rgeno: S\u00ed<br \/>\nSin aditivos: S\u00ed<br \/>\nEcol\u00f3gico disponible: No<\/p>\n<h2>5. Otras especificaciones<\/h2>\n<p>Caducidad: 18 meses<br \/>\nConservaci\u00f3n: Conservar en lugar fresco y seco. Se sirve mejor fr\u00edo. Refrig\u00e9ralo despu\u00e9s de abrirlo y cons\u00famelo en el plazo de 1 d\u00eda<\/p>\n<table border=\"1\" cellspacing=\"1\">\n<tbody>\n<tr>\n<td align=\"center\" width=\"284\"><b>Informaci\u00f3n nutricional<\/b><\/td>\n<td align=\"center\" width=\"284\"><b>Por 100 ml<\/b><\/td>\n<td align=\"center\" width=\"284\"><b>Por raci\u00f3n de 150 ml<\/b><\/td>\n<\/tr>\n<tr>\n<td align=\"center\" width=\"284\"><b>Energ\u00eda<\/b><\/td>\n<td align=\"center\" width=\"284\">3Kcal<\/td>\n<td align=\"center\" width=\"284\">4Kcal<\/td>\n<\/tr>\n<tr>\n<td align=\"center\" width=\"284\"><b>Prote\u00edna<\/b><\/td>\n<td align=\"center\" width=\"284\">\uff1c0.1g<\/td>\n<td align=\"center\" width=\"284\">\uff1c0.15g<\/td>\n<\/tr>\n<tr>\n<td align=\"center\" width=\"284\"><b>Grasa total<\/b><\/td>\n<td align=\"center\" width=\"284\">0g<\/td>\n<td align=\"center\" width=\"284\">0g<\/td>\n<\/tr>\n<tr>\n<td align=\"center\" width=\"284\"><b>Grasas trans<\/b><\/td>\n<td align=\"center\" width=\"284\">0g<\/td>\n<td align=\"center\" width=\"284\">0g<\/td>\n<\/tr>\n<tr>\n<td align=\"center\" width=\"284\"><b>Carbohidratos totales<\/b><\/td>\n<td align=\"center\" width=\"284\">0.8g<\/td>\n<td align=\"center\" width=\"284\">1g<\/td>\n<\/tr>\n<tr>\n<td align=\"center\" width=\"284\"><b>Fibra alimentaria<\/b><\/td>\n<td align=\"center\" width=\"284\">0g<\/td>\n<td align=\"center\" width=\"284\">0g<\/td>\n<\/tr>\n<tr>\n<td align=\"center\" width=\"284\"><b>Sodio<\/b><\/td>\n<td align=\"center\" width=\"284\">9,98 mg<\/td>\n<td align=\"center\" width=\"284\">15 mg<\/td>\n<\/tr>\n<tr>\n<td align=\"center\" width=\"284\"><b>Az\u00facar<\/b><\/td>\n<td align=\"center\" width=\"284\">0g<\/td>\n<td align=\"center\" width=\"284\">0g<\/td>\n<\/tr>\n<tr>\n<td align=\"center\" width=\"284\"><b>Vitamina C<\/b><\/td>\n<td align=\"center\" width=\"284\">215 mg<\/td>\n<td align=\"center\" width=\"284\">372 mg<\/td>\n<\/tr>\n<\/tbody>\n<\/table>\n<p><img fetchpriority=\"high\" decoding=\"async\" class=\"alignnone wp-image-3554 size-full\" src=\"https:\/\/sentaiyuanbio.com\/wp-content\/uploads\/2024\/07\/konnyaku-jelly-peach-1.webp\" alt=\"melocot\u00f3n de gelatina konnyaku\" width=\"750\" height=\"611\" srcset=\"https:\/\/sentaiyuanbio.com\/wp-content\/uploads\/2024\/07\/konnyaku-jelly-peach-1.webp 750w, https:\/\/sentaiyuanbio.com\/wp-content\/uploads\/2024\/07\/konnyaku-jelly-peach-1-300x244.webp 300w, https:\/\/sentaiyuanbio.com\/wp-content\/uploads\/2024\/07\/konnyaku-jelly-peach-1-600x489.webp 600w\" sizes=\"(max-width: 750px) 100vw, 750px\" \/><img decoding=\"async\" class=\"alignnone wp-image-3555 size-full\" src=\"https:\/\/sentaiyuanbio.com\/wp-content\/uploads\/2024\/07\/konnyaku-jelly-peach-2.webp\" alt=\"melocot\u00f3n de gelatina konnyaku\" width=\"750\" height=\"634\" srcset=\"https:\/\/sentaiyuanbio.com\/wp-content\/uploads\/2024\/07\/konnyaku-jelly-peach-2.webp 750w, https:\/\/sentaiyuanbio.com\/wp-content\/uploads\/2024\/07\/konnyaku-jelly-peach-2-300x254.webp 300w, https:\/\/sentaiyuanbio.com\/wp-content\/uploads\/2024\/07\/konnyaku-jelly-peach-2-600x507.webp 600w\" sizes=\"(max-width: 750px) 100vw, 750px\" \/><img decoding=\"async\" class=\"alignnone wp-image-3556 size-full\" src=\"https:\/\/sentaiyuanbio.com\/wp-content\/uploads\/2024\/07\/konnyaku-jelly-peach-3.webp\" alt=\"melocot\u00f3n de gelatina konnyaku\" width=\"750\" height=\"617\" srcset=\"https:\/\/sentaiyuanbio.com\/wp-content\/uploads\/2024\/07\/konnyaku-jelly-peach-3.webp 750w, https:\/\/sentaiyuanbio.com\/wp-content\/uploads\/2024\/07\/konnyaku-jelly-peach-3-300x247.webp 300w, https:\/\/sentaiyuanbio.com\/wp-content\/uploads\/2024\/07\/konnyaku-jelly-peach-3-600x494.webp 600w\" sizes=\"(max-width: 750px) 100vw, 750px\" \/><img loading=\"lazy\" decoding=\"async\" class=\"alignnone wp-image-3557 size-full\" src=\"https:\/\/sentaiyuanbio.com\/wp-content\/uploads\/2024\/07\/konnyaku-jelly-peach-4.webp\" alt=\"melocot\u00f3n de gelatina konnyaku\" width=\"750\" height=\"613\" srcset=\"https:\/\/sentaiyuanbio.com\/wp-content\/uploads\/2024\/07\/konnyaku-jelly-peach-4.webp 750w, https:\/\/sentaiyuanbio.com\/wp-content\/uploads\/2024\/07\/konnyaku-jelly-peach-4-300x245.webp 300w, https:\/\/sentaiyuanbio.com\/wp-content\/uploads\/2024\/07\/konnyaku-jelly-peach-4-600x490.webp 600w\" sizes=\"(max-width: 750px) 100vw, 750px\" \/><img loading=\"lazy\" decoding=\"async\" class=\"alignnone wp-image-3558 size-full\" src=\"https:\/\/sentaiyuanbio.com\/wp-content\/uploads\/2024\/07\/konnyaku-jelly-peach-5.webp\" alt=\"melocot\u00f3n de gelatina konnyaku\" width=\"750\" height=\"530\" srcset=\"https:\/\/sentaiyuanbio.com\/wp-content\/uploads\/2024\/07\/konnyaku-jelly-peach-5.webp 750w, https:\/\/sentaiyuanbio.com\/wp-content\/uploads\/2024\/07\/konnyaku-jelly-peach-5-300x212.webp 300w, https:\/\/sentaiyuanbio.com\/wp-content\/uploads\/2024\/07\/konnyaku-jelly-peach-5-600x424.webp 600w\" sizes=\"(max-width: 750px) 100vw, 750px\" \/><\/p>\n<h2>Informe de pruebas SGS<\/h2>\n<table border=\"1\" cellspacing=\"1\">\n<tbody>\n<tr>\n<td width=\"284\"><b>Prueba ltem(s)<\/b><\/td>\n<td width=\"284\">Unidad<\/td>\n<td width=\"284\">M\u00e9todo(s) de ensayo<\/td>\n<td width=\"284\">Resultado(s) de la prueba<br \/>\n002<\/td>\n<td width=\"284\">LOQ<\/td>\n<\/tr>\n<tr>\n<td width=\"284\"><b>Colesterol<\/b><\/td>\n<td width=\"284\">mg\/100 g<\/td>\n<td width=\"284\">AOAC 994.10<\/td>\n<td width=\"284\">ND<\/td>\n<td width=\"284\">1<\/td>\n<\/tr>\n<tr>\n<td width=\"284\"><b>Prote\u00edna<\/b><\/td>\n<td width=\"284\">%<\/td>\n<td width=\"284\">AOAC 2001.11<\/td>\n<td width=\"284\">&lt;0.1<\/td>\n<td width=\"284\">-<\/td>\n<\/tr>\n<tr>\n<td width=\"284\"><b>lron(Fe)<\/b><\/td>\n<td width=\"284\">mg\/100 g<\/td>\n<td width=\"284\">AOAC 984.27<\/td>\n<td width=\"284\">ND<\/td>\n<td width=\"284\">0.10<\/td>\n<\/tr>\n<tr>\n<td width=\"284\"><b>Potasio(K)<\/b><\/td>\n<td width=\"284\">mg\/100 g<\/td>\n<td width=\"284\">AOAC 984.27<\/td>\n<td width=\"284\">42.53<\/td>\n<td width=\"284\">0.10<\/td>\n<\/tr>\n<tr>\n<td width=\"284\"><b>Calcio(Ca)<\/b><\/td>\n<td width=\"284\">mg\/100 g<\/td>\n<td width=\"284\">AOAC 984.27<\/td>\n<td width=\"284\">10.66<\/td>\n<td width=\"284\">0.10<\/td>\n<\/tr>\n<tr>\n<td width=\"284\"><b>Sodio(Na)<\/b><\/td>\n<td width=\"284\">mg\/100 g<\/td>\n<td width=\"284\">AOAC 984.27<\/td>\n<td width=\"284\">9.98<\/td>\n<td width=\"284\">0.10<\/td>\n<\/tr>\n<tr>\n<td width=\"284\"><b>*Humedad<\/b><\/td>\n<td width=\"284\">%<\/td>\n<td width=\"284\">AOAC 930.04<\/td>\n<td width=\"284\">99.1<\/td>\n<td width=\"284\">-<\/td>\n<\/tr>\n<tr>\n<td width=\"284\"><b>*Ash<\/b><\/td>\n<td width=\"284\">g\/100 g<\/td>\n<td width=\"284\">AOAC 930.05<\/td>\n<td width=\"284\">0.15<\/td>\n<td width=\"284\">-<\/td>\n<\/tr>\n<tr>\n<td width=\"284\"><b>Fibra diet\u00e9tica<\/b><\/td>\n<td width=\"284\">g\/100 g<\/td>\n<td width=\"284\">AOAC 991.43<\/td>\n<td width=\"284\">0.3<\/td>\n<td width=\"284\">-<\/td>\n<\/tr>\n<tr>\n<td width=\"284\"><b>Grasa total<\/b><\/td>\n<td width=\"284\">g\/100 g<\/td>\n<td width=\"284\">AOAC 996.06<\/td>\n<td width=\"284\">ND<\/td>\n<td width=\"284\">0.01<\/td>\n<\/tr>\n<tr>\n<td width=\"284\"><b>Grasa saturada<\/b><\/td>\n<td width=\"284\">g\/100 g<\/td>\n<td width=\"284\">AOAC 996.06<\/td>\n<td width=\"284\">ND<\/td>\n<td width=\"284\">0.01<\/td>\n<\/tr>\n<tr>\n<td width=\"284\"><b>Grasas trans<\/b><\/td>\n<td width=\"284\">g\/100 g<\/td>\n<td width=\"284\">AOAC 996.06<\/td>\n<td width=\"284\">ND<\/td>\n<td width=\"284\">0.01<\/td>\n<\/tr>\n<tr>\n<td width=\"284\"><b>Fructosa<\/b><\/td>\n<td width=\"284\">g\/100 g<\/td>\n<td width=\"284\">AOAC 982.14<\/td>\n<td width=\"284\">ND<\/td>\n<td width=\"284\">0.4<\/td>\n<\/tr>\n<tr>\n<td width=\"284\"><b>Glucosa<\/b><\/td>\n<td width=\"284\">g\/100 g<\/td>\n<td width=\"284\">AOAC 982.14<\/td>\n<td width=\"284\">ND<\/td>\n<td width=\"284\">0.4<\/td>\n<\/tr>\n<tr>\n<td width=\"284\"><b>Sacarosa<\/b><\/td>\n<td width=\"284\">g\/100 g<\/td>\n<td width=\"284\">AOAC 982.14<\/td>\n<td width=\"284\">ND<\/td>\n<td width=\"284\">0.4<\/td>\n<\/tr>\n<tr>\n<td width=\"284\"><b>Maltosa<\/b><\/td>\n<td width=\"284\">g\/100 g<\/td>\n<td width=\"284\">AOAC 982.14<\/td>\n<td width=\"284\">ND<\/td>\n<td width=\"284\">0.4<\/td>\n<\/tr>\n<tr>\n<td width=\"284\"><b>Lactosa<\/b><\/td>\n<td width=\"284\">g\/100 g<\/td>\n<td width=\"284\">AOAC 982.14<\/td>\n<td width=\"284\">ND<\/td>\n<td width=\"284\">0.4<\/td>\n<\/tr>\n<tr>\n<td width=\"284\"><b>Total (Fructosa+ Glucosa+ Sacarosa+ Altosa+ Lactosa)<\/b><\/td>\n<td width=\"284\">g\/100 g<\/td>\n<td width=\"284\">AOAC 982.14<\/td>\n<td width=\"284\">ND<\/td>\n<td width=\"284\">-<\/td>\n<\/tr>\n<tr>\n<td width=\"284\"><b>Vitamina D2<\/b><\/td>\n<td width=\"284\">ug\/100 g<\/td>\n<td width=\"284\">BS EN 12821:2009<\/td>\n<td width=\"284\">ND<\/td>\n<td width=\"284\">2<\/td>\n<\/tr>\n<tr>\n<td width=\"284\"><b>Vitamina D3<\/b><\/td>\n<td width=\"284\">ug\/100 g<\/td>\n<td width=\"284\">BS EN 12821:2009<\/td>\n<td width=\"284\">ND<\/td>\n<td width=\"284\">2<\/td>\n<\/tr>\n<\/tbody>\n<\/table>\n<h3><a href=\"https:\/\/sentaiyuanbio.com\/wp-content\/uploads\/woocommerce_uploads\/2024\/07\/konjac-jelly-peach-drinkable-test-report-hpowjd.pdf\" target=\"_blank\" rel=\"noopener\">Descargar el informe de la prueba<\/a><\/h3>\n<h2>Conoce nuestra jalea de konjac melocot\u00f3n bebible<\/h2>\n<p><iframe title=\"Reproductor de v\u00eddeo de YouTube\" src=\"https:\/\/www.youtube.com\/embed\/PgaN83woKMI?si=ISVRFApHsIIuvBB5\" width=\"750\" height=\"508\" frameborder=\"0\" allowfullscreen=\"allowfullscreen\"><span data-mce-type=\"bookmark\" style=\"display: inline-block; width: 0px; overflow: hidden; line-height: 0;\" class=\"mce_SELRES_start\"><\/span><\/iframe><\/p>","protected":false},"excerpt":{"rendered":"<p>Este bebible de melocot\u00f3n con gelatina de konjac no contiene az\u00facar, grasa, 0 carbohidratos y s\u00f3lo 4 calor\u00edas por raci\u00f3n. C\u00f3modamente port\u00e1til, abre la tapa y s\u00edrvelo en cualquier momento y lugar. Para obtener el mejor sabor, col\u00f3calo en el frigor\u00edfico durante 1 hora antes de servirlo.<\/p>\n<div id=\"gtx-trans\" style=\"position: absolute; left: 240px; top: -3px;\">\n<div class=\"gtx-trans-icon\"><\/div>\n<\/div>","protected":false},"featured_media":4260,"template":"","meta":{"site-sidebar-layout":"default","site-content-layout":"","ast-site-content-layout":"default","site-content-style":"default","site-sidebar-style":"default","ast-global-header-display":"","ast-banner-title-visibility":"","ast-main-header-display":"","ast-hfb-above-header-display":"","ast-hfb-below-header-display":"","ast-hfb-mobile-header-display":"","site-post-title":"","ast-breadcrumbs-content":"","ast-featured-img":"","footer-sml-layout":"","ast-disable-related-posts":"","theme-transparent-header-meta":"default","adv-header-id-meta":"","stick-header-meta":"default","header-above-stick-meta":"","header-main-stick-meta":"","header-below-stick-meta":"","astra-migrate-meta-layouts":"set","ast-page-background-enabled":"default","ast-page-background-meta":{"desktop":{"background-color":"","background-image":"","background-repeat":"repeat","background-position":"center center","background-size":"auto","background-attachment":"scroll","background-type":"","background-media":"","overlay-type":"","overlay-color":"","overlay-opacity":"","overlay-gradient":""},"tablet":{"background-color":"","background-image":"","background-repeat":"repeat","background-position":"center center","background-size":"auto","background-attachment":"scroll","background-type":"","background-media":"","overlay-type":"","overlay-color":"","overlay-opacity":"","overlay-gradient":""},"mobile":{"background-color":"","background-image":"","background-repeat":"repeat","background-position":"center center","background-size":"auto","background-attachment":"scroll","background-type":"","background-media":"","overlay-type":"","overlay-color":"","overlay-opacity":"","overlay-gradient":""}},"ast-content-background-meta":{"desktop":{"background-color":"var(--ast-global-color-5)","background-image":"","background-repeat":"repeat","background-position":"center center","background-size":"auto","background-attachment":"scroll","background-type":"","background-media":"","overlay-type":"","overlay-color":"","overlay-opacity":"","overlay-gradient":""},"tablet":{"background-color":"var(--ast-global-color-5)","background-image":"","background-repeat":"repeat","background-position":"center center","background-size":"auto","background-attachment":"scroll","background-type":"","background-media":"","overlay-type":"","overlay-color":"","overlay-opacity":"","overlay-gradient":""},"mobile":{"background-color":"var(--ast-global-color-5)","background-image":"","background-repeat":"repeat","background-position":"center center","background-size":"auto","background-attachment":"scroll","background-type":"","background-media":"","overlay-type":"","overlay-color":"","overlay-opacity":"","overlay-gradient":""}}},"product_brand":[],"product_cat":[52],"product_tag":[53],"class_list":{"0":"post-2203","1":"product","2":"type-product","3":"status-publish","4":"has-post-thumbnail","6":"product_cat-konjac-powder-jelly","7":"product_tag-konjac-jelly-snack","8":"desktop-align-left","9":"tablet-align-left","10":"mobile-align-left","11":"ast-product-gallery-layout-horizontal-slider","12":"ast-product-tabs-layout-horizontal","14":"first","15":"instock","16":"downloadable","17":"shipping-taxable","18":"product-type-simple"},"_links":{"self":[{"href":"https:\/\/sentaiyuanbio.com\/es\/wp-json\/wp\/v2\/product\/2203","targetHints":{"allow":["GET"]}}],"collection":[{"href":"https:\/\/sentaiyuanbio.com\/es\/wp-json\/wp\/v2\/product"}],"about":[{"href":"https:\/\/sentaiyuanbio.com\/es\/wp-json\/wp\/v2\/types\/product"}],"version-history":[{"count":0,"href":"https:\/\/sentaiyuanbio.com\/es\/wp-json\/wp\/v2\/product\/2203\/revisions"}],"wp:featuredmedia":[{"embeddable":true,"href":"https:\/\/sentaiyuanbio.com\/es\/wp-json\/wp\/v2\/media\/4260"}],"wp:attachment":[{"href":"https:\/\/sentaiyuanbio.com\/es\/wp-json\/wp\/v2\/media?parent=2203"}],"wp:term":[{"taxonomy":"product_brand","embeddable":true,"href":"https:\/\/sentaiyuanbio.com\/es\/wp-json\/wp\/v2\/product_brand?post=2203"},{"taxonomy":"product_cat","embeddable":true,"href":"https:\/\/sentaiyuanbio.com\/es\/wp-json\/wp\/v2\/product_cat?post=2203"},{"taxonomy":"product_tag","embeddable":true,"href":"https:\/\/sentaiyuanbio.com\/es\/wp-json\/wp\/v2\/product_tag?post=2203"}],"curies":[{"name":"wp","href":"https:\/\/api.w.org\/{rel}","templated":true}]}}