{"id":2215,"date":"2024-07-05T07:26:29","date_gmt":"2024-07-05T07:26:29","guid":{"rendered":"https:\/\/sentaiyuanbio.com\/?post_type=product&#038;p=2215"},"modified":"2025-06-05T05:53:37","modified_gmt":"2025-06-05T05:53:37","slug":"gelatina-konjac-de-lichi","status":"publish","type":"product","link":"https:\/\/sentaiyuanbio.com\/es\/producto\/gelatina-konjac-de-lichi\/","title":{"rendered":"Jalea de konjac de lichi, P\u00e9ptido de col\u00e1geno de lichi"},"content":{"rendered":"<h2>1. Ingredientes de la gelatina de fruta konjac lichi<\/h2>\n<p>Agua, zumo concentrado de lichi, <a href=\"https:\/\/www.healthline.com\/nutrition\/erythritol\" target=\"_blank\" rel=\"noopener\">Eritritol<\/a>, <a href=\"https:\/\/sentaiyuanbio.com\/es\/producto\/konjac-en-polvo\/\" target=\"_blank\" rel=\"noopener\">Polvo de konjac<\/a>, Carragenano, \u00c1cido c\u00edtrico, <a href=\"https:\/\/www.webmd.com\/vitamins\/ai\/ingredientmono-1606\/collagen-peptides\" target=\"_blank\" rel=\"noopener\">P\u00e9ptido de col\u00e1geno<\/a>, Cloruro pot\u00e1sico, <a href=\"https:\/\/en.wikipedia.org\/wiki\/Potassium_sorbate\" target=\"_blank\" rel=\"noopener\">Sorbato pot\u00e1sico<\/a>, Vitamina C.<\/p>\n<h2>2. Especificaciones de la jalea de konjac de lichi peso y tama\u00f1o<\/h2>\n<p>Tama\u00f1o del producto: Personalizable<br \/>\nPeso neto: 150 g<br \/>\nPeso bruto: 155 g<br \/>\nTipo de envase: Bolsa de pie<\/p>\n<h2>3. Especificaciones f\u00edsicas de la jalea de konjac de lichi<\/h2>\n<p>Color: Color transparente<br \/>\nSabor: Sabor a lichi<br \/>\nTextura: Suave y lisa<br \/>\nAspecto f\u00edsico: Gel semifluido<\/p>\n<h2>4. Caracter\u00edstica del producto<\/h2>\n<p>Tipo instant\u00e1neo\/Tipo precocinado Tipo instant\u00e1neo<br \/>\nSin gluten: (S\u00ed\/No) S\u00ed<br \/>\nSin OMG: (S\u00ed\/No) S\u00ed<br \/>\nNing\u00fan al\u00e9rgeno: (S\u00ed\/No) S\u00ed<br \/>\nSin aditivos: (S\u00ed\/No) S\u00ed<br \/>\nOrg\u00e1nico disponible: (S\u00ed\/No) No<\/p>\n<h2>5. Otras especificaciones<\/h2>\n<p>Caducidad: 18 meses<br \/>\nConservaci\u00f3n: Conservar en un lugar fresco y seco. Se sirve mejor fr\u00edo. Refrig\u00e9relo despu\u00e9s de abrirlo y cons\u00famalo en el plazo de 1 d\u00eda.<\/p>\n<table border=\"1\" cellspacing=\"1\">\n<tbody>\n<tr>\n<td align=\"center\" width=\"284\">Informaci\u00f3n nutricional<\/td>\n<td align=\"center\" width=\"284\">Por 100 ml<\/td>\n<td align=\"center\" width=\"284\">Por raci\u00f3n de 150 ml<\/td>\n<\/tr>\n<tr>\n<td align=\"center\" width=\"284\">Energ\u00eda<\/td>\n<td align=\"center\" width=\"284\">6Kcal<\/td>\n<td align=\"center\" width=\"284\">7Kcal<\/td>\n<\/tr>\n<tr>\n<td align=\"center\" width=\"284\">Prote\u00edna<\/td>\n<td align=\"center\" width=\"284\">1.02g<\/td>\n<td align=\"center\" width=\"284\">2g<\/td>\n<\/tr>\n<tr>\n<td align=\"center\" width=\"284\">Grasa total<\/td>\n<td align=\"center\" width=\"284\">0g<\/td>\n<td align=\"center\" width=\"284\">0g<\/td>\n<\/tr>\n<tr>\n<td align=\"center\" width=\"284\">Grasas trans<\/td>\n<td align=\"center\" width=\"284\">0g<\/td>\n<td align=\"center\" width=\"284\">0g<\/td>\n<\/tr>\n<tr>\n<td align=\"center\" width=\"284\">Carbohidratos totales<\/td>\n<td align=\"center\" width=\"284\">0.7g<\/td>\n<td align=\"center\" width=\"284\">&lt;1g<\/td>\n<\/tr>\n<tr>\n<td align=\"center\" width=\"284\">Fibra alimentaria<\/td>\n<td align=\"center\" width=\"284\">0.3g<\/td>\n<td align=\"center\" width=\"284\">0.45g<\/td>\n<\/tr>\n<tr>\n<td align=\"center\" width=\"284\">Sodio<\/td>\n<td align=\"center\" width=\"284\">14mg<\/td>\n<td align=\"center\" width=\"284\">20 mg<\/td>\n<\/tr>\n<tr>\n<td align=\"center\" width=\"284\">Az\u00facar<\/td>\n<td align=\"center\" width=\"284\">0g<\/td>\n<td align=\"center\" width=\"284\">0g<\/td>\n<\/tr>\n<tr>\n<td align=\"center\" width=\"284\">Vitamina C<\/td>\n<td align=\"center\" width=\"284\">265mg<\/td>\n<td align=\"center\" width=\"284\">400mg<\/td>\n<\/tr>\n<\/tbody>\n<\/table>\n<p><img fetchpriority=\"high\" decoding=\"async\" class=\"alignnone wp-image-3612 size-full\" src=\"https:\/\/sentaiyuanbio.com\/wp-content\/uploads\/2024\/07\/Lychee-konjac-jelly5_5.webp\" alt=\"Jalea de konjac de lichi\" width=\"750\" height=\"530\" srcset=\"https:\/\/sentaiyuanbio.com\/wp-content\/uploads\/2024\/07\/Lychee-konjac-jelly5_5.webp 750w, https:\/\/sentaiyuanbio.com\/wp-content\/uploads\/2024\/07\/Lychee-konjac-jelly5_5-300x212.webp 300w, https:\/\/sentaiyuanbio.com\/wp-content\/uploads\/2024\/07\/Lychee-konjac-jelly5_5-600x424.webp 600w\" sizes=\"(max-width: 750px) 100vw, 750px\" \/> <img decoding=\"async\" class=\"alignnone wp-image-3611 size-full\" src=\"https:\/\/sentaiyuanbio.com\/wp-content\/uploads\/2024\/07\/Lychee-konjac-jelly4_4.webp\" alt=\"Jalea de konjac de lichi\" width=\"750\" height=\"613\" srcset=\"https:\/\/sentaiyuanbio.com\/wp-content\/uploads\/2024\/07\/Lychee-konjac-jelly4_4.webp 750w, https:\/\/sentaiyuanbio.com\/wp-content\/uploads\/2024\/07\/Lychee-konjac-jelly4_4-300x245.webp 300w, https:\/\/sentaiyuanbio.com\/wp-content\/uploads\/2024\/07\/Lychee-konjac-jelly4_4-600x490.webp 600w\" sizes=\"(max-width: 750px) 100vw, 750px\" \/> <img decoding=\"async\" class=\"alignnone wp-image-3610 size-full\" src=\"https:\/\/sentaiyuanbio.com\/wp-content\/uploads\/2024\/07\/Lychee-konjac-jelly3_3.webp\" alt=\"Jalea de konjac de lichi\" width=\"750\" height=\"619\" srcset=\"https:\/\/sentaiyuanbio.com\/wp-content\/uploads\/2024\/07\/Lychee-konjac-jelly3_3.webp 750w, https:\/\/sentaiyuanbio.com\/wp-content\/uploads\/2024\/07\/Lychee-konjac-jelly3_3-300x248.webp 300w, https:\/\/sentaiyuanbio.com\/wp-content\/uploads\/2024\/07\/Lychee-konjac-jelly3_3-600x495.webp 600w\" sizes=\"(max-width: 750px) 100vw, 750px\" \/> <img loading=\"lazy\" decoding=\"async\" class=\"alignnone wp-image-3608 size-full\" src=\"https:\/\/sentaiyuanbio.com\/wp-content\/uploads\/2024\/07\/Lychee-konjac-jelly1_1.webp\" alt=\"Jalea de konjac de lichi\" width=\"750\" height=\"612\" srcset=\"https:\/\/sentaiyuanbio.com\/wp-content\/uploads\/2024\/07\/Lychee-konjac-jelly1_1.webp 750w, https:\/\/sentaiyuanbio.com\/wp-content\/uploads\/2024\/07\/Lychee-konjac-jelly1_1-300x245.webp 300w, https:\/\/sentaiyuanbio.com\/wp-content\/uploads\/2024\/07\/Lychee-konjac-jelly1_1-600x490.webp 600w\" sizes=\"(max-width: 750px) 100vw, 750px\" \/> <img loading=\"lazy\" decoding=\"async\" class=\"alignnone wp-image-3609 size-full\" src=\"https:\/\/sentaiyuanbio.com\/wp-content\/uploads\/2024\/07\/Lychee-konjac-jelly2_2.webp\" alt=\"Jalea de konjac de lichi\" width=\"750\" height=\"631\" srcset=\"https:\/\/sentaiyuanbio.com\/wp-content\/uploads\/2024\/07\/Lychee-konjac-jelly2_2.webp 750w, https:\/\/sentaiyuanbio.com\/wp-content\/uploads\/2024\/07\/Lychee-konjac-jelly2_2-300x252.webp 300w, https:\/\/sentaiyuanbio.com\/wp-content\/uploads\/2024\/07\/Lychee-konjac-jelly2_2-600x505.webp 600w\" sizes=\"(max-width: 750px) 100vw, 750px\" \/><\/p>\n<h2>Informe de la prueba del p\u00e9ptido de col\u00e1geno<\/h2>\n<table border=\"1\" cellspacing=\"1\">\n<tbody>\n<tr>\n<td width=\"284\"><b>Prueba ltem(s)<\/b><\/td>\n<td width=\"284\">Unidad<\/td>\n<td width=\"284\">M\u00e9todo(s) de ensayo<\/td>\n<td width=\"284\">Resultado(s) de la prueba<br \/>\n003<\/td>\n<td width=\"284\">LOQ<\/td>\n<\/tr>\n<tr>\n<td width=\"284\"><b>Colesterol<\/b><\/td>\n<td width=\"284\">mg\/100 g<\/td>\n<td width=\"284\">AOAC 994.10<\/td>\n<td width=\"284\">ND<\/td>\n<td width=\"284\">1<\/td>\n<\/tr>\n<tr>\n<td width=\"284\"><b>Prote\u00edna<\/b><\/td>\n<td width=\"284\">%<\/td>\n<td width=\"284\">AOAC 2001.11<\/td>\n<td width=\"284\">2<\/td>\n<td width=\"284\">-<\/td>\n<\/tr>\n<tr>\n<td width=\"284\"><b>lron(Fe)<\/b><\/td>\n<td width=\"284\">mg\/100 g<\/td>\n<td width=\"284\">AOAC 984.27<\/td>\n<td width=\"284\">ND<\/td>\n<td width=\"284\">0.10<\/td>\n<\/tr>\n<tr>\n<td width=\"284\"><b>Potasio(K)<\/b><\/td>\n<td width=\"284\">mg\/100 g<\/td>\n<td width=\"284\">AOAC 984.27<\/td>\n<td width=\"284\">41.98<\/td>\n<td width=\"284\">0.10<\/td>\n<\/tr>\n<tr>\n<td width=\"284\"><b>Calcio(Ca)<\/b><\/td>\n<td width=\"284\">mg\/100 g<\/td>\n<td width=\"284\">AOAC 984.27<\/td>\n<td width=\"284\">12.89<\/td>\n<td width=\"284\">0.10<\/td>\n<\/tr>\n<tr>\n<td width=\"284\"><b>Sodio(Na)<\/b><\/td>\n<td width=\"284\">mg\/100 g<\/td>\n<td width=\"284\">AOAC 984.27<\/td>\n<td width=\"284\">14.20<\/td>\n<td width=\"284\">0.10<\/td>\n<\/tr>\n<tr>\n<td width=\"284\"><b>*Humedad<\/b><\/td>\n<td width=\"284\">%<\/td>\n<td width=\"284\">AOAC 930.04<\/td>\n<td width=\"284\">98.1<\/td>\n<td width=\"284\">-<\/td>\n<\/tr>\n<tr>\n<td width=\"284\"><b>*Ash<\/b><\/td>\n<td width=\"284\">g\/100 g<\/td>\n<td width=\"284\">AOAC 930.05<\/td>\n<td width=\"284\">0.20<\/td>\n<td width=\"284\">-<\/td>\n<\/tr>\n<tr>\n<td width=\"284\"><b>Fibra diet\u00e9tica<\/b><\/td>\n<td width=\"284\">g\/100 g<\/td>\n<td width=\"284\">AOAC 991.43<\/td>\n<td width=\"284\">0.3<\/td>\n<td width=\"284\">-<\/td>\n<\/tr>\n<tr>\n<td width=\"284\"><b>Grasa total<\/b><\/td>\n<td width=\"284\">g\/100 g<\/td>\n<td width=\"284\">AOAC 996.06<\/td>\n<td width=\"284\">ND<\/td>\n<td width=\"284\">0.01<\/td>\n<\/tr>\n<tr>\n<td width=\"284\"><b>Grasa saturada<\/b><\/td>\n<td width=\"284\">g\/100 g<\/td>\n<td width=\"284\">AOAC 996.06<\/td>\n<td width=\"284\">ND<\/td>\n<td width=\"284\">0.01<\/td>\n<\/tr>\n<tr>\n<td width=\"284\"><b>Grasas trans<\/b><\/td>\n<td width=\"284\">g\/100 g<\/td>\n<td width=\"284\">AOAC 996.06<\/td>\n<td width=\"284\">ND<\/td>\n<td width=\"284\">0.01<\/td>\n<\/tr>\n<tr>\n<td width=\"284\"><b>Fructosa<\/b><\/td>\n<td width=\"284\">g\/100 g<\/td>\n<td width=\"284\">AOAC 982.14<\/td>\n<td width=\"284\">ND<\/td>\n<td width=\"284\">0.4<\/td>\n<\/tr>\n<tr>\n<td width=\"284\"><b>Glucosa<\/b><\/td>\n<td width=\"284\">g\/100 g<\/td>\n<td width=\"284\">AOAC 982.14<\/td>\n<td width=\"284\">ND<\/td>\n<td width=\"284\">0.4<\/td>\n<\/tr>\n<tr>\n<td width=\"284\"><b>Sacarosa<\/b><\/td>\n<td width=\"284\">g\/100 g<\/td>\n<td width=\"284\">AOAC 982.14<\/td>\n<td width=\"284\">ND<\/td>\n<td width=\"284\">0.4<\/td>\n<\/tr>\n<tr>\n<td width=\"284\"><b>Maltosa<\/b><\/td>\n<td width=\"284\">g\/100 g<\/td>\n<td width=\"284\">AOAC 982.14<\/td>\n<td width=\"284\">ND<\/td>\n<td width=\"284\">0.4<\/td>\n<\/tr>\n<tr>\n<td width=\"284\"><b>Lactosa<\/b><\/td>\n<td width=\"284\">g\/100 g<\/td>\n<td width=\"284\">AOAC 982.14<\/td>\n<td width=\"284\">ND<\/td>\n<td width=\"284\">0.4<\/td>\n<\/tr>\n<tr>\n<td width=\"284\"><b>Total (Fructosa+ Glucosa+ Sacarosa+ Altosa+ Lactosa)<\/b><\/td>\n<td width=\"284\">g\/100 g<\/td>\n<td width=\"284\">AOAC 982.14<\/td>\n<td width=\"284\">ND<\/td>\n<td width=\"284\">-<\/td>\n<\/tr>\n<tr>\n<td width=\"284\"><b>Vitamina D2<\/b><\/td>\n<td width=\"284\">ug\/100 g<\/td>\n<td width=\"284\">BS EN 12821:2009<\/td>\n<td width=\"284\">ND<\/td>\n<td width=\"284\">2<\/td>\n<\/tr>\n<tr>\n<td width=\"284\"><b>Vitamina D3<\/b><\/td>\n<td width=\"284\">ug\/100 g<\/td>\n<td width=\"284\">BS EN 12821:2009<\/td>\n<td width=\"284\">ND<\/td>\n<td width=\"284\">2<\/td>\n<\/tr>\n<\/tbody>\n<\/table>\n<p><b><a href=\"https:\/\/sentaiyuanbio.com\/wp-content\/uploads\/woocommerce_uploads\/2024\/07\/Lychee-konjac-jelly-collagen-peptide-test-report-uedz2b.pdf\" target=\"_blank\" rel=\"noopener\">Descargar el informe de la prueba<\/a><\/b><\/p>\n<h2>Conozca la jalea de fruta konjac lichi<\/h2>\n<p><iframe title=\"Reproductor de v\u00eddeo de YouTube\" src=\"https:\/\/www.youtube.com\/embed\/RIUXfeX4Whs?si=_IraB2FK_cjp7mem\" width=\"750\" height=\"500\" frameborder=\"0\" allowfullscreen=\"allowfullscreen\"><\/iframe><\/p>","protected":false},"excerpt":{"rendered":"<p>Esta gelatina de konjac y lichi est\u00e1 elaborada con extracto de lichi y polvo de konjac. Es 0 az\u00facar, baja en calor\u00edas, rica en p\u00e9ptidos de col\u00e1geno y vitamina C, y contiene s\u00f3lo 6 calor\u00edas por bolsa. Envasada en una bolsa con pico, esta gelatina es f\u00e1cil de transportar y le garantiza poder disfrutarla en cualquier momento y lugar.<\/p>","protected":false},"featured_media":4267,"template":"","meta":{"site-sidebar-layout":"default","site-content-layout":"","ast-site-content-layout":"default","site-content-style":"default","site-sidebar-style":"default","ast-global-header-display":"","ast-banner-title-visibility":"","ast-main-header-display":"","ast-hfb-above-header-display":"","ast-hfb-below-header-display":"","ast-hfb-mobile-header-display":"","site-post-title":"","ast-breadcrumbs-content":"","ast-featured-img":"","footer-sml-layout":"","ast-disable-related-posts":"","theme-transparent-header-meta":"default","adv-header-id-meta":"","stick-header-meta":"default","header-above-stick-meta":"","header-main-stick-meta":"","header-below-stick-meta":"","astra-migrate-meta-layouts":"set","ast-page-background-enabled":"default","ast-page-background-meta":{"desktop":{"background-color":"","background-image":"","background-repeat":"repeat","background-position":"center center","background-size":"auto","background-attachment":"scroll","background-type":"","background-media":"","overlay-type":"","overlay-color":"","overlay-opacity":"","overlay-gradient":""},"tablet":{"background-color":"","background-image":"","background-repeat":"repeat","background-position":"center center","background-size":"auto","background-attachment":"scroll","background-type":"","background-media":"","overlay-type":"","overlay-color":"","overlay-opacity":"","overlay-gradient":""},"mobile":{"background-color":"","background-image":"","background-repeat":"repeat","background-position":"center center","background-size":"auto","background-attachment":"scroll","background-type":"","background-media":"","overlay-type":"","overlay-color":"","overlay-opacity":"","overlay-gradient":""}},"ast-content-background-meta":{"desktop":{"background-color":"var(--ast-global-color-5)","background-image":"","background-repeat":"repeat","background-position":"center center","background-size":"auto","background-attachment":"scroll","background-type":"","background-media":"","overlay-type":"","overlay-color":"","overlay-opacity":"","overlay-gradient":""},"tablet":{"background-color":"var(--ast-global-color-5)","background-image":"","background-repeat":"repeat","background-position":"center center","background-size":"auto","background-attachment":"scroll","background-type":"","background-media":"","overlay-type":"","overlay-color":"","overlay-opacity":"","overlay-gradient":""},"mobile":{"background-color":"var(--ast-global-color-5)","background-image":"","background-repeat":"repeat","background-position":"center center","background-size":"auto","background-attachment":"scroll","background-type":"","background-media":"","overlay-type":"","overlay-color":"","overlay-opacity":"","overlay-gradient":""}}},"product_brand":[],"product_cat":[52],"product_tag":[53],"class_list":{"0":"post-2215","1":"product","2":"type-product","3":"status-publish","4":"has-post-thumbnail","6":"product_cat-konjac-powder-jelly","7":"product_tag-konjac-jelly-snack","8":"desktop-align-left","9":"tablet-align-left","10":"mobile-align-left","11":"ast-product-gallery-layout-horizontal-slider","12":"ast-product-tabs-layout-horizontal","14":"first","15":"instock","16":"downloadable","17":"shipping-taxable","18":"product-type-simple"},"_links":{"self":[{"href":"https:\/\/sentaiyuanbio.com\/es\/wp-json\/wp\/v2\/product\/2215","targetHints":{"allow":["GET"]}}],"collection":[{"href":"https:\/\/sentaiyuanbio.com\/es\/wp-json\/wp\/v2\/product"}],"about":[{"href":"https:\/\/sentaiyuanbio.com\/es\/wp-json\/wp\/v2\/types\/product"}],"version-history":[{"count":0,"href":"https:\/\/sentaiyuanbio.com\/es\/wp-json\/wp\/v2\/product\/2215\/revisions"}],"wp:featuredmedia":[{"embeddable":true,"href":"https:\/\/sentaiyuanbio.com\/es\/wp-json\/wp\/v2\/media\/4267"}],"wp:attachment":[{"href":"https:\/\/sentaiyuanbio.com\/es\/wp-json\/wp\/v2\/media?parent=2215"}],"wp:term":[{"taxonomy":"product_brand","embeddable":true,"href":"https:\/\/sentaiyuanbio.com\/es\/wp-json\/wp\/v2\/product_brand?post=2215"},{"taxonomy":"product_cat","embeddable":true,"href":"https:\/\/sentaiyuanbio.com\/es\/wp-json\/wp\/v2\/product_cat?post=2215"},{"taxonomy":"product_tag","embeddable":true,"href":"https:\/\/sentaiyuanbio.com\/es\/wp-json\/wp\/v2\/product_tag?post=2215"}],"curies":[{"name":"wp","href":"https:\/\/api.w.org\/{rel}","templated":true}]}}