{"id":2233,"date":"2024-07-08T07:51:22","date_gmt":"2024-07-08T07:51:22","guid":{"rendered":"https:\/\/sentaiyuanbio.com\/?post_type=product&#038;p=2233"},"modified":"2025-06-05T05:41:12","modified_gmt":"2025-06-05T05:41:12","slug":"gelatina-de-konjac-sabor-colageno-naranja","status":"publish","type":"product","link":"https:\/\/sentaiyuanbio.com\/es\/producto\/gelatina-de-konjac-sabor-colageno-naranja\/","title":{"rendered":"Jalea de Konjac Sabor Col\u00e1geno Naranja"},"content":{"rendered":"<p>Disfrute del dulce sabor a col\u00e1geno naranja de la gelatina konjac de naranja envasada en bolsitas stand-up. Con una textura suave y que se deshace en la boca, \u00a1estas gelatinas deleitar\u00e1n sin duda su estado de \u00e1nimo durante todo el d\u00eda!<\/p>\n<h2>1. Ingredientes de la jalea de konjac de naranja<\/h2>\n<p>Agua, zumo concentrado de naranja, <a href=\"https:\/\/www.healthline.com\/nutrition\/erythritol\" target=\"_blank\" rel=\"noopener\">Eritritol<\/a>, <a href=\"https:\/\/sentaiyuanbio.com\/es\/producto\/konjac-en-polvo\/\" target=\"_blank\" rel=\"noopener\">Polvo de konjac<\/a>, Carragenano, \u00c1cido c\u00edtrico, <a href=\"https:\/\/www.drugs.com\/potassium_chloride.html\" target=\"_blank\" rel=\"noopener\">Cloruro pot\u00e1sico<\/a>, sorbato pot\u00e1sico, vitamina C y p\u00e9ptido de col\u00e1geno.<\/p>\n<h2>2. Especificaciones de la jalea de konjac naranja peso y tama\u00f1o<\/h2>\n<p>Tama\u00f1o del producto: a medida<br \/>\nPeso neto: 150 g<br \/>\nPeso bruto: 155 g<br \/>\nTipo de envase: Bolsa de pie<\/p>\n<h2>3. Especificaciones f\u00edsicas de la naranja gelatinosa Konnyaku<\/h2>\n<p>Color: amarillo<br \/>\nSabor: Sabor a naranja<br \/>\nTextura: Suave y lisa<br \/>\nAspecto f\u00edsico: Gel semifluido<\/p>\n<h2>4. Caracter\u00edstica del producto<\/h2>\n<p><strong>\u00a0Textura gelatinosa<\/strong>: La inclusi\u00f3n de <a href=\"https:\/\/sentaiyuanbio.com\/es\/categoria-producto\/fibra-alimentaria-konjac\/\" target=\"_blank\" rel=\"noopener\">fibra alimentaria konjac<\/a>, producido a partir de la ra\u00edz de la planta konjac, contribuye a su textura gelatinosa. Tiene una textura un poco chiclosa y rebozante, lo que la convierte en una bebida agradable e inusual de tomar.<\/p>\n<p><strong>Bajo en calor\u00edas<\/strong>: Se anuncia con frecuencia como una bebida baja en calor\u00edas. Se utiliza mucho como alternativa a las bebidas con alto contenido cal\u00f3rico, como los refrescos y los zumos de frutas. Esta caracter\u00edstica la hace ideal para las personas precavidas con su consumo de calor\u00edas.<\/p>\n<p><strong>Contenido en fibra alimentaria<\/strong>: Tiene un alto contenido en fibra diet\u00e9tica, en particular en fibra soluble conocida como glucomanano, que procede de la planta konjac. El glucomanano es reconocido por su capacidad de absorber agua y producir un material gelatinoso en el sistema digestivo, que favorece la sensaci\u00f3n de saciedad y puede ayudar a controlar el peso.<\/p>\n<p><strong>Posibles ventajas para la salud<\/strong>: La jalea de konjac se asocia con frecuencia a una serie de beneficios para la salud. Debido a su alto contenido en fibra, puede ayudar a regular los niveles de az\u00facar en sangre, facilitar la digesti\u00f3n y favorecer los movimientos intestinales regulares. Adem\u00e1s, se cree que mejora los niveles de colesterol al reducir <a href=\"https:\/\/medlineplus.gov\/ldlthebadcholesterol.html\" target=\"_blank\" rel=\"noopener\">Colesterol LDL (malo)<\/a>.<\/p>\n<p><strong>Bajo en grasa y az\u00facar<\/strong>: En general, tiene un bajo contenido en grasa y az\u00facar. Esto puede ser beneficioso para las personas que siguen una dieta baja en grasas o az\u00facares o para las que pretenden reducir su ingesta total de az\u00facares.<\/p>\n<p><strong>Variaciones de sabor<\/strong>: Est\u00e1 disponible en varios sabores, incluyendo alternativas deliciosas como uva, manzana y melocot\u00f3n, as\u00ed como otras m\u00e1s ex\u00f3ticas como t\u00e9 verde o aloe vera. Este variado surtido de sabores permite a los clientes seleccionar su gusto preferido.<\/p>\n<p><strong>Apto para vegetarianos y veganos<\/strong>: Dado que suele crearse con componentes de origen vegetal, es ideal para las personas que siguen dietas vegetarianas o veganas. Sin embargo, es fundamental revisar el contenido exacto del producto para verificar que es compatible con sus requisitos diet\u00e9ticos.<\/p>\n<p><strong>Refrescante e hidratante<\/strong>: Se utiliza habitualmente como bebida refrescante e hidratante. Puede servirse fr\u00edo y saborearse como bebida refrescante, especialmente cuando hace calor.<\/p>\n<p><img fetchpriority=\"high\" decoding=\"async\" class=\"alignnone wp-image-3597 size-full\" src=\"https:\/\/sentaiyuanbio.com\/wp-content\/uploads\/2024\/07\/konjac-orange-jelly1_1.webp\" alt=\"gelatina de naranja konjac\" width=\"750\" height=\"612\" srcset=\"https:\/\/sentaiyuanbio.com\/wp-content\/uploads\/2024\/07\/konjac-orange-jelly1_1.webp 750w, https:\/\/sentaiyuanbio.com\/wp-content\/uploads\/2024\/07\/konjac-orange-jelly1_1-300x245.webp 300w, https:\/\/sentaiyuanbio.com\/wp-content\/uploads\/2024\/07\/konjac-orange-jelly1_1-600x490.webp 600w\" sizes=\"(max-width: 750px) 100vw, 750px\" \/><img decoding=\"async\" class=\"alignnone wp-image-3598 size-full\" src=\"https:\/\/sentaiyuanbio.com\/wp-content\/uploads\/2024\/07\/konjac-orange-jelly2_2.webp\" alt=\"gelatina de naranja konjac\" width=\"750\" height=\"631\" srcset=\"https:\/\/sentaiyuanbio.com\/wp-content\/uploads\/2024\/07\/konjac-orange-jelly2_2.webp 750w, https:\/\/sentaiyuanbio.com\/wp-content\/uploads\/2024\/07\/konjac-orange-jelly2_2-300x252.webp 300w, https:\/\/sentaiyuanbio.com\/wp-content\/uploads\/2024\/07\/konjac-orange-jelly2_2-600x505.webp 600w\" sizes=\"(max-width: 750px) 100vw, 750px\" \/><img decoding=\"async\" class=\"alignnone wp-image-3599 size-full\" src=\"https:\/\/sentaiyuanbio.com\/wp-content\/uploads\/2024\/07\/konjac-orange-jelly3_3.webp\" alt=\"gelatina de naranja konjac\" width=\"750\" height=\"619\" srcset=\"https:\/\/sentaiyuanbio.com\/wp-content\/uploads\/2024\/07\/konjac-orange-jelly3_3.webp 750w, https:\/\/sentaiyuanbio.com\/wp-content\/uploads\/2024\/07\/konjac-orange-jelly3_3-300x248.webp 300w, https:\/\/sentaiyuanbio.com\/wp-content\/uploads\/2024\/07\/konjac-orange-jelly3_3-600x495.webp 600w\" sizes=\"(max-width: 750px) 100vw, 750px\" \/><img loading=\"lazy\" decoding=\"async\" class=\"alignnone wp-image-3600 size-full\" src=\"https:\/\/sentaiyuanbio.com\/wp-content\/uploads\/2024\/07\/konjac-orange-jelly4_4.webp\" alt=\"gelatina de naranja konjac\" width=\"750\" height=\"613\" srcset=\"https:\/\/sentaiyuanbio.com\/wp-content\/uploads\/2024\/07\/konjac-orange-jelly4_4.webp 750w, https:\/\/sentaiyuanbio.com\/wp-content\/uploads\/2024\/07\/konjac-orange-jelly4_4-300x245.webp 300w, https:\/\/sentaiyuanbio.com\/wp-content\/uploads\/2024\/07\/konjac-orange-jelly4_4-600x490.webp 600w\" sizes=\"(max-width: 750px) 100vw, 750px\" \/><img loading=\"lazy\" decoding=\"async\" class=\"alignnone wp-image-3601 size-full\" src=\"https:\/\/sentaiyuanbio.com\/wp-content\/uploads\/2024\/07\/konjac-orange-jelly5_5.webp\" alt=\"gelatina de naranja konjac\" width=\"750\" height=\"530\" srcset=\"https:\/\/sentaiyuanbio.com\/wp-content\/uploads\/2024\/07\/konjac-orange-jelly5_5.webp 750w, https:\/\/sentaiyuanbio.com\/wp-content\/uploads\/2024\/07\/konjac-orange-jelly5_5-300x212.webp 300w, https:\/\/sentaiyuanbio.com\/wp-content\/uploads\/2024\/07\/konjac-orange-jelly5_5-600x424.webp 600w\" sizes=\"(max-width: 750px) 100vw, 750px\" \/><\/p>\n<h2>5. Otras especificaciones<\/h2>\n<p>Caducidad: 18 meses<br \/>\nConservaci\u00f3n: Conservar en un lugar fresco y seco. Se sirve mejor fr\u00edo. Refrig\u00e9relo despu\u00e9s de abrirlo y cons\u00famalo en el plazo de 1 d\u00eda.<\/p>\n<table border=\"1\" cellspacing=\"1\">\n<tbody>\n<tr>\n<td align=\"center\" width=\"284\">Informaci\u00f3n nutricional<\/td>\n<td align=\"center\" width=\"284\">Por 100 ml<\/td>\n<td align=\"center\" width=\"284\">Por raci\u00f3n de 150 ml<\/td>\n<\/tr>\n<tr>\n<td align=\"center\" width=\"284\">Energ\u00eda<\/td>\n<td align=\"center\" width=\"284\">6Kcal<\/td>\n<td align=\"center\" width=\"284\">7Kcal<\/td>\n<\/tr>\n<tr>\n<td align=\"center\" width=\"284\">Prote\u00edna<\/td>\n<td align=\"center\" width=\"284\">1.03g<\/td>\n<td align=\"center\" width=\"284\">2g<\/td>\n<\/tr>\n<tr>\n<td align=\"center\" width=\"284\">Grasa total<\/td>\n<td align=\"center\" width=\"284\">0g<\/td>\n<td align=\"center\" width=\"284\">0g<\/td>\n<\/tr>\n<tr>\n<td align=\"center\" width=\"284\">Grasas trans<\/td>\n<td align=\"center\" width=\"284\">0g<\/td>\n<td align=\"center\" width=\"284\">0g<\/td>\n<\/tr>\n<tr>\n<td align=\"center\" width=\"284\">Carbohidratos totales<\/td>\n<td align=\"center\" width=\"284\">0.6g<\/td>\n<td align=\"center\" width=\"284\">0.9g<\/td>\n<\/tr>\n<tr>\n<td align=\"center\" width=\"284\">Fibra alimentaria<\/td>\n<td align=\"center\" width=\"284\">0g<\/td>\n<td align=\"center\" width=\"284\">0g<\/td>\n<\/tr>\n<tr>\n<td align=\"center\" width=\"284\">Sodio<\/td>\n<td align=\"center\" width=\"284\">13mg<\/td>\n<td align=\"center\" width=\"284\">20 mg<\/td>\n<\/tr>\n<tr>\n<td align=\"center\" width=\"284\">Az\u00facar<\/td>\n<td align=\"center\" width=\"284\">0g<\/td>\n<td align=\"center\" width=\"284\">0g<\/td>\n<\/tr>\n<tr>\n<td align=\"center\" width=\"284\">Vitamina C<\/td>\n<td align=\"center\" width=\"284\">265mg<\/td>\n<td align=\"center\" width=\"284\">400mg<\/td>\n<\/tr>\n<\/tbody>\n<\/table>\n<p>&nbsp;<\/p>\n<h2>Informe de la prueba del p\u00e9ptido de col\u00e1geno<\/h2>\n<table border=\"1\" cellspacing=\"1\">\n<tbody>\n<tr>\n<td width=\"284\"><b>Prueba ltem(s)<\/b><\/td>\n<td width=\"284\">Unidad<\/td>\n<td width=\"284\">M\u00e9todo(s) de ensayo<\/td>\n<td width=\"284\">Resultado(s) de la prueba<br \/>\n003<\/td>\n<td width=\"284\">LOQ<\/td>\n<\/tr>\n<tr>\n<td width=\"284\"><b>Colesterol<\/b><\/td>\n<td width=\"284\">mg\/100 g<\/td>\n<td width=\"284\">AOAC 994.10<\/td>\n<td width=\"284\">ND<\/td>\n<td width=\"284\">1<\/td>\n<\/tr>\n<tr>\n<td width=\"284\"><b>Prote\u00edna<\/b><\/td>\n<td width=\"284\">%<\/td>\n<td width=\"284\">AOAC 2001.11<\/td>\n<td width=\"284\">2<\/td>\n<td width=\"284\">-<\/td>\n<\/tr>\n<tr>\n<td width=\"284\"><b>lron(Fe)<\/b><\/td>\n<td width=\"284\">mg\/100 g<\/td>\n<td width=\"284\">AOAC 984.27<\/td>\n<td width=\"284\">ND<\/td>\n<td width=\"284\">0.10<\/td>\n<\/tr>\n<tr>\n<td width=\"284\"><b>Potasio(K)<\/b><\/td>\n<td width=\"284\">mg\/100 g<\/td>\n<td width=\"284\">AOAC 984.27<\/td>\n<td width=\"284\">41.98<\/td>\n<td width=\"284\">0.10<\/td>\n<\/tr>\n<tr>\n<td width=\"284\"><b>Calcio(Ca)<\/b><\/td>\n<td width=\"284\">mg\/100 g<\/td>\n<td width=\"284\">AOAC 984.27<\/td>\n<td width=\"284\">12.89<\/td>\n<td width=\"284\">0.10<\/td>\n<\/tr>\n<tr>\n<td width=\"284\"><b>Sodio(Na)<\/b><\/td>\n<td width=\"284\">mg\/100 g<\/td>\n<td width=\"284\">AOAC 984.27<\/td>\n<td width=\"284\">14.20<\/td>\n<td width=\"284\">0.10<\/td>\n<\/tr>\n<tr>\n<td width=\"284\"><b>*Humedad<\/b><\/td>\n<td width=\"284\">%<\/td>\n<td width=\"284\">AOAC 930.04<\/td>\n<td width=\"284\">98.1<\/td>\n<td width=\"284\">-<\/td>\n<\/tr>\n<tr>\n<td width=\"284\"><b>*Ash<\/b><\/td>\n<td width=\"284\">g\/100 g<\/td>\n<td width=\"284\">AOAC 930.05<\/td>\n<td width=\"284\">0.20<\/td>\n<td width=\"284\">-<\/td>\n<\/tr>\n<tr>\n<td width=\"284\"><b>Fibra diet\u00e9tica<\/b><\/td>\n<td width=\"284\">g\/100 g<\/td>\n<td width=\"284\">AOAC 991.43<\/td>\n<td width=\"284\">0.3<\/td>\n<td width=\"284\">-<\/td>\n<\/tr>\n<tr>\n<td width=\"284\"><b>Grasa total<\/b><\/td>\n<td width=\"284\">g\/100 g<\/td>\n<td width=\"284\">AOAC 996.06<\/td>\n<td width=\"284\">ND<\/td>\n<td width=\"284\">0.01<\/td>\n<\/tr>\n<tr>\n<td width=\"284\"><b>Grasa saturada<\/b><\/td>\n<td width=\"284\">g\/100 g<\/td>\n<td width=\"284\">AOAC 996.06<\/td>\n<td width=\"284\">ND<\/td>\n<td width=\"284\">0.01<\/td>\n<\/tr>\n<tr>\n<td width=\"284\"><b>Grasas trans<\/b><\/td>\n<td width=\"284\">g\/100 g<\/td>\n<td width=\"284\">AOAC 996.06<\/td>\n<td width=\"284\">ND<\/td>\n<td width=\"284\">0.01<\/td>\n<\/tr>\n<tr>\n<td width=\"284\"><b>Fructosa<\/b><\/td>\n<td width=\"284\">g\/100 g<\/td>\n<td width=\"284\">AOAC 982.14<\/td>\n<td width=\"284\">ND<\/td>\n<td width=\"284\">0.4<\/td>\n<\/tr>\n<tr>\n<td width=\"284\"><b>Glucosa<\/b><\/td>\n<td width=\"284\">g\/100 g<\/td>\n<td width=\"284\">AOAC 982.14<\/td>\n<td width=\"284\">ND<\/td>\n<td width=\"284\">0.4<\/td>\n<\/tr>\n<tr>\n<td width=\"284\"><b>Sacarosa<\/b><\/td>\n<td width=\"284\">g\/100 g<\/td>\n<td width=\"284\">AOAC 982.14<\/td>\n<td width=\"284\">ND<\/td>\n<td width=\"284\">0.4<\/td>\n<\/tr>\n<tr>\n<td width=\"284\"><b>Maltosa<\/b><\/td>\n<td width=\"284\">g\/100 g<\/td>\n<td width=\"284\">AOAC 982.14<\/td>\n<td width=\"284\">ND<\/td>\n<td width=\"284\">0.4<\/td>\n<\/tr>\n<tr>\n<td width=\"284\"><b>Lactosa<\/b><\/td>\n<td width=\"284\">g\/100 g<\/td>\n<td width=\"284\">AOAC 982.14<\/td>\n<td width=\"284\">ND<\/td>\n<td width=\"284\">0.4<\/td>\n<\/tr>\n<tr>\n<td width=\"284\"><b>Total (Fructosa+ Glucosa+ Sacarosa+ Altosa+ Lactosa)<\/b><\/td>\n<td width=\"284\">g\/100 g<\/td>\n<td width=\"284\">AOAC 982.14<\/td>\n<td width=\"284\">ND<\/td>\n<td width=\"284\">-<\/td>\n<\/tr>\n<tr>\n<td width=\"284\"><b>Vitamina D2<\/b><\/td>\n<td width=\"284\">ug\/100 g<\/td>\n<td width=\"284\">BS EN 12821:2009<\/td>\n<td width=\"284\">ND<\/td>\n<td width=\"284\">2<\/td>\n<\/tr>\n<tr>\n<td width=\"284\"><b>Vitamina D3<\/b><\/td>\n<td width=\"284\">ug\/100 g<\/td>\n<td width=\"284\">BS EN 12821:2009<\/td>\n<td width=\"284\">ND<\/td>\n<td width=\"284\">2<\/td>\n<\/tr>\n<\/tbody>\n<\/table>\n<p><b><a href=\"https:\/\/sentaiyuanbio.com\/wp-content\/uploads\/woocommerce_uploads\/2024\/07\/Konjac-Jelly-Orange-Collagen-Flavor-Test-Report-z9ovq1.pdf\" target=\"_blank\" rel=\"noopener\">Descargar el informe de la prueba naranja de la jalea de konjac<\/a><\/b><\/p>\n<h2>Conozca la jalea de konjac sabor col\u00e1geno naranja<\/h2>\n<p><iframe title=\"gelatina de konjac sabor col\u00e1geno naranja\" src=\"https:\/\/www.youtube.com\/embed\/Gi5mnMBQEVc?si=4G23kY_ubh36Lyul\" width=\"750\" height=\"500\" frameborder=\"0\" allowfullscreen=\"allowfullscreen\"><span data-mce-type=\"bookmark\" style=\"display: inline-block; width: 0px; overflow: hidden; line-height: 0;\" class=\"mce_SELRES_start\"><\/span><\/iframe><\/p>","protected":false},"excerpt":{"rendered":"<p>Esta jalea de konjac con sabor a col\u00e1geno de naranja incorpora el dulzor de la naranja. Baja en calor\u00edas, sin az\u00facar y rica en vitamina C y p\u00e9ptidos de col\u00e1geno, es una alternativa saludable a los dulces tradicionales. Es un tentempi\u00e9 de gelatina de konjac que le dar\u00e1 sensaci\u00f3n de saciedad cuando tenga hambre sin preocuparse por la obesidad.<\/p>","protected":false},"featured_media":4275,"template":"","meta":{"site-sidebar-layout":"default","site-content-layout":"","ast-site-content-layout":"default","site-content-style":"default","site-sidebar-style":"default","ast-global-header-display":"","ast-banner-title-visibility":"","ast-main-header-display":"","ast-hfb-above-header-display":"","ast-hfb-below-header-display":"","ast-hfb-mobile-header-display":"","site-post-title":"","ast-breadcrumbs-content":"","ast-featured-img":"","footer-sml-layout":"","ast-disable-related-posts":"","theme-transparent-header-meta":"default","adv-header-id-meta":"","stick-header-meta":"default","header-above-stick-meta":"","header-main-stick-meta":"","header-below-stick-meta":"","astra-migrate-meta-layouts":"set","ast-page-background-enabled":"default","ast-page-background-meta":{"desktop":{"background-color":"","background-image":"","background-repeat":"repeat","background-position":"center center","background-size":"auto","background-attachment":"scroll","background-type":"","background-media":"","overlay-type":"","overlay-color":"","overlay-opacity":"","overlay-gradient":""},"tablet":{"background-color":"","background-image":"","background-repeat":"repeat","background-position":"center center","background-size":"auto","background-attachment":"scroll","background-type":"","background-media":"","overlay-type":"","overlay-color":"","overlay-opacity":"","overlay-gradient":""},"mobile":{"background-color":"","background-image":"","background-repeat":"repeat","background-position":"center center","background-size":"auto","background-attachment":"scroll","background-type":"","background-media":"","overlay-type":"","overlay-color":"","overlay-opacity":"","overlay-gradient":""}},"ast-content-background-meta":{"desktop":{"background-color":"var(--ast-global-color-5)","background-image":"","background-repeat":"repeat","background-position":"center center","background-size":"auto","background-attachment":"scroll","background-type":"","background-media":"","overlay-type":"","overlay-color":"","overlay-opacity":"","overlay-gradient":""},"tablet":{"background-color":"var(--ast-global-color-5)","background-image":"","background-repeat":"repeat","background-position":"center center","background-size":"auto","background-attachment":"scroll","background-type":"","background-media":"","overlay-type":"","overlay-color":"","overlay-opacity":"","overlay-gradient":""},"mobile":{"background-color":"var(--ast-global-color-5)","background-image":"","background-repeat":"repeat","background-position":"center center","background-size":"auto","background-attachment":"scroll","background-type":"","background-media":"","overlay-type":"","overlay-color":"","overlay-opacity":"","overlay-gradient":""}}},"product_brand":[],"product_cat":[52],"product_tag":[53],"class_list":{"0":"post-2233","1":"product","2":"type-product","3":"status-publish","4":"has-post-thumbnail","6":"product_cat-konjac-powder-jelly","7":"product_tag-konjac-jelly-snack","8":"desktop-align-left","9":"tablet-align-left","10":"mobile-align-left","11":"ast-product-gallery-layout-horizontal-slider","12":"ast-product-tabs-layout-horizontal","14":"first","15":"instock","16":"downloadable","17":"shipping-taxable","18":"product-type-simple"},"_links":{"self":[{"href":"https:\/\/sentaiyuanbio.com\/es\/wp-json\/wp\/v2\/product\/2233","targetHints":{"allow":["GET"]}}],"collection":[{"href":"https:\/\/sentaiyuanbio.com\/es\/wp-json\/wp\/v2\/product"}],"about":[{"href":"https:\/\/sentaiyuanbio.com\/es\/wp-json\/wp\/v2\/types\/product"}],"version-history":[{"count":0,"href":"https:\/\/sentaiyuanbio.com\/es\/wp-json\/wp\/v2\/product\/2233\/revisions"}],"wp:featuredmedia":[{"embeddable":true,"href":"https:\/\/sentaiyuanbio.com\/es\/wp-json\/wp\/v2\/media\/4275"}],"wp:attachment":[{"href":"https:\/\/sentaiyuanbio.com\/es\/wp-json\/wp\/v2\/media?parent=2233"}],"wp:term":[{"taxonomy":"product_brand","embeddable":true,"href":"https:\/\/sentaiyuanbio.com\/es\/wp-json\/wp\/v2\/product_brand?post=2233"},{"taxonomy":"product_cat","embeddable":true,"href":"https:\/\/sentaiyuanbio.com\/es\/wp-json\/wp\/v2\/product_cat?post=2233"},{"taxonomy":"product_tag","embeddable":true,"href":"https:\/\/sentaiyuanbio.com\/es\/wp-json\/wp\/v2\/product_tag?post=2233"}],"curies":[{"name":"wp","href":"https:\/\/api.w.org\/{rel}","templated":true}]}}