{"id":2249,"date":"2024-07-08T09:00:26","date_gmt":"2024-07-08T09:00:26","guid":{"rendered":"https:\/\/sentaiyuanbio.com\/?post_type=product&#038;p=2249"},"modified":"2025-06-05T05:48:33","modified_gmt":"2025-06-05T05:48:33","slug":"gelatina-de-konjac-sabor-mango","status":"publish","type":"product","link":"https:\/\/sentaiyuanbio.com\/es\/producto\/gelatina-de-konjac-sabor-mango\/","title":{"rendered":"Gelatina konjac sabor mango, Gelatina de fruta konjac mango"},"content":{"rendered":"<h2>1. Ingredientes de la jalea de konjac sabor mango<\/h2>\n<p>Agua, zumo concentrado de mango, eritritol, <a href=\"https:\/\/sentaiyuanbio.com\/es\/producto\/konjac-en-polvo\/\" target=\"_blank\" rel=\"noopener\">Polvo de konjac<\/a>, Carragenina, <a href=\"https:\/\/www.medicalnewstoday.com\/articles\/citric-acid\" target=\"_blank\" rel=\"noopener\">\u00c1cido c\u00edtrico<\/a>, cloruro pot\u00e1sico, sorbato pot\u00e1sico y vitamina C.<\/p>\n<h2>2. Especificaciones del mango de gelatina de konjac peso y tama\u00f1o<\/h2>\n<p>Tama\u00f1o del producto: \/<br \/>\nPeso escurrido: \/<br \/>\nPeso neto: 150 g<br \/>\nPeso bruto: 155 g<br \/>\nTipo de envase: Bolsa de pie<\/p>\n<h2>3. Especificaciones f\u00edsicas de la gelatina de fruta de mango konjac<\/h2>\n<p>Color: amarillo<br \/>\nSabor: Sabor a mango<br \/>\nTextura: Suave y lisa<br \/>\nAspecto f\u00edsico: Gel semifluido<\/p>\n<h2>4. Caracter\u00edstica del producto<\/h2>\n<p>Tipo instant\u00e1neo\/Tipo precocinado Tipo instant\u00e1neo<br \/>\nSin gluten: S\u00ed<br \/>\nSin OMG: S\u00ed<br \/>\nNo al\u00e9rgeno: S\u00ed<br \/>\nSin aditivos: S\u00ed<br \/>\nEcol\u00f3gico disponible: No<\/p>\n<h2>5. Otras especificaciones<\/h2>\n<p>Caducidad: 18 meses<br \/>\nConservaci\u00f3n: Conservar en un lugar fresco y seco. Se sirve mejor fr\u00edo. Refrig\u00e9relo despu\u00e9s de abrirlo y cons\u00famalo en el plazo de 1 d\u00eda.<\/p>\n<table border=\"1\" cellspacing=\"1\">\n<tbody>\n<tr>\n<td align=\"center\" width=\"284\">Informaci\u00f3n nutricional<\/td>\n<td align=\"center\" width=\"284\">Por 100 ml<\/td>\n<td align=\"center\" width=\"284\">Por raci\u00f3n de 150 ml<\/td>\n<\/tr>\n<tr>\n<td align=\"center\" width=\"284\">Energ\u00eda<\/td>\n<td align=\"center\" width=\"284\">2Kcal<\/td>\n<td align=\"center\" width=\"284\">3Kcal<\/td>\n<\/tr>\n<tr>\n<td align=\"center\" width=\"284\">Prote\u00edna<\/td>\n<td align=\"center\" width=\"284\">&lt;0.1g<\/td>\n<td align=\"center\" width=\"284\">&lt;0.15g<\/td>\n<\/tr>\n<tr>\n<td align=\"center\" width=\"284\">Grasa total<\/td>\n<td align=\"center\" width=\"284\">0g<\/td>\n<td align=\"center\" width=\"284\">0g<\/td>\n<\/tr>\n<tr>\n<td align=\"center\" width=\"284\">Grasas trans<\/td>\n<td align=\"center\" width=\"284\">0g<\/td>\n<td align=\"center\" width=\"284\">0g<\/td>\n<\/tr>\n<tr>\n<td align=\"center\" width=\"284\">Carbohidratos totales<\/td>\n<td align=\"center\" width=\"284\">0.7g<\/td>\n<td align=\"center\" width=\"284\">1g<\/td>\n<\/tr>\n<tr>\n<td align=\"center\" width=\"284\">Fibra alimentaria<\/td>\n<td align=\"center\" width=\"284\">0.2g<\/td>\n<td align=\"center\" width=\"284\">0.3g<\/td>\n<\/tr>\n<tr>\n<td align=\"center\" width=\"284\">Sodio<\/td>\n<td align=\"center\" width=\"284\">10 mg<\/td>\n<td align=\"center\" width=\"284\">15 mg<\/td>\n<\/tr>\n<tr>\n<td align=\"center\" width=\"284\">Az\u00facar<\/td>\n<td align=\"center\" width=\"284\">0g<\/td>\n<td align=\"center\" width=\"284\">0g<\/td>\n<\/tr>\n<tr>\n<td align=\"center\" width=\"284\">Vitamina C<\/td>\n<td align=\"center\" width=\"284\">237mg<\/td>\n<td align=\"center\" width=\"284\">372 mg<\/td>\n<\/tr>\n<\/tbody>\n<\/table>\n<p><img fetchpriority=\"high\" decoding=\"async\" class=\"alignnone wp-image-3581 size-full\" src=\"https:\/\/sentaiyuanbio.com\/wp-content\/uploads\/2024\/07\/Mango-konjac-fruit-jelly-1.webp\" alt=\"\" width=\"750\" height=\"572\" srcset=\"https:\/\/sentaiyuanbio.com\/wp-content\/uploads\/2024\/07\/Mango-konjac-fruit-jelly-1.webp 750w, https:\/\/sentaiyuanbio.com\/wp-content\/uploads\/2024\/07\/Mango-konjac-fruit-jelly-1-300x229.webp 300w, https:\/\/sentaiyuanbio.com\/wp-content\/uploads\/2024\/07\/Mango-konjac-fruit-jelly-1-600x458.webp 600w\" sizes=\"(max-width: 750px) 100vw, 750px\" \/> <img decoding=\"async\" class=\"alignnone wp-image-3582 size-full\" src=\"https:\/\/sentaiyuanbio.com\/wp-content\/uploads\/2024\/07\/Mango-konjac-fruit-jelly-2.webp\" alt=\"\" width=\"750\" height=\"495\" srcset=\"https:\/\/sentaiyuanbio.com\/wp-content\/uploads\/2024\/07\/Mango-konjac-fruit-jelly-2.webp 750w, https:\/\/sentaiyuanbio.com\/wp-content\/uploads\/2024\/07\/Mango-konjac-fruit-jelly-2-300x198.webp 300w, https:\/\/sentaiyuanbio.com\/wp-content\/uploads\/2024\/07\/Mango-konjac-fruit-jelly-2-600x396.webp 600w\" sizes=\"(max-width: 750px) 100vw, 750px\" \/> <img decoding=\"async\" class=\"alignnone wp-image-3583 size-full\" src=\"https:\/\/sentaiyuanbio.com\/wp-content\/uploads\/2024\/07\/Mango-konjac-fruit-jelly-3.webp\" alt=\"\" width=\"750\" height=\"452\" srcset=\"https:\/\/sentaiyuanbio.com\/wp-content\/uploads\/2024\/07\/Mango-konjac-fruit-jelly-3.webp 750w, https:\/\/sentaiyuanbio.com\/wp-content\/uploads\/2024\/07\/Mango-konjac-fruit-jelly-3-300x181.webp 300w, https:\/\/sentaiyuanbio.com\/wp-content\/uploads\/2024\/07\/Mango-konjac-fruit-jelly-3-600x362.webp 600w\" sizes=\"(max-width: 750px) 100vw, 750px\" \/> <img loading=\"lazy\" decoding=\"async\" class=\"alignnone wp-image-3584 size-full\" src=\"https:\/\/sentaiyuanbio.com\/wp-content\/uploads\/2024\/07\/Mango-konjac-fruit-jelly-4.webp\" alt=\"\" width=\"750\" height=\"478\" srcset=\"https:\/\/sentaiyuanbio.com\/wp-content\/uploads\/2024\/07\/Mango-konjac-fruit-jelly-4.webp 750w, https:\/\/sentaiyuanbio.com\/wp-content\/uploads\/2024\/07\/Mango-konjac-fruit-jelly-4-300x191.webp 300w, https:\/\/sentaiyuanbio.com\/wp-content\/uploads\/2024\/07\/Mango-konjac-fruit-jelly-4-600x382.webp 600w\" sizes=\"(max-width: 750px) 100vw, 750px\" \/> <img loading=\"lazy\" decoding=\"async\" class=\"alignnone wp-image-3585 size-full\" src=\"https:\/\/sentaiyuanbio.com\/wp-content\/uploads\/2024\/07\/Mango-konjac-fruit-jelly-5.webp\" alt=\"\" width=\"750\" height=\"421\" srcset=\"https:\/\/sentaiyuanbio.com\/wp-content\/uploads\/2024\/07\/Mango-konjac-fruit-jelly-5.webp 750w, https:\/\/sentaiyuanbio.com\/wp-content\/uploads\/2024\/07\/Mango-konjac-fruit-jelly-5-300x168.webp 300w, https:\/\/sentaiyuanbio.com\/wp-content\/uploads\/2024\/07\/Mango-konjac-fruit-jelly-5-600x337.webp 600w\" sizes=\"(max-width: 750px) 100vw, 750px\" \/><\/p>\n<h2>Informe del ensayo de gelatina de fruta de mango konjac<\/h2>\n<table border=\"1\" cellspacing=\"1\">\n<tbody>\n<tr>\n<td width=\"284\"><b>Prueba ltem(s)<\/b><\/td>\n<td width=\"284\">Unidad<\/td>\n<td width=\"284\">M\u00e9todo(s) de ensayo<\/td>\n<td width=\"284\">Resultado(s) de la prueba<br \/>\n003<\/td>\n<td width=\"284\">LOQ<\/td>\n<\/tr>\n<tr>\n<td width=\"284\"><b>Colesterol<\/b><\/td>\n<td width=\"284\">mg\/100 g<\/td>\n<td width=\"284\">AOAC 994.10<\/td>\n<td width=\"284\">ND<\/td>\n<td width=\"284\">1<\/td>\n<\/tr>\n<tr>\n<td width=\"284\"><b>Prote\u00edna<\/b><\/td>\n<td width=\"284\">%<\/td>\n<td width=\"284\">AOAC 2001.11<\/td>\n<td width=\"284\">1.02<\/td>\n<td width=\"284\">-<\/td>\n<\/tr>\n<tr>\n<td width=\"284\"><b>lron(Fe)<\/b><\/td>\n<td width=\"284\">mg\/100 g<\/td>\n<td width=\"284\">AOAC 984.27<\/td>\n<td width=\"284\">ND<\/td>\n<td width=\"284\">0.10<\/td>\n<\/tr>\n<tr>\n<td width=\"284\"><b>Potasio(K)<\/b><\/td>\n<td width=\"284\">mg\/100 g<\/td>\n<td width=\"284\">AOAC 984.27<\/td>\n<td width=\"284\">41.98<\/td>\n<td width=\"284\">0.10<\/td>\n<\/tr>\n<tr>\n<td width=\"284\"><b>Calcio(Ca)<\/b><\/td>\n<td width=\"284\">mg\/100 g<\/td>\n<td width=\"284\">AOAC 984.27<\/td>\n<td width=\"284\">12.89<\/td>\n<td width=\"284\">0.10<\/td>\n<\/tr>\n<tr>\n<td width=\"284\"><b>Sodio(Na)<\/b><\/td>\n<td width=\"284\">mg\/100 g<\/td>\n<td width=\"284\">AOAC 984.27<\/td>\n<td width=\"284\">14.20<\/td>\n<td width=\"284\">0.10<\/td>\n<\/tr>\n<tr>\n<td width=\"284\"><b>*Humedad<\/b><\/td>\n<td width=\"284\">%<\/td>\n<td width=\"284\">AOAC 930.04<\/td>\n<td width=\"284\">98.1<\/td>\n<td width=\"284\">-<\/td>\n<\/tr>\n<tr>\n<td width=\"284\"><b>*Ash<\/b><\/td>\n<td width=\"284\">g\/100 g<\/td>\n<td width=\"284\">AOAC 930.05<\/td>\n<td width=\"284\">0.20<\/td>\n<td width=\"284\">-<\/td>\n<\/tr>\n<tr>\n<td width=\"284\"><b>Fibra diet\u00e9tica<\/b><\/td>\n<td width=\"284\">g\/100 g<\/td>\n<td width=\"284\">AOAC 991.43<\/td>\n<td width=\"284\">0.3<\/td>\n<td width=\"284\">-<\/td>\n<\/tr>\n<tr>\n<td width=\"284\"><b>Grasa total<\/b><\/td>\n<td width=\"284\">g\/100 g<\/td>\n<td width=\"284\">AOAC 996.06<\/td>\n<td width=\"284\">ND<\/td>\n<td width=\"284\">0.01<\/td>\n<\/tr>\n<tr>\n<td width=\"284\"><b>Grasa saturada<\/b><\/td>\n<td width=\"284\">g\/100 g<\/td>\n<td width=\"284\">AOAC 996.06<\/td>\n<td width=\"284\">ND<\/td>\n<td width=\"284\">0.01<\/td>\n<\/tr>\n<tr>\n<td width=\"284\"><b>Grasas trans<\/b><\/td>\n<td width=\"284\">g\/100 g<\/td>\n<td width=\"284\">AOAC 996.06<\/td>\n<td width=\"284\">ND<\/td>\n<td width=\"284\">0.01<\/td>\n<\/tr>\n<tr>\n<td width=\"284\"><b>Fructosa<\/b><\/td>\n<td width=\"284\">g\/100 g<\/td>\n<td width=\"284\">AOAC 982.14<\/td>\n<td width=\"284\">ND<\/td>\n<td width=\"284\">0.4<\/td>\n<\/tr>\n<tr>\n<td width=\"284\"><b>Glucosa<\/b><\/td>\n<td width=\"284\">g\/100 g<\/td>\n<td width=\"284\">AOAC 982.14<\/td>\n<td width=\"284\">ND<\/td>\n<td width=\"284\">0.4<\/td>\n<\/tr>\n<tr>\n<td width=\"284\"><b>Sacarosa<\/b><\/td>\n<td width=\"284\">g\/100 g<\/td>\n<td width=\"284\">AOAC 982.14<\/td>\n<td width=\"284\">ND<\/td>\n<td width=\"284\">0.4<\/td>\n<\/tr>\n<tr>\n<td width=\"284\"><b>Maltosa<\/b><\/td>\n<td width=\"284\">g\/100 g<\/td>\n<td width=\"284\">AOAC 982.14<\/td>\n<td width=\"284\">ND<\/td>\n<td width=\"284\">0.4<\/td>\n<\/tr>\n<tr>\n<td width=\"284\"><b>Lactosa<\/b><\/td>\n<td width=\"284\">g\/100 g<\/td>\n<td width=\"284\">AOAC 982.14<\/td>\n<td width=\"284\">ND<\/td>\n<td width=\"284\">0.4<\/td>\n<\/tr>\n<tr>\n<td width=\"284\"><b>Total (Fructosa+ Glucosa+ Sacarosa+ Altosa+ Lactosa)<\/b><\/td>\n<td width=\"284\">g\/100 g<\/td>\n<td width=\"284\">AOAC 982.14<\/td>\n<td width=\"284\">ND<\/td>\n<td width=\"284\">-<\/td>\n<\/tr>\n<tr>\n<td width=\"284\"><b>Vitamina D2<\/b><\/td>\n<td width=\"284\">ug\/100 g<\/td>\n<td width=\"284\">BS EN 12821:2009<\/td>\n<td width=\"284\">ND<\/td>\n<td width=\"284\">2<\/td>\n<\/tr>\n<tr>\n<td width=\"284\"><b>Vitamina D3<\/b><\/td>\n<td width=\"284\">ug\/100 g<\/td>\n<td width=\"284\">BS EN 12821:2009<\/td>\n<td width=\"284\">ND<\/td>\n<td width=\"284\">2<\/td>\n<\/tr>\n<\/tbody>\n<\/table>\n<p><b><a href=\"https:\/\/sentaiyuanbio.com\/wp-content\/uploads\/woocommerce_uploads\/2024\/07\/Konjac-jelly-mango-flavor-test-report-w2pm2u.pdf\" target=\"_blank\" rel=\"noopener\">Descargar el informe de la prueba<\/a><\/b><\/p>\n<h2>Saber m\u00e1s sobre la gelatina de mango y konjac<\/h2>\n<p><iframe title=\"Reproductor de v\u00eddeo de YouTube\" src=\"https:\/\/www.youtube.com\/embed\/GFn_cEs_12s?si=pQ4TZ7XbRmpWv_x0\" width=\"750\" height=\"500\" frameborder=\"0\" allowfullscreen=\"allowfullscreen\"><\/iframe><\/p>","protected":false},"excerpt":{"rendered":"<p>La gelatina de konjac sabor mango es un tentempi\u00e9 saludable y que frena el antojo de dulce a la hora del almuerzo-Sin az\u00facar, bajo en calor\u00edas, vegano cetog\u00e9nico, con vitamina C, r\u00e1pido y f\u00e1cil de llevar.<br \/>\nCon s\u00f3lo 3 calor\u00edas, esta jalea de konjac es un suplemento diet\u00e9tico que reduce el hambre, evita comer en exceso y sacia el apetito con extracto y sabor natural de mango.<\/p>","protected":false},"featured_media":4283,"template":"","meta":{"site-sidebar-layout":"default","site-content-layout":"","ast-site-content-layout":"default","site-content-style":"default","site-sidebar-style":"default","ast-global-header-display":"","ast-banner-title-visibility":"","ast-main-header-display":"","ast-hfb-above-header-display":"","ast-hfb-below-header-display":"","ast-hfb-mobile-header-display":"","site-post-title":"","ast-breadcrumbs-content":"","ast-featured-img":"","footer-sml-layout":"","ast-disable-related-posts":"","theme-transparent-header-meta":"default","adv-header-id-meta":"","stick-header-meta":"default","header-above-stick-meta":"","header-main-stick-meta":"","header-below-stick-meta":"","astra-migrate-meta-layouts":"set","ast-page-background-enabled":"default","ast-page-background-meta":{"desktop":{"background-color":"","background-image":"","background-repeat":"repeat","background-position":"center center","background-size":"auto","background-attachment":"scroll","background-type":"","background-media":"","overlay-type":"","overlay-color":"","overlay-opacity":"","overlay-gradient":""},"tablet":{"background-color":"","background-image":"","background-repeat":"repeat","background-position":"center center","background-size":"auto","background-attachment":"scroll","background-type":"","background-media":"","overlay-type":"","overlay-color":"","overlay-opacity":"","overlay-gradient":""},"mobile":{"background-color":"","background-image":"","background-repeat":"repeat","background-position":"center center","background-size":"auto","background-attachment":"scroll","background-type":"","background-media":"","overlay-type":"","overlay-color":"","overlay-opacity":"","overlay-gradient":""}},"ast-content-background-meta":{"desktop":{"background-color":"var(--ast-global-color-5)","background-image":"","background-repeat":"repeat","background-position":"center center","background-size":"auto","background-attachment":"scroll","background-type":"","background-media":"","overlay-type":"","overlay-color":"","overlay-opacity":"","overlay-gradient":""},"tablet":{"background-color":"var(--ast-global-color-5)","background-image":"","background-repeat":"repeat","background-position":"center center","background-size":"auto","background-attachment":"scroll","background-type":"","background-media":"","overlay-type":"","overlay-color":"","overlay-opacity":"","overlay-gradient":""},"mobile":{"background-color":"var(--ast-global-color-5)","background-image":"","background-repeat":"repeat","background-position":"center center","background-size":"auto","background-attachment":"scroll","background-type":"","background-media":"","overlay-type":"","overlay-color":"","overlay-opacity":"","overlay-gradient":""}}},"product_brand":[],"product_cat":[52],"product_tag":[53],"class_list":{"0":"post-2249","1":"product","2":"type-product","3":"status-publish","4":"has-post-thumbnail","6":"product_cat-konjac-powder-jelly","7":"product_tag-konjac-jelly-snack","8":"desktop-align-left","9":"tablet-align-left","10":"mobile-align-left","11":"ast-product-gallery-layout-horizontal-slider","12":"ast-product-tabs-layout-horizontal","14":"first","15":"instock","16":"downloadable","17":"shipping-taxable","18":"product-type-simple"},"_links":{"self":[{"href":"https:\/\/sentaiyuanbio.com\/es\/wp-json\/wp\/v2\/product\/2249","targetHints":{"allow":["GET"]}}],"collection":[{"href":"https:\/\/sentaiyuanbio.com\/es\/wp-json\/wp\/v2\/product"}],"about":[{"href":"https:\/\/sentaiyuanbio.com\/es\/wp-json\/wp\/v2\/types\/product"}],"version-history":[{"count":0,"href":"https:\/\/sentaiyuanbio.com\/es\/wp-json\/wp\/v2\/product\/2249\/revisions"}],"wp:featuredmedia":[{"embeddable":true,"href":"https:\/\/sentaiyuanbio.com\/es\/wp-json\/wp\/v2\/media\/4283"}],"wp:attachment":[{"href":"https:\/\/sentaiyuanbio.com\/es\/wp-json\/wp\/v2\/media?parent=2249"}],"wp:term":[{"taxonomy":"product_brand","embeddable":true,"href":"https:\/\/sentaiyuanbio.com\/es\/wp-json\/wp\/v2\/product_brand?post=2249"},{"taxonomy":"product_cat","embeddable":true,"href":"https:\/\/sentaiyuanbio.com\/es\/wp-json\/wp\/v2\/product_cat?post=2249"},{"taxonomy":"product_tag","embeddable":true,"href":"https:\/\/sentaiyuanbio.com\/es\/wp-json\/wp\/v2\/product_tag?post=2249"}],"curies":[{"name":"wp","href":"https:\/\/api.w.org\/{rel}","templated":true}]}}