{"id":2263,"date":"2024-07-10T06:07:44","date_gmt":"2024-07-10T06:07:44","guid":{"rendered":"https:\/\/sentaiyuanbio.com\/?post_type=product&#038;p=2263"},"modified":"2025-05-08T07:11:22","modified_gmt":"2025-05-08T07:11:22","slug":"ensalada-konjac-sabor-sesamo","status":"publish","type":"product","link":"https:\/\/sentaiyuanbio.com\/es\/producto\/ensalada-konjac-sabor-sesamo\/","title":{"rendered":"Ensalada de konjac sabor s\u00e9samo, Ensalada de konnyaku sabor s\u00e9samo"},"content":{"rendered":"<h2>Ensalada de konjac con sabor a s\u00e9samo Ingredientes:<\/h2>\n<p><strong>Salsa<\/strong>: Agua, aceite de soja no modificado gen\u00e9ticamente, az\u00facar, s\u00e9samo, sal, zumo concentrado de setas (setas, agua, sal comestible), yema helada, glutamato monos\u00f3dico (potenciador del sabor E621), colorante caramelo (colorante E150a), mostaza en polvo, \u00e1cido ac\u00e9tico glacial (<a href=\"https:\/\/www.aceingredients.com\/products\/e260-acetic-acid.html\" target=\"_blank\" rel=\"noopener\">regulador de la acidez E260<\/a>), extracto de levadura, goma xantana (<a href=\"https:\/\/www.naturalspices.com\/xanthan-gum-e415\" target=\"_blank\" rel=\"noopener\">espesante E415<\/a>), aroma, sorbato pot\u00e1sico (conservante E202), EDTA dis\u00f3dico c\u00e1lcico (antioxidante E385).<\/p>\n<p><strong>Fideos konjac<\/strong>: Agua, <a href=\"https:\/\/sentaiyuanbio.com\/es\/producto\/konjac-en-polvo\/\" target=\"_blank\" rel=\"noopener\">konjac en polvo<\/a>\u00e1cido c\u00edtrico.<br \/>\n<strong>Al\u00e9rgenos<\/strong>: Contiene productos de soja, ovoproductos y mostaza.<br \/>\n<strong>Peso neto<\/strong>: 20g(Salsa)+120g(Fideo konjac)<br \/>\n<strong>Caducidad<\/strong>: 12 meses<br \/>\n<strong>Almacenamiento<\/strong>: Gu\u00e1rdalo en un lugar fresco y seco. Mantener alejado de la luz fuerte y del calor. Mantener alejado de la luz fuerte y el calor. Una vez abierto, mantener refrigerado y consumir en 24 horas.<\/p>\n<h2><b>Ensalada de konjac sabor s\u00e9samo Informaci\u00f3n nutricional<\/b><strong><b>(Por raci\u00f3n)<\/b><\/strong><\/h2>\n<table>\n<tbody>\n<tr>\n<td colspan=\"2\" width=\"630\"><strong><b>Informaci\u00f3n nutricional<\/b><\/strong><\/td>\n<\/tr>\n<tr>\n<td width=\"319\">Energ\u00eda<\/td>\n<td width=\"311\">68,6Kcal<\/td>\n<\/tr>\n<tr>\n<td width=\"319\">Grasa total<\/td>\n<td width=\"311\">5.73g<\/td>\n<\/tr>\n<tr>\n<td width=\"319\">\u00c1cido graso saturado<\/td>\n<td width=\"311\">0.88<\/td>\n<\/tr>\n<tr>\n<td width=\"319\">Sodio<\/td>\n<td width=\"311\">283,55 mg<\/td>\n<\/tr>\n<tr>\n<td width=\"319\">Sal<\/td>\n<td width=\"311\">0.7g<\/td>\n<\/tr>\n<tr>\n<td width=\"319\">Carbohidratos totales<\/td>\n<td width=\"311\">3.94g<\/td>\n<\/tr>\n<tr>\n<td width=\"319\">Fibra<\/td>\n<td width=\"311\">0.8g<\/td>\n<\/tr>\n<tr>\n<td width=\"319\">Az\u00facar<\/td>\n<td width=\"311\">2.1g<\/td>\n<\/tr>\n<tr>\n<td width=\"319\">Prote\u00edna<\/td>\n<td width=\"311\">0.48g<\/td>\n<\/tr>\n<\/tbody>\n<\/table>\n<p><strong><b>Instrucci\u00f3n de cocina <\/b><\/strong><\/p>\n<ol>\n<li>Escurra el agua del paquete y vac\u00ede el contenido de la bolsa de fideos.<\/li>\n<li>A\u00f1ada el ali\u00f1o de la ensalada<\/li>\n<li>Despu\u00e9s de mezclarlo bien, est\u00e1 listo para ser consumido.<\/li>\n<\/ol>\n<p><img fetchpriority=\"high\" decoding=\"async\" class=\"alignnone wp-image-2268 size-full\" src=\"https:\/\/sentaiyuanbio.com\/wp-content\/uploads\/2024\/07\/konnyaku-salad-sesame-1.jpg\" alt=\"ensalada konnyaku s\u00e9samo\" width=\"750\" height=\"562\" srcset=\"https:\/\/sentaiyuanbio.com\/wp-content\/uploads\/2024\/07\/konnyaku-salad-sesame-1.jpg 750w, https:\/\/sentaiyuanbio.com\/wp-content\/uploads\/2024\/07\/konnyaku-salad-sesame-1-300x225.jpg 300w, https:\/\/sentaiyuanbio.com\/wp-content\/uploads\/2024\/07\/konnyaku-salad-sesame-1-600x450.jpg 600w\" sizes=\"(max-width: 750px) 100vw, 750px\" \/> <img decoding=\"async\" class=\"alignnone wp-image-2269 size-full\" src=\"https:\/\/sentaiyuanbio.com\/wp-content\/uploads\/2024\/07\/konnyaku-salad-sesame-2.jpg\" alt=\"ensalada konnyaku s\u00e9samo\" width=\"750\" height=\"533\" srcset=\"https:\/\/sentaiyuanbio.com\/wp-content\/uploads\/2024\/07\/konnyaku-salad-sesame-2.jpg 750w, https:\/\/sentaiyuanbio.com\/wp-content\/uploads\/2024\/07\/konnyaku-salad-sesame-2-300x213.jpg 300w, https:\/\/sentaiyuanbio.com\/wp-content\/uploads\/2024\/07\/konnyaku-salad-sesame-2-600x426.jpg 600w\" sizes=\"(max-width: 750px) 100vw, 750px\" \/> <img decoding=\"async\" class=\"alignnone wp-image-2270 size-full\" src=\"https:\/\/sentaiyuanbio.com\/wp-content\/uploads\/2024\/07\/konnyaku-salad-sesame-3.jpg\" alt=\"ensalada konnyaku s\u00e9samo\" width=\"750\" height=\"517\" srcset=\"https:\/\/sentaiyuanbio.com\/wp-content\/uploads\/2024\/07\/konnyaku-salad-sesame-3.jpg 750w, https:\/\/sentaiyuanbio.com\/wp-content\/uploads\/2024\/07\/konnyaku-salad-sesame-3-300x207.jpg 300w, https:\/\/sentaiyuanbio.com\/wp-content\/uploads\/2024\/07\/konnyaku-salad-sesame-3-600x414.jpg 600w\" sizes=\"(max-width: 750px) 100vw, 750px\" \/> <img loading=\"lazy\" decoding=\"async\" class=\"alignnone wp-image-2271 size-full\" src=\"https:\/\/sentaiyuanbio.com\/wp-content\/uploads\/2024\/07\/konnyaku-salad-sesame-4.jpg\" alt=\"ensalada konnyaku s\u00e9samo\" width=\"750\" height=\"513\" srcset=\"https:\/\/sentaiyuanbio.com\/wp-content\/uploads\/2024\/07\/konnyaku-salad-sesame-4.jpg 750w, https:\/\/sentaiyuanbio.com\/wp-content\/uploads\/2024\/07\/konnyaku-salad-sesame-4-300x205.jpg 300w, https:\/\/sentaiyuanbio.com\/wp-content\/uploads\/2024\/07\/konnyaku-salad-sesame-4-600x410.jpg 600w\" sizes=\"(max-width: 750px) 100vw, 750px\" \/> <img loading=\"lazy\" decoding=\"async\" class=\"alignnone wp-image-2272 size-full\" src=\"https:\/\/sentaiyuanbio.com\/wp-content\/uploads\/2024\/07\/konnyaku-salad-sesame-5.jpg\" alt=\"ensalada konnyaku s\u00e9samo\" width=\"750\" height=\"485\" srcset=\"https:\/\/sentaiyuanbio.com\/wp-content\/uploads\/2024\/07\/konnyaku-salad-sesame-5.jpg 750w, https:\/\/sentaiyuanbio.com\/wp-content\/uploads\/2024\/07\/konnyaku-salad-sesame-5-300x194.jpg 300w, https:\/\/sentaiyuanbio.com\/wp-content\/uploads\/2024\/07\/konnyaku-salad-sesame-5-600x388.jpg 600w\" sizes=\"(max-width: 750px) 100vw, 750px\" \/><\/p>","protected":false},"excerpt":{"rendered":"<p>Una ensalada de konjac sin gluten, baja en calor\u00edas y carbohidratos, con sabor a s\u00e9samo y s\u00f3lo 68 calor\u00edas por cada 100 gramos. El konjac resulta crujiente y refrescante con el ali\u00f1o de la ensalada, proporcion\u00e1ndole una experiencia refrescante en pleno verano.<\/p>","protected":false},"featured_media":4808,"template":"","meta":{"site-sidebar-layout":"default","site-content-layout":"","ast-site-content-layout":"default","site-content-style":"default","site-sidebar-style":"default","ast-global-header-display":"","ast-banner-title-visibility":"","ast-main-header-display":"","ast-hfb-above-header-display":"","ast-hfb-below-header-display":"","ast-hfb-mobile-header-display":"","site-post-title":"","ast-breadcrumbs-content":"","ast-featured-img":"","footer-sml-layout":"","ast-disable-related-posts":"","theme-transparent-header-meta":"default","adv-header-id-meta":"","stick-header-meta":"default","header-above-stick-meta":"","header-main-stick-meta":"","header-below-stick-meta":"","astra-migrate-meta-layouts":"set","ast-page-background-enabled":"default","ast-page-background-meta":{"desktop":{"background-color":"","background-image":"","background-repeat":"repeat","background-position":"center center","background-size":"auto","background-attachment":"scroll","background-type":"","background-media":"","overlay-type":"","overlay-color":"","overlay-opacity":"","overlay-gradient":""},"tablet":{"background-color":"","background-image":"","background-repeat":"repeat","background-position":"center center","background-size":"auto","background-attachment":"scroll","background-type":"","background-media":"","overlay-type":"","overlay-color":"","overlay-opacity":"","overlay-gradient":""},"mobile":{"background-color":"","background-image":"","background-repeat":"repeat","background-position":"center center","background-size":"auto","background-attachment":"scroll","background-type":"","background-media":"","overlay-type":"","overlay-color":"","overlay-opacity":"","overlay-gradient":""}},"ast-content-background-meta":{"desktop":{"background-color":"var(--ast-global-color-5)","background-image":"","background-repeat":"repeat","background-position":"center center","background-size":"auto","background-attachment":"scroll","background-type":"","background-media":"","overlay-type":"","overlay-color":"","overlay-opacity":"","overlay-gradient":""},"tablet":{"background-color":"var(--ast-global-color-5)","background-image":"","background-repeat":"repeat","background-position":"center center","background-size":"auto","background-attachment":"scroll","background-type":"","background-media":"","overlay-type":"","overlay-color":"","overlay-opacity":"","overlay-gradient":""},"mobile":{"background-color":"var(--ast-global-color-5)","background-image":"","background-repeat":"repeat","background-position":"center center","background-size":"auto","background-attachment":"scroll","background-type":"","background-media":"","overlay-type":"","overlay-color":"","overlay-opacity":"","overlay-gradient":""}}},"product_brand":[],"product_cat":[54],"product_tag":[32],"class_list":{"0":"post-2263","1":"product","2":"type-product","3":"status-publish","4":"has-post-thumbnail","6":"product_cat-shirataki-noodle-salad","7":"product_tag-konjac-pasta","8":"desktop-align-left","9":"tablet-align-left","10":"mobile-align-left","11":"ast-product-gallery-layout-horizontal-slider","12":"ast-product-tabs-layout-horizontal","14":"first","15":"instock","16":"shipping-taxable","17":"product-type-simple"},"_links":{"self":[{"href":"https:\/\/sentaiyuanbio.com\/es\/wp-json\/wp\/v2\/product\/2263","targetHints":{"allow":["GET"]}}],"collection":[{"href":"https:\/\/sentaiyuanbio.com\/es\/wp-json\/wp\/v2\/product"}],"about":[{"href":"https:\/\/sentaiyuanbio.com\/es\/wp-json\/wp\/v2\/types\/product"}],"version-history":[{"count":0,"href":"https:\/\/sentaiyuanbio.com\/es\/wp-json\/wp\/v2\/product\/2263\/revisions"}],"wp:featuredmedia":[{"embeddable":true,"href":"https:\/\/sentaiyuanbio.com\/es\/wp-json\/wp\/v2\/media\/4808"}],"wp:attachment":[{"href":"https:\/\/sentaiyuanbio.com\/es\/wp-json\/wp\/v2\/media?parent=2263"}],"wp:term":[{"taxonomy":"product_brand","embeddable":true,"href":"https:\/\/sentaiyuanbio.com\/es\/wp-json\/wp\/v2\/product_brand?post=2263"},{"taxonomy":"product_cat","embeddable":true,"href":"https:\/\/sentaiyuanbio.com\/es\/wp-json\/wp\/v2\/product_cat?post=2263"},{"taxonomy":"product_tag","embeddable":true,"href":"https:\/\/sentaiyuanbio.com\/es\/wp-json\/wp\/v2\/product_tag?post=2263"}],"curies":[{"name":"wp","href":"https:\/\/api.w.org\/{rel}","templated":true}]}}