{"id":2274,"date":"2024-07-10T07:25:14","date_gmt":"2024-07-10T07:25:14","guid":{"rendered":"https:\/\/sentaiyuanbio.com\/?post_type=product&#038;p=2274"},"modified":"2025-05-30T05:58:23","modified_gmt":"2025-05-30T05:58:23","slug":"ensalada-konjac-sabor-vinagreta","status":"publish","type":"product","link":"https:\/\/sentaiyuanbio.com\/es\/producto\/ensalada-konjac-sabor-vinagreta\/","title":{"rendered":"Ensalada Konjac Sabor Vinagreta, Fideos shirataki Konnyaku"},"content":{"rendered":"<h2>Ingredientes de la vinagreta de konjac para ensaladas:<\/h2>\n<p><strong>Salsa<\/strong>: Agua, sorbitol (<a href=\"https:\/\/blog.chemondis.com\/7267\/sorbitol-e420-a-comprehensive-guide-to-its-uses-properties-and-impact\/\" target=\"_blank\" rel=\"noopener\">edulcorante E420<\/a>), vinagre, aceite de soja no modificado gen\u00e9ticamente, sal, aceite de s\u00e9samo, jugo concentrado de setas (setas shiitake, agua, sal), glutamato monos\u00f3dico (<a href=\"https:\/\/healthhub.hif.com.au\/nutrition\/should-you-avoid-eating-msg-flavour-enhancer-621\" target=\"_blank\" rel=\"noopener\">potenciador del sabor E621<\/a>), extracto de levadura, \u00e1cido l\u00e1ctico, color caramelo (<a href=\"https:\/\/foodadditives.net\/colors\/caramel-color\/\" target=\"_blank\" rel=\"noopener\">colorante E150a<\/a>), \u00e1cido c\u00edtrico (agente aromatizante de la acidez E330), jengibre, s\u00e9samo, especias, goma xantana (espesante E415), 5\u2032-saborizante nucle\u00f3tido dis\u00f3dico (<a href=\"https:\/\/www.mishry.com\/flavor-enhancer-635-what-you-need-to-know\" target=\"_blank\" rel=\"noopener\">potenciador del sabor E635<\/a>).<br \/>\n<strong>Fideos konjac<\/strong>: Agua, <a href=\"https:\/\/sentaiyuanbio.com\/es\/producto\/konjac-en-polvo\/\" target=\"_blank\" rel=\"noopener\">harina de konjac<\/a>\u00e1cido c\u00edtrico.<br \/>\n<strong>Al\u00e9rgenos<\/strong>: Contiene productos de soja.<br \/>\n<strong>Peso neto<\/strong>: 20g(Salsa)+120g(Fideo konjac)<br \/>\n<strong>Caducidad<\/strong>: 12 meses<br \/>\n<strong>Almacenamiento<\/strong>: Gu\u00e1rdalo en un lugar fresco y seco. Mantener alejado de la luz fuerte y del calor. Mantener alejado de la luz fuerte y el calor. Una vez abierto, mantener refrigerado y consumir en 24 horas.<\/p>\n<h2><b>Konjac Sabor Ensalada Vinagreta Informaci\u00f3n nutricional<\/b><b>(Por raci\u00f3n)<\/b><\/h2>\n<table>\n<tbody>\n<tr>\n<td colspan=\"2\" width=\"630\"><strong><b>Informaci\u00f3n nutricional<\/b><\/strong><\/td>\n<\/tr>\n<tr>\n<td width=\"319\">Energ\u00eda<\/td>\n<td width=\"311\">37,8Kcal<\/td>\n<\/tr>\n<tr>\n<td width=\"319\">Grasa total<\/td>\n<td width=\"311\">2.05g<\/td>\n<\/tr>\n<tr>\n<td width=\"319\">\u00c1cido graso saturado<\/td>\n<td width=\"311\">0.32g<\/td>\n<\/tr>\n<tr>\n<td width=\"319\">Sodio<\/td>\n<td width=\"311\">445,75 mg<\/td>\n<\/tr>\n<tr>\n<td width=\"319\">Sal<\/td>\n<td width=\"311\">1.12g<\/td>\n<\/tr>\n<tr>\n<td width=\"319\">Carbohidratos totales<\/td>\n<td width=\"311\">4.5g<\/td>\n<\/tr>\n<tr>\n<td width=\"319\">Fibra<\/td>\n<td width=\"311\">0.6g<\/td>\n<\/tr>\n<tr>\n<td width=\"319\">Az\u00facar<\/td>\n<td width=\"311\">0g<\/td>\n<\/tr>\n<tr>\n<td width=\"319\">Prote\u00edna<\/td>\n<td width=\"311\">0.28g<\/td>\n<\/tr>\n<\/tbody>\n<\/table>\n<p><strong><b>Instrucci\u00f3n de cocina <\/b><\/strong><\/p>\n<ol>\n<li>Escurra el agua del paquete y vac\u00ede el contenido de la bolsa de fideos.<\/li>\n<li>A\u00f1ada el ali\u00f1o de la ensalada<\/li>\n<li>Despu\u00e9s de mezclarlo bien, est\u00e1 listo para ser consumido.<\/li>\n<\/ol>\n<p><img fetchpriority=\"high\" decoding=\"async\" class=\"alignnone wp-image-5001 size-full\" title=\"Ensalada Konjac Sabor Vinagreta\" src=\"https:\/\/sentaiyuanbio.com\/wp-content\/uploads\/2024\/07\/Konjac-Salad-Vinaigrette-Flavor_1.webp\" alt=\"Ensalada Konjac Sabor Vinagreta\" width=\"750\" height=\"451\" srcset=\"https:\/\/sentaiyuanbio.com\/wp-content\/uploads\/2024\/07\/Konjac-Salad-Vinaigrette-Flavor_1.webp 750w, https:\/\/sentaiyuanbio.com\/wp-content\/uploads\/2024\/07\/Konjac-Salad-Vinaigrette-Flavor_1-300x180.webp 300w, https:\/\/sentaiyuanbio.com\/wp-content\/uploads\/2024\/07\/Konjac-Salad-Vinaigrette-Flavor_1-600x361.webp 600w\" sizes=\"(max-width: 750px) 100vw, 750px\" \/> <img decoding=\"async\" class=\"alignnone wp-image-5002 size-full\" title=\"Ensalada Konjac Sabor Vinagreta\" src=\"https:\/\/sentaiyuanbio.com\/wp-content\/uploads\/2024\/07\/Konjac-Salad-Vinaigrette-Flavor_2.webp\" alt=\"Ensalada Konjac Sabor Vinagreta\" width=\"750\" height=\"471\" srcset=\"https:\/\/sentaiyuanbio.com\/wp-content\/uploads\/2024\/07\/Konjac-Salad-Vinaigrette-Flavor_2.webp 750w, https:\/\/sentaiyuanbio.com\/wp-content\/uploads\/2024\/07\/Konjac-Salad-Vinaigrette-Flavor_2-300x188.webp 300w, https:\/\/sentaiyuanbio.com\/wp-content\/uploads\/2024\/07\/Konjac-Salad-Vinaigrette-Flavor_2-600x377.webp 600w\" sizes=\"(max-width: 750px) 100vw, 750px\" \/> <img decoding=\"async\" class=\"alignnone wp-image-5003 size-full\" title=\"Ensalada Konjac Sabor Vinagreta\" src=\"https:\/\/sentaiyuanbio.com\/wp-content\/uploads\/2024\/07\/Konjac-Salad-Vinaigrette-Flavor_3.webp\" alt=\"Ensalada Konjac Sabor Vinagreta\" width=\"750\" height=\"556\" srcset=\"https:\/\/sentaiyuanbio.com\/wp-content\/uploads\/2024\/07\/Konjac-Salad-Vinaigrette-Flavor_3.webp 750w, https:\/\/sentaiyuanbio.com\/wp-content\/uploads\/2024\/07\/Konjac-Salad-Vinaigrette-Flavor_3-300x222.webp 300w, https:\/\/sentaiyuanbio.com\/wp-content\/uploads\/2024\/07\/Konjac-Salad-Vinaigrette-Flavor_3-600x445.webp 600w\" sizes=\"(max-width: 750px) 100vw, 750px\" \/> <img loading=\"lazy\" decoding=\"async\" class=\"alignnone wp-image-5004 size-full\" title=\"Ensalada Konjac Sabor Vinagreta\" src=\"https:\/\/sentaiyuanbio.com\/wp-content\/uploads\/2024\/07\/Konjac-Salad-Vinaigrette-Flavor_4.webp\" alt=\"Ensalada Konjac Sabor Vinagreta\" width=\"750\" height=\"543\" srcset=\"https:\/\/sentaiyuanbio.com\/wp-content\/uploads\/2024\/07\/Konjac-Salad-Vinaigrette-Flavor_4.webp 750w, https:\/\/sentaiyuanbio.com\/wp-content\/uploads\/2024\/07\/Konjac-Salad-Vinaigrette-Flavor_4-300x217.webp 300w, https:\/\/sentaiyuanbio.com\/wp-content\/uploads\/2024\/07\/Konjac-Salad-Vinaigrette-Flavor_4-600x434.webp 600w\" sizes=\"(max-width: 750px) 100vw, 750px\" \/> <img loading=\"lazy\" decoding=\"async\" class=\"alignnone wp-image-5005 size-full\" title=\"Ensalada Konjac Sabor Vinagreta\" src=\"https:\/\/sentaiyuanbio.com\/wp-content\/uploads\/2024\/07\/Konjac-Salad-Vinaigrette-Flavor_5.webp\" alt=\"Fideos konnyaku shirataki\" width=\"750\" height=\"322\" srcset=\"https:\/\/sentaiyuanbio.com\/wp-content\/uploads\/2024\/07\/Konjac-Salad-Vinaigrette-Flavor_5.webp 750w, https:\/\/sentaiyuanbio.com\/wp-content\/uploads\/2024\/07\/Konjac-Salad-Vinaigrette-Flavor_5-300x129.webp 300w, https:\/\/sentaiyuanbio.com\/wp-content\/uploads\/2024\/07\/Konjac-Salad-Vinaigrette-Flavor_5-600x258.webp 600w\" sizes=\"(max-width: 750px) 100vw, 750px\" \/> <img loading=\"lazy\" decoding=\"async\" class=\"alignnone wp-image-5006 size-full\" title=\"Ensalada Konjac Sabor Vinagreta\" src=\"https:\/\/sentaiyuanbio.com\/wp-content\/uploads\/2024\/07\/Konnyaku-shirataki-noodles_6.webp\" alt=\"Fideos konnyaku shirataki\" width=\"750\" height=\"375\" srcset=\"https:\/\/sentaiyuanbio.com\/wp-content\/uploads\/2024\/07\/Konnyaku-shirataki-noodles_6.webp 750w, https:\/\/sentaiyuanbio.com\/wp-content\/uploads\/2024\/07\/Konnyaku-shirataki-noodles_6-300x150.webp 300w, https:\/\/sentaiyuanbio.com\/wp-content\/uploads\/2024\/07\/Konnyaku-shirataki-noodles_6-600x300.webp 600w\" sizes=\"(max-width: 750px) 100vw, 750px\" \/> <img loading=\"lazy\" decoding=\"async\" class=\"alignnone wp-image-5007 size-full\" title=\"Ensalada Konjac Sabor Vinagreta\" src=\"https:\/\/sentaiyuanbio.com\/wp-content\/uploads\/2024\/07\/Konnyaku-shirataki-noodles_7.webp\" alt=\"Fideos konnyaku shirataki\" width=\"750\" height=\"526\" srcset=\"https:\/\/sentaiyuanbio.com\/wp-content\/uploads\/2024\/07\/Konnyaku-shirataki-noodles_7.webp 750w, https:\/\/sentaiyuanbio.com\/wp-content\/uploads\/2024\/07\/Konnyaku-shirataki-noodles_7-300x210.webp 300w, https:\/\/sentaiyuanbio.com\/wp-content\/uploads\/2024\/07\/Konnyaku-shirataki-noodles_7-600x421.webp 600w\" sizes=\"(max-width: 750px) 100vw, 750px\" \/><\/p>","protected":false},"excerpt":{"rendered":"<p>La ensalada de konjac sabor vinagreta de Sentaiyuan es baja en calor\u00edas (s\u00f3lo 37 calor\u00edas por 120 gramos). Es r\u00e1pida de preparar, buena para perder peso y perfecta para dietas bajas en carbohidratos. Se trata de una pasta konjac de primera calidad para los urbanitas que buscan calidad de vida.<\/p>","protected":false},"featured_media":5010,"template":"","meta":{"site-sidebar-layout":"default","site-content-layout":"","ast-site-content-layout":"default","site-content-style":"default","site-sidebar-style":"default","ast-global-header-display":"","ast-banner-title-visibility":"","ast-main-header-display":"","ast-hfb-above-header-display":"","ast-hfb-below-header-display":"","ast-hfb-mobile-header-display":"","site-post-title":"","ast-breadcrumbs-content":"","ast-featured-img":"","footer-sml-layout":"","ast-disable-related-posts":"","theme-transparent-header-meta":"default","adv-header-id-meta":"","stick-header-meta":"default","header-above-stick-meta":"","header-main-stick-meta":"","header-below-stick-meta":"","astra-migrate-meta-layouts":"set","ast-page-background-enabled":"default","ast-page-background-meta":{"desktop":{"background-color":"","background-image":"","background-repeat":"repeat","background-position":"center center","background-size":"auto","background-attachment":"scroll","background-type":"","background-media":"","overlay-type":"","overlay-color":"","overlay-opacity":"","overlay-gradient":""},"tablet":{"background-color":"","background-image":"","background-repeat":"repeat","background-position":"center center","background-size":"auto","background-attachment":"scroll","background-type":"","background-media":"","overlay-type":"","overlay-color":"","overlay-opacity":"","overlay-gradient":""},"mobile":{"background-color":"","background-image":"","background-repeat":"repeat","background-position":"center center","background-size":"auto","background-attachment":"scroll","background-type":"","background-media":"","overlay-type":"","overlay-color":"","overlay-opacity":"","overlay-gradient":""}},"ast-content-background-meta":{"desktop":{"background-color":"var(--ast-global-color-5)","background-image":"","background-repeat":"repeat","background-position":"center center","background-size":"auto","background-attachment":"scroll","background-type":"","background-media":"","overlay-type":"","overlay-color":"","overlay-opacity":"","overlay-gradient":""},"tablet":{"background-color":"var(--ast-global-color-5)","background-image":"","background-repeat":"repeat","background-position":"center center","background-size":"auto","background-attachment":"scroll","background-type":"","background-media":"","overlay-type":"","overlay-color":"","overlay-opacity":"","overlay-gradient":""},"mobile":{"background-color":"var(--ast-global-color-5)","background-image":"","background-repeat":"repeat","background-position":"center center","background-size":"auto","background-attachment":"scroll","background-type":"","background-media":"","overlay-type":"","overlay-color":"","overlay-opacity":"","overlay-gradient":""}}},"product_brand":[],"product_cat":[54],"product_tag":[32],"class_list":{"0":"post-2274","1":"product","2":"type-product","3":"status-publish","4":"has-post-thumbnail","6":"product_cat-shirataki-noodle-salad","7":"product_tag-konjac-pasta","8":"desktop-align-left","9":"tablet-align-left","10":"mobile-align-left","11":"ast-product-gallery-layout-horizontal-slider","12":"ast-product-tabs-layout-horizontal","14":"first","15":"instock","16":"shipping-taxable","17":"product-type-simple"},"_links":{"self":[{"href":"https:\/\/sentaiyuanbio.com\/es\/wp-json\/wp\/v2\/product\/2274","targetHints":{"allow":["GET"]}}],"collection":[{"href":"https:\/\/sentaiyuanbio.com\/es\/wp-json\/wp\/v2\/product"}],"about":[{"href":"https:\/\/sentaiyuanbio.com\/es\/wp-json\/wp\/v2\/types\/product"}],"version-history":[{"count":0,"href":"https:\/\/sentaiyuanbio.com\/es\/wp-json\/wp\/v2\/product\/2274\/revisions"}],"wp:featuredmedia":[{"embeddable":true,"href":"https:\/\/sentaiyuanbio.com\/es\/wp-json\/wp\/v2\/media\/5010"}],"wp:attachment":[{"href":"https:\/\/sentaiyuanbio.com\/es\/wp-json\/wp\/v2\/media?parent=2274"}],"wp:term":[{"taxonomy":"product_brand","embeddable":true,"href":"https:\/\/sentaiyuanbio.com\/es\/wp-json\/wp\/v2\/product_brand?post=2274"},{"taxonomy":"product_cat","embeddable":true,"href":"https:\/\/sentaiyuanbio.com\/es\/wp-json\/wp\/v2\/product_cat?post=2274"},{"taxonomy":"product_tag","embeddable":true,"href":"https:\/\/sentaiyuanbio.com\/es\/wp-json\/wp\/v2\/product_tag?post=2274"}],"curies":[{"name":"wp","href":"https:\/\/api.w.org\/{rel}","templated":true}]}}