{"id":2290,"date":"2024-07-11T03:51:13","date_gmt":"2024-07-11T03:51:13","guid":{"rendered":"https:\/\/sentaiyuanbio.com\/?post_type=product&#038;p=2290"},"modified":"2025-05-30T08:19:47","modified_gmt":"2025-05-30T08:19:47","slug":"ensalada-de-fideos-konjac-sabor-wasabi","status":"publish","type":"product","link":"https:\/\/sentaiyuanbio.com\/es\/producto\/ensalada-de-fideos-konjac-sabor-wasabi\/","title":{"rendered":"Ensalada de Fideos Konjac, Fettuccine Konnyaku Sabor Wasabi"},"content":{"rendered":"<h2>Qu\u00e9 son los fideos konjac<\/h2>\n<p>Los fideos konjac tambi\u00e9n se conocen como fideos 'Konjac', 'Konnyaku' o 'Yam' y tienen una textura ligeramente masticable. Elaborados a partir de una verdura asi\u00e1tica llamada 'Konjac', los fideos Shirataki no tienen mucho sabor por s\u00ed mismos, por lo que son excelentes para absorber el sabor de otros ingredientes y salsas. Geniales en ollas calientes.<\/p>\n<p>Los fideos Konnyaku 'Shirataki' son fideos extremadamente sanos, ricos en fibra, bajos en calor\u00edas y en colesterol. Por eso tambi\u00e9n se les conoce como fideos 'Zero' o 'Milagro'.<\/p>\n<h2>Ensalada de fideos konjac Sabor Wasabi Ingredientes:<\/h2>\n<p><strong>Salsa<\/strong>: Agua, aceite de soja no modificado gen\u00e9ticamente, az\u00facar, s\u00e9samo, sal, zumo concentrado de setas (setas, agua, sal comestible), yema helada, glutamato monos\u00f3dico (potenciador del sabor E621), \u00e1cido l\u00e1ctico, colorante caramelo (<a href=\"https:\/\/healthypig.com.hk\/en\/blogs\/healthypigmagazine\/e150-%E7%84%A6%E7%B3%96%E8%89%B2\" target=\"_blank\" rel=\"noopener\">agente colorante E150a<\/a>), mostaza en polvo, \u00e1cido ac\u00e9tico glacial (regulador de la acidez E260), extracto de levadura, goma xantana (espesante E415), sorbato pot\u00e1sico (conservante E202), EDTA dis\u00f3dico c\u00e1lcico (antioxidante E385).<br \/>\n<strong>Fideos konjac<\/strong>: Agua, <a href=\"https:\/\/sentaiyuanbio.com\/es\/producto\/konjac-en-polvo\/\" target=\"_blank\" rel=\"noopener\">Harina Konnyaku<\/a>\u00e1cido c\u00edtrico.<br \/>\n<strong>Al\u00e9rgenos<\/strong>: Contiene productos de soja, ovoproductos y mostaza.<br \/>\n<strong>Peso neto<\/strong>: 20g(Salsa)+120g(Fideo konjac)<br \/>\n<strong>Caducidad<\/strong>: 12 meses<br \/>\n<strong>Almacenamiento<\/strong>: Gu\u00e1rdalo en un lugar fresco y seco. Mantener alejado de la luz fuerte y del calor. Mantener alejado de la luz fuerte y el calor. Una vez abierto, mantener refrigerado y consumir en 24 horas.<\/p>\n<h2>Ensalada de fideos konjac sabor wasabi Informaci\u00f3n nutricional<b>(Por raci\u00f3n)<\/b><\/h2>\n<table>\n<tbody>\n<tr>\n<td colspan=\"2\" width=\"630\"><strong><b>Informaci\u00f3n nutricional<\/b><\/strong><\/td>\n<\/tr>\n<tr>\n<td width=\"319\">Energ\u00eda<\/td>\n<td width=\"311\">68,4 Kcal<\/td>\n<\/tr>\n<tr>\n<td width=\"319\">Grasa total<\/td>\n<td width=\"311\">5.73g<\/td>\n<\/tr>\n<tr>\n<td width=\"319\">\u00c1cido graso saturado<\/td>\n<td width=\"311\">0.88<\/td>\n<\/tr>\n<tr>\n<td width=\"319\">Sodio<\/td>\n<td width=\"311\">282,35 mg<\/td>\n<\/tr>\n<tr>\n<td width=\"319\">Sal<\/td>\n<td width=\"311\">0.7g<\/td>\n<\/tr>\n<tr>\n<td width=\"319\">Carbohidratos totales<\/td>\n<td width=\"311\">3.94g<\/td>\n<\/tr>\n<tr>\n<td width=\"319\">Fibra<\/td>\n<td width=\"311\">0.8g<\/td>\n<\/tr>\n<tr>\n<td width=\"319\">Az\u00facar<\/td>\n<td width=\"311\">2.1g<\/td>\n<\/tr>\n<tr>\n<td width=\"319\">Prote\u00edna<\/td>\n<td width=\"311\">0.48g<\/td>\n<\/tr>\n<\/tbody>\n<\/table>\n<h2>He aqu\u00ed algunas caracter\u00edsticas y particularidades de la ensalada de fideos Konjac:<\/h2>\n<p><strong>Bajo en calor\u00edas:<\/strong> Es extremadamente bajo en calor\u00edas, lo que lo convierte en una opci\u00f3n adecuada para las personas que buscan reducir su ingesta cal\u00f3rica. Suele contener s\u00f3lo entre 5 y 10 calor\u00edas por raci\u00f3n.<\/p>\n<p><strong>Bajo en hidratos de carbono:<\/strong> Es muy bajo en carbohidratos, lo que lo convierte en una excelente alternativa al arroz tradicional para quienes siguen dietas bajas en carbohidratos. Contiene s\u00f3lo una fracci\u00f3n de los carbohidratos que se encuentran en el arroz normal.<\/p>\n<p class=\"translation-block\"><strong>Alto en fibra<\/strong>: Es rico en fibra diet\u00e9tica, especialmente en fibra soluble conocida como glucomanano. Esta fibra es beneficiosa para la digesti\u00f3n, ayuda a promover la sensaci\u00f3n de saciedad y puede ayudar a controlar el peso.<\/p>\n<p><strong>Sin gluten<\/strong>: No contiene gluten por naturaleza, por lo que es una opci\u00f3n adecuada para las personas con sensibilidad al gluten o que siguen una dieta sin gluten.<\/p>\n<p><strong>Textura gelatinosa<\/strong>: Tiene una textura gelatinosa \u00fanica que difiere del arroz tradicional. Es ligeramente masticable y tiene una textura firme, que algunas personas pueden encontrar diferente del arroz normal.<\/p>\n<p><strong>Pr\u00e1cticamente ins\u00edpido<\/strong>: No tiene un sabor distintivo propio. Tiende a absorber los sabores de las salsas, especias o ingredientes con los que se cocina, lo que la hace vers\u00e1til y adaptable a una gran variedad de recetas.<\/p>\n<p><strong>R\u00e1pido y f\u00e1cil de preparar<\/strong>: Suele venderse preenvasado y listo para usar. Requiere una preparaci\u00f3n y un tiempo de cocci\u00f3n m\u00ednimos en comparaci\u00f3n con el arroz tradicional.<\/p>\n<p><strong>Favorece la saciedad<\/strong>: Debido a su alto contenido en fibra, puede favorecer la sensaci\u00f3n de plenitud y saciedad, ayudando a controlar el apetito y a controlar el tama\u00f1o de las porciones.<\/p>\n<p><strong>Adecuado para diversas restricciones diet\u00e9ticas<\/strong>: Es adecuado para una amplia gama de restricciones diet\u00e9ticas, incluidas las dietas bajas en carbohidratos, cetog\u00e9nicas, sin gluten, veganas y vegetarianas.<\/p>\n<p><strong>Puede ayudar a controlar el peso<\/strong>: Su bajo contenido en calor\u00edas y su alto contenido en fibra lo convierten en una opci\u00f3n popular para las personas que desean perder peso o mantener un peso saludable.<\/p>\n<p><img fetchpriority=\"high\" decoding=\"async\" class=\"alignnone wp-image-5014 size-full\" title=\"Ensalada de Fettuccine Konnyaku, Ensalada Konjac\" src=\"https:\/\/sentaiyuanbio.com\/wp-content\/uploads\/2024\/07\/Konnyaku-Fettuccine-Salad_1.webp\" alt=\"Ensalada de Fettuccine Konnyaku, Ensalada Konjac\" width=\"750\" height=\"451\" srcset=\"https:\/\/sentaiyuanbio.com\/wp-content\/uploads\/2024\/07\/Konnyaku-Fettuccine-Salad_1.webp 750w, https:\/\/sentaiyuanbio.com\/wp-content\/uploads\/2024\/07\/Konnyaku-Fettuccine-Salad_1-300x180.webp 300w, https:\/\/sentaiyuanbio.com\/wp-content\/uploads\/2024\/07\/Konnyaku-Fettuccine-Salad_1-600x361.webp 600w\" sizes=\"(max-width: 750px) 100vw, 750px\" \/> <img decoding=\"async\" class=\"alignnone wp-image-5015 size-full\" title=\"Ensalada de Fettuccine Konnyaku, Ensalada Konjac\" src=\"https:\/\/sentaiyuanbio.com\/wp-content\/uploads\/2024\/07\/Konnyaku-Fettuccine-Salad_2.webp\" alt=\"Ensalada de Fettuccine Konnyaku, Ensalada Konjac\" width=\"750\" height=\"471\" srcset=\"https:\/\/sentaiyuanbio.com\/wp-content\/uploads\/2024\/07\/Konnyaku-Fettuccine-Salad_2.webp 750w, https:\/\/sentaiyuanbio.com\/wp-content\/uploads\/2024\/07\/Konnyaku-Fettuccine-Salad_2-300x188.webp 300w, https:\/\/sentaiyuanbio.com\/wp-content\/uploads\/2024\/07\/Konnyaku-Fettuccine-Salad_2-600x377.webp 600w\" sizes=\"(max-width: 750px) 100vw, 750px\" \/> <img decoding=\"async\" class=\"alignnone wp-image-5016 size-full\" title=\"Ensalada de Fettuccine Konnyaku, Ensalada Konjac\" src=\"https:\/\/sentaiyuanbio.com\/wp-content\/uploads\/2024\/07\/Konnyaku-Fettuccine-Salad_3.webp\" alt=\"Ensalada de Fettuccine Konnyaku, Ensalada Konjac\" width=\"750\" height=\"556\" srcset=\"https:\/\/sentaiyuanbio.com\/wp-content\/uploads\/2024\/07\/Konnyaku-Fettuccine-Salad_3.webp 750w, https:\/\/sentaiyuanbio.com\/wp-content\/uploads\/2024\/07\/Konnyaku-Fettuccine-Salad_3-300x222.webp 300w, https:\/\/sentaiyuanbio.com\/wp-content\/uploads\/2024\/07\/Konnyaku-Fettuccine-Salad_3-600x445.webp 600w\" sizes=\"(max-width: 750px) 100vw, 750px\" \/> <img loading=\"lazy\" decoding=\"async\" class=\"alignnone wp-image-5017 size-full\" title=\"Ensalada de Fettuccine Konnyaku, Ensalada Konjac\" src=\"https:\/\/sentaiyuanbio.com\/wp-content\/uploads\/2024\/07\/Konnyaku-Fettuccine-Salad_4.webp\" alt=\"Ensalada de Fettuccine Konnyaku, Ensalada Konjac\" width=\"750\" height=\"543\" srcset=\"https:\/\/sentaiyuanbio.com\/wp-content\/uploads\/2024\/07\/Konnyaku-Fettuccine-Salad_4.webp 750w, https:\/\/sentaiyuanbio.com\/wp-content\/uploads\/2024\/07\/Konnyaku-Fettuccine-Salad_4-300x217.webp 300w, https:\/\/sentaiyuanbio.com\/wp-content\/uploads\/2024\/07\/Konnyaku-Fettuccine-Salad_4-600x434.webp 600w\" sizes=\"(max-width: 750px) 100vw, 750px\" \/> <img loading=\"lazy\" decoding=\"async\" class=\"alignnone wp-image-5018 size-full\" title=\"Ensalada de Fettuccine Konnyaku, Ensalada Konjac\" src=\"https:\/\/sentaiyuanbio.com\/wp-content\/uploads\/2024\/07\/Konnyaku-Fettuccine-Salad_5.webp\" alt=\"Ensalada de Fettuccine Konnyaku, Ensalada Konjac\" width=\"750\" height=\"322\" srcset=\"https:\/\/sentaiyuanbio.com\/wp-content\/uploads\/2024\/07\/Konnyaku-Fettuccine-Salad_5.webp 750w, https:\/\/sentaiyuanbio.com\/wp-content\/uploads\/2024\/07\/Konnyaku-Fettuccine-Salad_5-300x129.webp 300w, https:\/\/sentaiyuanbio.com\/wp-content\/uploads\/2024\/07\/Konnyaku-Fettuccine-Salad_5-600x258.webp 600w\" sizes=\"(max-width: 750px) 100vw, 750px\" \/> <img loading=\"lazy\" decoding=\"async\" class=\"alignnone wp-image-5019 size-full\" title=\"Ensalada de Fettuccine Konnyaku, Ensalada Konjac\" src=\"https:\/\/sentaiyuanbio.com\/wp-content\/uploads\/2024\/07\/Konnyaku-Fettuccine-Salad_6.webp\" alt=\"Ensalada de Fettuccine Konnyaku, Ensalada Konjac\" width=\"750\" height=\"375\" srcset=\"https:\/\/sentaiyuanbio.com\/wp-content\/uploads\/2024\/07\/Konnyaku-Fettuccine-Salad_6.webp 750w, https:\/\/sentaiyuanbio.com\/wp-content\/uploads\/2024\/07\/Konnyaku-Fettuccine-Salad_6-300x150.webp 300w, https:\/\/sentaiyuanbio.com\/wp-content\/uploads\/2024\/07\/Konnyaku-Fettuccine-Salad_6-600x300.webp 600w\" sizes=\"(max-width: 750px) 100vw, 750px\" \/> <img loading=\"lazy\" decoding=\"async\" class=\"alignnone wp-image-5020 size-full\" title=\"Ensalada de Fettuccine Konnyaku, Ensalada Konjac\" src=\"https:\/\/sentaiyuanbio.com\/wp-content\/uploads\/2024\/07\/Konnyaku-Fettuccine-Salad_7.webp\" alt=\"Ensalada de Fettuccine Konnyaku, Ensalada Konjac\" width=\"750\" height=\"526\" srcset=\"https:\/\/sentaiyuanbio.com\/wp-content\/uploads\/2024\/07\/Konnyaku-Fettuccine-Salad_7.webp 750w, https:\/\/sentaiyuanbio.com\/wp-content\/uploads\/2024\/07\/Konnyaku-Fettuccine-Salad_7-300x210.webp 300w, https:\/\/sentaiyuanbio.com\/wp-content\/uploads\/2024\/07\/Konnyaku-Fettuccine-Salad_7-600x421.webp 600w\" sizes=\"(max-width: 750px) 100vw, 750px\" \/><\/p>","protected":false},"excerpt":{"rendered":"<p>Nuestra ensalada de fideos Konjac est\u00e1 elaborada con la fibra soluble de la ra\u00edz de konnyaku y es baja en carbohidratos y calor\u00edas, con s\u00f3lo 68 calor\u00edas por raci\u00f3n. Los fideos konnyaku son perfectos para ensaladas y tienen una textura similar a los fideos de arroz. Esta ensalada vegana, ligera y saludable, sin gluten, lleva fideos Shirataki y est\u00e1 refrescantemente acompa\u00f1ada de deliciosas semillas de s\u00e9samo y wasabi.<\/p>","protected":false},"featured_media":5011,"template":"","meta":{"site-sidebar-layout":"default","site-content-layout":"","ast-site-content-layout":"default","site-content-style":"default","site-sidebar-style":"default","ast-global-header-display":"","ast-banner-title-visibility":"","ast-main-header-display":"","ast-hfb-above-header-display":"","ast-hfb-below-header-display":"","ast-hfb-mobile-header-display":"","site-post-title":"","ast-breadcrumbs-content":"","ast-featured-img":"","footer-sml-layout":"","ast-disable-related-posts":"","theme-transparent-header-meta":"default","adv-header-id-meta":"","stick-header-meta":"default","header-above-stick-meta":"","header-main-stick-meta":"","header-below-stick-meta":"","astra-migrate-meta-layouts":"set","ast-page-background-enabled":"default","ast-page-background-meta":{"desktop":{"background-color":"","background-image":"","background-repeat":"repeat","background-position":"center center","background-size":"auto","background-attachment":"scroll","background-type":"","background-media":"","overlay-type":"","overlay-color":"","overlay-opacity":"","overlay-gradient":""},"tablet":{"background-color":"","background-image":"","background-repeat":"repeat","background-position":"center center","background-size":"auto","background-attachment":"scroll","background-type":"","background-media":"","overlay-type":"","overlay-color":"","overlay-opacity":"","overlay-gradient":""},"mobile":{"background-color":"","background-image":"","background-repeat":"repeat","background-position":"center center","background-size":"auto","background-attachment":"scroll","background-type":"","background-media":"","overlay-type":"","overlay-color":"","overlay-opacity":"","overlay-gradient":""}},"ast-content-background-meta":{"desktop":{"background-color":"var(--ast-global-color-5)","background-image":"","background-repeat":"repeat","background-position":"center center","background-size":"auto","background-attachment":"scroll","background-type":"","background-media":"","overlay-type":"","overlay-color":"","overlay-opacity":"","overlay-gradient":""},"tablet":{"background-color":"var(--ast-global-color-5)","background-image":"","background-repeat":"repeat","background-position":"center center","background-size":"auto","background-attachment":"scroll","background-type":"","background-media":"","overlay-type":"","overlay-color":"","overlay-opacity":"","overlay-gradient":""},"mobile":{"background-color":"var(--ast-global-color-5)","background-image":"","background-repeat":"repeat","background-position":"center center","background-size":"auto","background-attachment":"scroll","background-type":"","background-media":"","overlay-type":"","overlay-color":"","overlay-opacity":"","overlay-gradient":""}}},"product_brand":[],"product_cat":[54],"product_tag":[32],"class_list":{"0":"post-2290","1":"product","2":"type-product","3":"status-publish","4":"has-post-thumbnail","6":"product_cat-shirataki-noodle-salad","7":"product_tag-konjac-pasta","8":"desktop-align-left","9":"tablet-align-left","10":"mobile-align-left","11":"ast-product-gallery-layout-horizontal-slider","12":"ast-product-tabs-layout-horizontal","14":"first","15":"instock","16":"shipping-taxable","17":"product-type-simple"},"_links":{"self":[{"href":"https:\/\/sentaiyuanbio.com\/es\/wp-json\/wp\/v2\/product\/2290","targetHints":{"allow":["GET"]}}],"collection":[{"href":"https:\/\/sentaiyuanbio.com\/es\/wp-json\/wp\/v2\/product"}],"about":[{"href":"https:\/\/sentaiyuanbio.com\/es\/wp-json\/wp\/v2\/types\/product"}],"version-history":[{"count":0,"href":"https:\/\/sentaiyuanbio.com\/es\/wp-json\/wp\/v2\/product\/2290\/revisions"}],"wp:featuredmedia":[{"embeddable":true,"href":"https:\/\/sentaiyuanbio.com\/es\/wp-json\/wp\/v2\/media\/5011"}],"wp:attachment":[{"href":"https:\/\/sentaiyuanbio.com\/es\/wp-json\/wp\/v2\/media?parent=2290"}],"wp:term":[{"taxonomy":"product_brand","embeddable":true,"href":"https:\/\/sentaiyuanbio.com\/es\/wp-json\/wp\/v2\/product_brand?post=2290"},{"taxonomy":"product_cat","embeddable":true,"href":"https:\/\/sentaiyuanbio.com\/es\/wp-json\/wp\/v2\/product_cat?post=2290"},{"taxonomy":"product_tag","embeddable":true,"href":"https:\/\/sentaiyuanbio.com\/es\/wp-json\/wp\/v2\/product_tag?post=2290"}],"curies":[{"name":"wp","href":"https:\/\/api.w.org\/{rel}","templated":true}]}}