{"id":2439,"date":"2024-07-16T03:31:04","date_gmt":"2024-07-16T03:31:04","guid":{"rendered":"https:\/\/sentaiyuanbio.com\/?post_type=product&#038;p=2439"},"modified":"2025-05-08T07:31:56","modified_gmt":"2025-05-08T07:31:56","slug":"fideos-instantaneos-shirataki-tom-yum","status":"publish","type":"product","link":"https:\/\/sentaiyuanbio.com\/es\/producto\/fideos-instantaneos-shirataki-tom-yum\/","title":{"rendered":"Fideos instant\u00e1neos shirataki sabor tom yum, fideos konnyaku yam"},"content":{"rendered":"<h2>Descripci\u00f3n del sabor de los fideos instant\u00e1neos Shirataki tom yum:<\/h2>\n<p>Los fideos Konnyaku 'Shirataki' son fideos extremadamente sanos, ricos en fibra, bajos en calor\u00edas y en colesterol. Por eso tambi\u00e9n se les conoce como fideos 'Zero' o 'Milagro'.<\/p>\n<p>Los fideos Shirataki tambi\u00e9n se conocen como fideos 'Konjac', 'Konnyaku' o 'Yam' y tienen una textura ligeramente masticable. Elaborados a partir de una verdura asi\u00e1tica llamada 'Konjac', los fideos Shirataki no tienen mucho sabor por s\u00ed mismos, por lo que son excelentes para absorber el sabor de otros ingredientes y salsas. Geniales en ollas calientes.<\/p>\n<p>He aqu\u00ed algunas de sus caracter\u00edsticas:<\/p>\n<ul>\n<li>Bajo en calor\u00edas<\/li>\n<li>Alto contenido en fibra<\/li>\n<li>Sin gluten<\/li>\n<li>Textura gelatinosa<\/li>\n<li>Pr\u00e1cticamente ins\u00edpido<\/li>\n<li>R\u00e1pido y f\u00e1cil de preparar<\/li>\n<li>Favorece la saciedad<\/li>\n<li>Adecuado para diversas restricciones diet\u00e9ticas<\/li>\n<li>Puede ayudar a controlar el peso<\/li>\n<\/ul>\n<h2>Ingredientes de los fideos instant\u00e1neos shirataki sabor tom yum:<\/h2>\n<p><strong>Salsa<\/strong>: Agua, Az\u00facar blanco, Aceite vegetal, Sal comestible, Ajo, Coco en polvo, Jengibre, Salsa de tomate, Salsa de soja fermentada, Cebolla, Vinagre fermentado, Extracto de levadura, Pimienta en polvo, Esencia comestible, Vino de arroz, Pimienta dulce roja en polvo, \u00c1cido c\u00edtrico, Especias (jengibre, cebolla, semillas de cilantro, ajo), Sabor 5'-. <a href=\"https:\/\/www.chemicalbook.com\/ChemicalProductProperty_EN_CB92083301.htm\" target=\"_blank\" rel=\"noopener\">nucle\u00f3tido dis\u00f3dico<\/a>, Curry en polvo.<\/p>\n<p><strong>Fideos Konnyaku<\/strong>: Agua, <a href=\"https:\/\/sentaiyuanbio.com\/es\/producto\/konjac-en-polvo\/\" target=\"_blank\" rel=\"noopener\">Polvo de konjac<\/a>\u00c1cido c\u00edtrico.<\/p>\n<p><strong>Verduras<\/strong>: Cebolla, Zanahoria.<\/p>\n<p><b>Al\u00e9rgenos: <\/b>Contiene productos de soja.<\/p>\n<p><b>Peso neto: <\/b>30g(salsa)+120g(fideos konjac)+2g(verduras)<\/p>\n<p><b>Caducidad: <\/b>14 meses<\/p>\n<p><b>Almacenamiento: <\/b>Conservar en un lugar fresco y seco. Mantener alejado de la luz fuerte y el calor. Mantener alejado de la luz fuerte y el calor. Una vez abierto, mantener refrigerado y consumir en 24 horas.<\/p>\n<h2>Datos nutricionales de los fideos de \u00f1ame shirataki<\/h2>\n<table border=\"1\" cellspacing=\"1\">\n<tbody>\n<tr>\n<td colspan=\"2\" align=\"center\">Informaci\u00f3n nutricional(100g)<\/td>\n<\/tr>\n<tr>\n<td align=\"center\" width=\"284\"><b>Energ\u00eda<\/b><\/td>\n<td align=\"center\" width=\"284\">25kcal<\/td>\n<\/tr>\n<tr>\n<td align=\"center\" width=\"284\"><b>Prote\u00edna<\/b><\/td>\n<td align=\"center\" width=\"284\">0.41g<\/td>\n<\/tr>\n<tr>\n<td align=\"center\" width=\"284\"><b>Grasa total<\/b><\/td>\n<td align=\"center\" width=\"284\">1.56g<\/td>\n<\/tr>\n<tr>\n<td align=\"center\" width=\"284\"><b>Carbohidratos totales<\/b><\/td>\n<td align=\"center\" width=\"284\">3g<\/td>\n<\/tr>\n<tr>\n<td align=\"center\" width=\"284\"><b>Fibra alimentaria<\/b><\/td>\n<td align=\"center\" width=\"284\">1.5g<\/td>\n<\/tr>\n<tr>\n<td align=\"center\" width=\"284\"><b>Sodio<\/b><\/td>\n<td align=\"center\" width=\"284\">550mg<\/td>\n<\/tr>\n<\/tbody>\n<\/table>\n<p><img fetchpriority=\"high\" decoding=\"async\" class=\"alignnone wp-image-3702 size-full\" src=\"https:\/\/sentaiyuanbio.com\/wp-content\/uploads\/2024\/07\/konnyaku-yam-noodles01.webp\" alt=\"fideos de \u00f1ame konnyaku\" width=\"750\" height=\"812\" srcset=\"https:\/\/sentaiyuanbio.com\/wp-content\/uploads\/2024\/07\/konnyaku-yam-noodles01.webp 750w, https:\/\/sentaiyuanbio.com\/wp-content\/uploads\/2024\/07\/konnyaku-yam-noodles01-277x300.webp 277w, https:\/\/sentaiyuanbio.com\/wp-content\/uploads\/2024\/07\/konnyaku-yam-noodles01-554x600.webp 554w, https:\/\/sentaiyuanbio.com\/wp-content\/uploads\/2024\/07\/konnyaku-yam-noodles01-600x650.webp 600w\" sizes=\"(max-width: 750px) 100vw, 750px\" \/><img decoding=\"async\" class=\"alignnone wp-image-3701 size-full\" src=\"https:\/\/sentaiyuanbio.com\/wp-content\/uploads\/2024\/07\/konnyaku-yam-noodles02.webp\" alt=\"fideos de \u00f1ame konnyaku\" width=\"750\" height=\"1147\" srcset=\"https:\/\/sentaiyuanbio.com\/wp-content\/uploads\/2024\/07\/konnyaku-yam-noodles02.webp 750w, https:\/\/sentaiyuanbio.com\/wp-content\/uploads\/2024\/07\/konnyaku-yam-noodles02-196x300.webp 196w, https:\/\/sentaiyuanbio.com\/wp-content\/uploads\/2024\/07\/konnyaku-yam-noodles02-670x1024.webp 670w, https:\/\/sentaiyuanbio.com\/wp-content\/uploads\/2024\/07\/konnyaku-yam-noodles02-392x600.webp 392w, https:\/\/sentaiyuanbio.com\/wp-content\/uploads\/2024\/07\/konnyaku-yam-noodles02-600x918.webp 600w\" sizes=\"(max-width: 750px) 100vw, 750px\" \/><img decoding=\"async\" class=\"alignnone wp-image-3700 size-full\" src=\"https:\/\/sentaiyuanbio.com\/wp-content\/uploads\/2024\/07\/konnyaku-yam-noodles04.webp\" alt=\"fideos de \u00f1ame konnyaku\" width=\"750\" height=\"471\" srcset=\"https:\/\/sentaiyuanbio.com\/wp-content\/uploads\/2024\/07\/konnyaku-yam-noodles04.webp 750w, https:\/\/sentaiyuanbio.com\/wp-content\/uploads\/2024\/07\/konnyaku-yam-noodles04-300x188.webp 300w, https:\/\/sentaiyuanbio.com\/wp-content\/uploads\/2024\/07\/konnyaku-yam-noodles04-600x377.webp 600w\" sizes=\"(max-width: 750px) 100vw, 750px\" \/><img loading=\"lazy\" decoding=\"async\" class=\"alignnone wp-image-3699 size-full\" src=\"https:\/\/sentaiyuanbio.com\/wp-content\/uploads\/2024\/07\/konnyaku-yam-noodles03.webp\" alt=\"fideos de \u00f1ame konnyaku\" width=\"750\" height=\"876\" srcset=\"https:\/\/sentaiyuanbio.com\/wp-content\/uploads\/2024\/07\/konnyaku-yam-noodles03.webp 750w, https:\/\/sentaiyuanbio.com\/wp-content\/uploads\/2024\/07\/konnyaku-yam-noodles03-257x300.webp 257w, https:\/\/sentaiyuanbio.com\/wp-content\/uploads\/2024\/07\/konnyaku-yam-noodles03-514x600.webp 514w, https:\/\/sentaiyuanbio.com\/wp-content\/uploads\/2024\/07\/konnyaku-yam-noodles03-600x701.webp 600w\" sizes=\"(max-width: 750px) 100vw, 750px\" \/><img loading=\"lazy\" decoding=\"async\" class=\"alignnone wp-image-2449 size-full\" src=\"https:\/\/sentaiyuanbio.com\/wp-content\/uploads\/2024\/07\/konnyaku-yam-noodles-5.jpg\" alt=\"fideos de \u00f1ame konnyaku\" width=\"750\" height=\"779\" srcset=\"https:\/\/sentaiyuanbio.com\/wp-content\/uploads\/2024\/07\/konnyaku-yam-noodles-5.jpg 750w, https:\/\/sentaiyuanbio.com\/wp-content\/uploads\/2024\/07\/konnyaku-yam-noodles-5-289x300.jpg 289w, https:\/\/sentaiyuanbio.com\/wp-content\/uploads\/2024\/07\/konnyaku-yam-noodles-5-578x600.jpg 578w, https:\/\/sentaiyuanbio.com\/wp-content\/uploads\/2024\/07\/konnyaku-yam-noodles-5-600x623.jpg 600w\" sizes=\"(max-width: 750px) 100vw, 750px\" \/><\/p>\n<h2>Fideos instant\u00e1neos shirataki sabor tom yum Instrucciones de cocci\u00f3n<\/h2>\n<p>1, Escurre el agua del paquete y vac\u00eda el contenido de la bolsa de fideos en la taza.<\/p>\n<p>2, A\u00f1ade la salsa y las verduras, vierte agua fr\u00eda en la l\u00ednea de agua y calienta en el microondas durante 2 min. (o vierte 120 g de agua hirviendo directamente).<\/p>\n<p>3, Remueve bien para servir.<\/p>\n<p><a href=\"https:\/\/sentaiyuanbio.com\/wp-content\/uploads\/woocommerce_uploads\/2024\/07\/Specification-TOM-YUM-FLAVORwith-konjac-noodles-kboq0l.pdf\" target=\"_blank\" rel=\"noopener\"><b>Descargar SABOR TOM YUM(con fideos konjac)<\/b><\/a><\/p>","protected":false},"excerpt":{"rendered":"<p>Fideos instant\u00e1neos shirataki sabor tom yum, bajos en calor\u00edas y carbohidratos, s\u00f3lo 25 calor\u00edas por raci\u00f3n. Los fideos de \u00f1ame konnyaku sin gluten, elaborados con la ra\u00edz de la planta konjac y agua, se pueden calentar en el microondas durante s\u00f3lo 2 minutos para obtener una c\u00f3moda alternativa a la comida r\u00e1pida.<\/p>","protected":false},"featured_media":4208,"template":"","meta":{"site-sidebar-layout":"default","site-content-layout":"","ast-site-content-layout":"default","site-content-style":"default","site-sidebar-style":"default","ast-global-header-display":"","ast-banner-title-visibility":"","ast-main-header-display":"","ast-hfb-above-header-display":"","ast-hfb-below-header-display":"","ast-hfb-mobile-header-display":"","site-post-title":"","ast-breadcrumbs-content":"","ast-featured-img":"","footer-sml-layout":"","ast-disable-related-posts":"","theme-transparent-header-meta":"default","adv-header-id-meta":"","stick-header-meta":"default","header-above-stick-meta":"","header-main-stick-meta":"","header-below-stick-meta":"","astra-migrate-meta-layouts":"set","ast-page-background-enabled":"default","ast-page-background-meta":{"desktop":{"background-color":"","background-image":"","background-repeat":"repeat","background-position":"center center","background-size":"auto","background-attachment":"scroll","background-type":"","background-media":"","overlay-type":"","overlay-color":"","overlay-opacity":"","overlay-gradient":""},"tablet":{"background-color":"","background-image":"","background-repeat":"repeat","background-position":"center center","background-size":"auto","background-attachment":"scroll","background-type":"","background-media":"","overlay-type":"","overlay-color":"","overlay-opacity":"","overlay-gradient":""},"mobile":{"background-color":"","background-image":"","background-repeat":"repeat","background-position":"center center","background-size":"auto","background-attachment":"scroll","background-type":"","background-media":"","overlay-type":"","overlay-color":"","overlay-opacity":"","overlay-gradient":""}},"ast-content-background-meta":{"desktop":{"background-color":"var(--ast-global-color-5)","background-image":"","background-repeat":"repeat","background-position":"center center","background-size":"auto","background-attachment":"scroll","background-type":"","background-media":"","overlay-type":"","overlay-color":"","overlay-opacity":"","overlay-gradient":""},"tablet":{"background-color":"var(--ast-global-color-5)","background-image":"","background-repeat":"repeat","background-position":"center center","background-size":"auto","background-attachment":"scroll","background-type":"","background-media":"","overlay-type":"","overlay-color":"","overlay-opacity":"","overlay-gradient":""},"mobile":{"background-color":"var(--ast-global-color-5)","background-image":"","background-repeat":"repeat","background-position":"center center","background-size":"auto","background-attachment":"scroll","background-type":"","background-media":"","overlay-type":"","overlay-color":"","overlay-opacity":"","overlay-gradient":""}}},"product_brand":[],"product_cat":[23],"product_tag":[40],"class_list":{"0":"post-2439","1":"product","2":"type-product","3":"status-publish","4":"has-post-thumbnail","6":"product_cat-instant-konjac-noodles","7":"product_tag-konjac-cup-noodles","8":"desktop-align-left","9":"tablet-align-left","10":"mobile-align-left","11":"ast-product-gallery-layout-horizontal-slider","12":"ast-product-tabs-layout-horizontal","14":"first","15":"instock","16":"shipping-taxable","17":"product-type-simple"},"_links":{"self":[{"href":"https:\/\/sentaiyuanbio.com\/es\/wp-json\/wp\/v2\/product\/2439","targetHints":{"allow":["GET"]}}],"collection":[{"href":"https:\/\/sentaiyuanbio.com\/es\/wp-json\/wp\/v2\/product"}],"about":[{"href":"https:\/\/sentaiyuanbio.com\/es\/wp-json\/wp\/v2\/types\/product"}],"version-history":[{"count":0,"href":"https:\/\/sentaiyuanbio.com\/es\/wp-json\/wp\/v2\/product\/2439\/revisions"}],"wp:featuredmedia":[{"embeddable":true,"href":"https:\/\/sentaiyuanbio.com\/es\/wp-json\/wp\/v2\/media\/4208"}],"wp:attachment":[{"href":"https:\/\/sentaiyuanbio.com\/es\/wp-json\/wp\/v2\/media?parent=2439"}],"wp:term":[{"taxonomy":"product_brand","embeddable":true,"href":"https:\/\/sentaiyuanbio.com\/es\/wp-json\/wp\/v2\/product_brand?post=2439"},{"taxonomy":"product_cat","embeddable":true,"href":"https:\/\/sentaiyuanbio.com\/es\/wp-json\/wp\/v2\/product_cat?post=2439"},{"taxonomy":"product_tag","embeddable":true,"href":"https:\/\/sentaiyuanbio.com\/es\/wp-json\/wp\/v2\/product_tag?post=2439"}],"curies":[{"name":"wp","href":"https:\/\/api.w.org\/{rel}","templated":true}]}}